{"id":5942,"date":"2026-01-15T11:42:05","date_gmt":"2026-01-15T14:42:05","guid":{"rendered":"https:\/\/propesp.uepa.br\/ppgenf\/?page_id=5942"},"modified":"2026-03-26T16:04:56","modified_gmt":"2026-03-26T19:04:56","slug":"selecao-2026","status":"publish","type":"page","link":"https:\/\/propesp.uepa.br\/ppgenf\/index.php\/processo-seletivo\/regular\/selecao-2026\/","title":{"rendered":"Sele\u00e7\u00e3o 2026"},"content":{"rendered":"\n<p class=\"has-medium-font-size\"><em>A Universidade do Estado do Par\u00e1 \u2013 UEPA torna p\u00fablico que, no&nbsp;<strong>per\u00edodo de 21 de Janeiro a 04 de fevereiro de 2026<\/strong>, o Programa de P\u00f3s-Gradua\u00e7\u00e3o em Enfermagem \u2013 Mestrado em Enfermagem receber\u00e1 as inscri\u00e7\u00f5es para o Processo Seletivo para a Turma de 2026, com entrada no primeiro semestre letivo de 2026. As inscri\u00e7\u00f5es ser\u00e3o realizadas exclusivamente pelo site:<a href=\"https:\/\/sistemas.uepa.br\/sgps\/selecao\/\" target=\"_blank\" rel=\"noreferrer noopener\">&nbsp;https:\/\/sistemas.uepa.br\/sgps\/selecao\/&nbsp;<\/a>&nbsp;de acordo com as normas estabelecidas neste Edital.&nbsp;Mais informa\u00e7\u00f5es poder\u00e3o ser obtidas por e-mail:&nbsp;<a href=\"mailto:ppgenf.uepa@gmail.com\">ppgenf.uepa@gmail.com<\/a>&nbsp;\/&nbsp;<a href=\"mailto:ppgenf@uepa.br\">ppgenf@uepa.br<\/a>.<\/em><\/p>\n\n\n\n<p class=\"has-medium-font-size\">O p\u00fablico-alvo deste processo ser\u00e3o candidatos que possuam a Gradua\u00e7\u00e3o em Enfermagem e \u00e1reas afins em Institui\u00e7\u00f5es reconhecidas pelo Minist\u00e9rio da Educa\u00e7\u00e3o, e o curso se desenvolver\u00e1 presencialmente em cada um dos Polos da UEPA: Polo Bel\u00e9m \u2013 no Campus IV e no Polo Santar\u00e9m \u2013 Campus XII.<\/p>\n\n\n\n<ul>\n<li class=\"has-medium-font-size\"><a href=\"https:\/\/drive.google.com\/file\/d\/1S3sHToxEytZt05Z-4OL2naC0WY1jvziy\/view?usp=sharing\"><strong>Edital 05\/2026 &#8211; UEPA<\/strong><\/a><\/li>\n\n\n\n<li class=\"has-medium-font-size\"><strong><a href=\"https:\/\/drive.google.com\/file\/d\/1hT2CMj8SFdQy7-BbfP6GZ61-yhmjhLDX\/view?usp=sharing\">Errata <\/a><\/strong><\/li>\n\n\n\n<li class=\"has-medium-font-size\"><strong><a href=\"https:\/\/drive.google.com\/file\/d\/1ajjNk-zdhOZmpWwyHJhlvjY4qDxPVfnZ\/view?usp=sharing\">Resultado<\/a><\/strong> &#8211; Isen\u00e7\u00e3o<\/li>\n\n\n\n<li class=\"has-medium-font-size\"><strong><a href=\"https:\/\/drive.google.com\/file\/d\/1nYqKa16E04GocUOVf7hIrf3TKX4GnN7w\/view?usp=sharing\">Homologa\u00e7\u00e3o das Inscri\u00e7\u00f5es<\/a><\/strong><\/li>\n\n\n\n<li class=\"has-medium-font-size\"><strong><a href=\"https:\/\/drive.google.com\/file\/d\/1Ffsy2DrfYgywlAWil4kqp7Cr6XhOmMoj\/view?usp=sharing\">Comunicado<\/a><\/strong> &#8211; Corre\u00e7\u00e3o de nome na homologa\u00e7\u00e3o da Linha 1 &#8211; Santar\u00e9m<\/li>\n\n\n\n<li class=\"has-medium-font-size\"><strong><a href=\"https:\/\/drive.google.com\/file\/d\/1Whb2O1X7eL8TzlFYqjMCvuW23K9W6d5j\/view?usp=sharing\">Resultado &#8211; Fase 1<\/a><\/strong><\/li>\n\n\n\n<li class=\"has-medium-font-size\"><strong><a href=\"https:\/\/drive.google.com\/file\/d\/191y7_NBBZFRl4ve3YK2S9aKl7YElmqCe\/view?usp=sharing\">Agenda de Entrevistas &#8211; Polo Bel\u00e9m<\/a><\/strong><\/li>\n\n\n\n<li class=\"has-medium-font-size\"><strong><a href=\"https:\/\/drive.google.com\/file\/d\/1iqLd9AsVsTGiAxOaoyH_GKSsKyysEuwX\/view?usp=sharing\">Agenda de Entrevistas &#8211; Polo Santar\u00e9m<\/a><\/strong><\/li>\n\n\n\n<li class=\"has-medium-font-size\"><strong><a href=\"https:\/\/drive.google.com\/file\/d\/1l3bZWDI28r6Feb_kYD3c0eHbO0xI-cRl\/view?usp=sharing\">Resultado Preliminar<\/a><\/strong><\/li>\n\n\n\n<li class=\"has-medium-font-size\"><strong><a href=\"https:\/\/drive.google.com\/file\/d\/1rebrTwVAFLue1A6qb-iWUXZcP9seWSUd\/view?usp=sharing\">Resultado Final<\/a><\/strong><\/li>\n<\/ul>\n","protected":false},"excerpt":{"rendered":"<p>A Universidade do Estado do Par\u00e1 \u2013 UEPA torna p\u00fablico que, no&nbsp;per\u00edodo de 21 de Janeiro a 04 de fevereiro de 2026, o Programa de P\u00f3s-Gradua\u00e7\u00e3o em Enfermagem \u2013 Mestrado em Enfermagem receber\u00e1 as inscri\u00e7\u00f5es para o Processo Seletivo para a Turma de 2026, com entrada no primeiro semestre letivo de 2026. As inscri\u00e7\u00f5es ser\u00e3o &hellip;<\/p>\n<p class=\"read-more\"> <a class=\"\" href=\"https:\/\/propesp.uepa.br\/ppgenf\/index.php\/processo-seletivo\/regular\/selecao-2026\/\"> <span class=\"screen-reader-text\">Sele\u00e7\u00e3o 2026<\/span> Leia mais &raquo;<\/a><\/p>\n","protected":false},"author":2,"featured_media":0,"parent":830,"menu_order":0,"comment_status":"closed","ping_status":"closed","template":"","meta":{"_uag_custom_page_level_css":"","site-sidebar-layout":"default","site-content-layout":"","ast-site-content-layout":"default","site-content-style":"default","site-sidebar-style":"default","ast-global-header-display":"","ast-banner-title-visibility":"","ast-main-header-display":"","ast-hfb-above-header-display":"","ast-hfb-below-header-display":"","ast-hfb-mobile-header-display":"","site-post-title":"","ast-breadcrumbs-content":"","ast-featured-img":"","footer-sml-layout":"","theme-transparent-header-meta":"","adv-header-id-meta":"","stick-header-meta":"","header-above-stick-meta":"","header-main-stick-meta":"","header-below-stick-meta":"","astra-migrate-meta-layouts":"set","ast-page-background-enabled":"default","ast-page-background-meta":{"desktop":{"background-color":"","background-image":"","background-repeat":"repeat","background-position":"center center","background-size":"auto","background-attachment":"scroll","background-type":"","background-media":"","overlay-type":"","overlay-color":"","overlay-gradient":""},"tablet":{"background-color":"","background-image":"","background-repeat":"repeat","background-position":"center center","background-size":"auto","background-attachment":"scroll","background-type":"","background-media":"","overlay-type":"","overlay-color":"","overlay-gradient":""},"mobile":{"background-color":"","background-image":"","background-repeat":"repeat","background-position":"center center","background-size":"auto","background-attachment":"scroll","background-type":"","background-media":"","overlay-type":"","overlay-color":"","overlay-gradient":""}},"ast-content-background-meta":{"desktop":{"background-color":"var(--ast-global-color-5)","background-image":"","background-repeat":"repeat","background-position":"center center","background-size":"auto","background-attachment":"scroll","background-type":"","background-media":"","overlay-type":"","overlay-color":"","overlay-gradient":""},"tablet":{"background-color":"var(--ast-global-color-5)","background-image":"","background-repeat":"repeat","background-position":"center center","background-size":"auto","background-attachment":"scroll","background-type":"","background-media":"","overlay-type":"","overlay-color":"","overlay-gradient":""},"mobile":{"background-color":"var(--ast-global-color-5)","background-image":"","background-repeat":"repeat","background-position":"center center","background-size":"auto","background-attachment":"scroll","background-type":"","background-media":"","overlay-type":"","overlay-color":"","overlay-gradient":""}},"footnotes":""},"uagb_featured_image_src":{"full":false,"thumbnail":false,"medium":false,"medium_large":false,"large":false,"1536x1536":false,"2048x2048":false},"uagb_author_info":{"display_name":"nelma.ramos@uepa.br","author_link":"https:\/\/propesp.uepa.br\/ppgenf\/index.php\/author\/nelma-ramosuepa-br\/"},"uagb_comment_info":0,"uagb_excerpt":"A Universidade do Estado do Par\u00e1 \u2013 UEPA torna p\u00fablico que, no&nbsp;per\u00edodo de 21 de Janeiro a 04 de fevereiro de 2026, o Programa de P\u00f3s-Gradua\u00e7\u00e3o em Enfermagem \u2013 Mestrado em Enfermagem receber\u00e1 as inscri\u00e7\u00f5es para o Processo Seletivo para a Turma de 2026, com entrada no primeiro semestre letivo de 2026. As inscri\u00e7\u00f5es ser\u00e3o&hellip;","_links":{"self":[{"href":"https:\/\/propesp.uepa.br\/ppgenf\/index.php\/wp-json\/wp\/v2\/pages\/5942"}],"collection":[{"href":"https:\/\/propesp.uepa.br\/ppgenf\/index.php\/wp-json\/wp\/v2\/pages"}],"about":[{"href":"https:\/\/propesp.uepa.br\/ppgenf\/index.php\/wp-json\/wp\/v2\/types\/page"}],"author":[{"embeddable":true,"href":"https:\/\/propesp.uepa.br\/ppgenf\/index.php\/wp-json\/wp\/v2\/users\/2"}],"replies":[{"embeddable":true,"href":"https:\/\/propesp.uepa.br\/ppgenf\/index.php\/wp-json\/wp\/v2\/comments?post=5942"}],"version-history":[{"count":11,"href":"https:\/\/propesp.uepa.br\/ppgenf\/index.php\/wp-json\/wp\/v2\/pages\/5942\/revisions"}],"predecessor-version":[{"id":6527,"href":"https:\/\/propesp.uepa.br\/ppgenf\/index.php\/wp-json\/wp\/v2\/pages\/5942\/revisions\/6527"}],"up":[{"embeddable":true,"href":"https:\/\/propesp.uepa.br\/ppgenf\/index.php\/wp-json\/wp\/v2\/pages\/830"}],"wp:attachment":[{"href":"https:\/\/propesp.uepa.br\/ppgenf\/index.php\/wp-json\/wp\/v2\/media?parent=5942"}],"curies":[{"name":"wp","href":"https:\/\/api.w.org\/{rel}","templated":true}]}}