{"id":6122,"date":"2026-01-21T09:36:02","date_gmt":"2026-01-21T12:36:02","guid":{"rendered":"https:\/\/propesp.uepa.br\/ppgenf\/?page_id=6122"},"modified":"2026-02-10T11:48:42","modified_gmt":"2026-02-10T14:48:42","slug":"qualificacoes-e-defesas-doutorado","status":"publish","type":"page","link":"https:\/\/propesp.uepa.br\/ppgenf\/index.php\/agenda-calendario\/qualificacoes-e-defesas-doutorado\/","title":{"rendered":"Qualifica\u00e7\u00f5es e Defesas &#8211; DOUTORADO"},"content":{"rendered":"\n<div class=\"wp-block-uagb-advanced-heading uagb-block-75d8a7a9\"><h2 class=\"uagb-heading-text\"><strong>PROGRAMA\u00c7\u00c3O &#8211; QUALIFICA\u00c7\u00d5ES E DEFESAS \/ DOUTORADO<\/strong><\/h2><\/div>\n\n\n\n<div class=\"wp-block-uagb-icon-list uagb-block-0600ab67\"><div class=\"uagb-icon-list__wrap\">\n<div class=\"wp-block-uagb-icon-list-child uagb-block-d261f23a\"><a target=\"_self\" aria-label=\"Qualifica\u00e7\u00f5es - 2026\" rel=\"noopener noreferrer\" href=\"https:\/\/propesp.uepa.br\/ppgenf\/index.php\/agenda-calendario\/qualificacoes-e-defesas-doutorado\/qualificacoes-doutorado-2026\/\"> <\/a><span class=\"uagb-icon-list__source-wrap\"><svg xmlns=\"https:\/\/www.w3.org\/2000\/svg\" viewBox=\"0 0 448 512\"><path d=\"M96 32C96 14.33 110.3 0 128 0C145.7 0 160 14.33 160 32V64H288V32C288 14.33 302.3 0 320 0C337.7 0 352 14.33 352 32V64H400C426.5 64 448 85.49 448 112V160H0V112C0 85.49 21.49 64 48 64H96V32zM448 464C448 490.5 426.5 512 400 512H48C21.49 512 0 490.5 0 464V192H448V464z\"><\/path><\/svg><\/span><span class=\"uagb-icon-list__label\"><strong>Qualifica\u00e7\u00f5es<\/strong> <strong>&#8211; 2026<\/strong><\/span><\/div>\n\n\n\n<div class=\"wp-block-uagb-icon-list-child uagb-block-b25c1e03\"><a target=\"_self\" aria-label=\"Qualifica\u00e7\u00f5es - 2025\" rel=\"noopener noreferrer\" href=\"https:\/\/propesp.uepa.br\/ppgenf\/index.php\/qualificacoes-2025-doutorado\/\"> <\/a><span class=\"uagb-icon-list__source-wrap\"><svg xmlns=\"https:\/\/www.w3.org\/2000\/svg\" viewBox=\"0 0 448 512\"><path d=\"M96 32C96 14.33 110.3 0 128 0C145.7 0 160 14.33 160 32V64H288V32C288 14.33 302.3 0 320 0C337.7 0 352 14.33 352 32V64H400C426.5 64 448 85.49 448 112V160H0V112C0 85.49 21.49 64 48 64H96V32zM448 464C448 490.5 426.5 512 400 512H48C21.49 512 0 490.5 0 464V192H448V464z\"><\/path><\/svg><\/span><span class=\"uagb-icon-list__label\"><strong>Qualifica\u00e7\u00f5es<\/strong> <strong>&#8211; 2025<\/strong><\/span><\/div>\n<\/div><\/div>\n","protected":false},"excerpt":{"rendered":"<p>PROGRAMA\u00c7\u00c3O &#8211; QUALIFICA\u00c7\u00d5ES E DEFESAS \/ DOUTORADO<\/p>\n","protected":false},"author":2,"featured_media":0,"parent":579,"menu_order":0,"comment_status":"closed","ping_status":"closed","template":"","meta":{"_uag_custom_page_level_css":"","site-sidebar-layout":"default","site-content-layout":"","ast-site-content-layout":"default","site-content-style":"default","site-sidebar-style":"default","ast-global-header-display":"","ast-banner-title-visibility":"","ast-main-header-display":"","ast-hfb-above-header-display":"","ast-hfb-below-header-display":"","ast-hfb-mobile-header-display":"","site-post-title":"disabled","ast-breadcrumbs-content":"","ast-featured-img":"","footer-sml-layout":"","theme-transparent-header-meta":"","adv-header-id-meta":"","stick-header-meta":"","header-above-stick-meta":"","header-main-stick-meta":"","header-below-stick-meta":"","astra-migrate-meta-layouts":"set","ast-page-background-enabled":"default","ast-page-background-meta":{"desktop":{"background-color":"","background-image":"","background-repeat":"repeat","background-position":"center center","background-size":"auto","background-attachment":"scroll","background-type":"","background-media":"","overlay-type":"","overlay-color":"","overlay-gradient":""},"tablet":{"background-color":"","background-image":"","background-repeat":"repeat","background-position":"center center","background-size":"auto","background-attachment":"scroll","background-type":"","background-media":"","overlay-type":"","overlay-color":"","overlay-gradient":""},"mobile":{"background-color":"","background-image":"","background-repeat":"repeat","background-position":"center center","background-size":"auto","background-attachment":"scroll","background-type":"","background-media":"","overlay-type":"","overlay-color":"","overlay-gradient":""}},"ast-content-background-meta":{"desktop":{"background-color":"var(--ast-global-color-5)","background-image":"","background-repeat":"repeat","background-position":"center center","background-size":"auto","background-attachment":"scroll","background-type":"","background-media":"","overlay-type":"","overlay-color":"","overlay-gradient":""},"tablet":{"background-color":"var(--ast-global-color-5)","background-image":"","background-repeat":"repeat","background-position":"center center","background-size":"auto","background-attachment":"scroll","background-type":"","background-media":"","overlay-type":"","overlay-color":"","overlay-gradient":""},"mobile":{"background-color":"var(--ast-global-color-5)","background-image":"","background-repeat":"repeat","background-position":"center center","background-size":"auto","background-attachment":"scroll","background-type":"","background-media":"","overlay-type":"","overlay-color":"","overlay-gradient":""}},"footnotes":""},"uagb_featured_image_src":{"full":false,"thumbnail":false,"medium":false,"medium_large":false,"large":false,"1536x1536":false,"2048x2048":false},"uagb_author_info":{"display_name":"nelma.ramos@uepa.br","author_link":"https:\/\/propesp.uepa.br\/ppgenf\/index.php\/author\/nelma-ramosuepa-br\/"},"uagb_comment_info":0,"uagb_excerpt":"PROGRAMA\u00c7\u00c3O &#8211; QUALIFICA\u00c7\u00d5ES E DEFESAS \/ DOUTORADO","_links":{"self":[{"href":"https:\/\/propesp.uepa.br\/ppgenf\/index.php\/wp-json\/wp\/v2\/pages\/6122"}],"collection":[{"href":"https:\/\/propesp.uepa.br\/ppgenf\/index.php\/wp-json\/wp\/v2\/pages"}],"about":[{"href":"https:\/\/propesp.uepa.br\/ppgenf\/index.php\/wp-json\/wp\/v2\/types\/page"}],"author":[{"embeddable":true,"href":"https:\/\/propesp.uepa.br\/ppgenf\/index.php\/wp-json\/wp\/v2\/users\/2"}],"replies":[{"embeddable":true,"href":"https:\/\/propesp.uepa.br\/ppgenf\/index.php\/wp-json\/wp\/v2\/comments?post=6122"}],"version-history":[{"count":7,"href":"https:\/\/propesp.uepa.br\/ppgenf\/index.php\/wp-json\/wp\/v2\/pages\/6122\/revisions"}],"predecessor-version":[{"id":6287,"href":"https:\/\/propesp.uepa.br\/ppgenf\/index.php\/wp-json\/wp\/v2\/pages\/6122\/revisions\/6287"}],"up":[{"embeddable":true,"href":"https:\/\/propesp.uepa.br\/ppgenf\/index.php\/wp-json\/wp\/v2\/pages\/579"}],"wp:attachment":[{"href":"https:\/\/propesp.uepa.br\/ppgenf\/index.php\/wp-json\/wp\/v2\/media?parent=6122"}],"curies":[{"name":"wp","href":"https:\/\/api.w.org\/{rel}","templated":true}]}}