{"id":6125,"date":"2026-01-21T10:50:39","date_gmt":"2026-01-21T13:50:39","guid":{"rendered":"https:\/\/propesp.uepa.br\/ppgenf\/?page_id=6125"},"modified":"2026-01-21T12:13:00","modified_gmt":"2026-01-21T15:13:00","slug":"qualificacoes-2025-doutorado","status":"publish","type":"page","link":"https:\/\/propesp.uepa.br\/ppgenf\/index.php\/agenda-calendario\/qualificacoes-e-defesas-doutorado\/qualificacoes-2025-doutorado\/","title":{"rendered":"Qualifica\u00e7\u00f5es &#8211; 2025 (Doutorado)"},"content":{"rendered":"\n<div class=\"wp-block-uagb-advanced-heading uagb-block-88ff188f\"><h2 class=\"uagb-heading-text\"><strong>QUALIFICA\u00c7\u00d5ES &#8211; 2025<\/strong><\/h2><\/div>\n\n\n\n<figure class=\"wp-block-table is-style-stripes\"><table class=\"has-pale-ocean-gradient-background has-background\"><tbody><tr><td class=\"has-text-align-center\" data-align=\"center\"><strong>Data \/<\/strong><br><strong>Hor\u00e1rio<\/strong><\/td><td class=\"has-text-align-center\" data-align=\"center\"><strong>Local<\/strong><\/td><td><strong>Mestrando(a)s \/ Titulo do Trabalho \/ Orientador(es)<\/strong>&nbsp;<strong>\/&nbsp;Banca Examinadora<\/strong><\/td><\/tr><tr><td class=\"has-text-align-center\" data-align=\"center\"><strong>03 \/ 11<br>14:00h<\/strong><\/td><td class=\"has-text-align-center\" data-align=\"center\"><strong>AUDIT\u00d3RIO<br>CAMPUS<\/strong><br><strong>IV \/ UEPA<\/strong><\/td><td>Doutorando(a):&nbsp;&nbsp;<strong>NEIVA JOS\u00c9 DA LUZ DIAS JUNIOR<\/strong><br>Titulo do Trabalho:&nbsp;&nbsp;<strong>\u201cCI\u00caNCIA DE IMPLEMENTA\u00c7\u00c3O E A RESID\u00caNCIA DE ENFERMAGEM &#8211; ESTUDO DE CASO SOBRE A INSER\u00c7\u00c3O DOS TRABALHOS DE CONCLUS\u00c3O NOS SERVI\u00c7OS DE SA\u00daDE\u201d<\/strong><br>Orientador(a) \/ Presidente da Banca:&nbsp;&nbsp;<strong>Dra. Ilma Pastana Ferreira<\/strong><br><br><strong>Membros da Banca:<\/strong><br>Titular Interno:&nbsp;Dra. Marcia Helena Machado Nascimento \/ UEPA<br>Titular Interno: Dra. Maria Elizabete de Castro Rassy \/ UEPA<br>Titular Externo:&nbsp;Dr. Tiago da Silva Domingos \/ UNIFESP<br>Titular Externo:&nbsp;Dra. Andressa Tavares Parente \/ UFPA<br>Suplente Interno:&nbsp;Dra. Ivonete Vieira Pereira Peixoto \/ UEPA<br>Suplente Externo:&nbsp;Dra. Z\u00e9lia de Oliveira Saldanha \/ FAAMA<\/td><\/tr><tr><td class=\"has-text-align-center\" data-align=\"center\"><strong>04 \/ 11<br>9:00h<\/strong><\/td><td class=\"has-text-align-center\" data-align=\"center\"><strong>AUDIT\u00d3RIO<br>CAMPUS<\/strong><br><strong>IV \/ UEPA<\/strong><\/td><td>Doutorando(a):&nbsp;&nbsp;<strong>GISELE MARIA CARDOSO DA SILVA<\/strong><br>Titulo do Trabalho:&nbsp;&nbsp;<strong>\u201cEFIC\u00c1CIA CL\u00cdNICA DA ERITROCITAF\u00c9RESE NO MANEJO DE COMPLICA\u00c7\u00d5ES DA DOEN\u00c7A FALCIFORME: ESTUDO CL\u00cdNICO RANDOMIZADO\u201d<\/strong><br>Orientador(a) \/ Presidente da Banca:&nbsp;&nbsp;<strong>Dr. Rubenilson Caldas Valois<\/strong><br><br><strong>Membros da Banca:<\/strong><br>Titular Interno:&nbsp;&nbsp;Dra. Laura Maria Vidal Nogueira \/ UEPA<br>Titular Interno:  Dra. Marcia Helena Machado Nascimento \/ UEPA<br>Titular Externo:&nbsp;&nbsp;Dra. Dulce Aparecida Barbosa \/ UNIFESP<br>Titular Externo:&nbsp;Dr. Clemente Neves de Sousa \/ ESEP &#8211; PT<br>Suplente Interno:&nbsp;&nbsp;Dra. Juliana Concei\u00e7\u00e3o Dias Garcez \/ UEPA<br>Suplente Externo:&nbsp;&nbsp;Dra. Renata Bezerra Hermes de Castro \/ UNIESAMAZ<\/td><\/tr><tr><td class=\"has-text-align-center\" data-align=\"center\"><strong>02 \/ 12<br>9:00h<\/strong><\/td><td class=\"has-text-align-center\" data-align=\"center\"><strong>AUDIT\u00d3RIO<br>CAMPUS<\/strong><br><strong>IV \/ UEPA<\/strong><\/td><td>Doutorando(a):&nbsp;&nbsp;<strong>LUCRECIA ALINE CABRAL FORMIGOSA<\/strong><br>Titulo do Trabalho:&nbsp;&nbsp;<strong>\u201cAN\u00c1LISE SIMULT\u00c2NEA DOS CONCEITOS DE CUIDADOS PALIATIVOS E CUIDADO DE FINAL DE VIDA\u201d<\/strong><br>Orientador(a) \/ Presidente da Banca:&nbsp;&nbsp;<strong>Dra. Marcia Helena Machado Nascimento<\/strong><br>Coorientador(a): <strong>Dr. Marcos Antonio Gomes Brand\u00e3o<br><\/strong><br><strong>Membros da Banca:<\/strong><br>Titular Interno:&nbsp;&nbsp;Dra. Mary Elizabeth de Santana \/ UEPA<br>Titular Interno:  Dr. Josias da Costa J\u00fanior \/ UEPA<br>Titular Externo:&nbsp;&nbsp;Dra. Sandra Rita Pereira Fernandes \/ ESEP &#8211; PT<br>Titular Externo:&nbsp; Dra. Rosane Barreto Cardoso \/ UFRJ<br>Suplente Interno:&nbsp;&nbsp;Dra. Ivonete Vieira Pereira Peixoto \/ UEPA<br>Suplente Externo:&nbsp;&nbsp;Dra. Andressa Tavares Parente \/ UFPA<\/td><\/tr><tr><td class=\"has-text-align-center\" data-align=\"center\"><strong>18 \/ 12<br>15:00h<\/strong><\/td><td class=\"has-text-align-center\" data-align=\"center\"><strong>AUDIT\u00d3RIO<br>CAMPUS<\/strong><br><strong>IV \/ UEPA<\/strong><\/td><td>Doutorando(a):&nbsp;&nbsp;<strong>ERLON GABRIEL REGO DE ANDRADE<\/strong><br>Titulo do Trabalho:&nbsp;&nbsp;<strong>\u201cREPRESENTA\u00c7\u00d5ES SOCIAIS DE ESTUDANTES DE ENFERMAGEM SOBRE O ATENDIMENTO QUE REALIZAM \u00c0S PESSOAS COM TUBERCULOSE: ABORDAGENS ESTRUTURAL E PROCESSUAL\u201d<\/strong><br>Orientador(a) \/ Presidente da Banca:&nbsp;&nbsp;<strong>Dra. Ivaneide Leal Ataide Rodrigues<\/strong><br><br><strong>Membros da Banca:<\/strong><br>Titular Interno:&nbsp;&nbsp;Dra. Laura Maria Vidal Nogueira \/ UEPA<br>Titular Interno:  Dra. Mary Elizabeth de Santana \/ UEPA<br>Titular Externo:&nbsp;&nbsp;Dra. Marcia de Assun\u00e7\u00e3o Ferreira \/ UFRJ<br>Titular Externo:&nbsp; Dr. Antonio Marcos Tosoli Gomes \/ UERJ<br>Suplente Interno:&nbsp;&nbsp;Dra. Juliana Concei\u00e7\u00e3o Dias Garcez \/ UEPA<br>Suplente Externo:&nbsp;&nbsp;Dra. Ana Beatriz Azevedo Queiroz \/ UFRJ<\/td><\/tr><\/tbody><\/table><\/figure>\n","protected":false},"excerpt":{"rendered":"<p>QUALIFICA\u00c7\u00d5ES &#8211; 2025 Data \/Hor\u00e1rio Local Mestrando(a)s \/ Titulo do Trabalho \/ Orientador(es)&nbsp;\/&nbsp;Banca Examinadora 03 \/ 1114:00h AUDIT\u00d3RIOCAMPUSIV \/ UEPA Doutorando(a):&nbsp;&nbsp;NEIVA JOS\u00c9 DA LUZ DIAS JUNIORTitulo do Trabalho:&nbsp;&nbsp;\u201cCI\u00caNCIA DE IMPLEMENTA\u00c7\u00c3O E A RESID\u00caNCIA DE ENFERMAGEM &#8211; ESTUDO DE CASO SOBRE A INSER\u00c7\u00c3O DOS TRABALHOS DE CONCLUS\u00c3O NOS SERVI\u00c7OS DE SA\u00daDE\u201dOrientador(a) \/ Presidente da Banca:&nbsp;&nbsp;Dra. Ilma &hellip;<\/p>\n<p class=\"read-more\"> <a class=\"\" href=\"https:\/\/propesp.uepa.br\/ppgenf\/index.php\/agenda-calendario\/qualificacoes-e-defesas-doutorado\/qualificacoes-2025-doutorado\/\"> <span class=\"screen-reader-text\">Qualifica\u00e7\u00f5es &#8211; 2025 (Doutorado)<\/span> Leia mais &raquo;<\/a><\/p>\n","protected":false},"author":2,"featured_media":0,"parent":6122,"menu_order":0,"comment_status":"closed","ping_status":"closed","template":"","meta":{"_uag_custom_page_level_css":"","site-sidebar-layout":"default","site-content-layout":"","ast-site-content-layout":"default","site-content-style":"default","site-sidebar-style":"default","ast-global-header-display":"","ast-banner-title-visibility":"","ast-main-header-display":"","ast-hfb-above-header-display":"","ast-hfb-below-header-display":"","ast-hfb-mobile-header-display":"","site-post-title":"disabled","ast-breadcrumbs-content":"","ast-featured-img":"","footer-sml-layout":"","theme-transparent-header-meta":"","adv-header-id-meta":"","stick-header-meta":"","header-above-stick-meta":"","header-main-stick-meta":"","header-below-stick-meta":"","astra-migrate-meta-layouts":"set","ast-page-background-enabled":"default","ast-page-background-meta":{"desktop":{"background-color":"","background-image":"","background-repeat":"repeat","background-position":"center center","background-size":"auto","background-attachment":"scroll","background-type":"","background-media":"","overlay-type":"","overlay-color":"","overlay-gradient":""},"tablet":{"background-color":"","background-image":"","background-repeat":"repeat","background-position":"center center","background-size":"auto","background-attachment":"scroll","background-type":"","background-media":"","overlay-type":"","overlay-color":"","overlay-gradient":""},"mobile":{"background-color":"","background-image":"","background-repeat":"repeat","background-position":"center center","background-size":"auto","background-attachment":"scroll","background-type":"","background-media":"","overlay-type":"","overlay-color":"","overlay-gradient":""}},"ast-content-background-meta":{"desktop":{"background-color":"var(--ast-global-color-5)","background-image":"","background-repeat":"repeat","background-position":"center center","background-size":"auto","background-attachment":"scroll","background-type":"","background-media":"","overlay-type":"","overlay-color":"","overlay-gradient":""},"tablet":{"background-color":"var(--ast-global-color-5)","background-image":"","background-repeat":"repeat","background-position":"center center","background-size":"auto","background-attachment":"scroll","background-type":"","background-media":"","overlay-type":"","overlay-color":"","overlay-gradient":""},"mobile":{"background-color":"var(--ast-global-color-5)","background-image":"","background-repeat":"repeat","background-position":"center center","background-size":"auto","background-attachment":"scroll","background-type":"","background-media":"","overlay-type":"","overlay-color":"","overlay-gradient":""}},"footnotes":""},"uagb_featured_image_src":{"full":false,"thumbnail":false,"medium":false,"medium_large":false,"large":false,"1536x1536":false,"2048x2048":false},"uagb_author_info":{"display_name":"nelma.ramos@uepa.br","author_link":"https:\/\/propesp.uepa.br\/ppgenf\/index.php\/author\/nelma-ramosuepa-br\/"},"uagb_comment_info":0,"uagb_excerpt":"QUALIFICA\u00c7\u00d5ES &#8211; 2025 Data \/Hor\u00e1rio Local Mestrando(a)s \/ Titulo do Trabalho \/ Orientador(es)&nbsp;\/&nbsp;Banca Examinadora 03 \/ 1114:00h AUDIT\u00d3RIOCAMPUSIV \/ UEPA Doutorando(a):&nbsp;&nbsp;NEIVA JOS\u00c9 DA LUZ DIAS JUNIORTitulo do Trabalho:&nbsp;&nbsp;\u201cCI\u00caNCIA DE IMPLEMENTA\u00c7\u00c3O E A RESID\u00caNCIA DE ENFERMAGEM &#8211; ESTUDO DE CASO SOBRE A INSER\u00c7\u00c3O DOS TRABALHOS DE CONCLUS\u00c3O NOS SERVI\u00c7OS DE SA\u00daDE\u201dOrientador(a) \/ Presidente da Banca:&nbsp;&nbsp;Dra. Ilma&hellip;","_links":{"self":[{"href":"https:\/\/propesp.uepa.br\/ppgenf\/index.php\/wp-json\/wp\/v2\/pages\/6125"}],"collection":[{"href":"https:\/\/propesp.uepa.br\/ppgenf\/index.php\/wp-json\/wp\/v2\/pages"}],"about":[{"href":"https:\/\/propesp.uepa.br\/ppgenf\/index.php\/wp-json\/wp\/v2\/types\/page"}],"author":[{"embeddable":true,"href":"https:\/\/propesp.uepa.br\/ppgenf\/index.php\/wp-json\/wp\/v2\/users\/2"}],"replies":[{"embeddable":true,"href":"https:\/\/propesp.uepa.br\/ppgenf\/index.php\/wp-json\/wp\/v2\/comments?post=6125"}],"version-history":[{"count":3,"href":"https:\/\/propesp.uepa.br\/ppgenf\/index.php\/wp-json\/wp\/v2\/pages\/6125\/revisions"}],"predecessor-version":[{"id":6151,"href":"https:\/\/propesp.uepa.br\/ppgenf\/index.php\/wp-json\/wp\/v2\/pages\/6125\/revisions\/6151"}],"up":[{"embeddable":true,"href":"https:\/\/propesp.uepa.br\/ppgenf\/index.php\/wp-json\/wp\/v2\/pages\/6122"}],"wp:attachment":[{"href":"https:\/\/propesp.uepa.br\/ppgenf\/index.php\/wp-json\/wp\/v2\/media?parent=6125"}],"curies":[{"name":"wp","href":"https:\/\/api.w.org\/{rel}","templated":true}]}}