{"id":613,"date":"2020-02-18T20:03:05","date_gmt":"2020-02-18T23:03:05","guid":{"rendered":"https:\/\/propesp.uepa.br\/ppgenf\/?page_id=613"},"modified":"2023-06-05T09:05:05","modified_gmt":"2023-06-05T12:05:05","slug":"2013-2","status":"publish","type":"page","link":"https:\/\/propesp.uepa.br\/ppgenf\/index.php\/corpo-discente\/turma\/2013-2\/","title":{"rendered":"Turma 2013"},"content":{"rendered":"\n<div class=\"wp-block-uagb-advanced-heading uagb-block-56252a92\"><h1 class=\"uagb-heading-text\">Turma 2013<\/h1><div class=\"uagb-separator\"><\/div><\/div>\n\n\n\n<p class=\"has-text-align-center has-very-light-gray-color has-vivid-cyan-blue-background-color has-text-color has-background\" style=\"font-size:14px\"><strong>Linha 1 &#8211; Enfermagem em Sa\u00fade P\u00fablica e Epidemiologia de Doen\u00e7as na Amaz\u00f4nia<\/strong><\/p>\n\n\n\n<figure class=\"wp-block-table\"><table class=\"has-fixed-layout\"><tbody><tr><td class=\"has-text-align-center\" data-align=\"center\"><strong>UEPA<\/strong><\/td><td class=\"has-text-align-center\" data-align=\"center\"><strong>UFAM<\/strong><\/td><\/tr><tr><td class=\"has-text-align-center\" data-align=\"center\">ADILSON MENDES DE FIGUEIREDO JUNIOR<br>Orientador(es): Dra. Antonia Margareth Moita S\u00e1<br><br><br>ANDERSON LINEU SIQUEIRA DOS SANTOS<br>Orientador(es): Dra. Ivonete Vieira Pereira Peixoto <\/td><td class=\"has-text-align-center\" data-align=\"center\">BAHIYYEH AHMADPOUR FURTADO<br>Orientador(es): Dr. David Lopes Neto e&nbsp;Dr. Daniel Scopel&nbsp;<br><br><br>ANNE CAROLINE SAMPAIO SOARES<br>Orientador(es): Dr. David Lopes Neto e&nbsp;Dra. Noeli das Neves Toledo&nbsp; <\/td><\/tr><\/tbody><\/table><\/figure>\n\n\n\n<p class=\"has-text-align-center has-very-light-gray-color has-vivid-cyan-blue-background-color has-text-color has-background\" style=\"font-size:14px\"><strong>Linha 2 &#8211; Educa\u00e7\u00e3o e Tecnologias de Enfermagem para o cuidado em sa\u00fade a indiv\u00edduos e grupos sociais<\/strong><\/p>\n\n\n\n<figure class=\"wp-block-table\"><table class=\"has-fixed-layout\"><tbody><tr><td class=\"has-text-align-center\" data-align=\"center\"><strong>UEPA<\/strong><\/td><td class=\"has-text-align-center\" data-align=\"center\"><strong>UFAM<\/strong><\/td><\/tr><tr><td class=\"has-text-align-center\" data-align=\"center\">CAMILA RODRIGUES BARBOSA<br>Orientador(es): Dra. Elizabeth Teixeira<br><br>CLAUDIA CRISTINA PINTO GIRARD<br>Orientador(es): Dra. Elizabeth Teixeira<br><br>DAIANA DE SOUZA FERNANDES<br>Orientador(es): Dra. Maria Izabel de Oliveira Santos<br><br>ERIKA DE CASSIA LIMA XAVIER BARROS<br>Orientador(es): Dra. Mary Elizabeth de Santana <\/td><td class=\"has-text-align-center\" data-align=\"center\">ADERLAINE DA SILVA SABINO<br>Orientador(es): Dra. Arinete Veras Fontes Esteves<br><br>EURIDES SOUSA DE LIMA<br>Orientador(es): Dra. Ana Paula Pessoa de Oliveira&nbsp;<br><br>LUCIANA BARROS DE LIMA<br>Orientador(es): Dra. Sandra Greice Becker<br>&nbsp;<br>MAILMA COSTA DE ALMEIDA<br>Orientador(es): Dra. Nair Chase da Silva&nbsp; <\/td><\/tr><\/tbody><\/table><\/figure>\n","protected":false},"excerpt":{"rendered":"<p>Turma 2013 Linha 1 &#8211; Enfermagem em Sa\u00fade P\u00fablica e Epidemiologia de Doen\u00e7as na Amaz\u00f4nia UEPA UFAM ADILSON MENDES DE FIGUEIREDO JUNIOROrientador(es): Dra. Antonia Margareth Moita S\u00e1 ANDERSON LINEU SIQUEIRA DOS SANTOSOrientador(es): Dra. Ivonete Vieira Pereira Peixoto BAHIYYEH AHMADPOUR FURTADOOrientador(es): Dr. David Lopes Neto e&nbsp;Dr. Daniel Scopel&nbsp; ANNE CAROLINE SAMPAIO SOARESOrientador(es): Dr. David Lopes Neto &hellip;<\/p>\n<p class=\"read-more\"> <a class=\"\" href=\"https:\/\/propesp.uepa.br\/ppgenf\/index.php\/corpo-discente\/turma\/2013-2\/\"> <span class=\"screen-reader-text\">Turma 2013<\/span> Leia mais &raquo;<\/a><\/p>\n","protected":false},"author":3,"featured_media":0,"parent":3340,"menu_order":0,"comment_status":"closed","ping_status":"closed","template":"","meta":{"_uag_custom_page_level_css":"","site-sidebar-layout":"no-sidebar","site-content-layout":"plain-container","ast-site-content-layout":"","site-content-style":"default","site-sidebar-style":"default","ast-global-header-display":"","ast-banner-title-visibility":"","ast-main-header-display":"","ast-hfb-above-header-display":"","ast-hfb-below-header-display":"","ast-hfb-mobile-header-display":"","site-post-title":"disabled","ast-breadcrumbs-content":"","ast-featured-img":"","footer-sml-layout":"","theme-transparent-header-meta":"default","adv-header-id-meta":"","stick-header-meta":"","header-above-stick-meta":"","header-main-stick-meta":"","header-below-stick-meta":"","astra-migrate-meta-layouts":"","ast-page-background-enabled":"default","ast-page-background-meta":{"desktop":{"background-color":"","background-image":"","background-repeat":"repeat","background-position":"center center","background-size":"auto","background-attachment":"scroll","background-type":"","background-media":"","overlay-type":"","overlay-color":"","overlay-gradient":""},"tablet":{"background-color":"","background-image":"","background-repeat":"repeat","background-position":"center center","background-size":"auto","background-attachment":"scroll","background-type":"","background-media":"","overlay-type":"","overlay-color":"","overlay-gradient":""},"mobile":{"background-color":"","background-image":"","background-repeat":"repeat","background-position":"center center","background-size":"auto","background-attachment":"scroll","background-type":"","background-media":"","overlay-type":"","overlay-color":"","overlay-gradient":""}},"ast-content-background-meta":{"desktop":{"background-color":"var(--ast-global-color-5)","background-image":"","background-repeat":"repeat","background-position":"center center","background-size":"auto","background-attachment":"scroll","background-type":"","background-media":"","overlay-type":"","overlay-color":"","overlay-gradient":""},"tablet":{"background-color":"var(--ast-global-color-5)","background-image":"","background-repeat":"repeat","background-position":"center center","background-size":"auto","background-attachment":"scroll","background-type":"","background-media":"","overlay-type":"","overlay-color":"","overlay-gradient":""},"mobile":{"background-color":"var(--ast-global-color-5)","background-image":"","background-repeat":"repeat","background-position":"center center","background-size":"auto","background-attachment":"scroll","background-type":"","background-media":"","overlay-type":"","overlay-color":"","overlay-gradient":""}},"footnotes":""},"uagb_featured_image_src":{"full":false,"thumbnail":false,"medium":false,"medium_large":false,"large":false,"1536x1536":false,"2048x2048":false},"uagb_author_info":{"display_name":"admin@uepa.br","author_link":"https:\/\/propesp.uepa.br\/ppgenf\/index.php\/author\/adminuepa-br\/"},"uagb_comment_info":0,"uagb_excerpt":"Turma 2013 Linha 1 &#8211; Enfermagem em Sa\u00fade P\u00fablica e Epidemiologia de Doen\u00e7as na Amaz\u00f4nia UEPA UFAM ADILSON MENDES DE FIGUEIREDO JUNIOROrientador(es): Dra. Antonia Margareth Moita S\u00e1 ANDERSON LINEU SIQUEIRA DOS SANTOSOrientador(es): Dra. Ivonete Vieira Pereira Peixoto BAHIYYEH AHMADPOUR FURTADOOrientador(es): Dr. David Lopes Neto e&nbsp;Dr. Daniel Scopel&nbsp; ANNE CAROLINE SAMPAIO SOARESOrientador(es): Dr. David Lopes Neto&hellip;","_links":{"self":[{"href":"https:\/\/propesp.uepa.br\/ppgenf\/index.php\/wp-json\/wp\/v2\/pages\/613"}],"collection":[{"href":"https:\/\/propesp.uepa.br\/ppgenf\/index.php\/wp-json\/wp\/v2\/pages"}],"about":[{"href":"https:\/\/propesp.uepa.br\/ppgenf\/index.php\/wp-json\/wp\/v2\/types\/page"}],"author":[{"embeddable":true,"href":"https:\/\/propesp.uepa.br\/ppgenf\/index.php\/wp-json\/wp\/v2\/users\/3"}],"replies":[{"embeddable":true,"href":"https:\/\/propesp.uepa.br\/ppgenf\/index.php\/wp-json\/wp\/v2\/comments?post=613"}],"version-history":[{"count":5,"href":"https:\/\/propesp.uepa.br\/ppgenf\/index.php\/wp-json\/wp\/v2\/pages\/613\/revisions"}],"predecessor-version":[{"id":3382,"href":"https:\/\/propesp.uepa.br\/ppgenf\/index.php\/wp-json\/wp\/v2\/pages\/613\/revisions\/3382"}],"up":[{"embeddable":true,"href":"https:\/\/propesp.uepa.br\/ppgenf\/index.php\/wp-json\/wp\/v2\/pages\/3340"}],"wp:attachment":[{"href":"https:\/\/propesp.uepa.br\/ppgenf\/index.php\/wp-json\/wp\/v2\/media?parent=613"}],"curies":[{"name":"wp","href":"https:\/\/api.w.org\/{rel}","templated":true}]}}