{"id":6142,"date":"2026-01-21T12:05:37","date_gmt":"2026-01-21T15:05:37","guid":{"rendered":"https:\/\/propesp.uepa.br\/ppgenf\/?page_id=6142"},"modified":"2026-04-08T13:43:21","modified_gmt":"2026-04-08T16:43:21","slug":"defesas-2026-mestrado","status":"publish","type":"page","link":"https:\/\/propesp.uepa.br\/ppgenf\/index.php\/agenda-calendario\/defesas-e-qualificacoes\/defesas-2026-mestrado\/","title":{"rendered":"Defesas &#8211; 2026 (Mestrado)"},"content":{"rendered":"\n<div class=\"wp-block-uagb-advanced-heading uagb-block-3cc0bdf4\"><h1 class=\"uagb-heading-text\"><strong>DEFESAS &#8211; 2026<\/strong><\/h1><\/div>\n\n\n\n<figure class=\"wp-block-table is-style-stripes\"><table><tbody><tr><td class=\"has-text-align-center\" data-align=\"center\"><strong>Data \/<\/strong><br><strong>Hor\u00e1rio<\/strong><\/td><td class=\"has-text-align-center\" data-align=\"center\"><strong>Local<\/strong><\/td><td class=\"has-text-align-left\" data-align=\"left\"><strong>Mestrando(a)s \/ Titulo do Trabalho \/ Orientador(es)&nbsp;\/&nbsp;Banca Examinadora<\/strong><\/td><\/tr><tr><td class=\"has-text-align-center\" data-align=\"center\"><strong>26 \/ 01<br>15h<\/strong><\/td><td class=\"has-text-align-center\" data-align=\"center\"><strong>SALA DE VIDEO<br>CAMPUS XII \/ UEPA-SANTAR\u00c9M<\/strong><\/td><td class=\"has-text-align-left\" data-align=\"left\">Mestrando(a):&nbsp;&nbsp;<strong>LEANNA SILVA AQUINO<\/strong><br>Titulo do Trabalho:&nbsp;<strong>&nbsp;\u201c<\/strong>DETERMINANTES SOCIAIS E O ACESSO AOS SERVI\u00c7OS DE SA\u00daDE NAS COMUNIDADES QUILOMBOLAS DA AMAZ\u00d4NIA PARAENSE<strong>\u201d<\/strong><br><br>Orientador(a) \/ Presidente da Banca:&nbsp;&nbsp;&nbsp;&nbsp;<strong>Dra. Livia de Aguiar Valentim<\/strong><br><br><strong>Membros da Banca:<\/strong><br>Titular Interno:&nbsp;&nbsp;Dra.&nbsp;Tatiane Costa Quarema&nbsp;\/ UEPA<br>Titular Externo:&nbsp;&nbsp;Dra. Aliete Cunha-Oliveira&nbsp;\/&nbsp;ESEC-PT<br>Suplente Interno:&nbsp;&nbsp;Dra.&nbsp;Sheyla Mara Silva de Oliveira&nbsp;\/ UEPA<br>Suplente Externo:&nbsp;Dra. Tereza Maria Mendes Diniz de Andrade Barroso&nbsp;\/ ESEC-PT<\/td><\/tr><tr><td class=\"has-text-align-center\" data-align=\"center\"><strong>30 \/ 01<br>10h<\/strong><\/td><td class=\"has-text-align-center\" data-align=\"center\"><strong>AUDIT\u00d3RIO<br>CAMPUS IV \/ UEPA-BEL\u00c9M<\/strong><\/td><td class=\"has-text-align-left\" data-align=\"left\">Mestrando(a):&nbsp;&nbsp;<strong>JESSICA DE SOUZA CHAVES<\/strong><br>Titulo do Trabalho:&nbsp;<strong>&nbsp;\u201c<\/strong>APLICABILIDADE DA TECNOLOGIA ASSISTENCIA &#8220;COLO AMIGO&#8221; NA CONSULTA DE ENFERMAGEM FRENTE AO DIAGN\u00d3STICO DO C\u00c2NCER NO COLO DO UTERO<strong>\u201d<\/strong><br><br>Orientador(a) \/ Presidente da Banca:&nbsp;&nbsp;&nbsp;&nbsp;<strong>Dra. Ivonete Vieira Pereira Peixoto<\/strong><br><br><strong>Membros da Banca:<\/strong><br>Titular Interno:&nbsp;&nbsp;Dra.&nbsp;Marcia Helena Machado Nascimento&nbsp;\/ UEPA<br>Titular Externo:&nbsp;&nbsp;Dr. Alan Barroso Ara\u00fajo Gris\u00f3lia&nbsp;\/&nbsp;UFPA<br>Suplente Interno:&nbsp;&nbsp;Dra.&nbsp;Mary Elizabeth de Santana&nbsp;\/ UEPA<br>Suplente Externo:&nbsp;Dr. Carlos Alexandre Felicio Brito&nbsp;\/ USCS<\/td><\/tr><tr><td class=\"has-text-align-center\" data-align=\"center\"><strong>02 \/ 03<br>15h<\/strong><\/td><td class=\"has-text-align-center\" data-align=\"center\"><strong>SALA DE VIDEO<br>CAMPUS XII \/ UEPA-SANTAR\u00c9M<\/strong><\/td><td class=\"has-text-align-left\" data-align=\"left\">Mestrando(a):&nbsp;&nbsp;<strong><strong>ANTONIA REGIANE PEREIRA DUARTE VALENTE<\/strong><\/strong><br>Titulo do Trabalho:&nbsp;<strong>&nbsp;<\/strong>\u201cDOEN\u00c7A RENAL: RASTREIO CL\u00cdNICO DE USU\u00c1RIOS CADASTRADOS NO PROGRAMA DE HIPERTENS\u00c3O ARTERIAL E DIABETES MELLITUS, EM UM MUNIC\u00cdPIO DA AMAZ\u00d4NIA\u201d<br><br>Orientador(a) \/ Presidente da Banca:&nbsp;&nbsp;&nbsp;&nbsp;<strong>Dra.&nbsp;Sheyla Mara Silva de Oliveira<\/strong><br><br><strong>Membros da Banca:<\/strong><br>Titular Interno: Dra. Gilsirene Scantelbury de Almeida \/ UFAM<br>Titular Externo: Dr. Waldiney Pires Moraes \/ UFOPA<br>Suplente Interno: Dra. Livia de Aguiar Valentim \/ UEPA<br>Suplente Externo: Dr. Guilherme Augusto Barros Conde \/ UFOPA<\/td><\/tr><tr><td class=\"has-text-align-center\" data-align=\"center\"><strong>07 \/ 04<br>15:30h<\/strong><\/td><td class=\"has-text-align-center\" data-align=\"center\"><strong>AUDIT\u00d3RIO<br>CAMPUS IV \/ UEPA-BEL\u00c9M<\/strong><\/td><td class=\"has-text-align-left\" data-align=\"left\">Mestrando(a):&nbsp;&nbsp;<strong>KALENE RAMOS SILVA<\/strong><br>Titulo do Trabalho:&nbsp;<strong>&nbsp;<\/strong>\u201cAN\u00c1LISE ESPA\u00c7O-TEMPORAL DOS CASOS DE S\u00cdFILS EM GESTANTES NO 1\u00ba CENTRO REGIONAL DE SA\u00daDE DO PAR\u00c1\u201d<br>Orientador(a) \/ Presidente da Banca:&nbsp;&nbsp;&nbsp;&nbsp;<strong>Dra. Maria Elizabete de Castro Rassy<\/strong><br>Coorientador: <strong>Dr. Ricardo Jos\u00e9 de Paula Souza e Guimar\u00e3es<\/strong><br><strong>Membros da Banca:<\/strong><br>Titular Interno:&nbsp;&nbsp;Dra.&nbsp;Ivonete Vieira Pereira Peixoto&nbsp;\/ UEPA<br>Titular Externo:&nbsp;&nbsp;Dra. Cristal Ribeiro Mesquita&nbsp;\/&nbsp;UFPA<br>Suplente Interno:&nbsp;&nbsp;Dra.&nbsp;Laura Maria Vidal Nogueira&nbsp;\/ UEPA<br>Suplente Externo:&nbsp;Dra. Ana Paula Figueiredo de Montalv\u00e3o Fran\u00e7a&nbsp;\/ FSCMPA<\/td><\/tr><tr><td class=\"has-text-align-center\" data-align=\"center\"><strong>08 \/ 04<br>10:00h<\/strong><\/td><td class=\"has-text-align-center\" data-align=\"center\"><strong>SALA DE VIDEO<br>CAMPUS XII \/ UEPA-SANTAR\u00c9M<\/strong><\/td><td class=\"has-text-align-left\" data-align=\"left\">Mestrando(a):\u00a0\u00a0<strong>FABRICIO OLIVEIRA PACHECO<\/strong><br>Titulo do Trabalho:\u00a0<strong>\u00a0<\/strong>\u201cTECNOLOGIA EDUCATIVA SOBRE MANEJO NUTRICIONAL PARA CUIDADORES DE CRIAN\u00c7AS EM TRATAMENTO ONCOL\u00d3GICO: CONSTRU\u00c7\u00c3O E VALIDA\u00c7\u00c3O\u201d<br><br>Orientador(a) \/ Presidente da Banca:\u00a0\u00a0\u00a0\u00a0<strong>Dra.\u00a0Adjanny Estela Santos de Souza<\/strong><br><br><strong>Membros da Banca:<\/strong><br>Titular Interno: Dra. Veridiana Barreto do Nascimento \/ UEPA<br>Titular Externo: Dr. Abner Souza Paz \/ PPGIBA-UFAM<br>Suplente Interno: Dra. Tatiane Costa Quaresma \/ UEPA<br>Suplente Externo: Dr. Benedito de Souza Guimar\u00e3es J\u00fanior \/ PPGDT-UFPA<\/td><\/tr><\/tbody><\/table><\/figure>\n","protected":false},"excerpt":{"rendered":"<p>DEFESAS &#8211; 2026 Data \/Hor\u00e1rio Local Mestrando(a)s \/ Titulo do Trabalho \/ Orientador(es)&nbsp;\/&nbsp;Banca Examinadora 26 \/ 0115h SALA DE VIDEOCAMPUS XII \/ UEPA-SANTAR\u00c9M Mestrando(a):&nbsp;&nbsp;LEANNA SILVA AQUINOTitulo do Trabalho:&nbsp;&nbsp;\u201cDETERMINANTES SOCIAIS E O ACESSO AOS SERVI\u00c7OS DE SA\u00daDE NAS COMUNIDADES QUILOMBOLAS DA AMAZ\u00d4NIA PARAENSE\u201d Orientador(a) \/ Presidente da Banca:&nbsp;&nbsp;&nbsp;&nbsp;Dra. Livia de Aguiar Valentim Membros da Banca:Titular Interno:&nbsp;&nbsp;Dra.&nbsp;Tatiane &hellip;<\/p>\n<p class=\"read-more\"> <a class=\"\" href=\"https:\/\/propesp.uepa.br\/ppgenf\/index.php\/agenda-calendario\/defesas-e-qualificacoes\/defesas-2026-mestrado\/\"> <span class=\"screen-reader-text\">Defesas &#8211; 2026 (Mestrado)<\/span> Leia mais &raquo;<\/a><\/p>\n","protected":false},"author":2,"featured_media":0,"parent":277,"menu_order":0,"comment_status":"closed","ping_status":"closed","template":"","meta":{"_uag_custom_page_level_css":"","site-sidebar-layout":"default","site-content-layout":"","ast-site-content-layout":"default","site-content-style":"default","site-sidebar-style":"default","ast-global-header-display":"","ast-banner-title-visibility":"","ast-main-header-display":"","ast-hfb-above-header-display":"","ast-hfb-below-header-display":"","ast-hfb-mobile-header-display":"","site-post-title":"disabled","ast-breadcrumbs-content":"","ast-featured-img":"","footer-sml-layout":"","theme-transparent-header-meta":"","adv-header-id-meta":"","stick-header-meta":"","header-above-stick-meta":"","header-main-stick-meta":"","header-below-stick-meta":"","astra-migrate-meta-layouts":"set","ast-page-background-enabled":"default","ast-page-background-meta":{"desktop":{"background-color":"","background-image":"","background-repeat":"repeat","background-position":"center center","background-size":"auto","background-attachment":"scroll","background-type":"","background-media":"","overlay-type":"","overlay-color":"","overlay-gradient":""},"tablet":{"background-color":"","background-image":"","background-repeat":"repeat","background-position":"center center","background-size":"auto","background-attachment":"scroll","background-type":"","background-media":"","overlay-type":"","overlay-color":"","overlay-gradient":""},"mobile":{"background-color":"","background-image":"","background-repeat":"repeat","background-position":"center center","background-size":"auto","background-attachment":"scroll","background-type":"","background-media":"","overlay-type":"","overlay-color":"","overlay-gradient":""}},"ast-content-background-meta":{"desktop":{"background-color":"var(--ast-global-color-5)","background-image":"","background-repeat":"repeat","background-position":"center center","background-size":"auto","background-attachment":"scroll","background-type":"","background-media":"","overlay-type":"","overlay-color":"","overlay-gradient":""},"tablet":{"background-color":"var(--ast-global-color-5)","background-image":"","background-repeat":"repeat","background-position":"center center","background-size":"auto","background-attachment":"scroll","background-type":"","background-media":"","overlay-type":"","overlay-color":"","overlay-gradient":""},"mobile":{"background-color":"var(--ast-global-color-5)","background-image":"","background-repeat":"repeat","background-position":"center center","background-size":"auto","background-attachment":"scroll","background-type":"","background-media":"","overlay-type":"","overlay-color":"","overlay-gradient":""}},"footnotes":""},"uagb_featured_image_src":{"full":false,"thumbnail":false,"medium":false,"medium_large":false,"large":false,"1536x1536":false,"2048x2048":false},"uagb_author_info":{"display_name":"nelma.ramos@uepa.br","author_link":"https:\/\/propesp.uepa.br\/ppgenf\/index.php\/author\/nelma-ramosuepa-br\/"},"uagb_comment_info":0,"uagb_excerpt":"DEFESAS &#8211; 2026 Data \/Hor\u00e1rio Local Mestrando(a)s \/ Titulo do Trabalho \/ Orientador(es)&nbsp;\/&nbsp;Banca Examinadora 26 \/ 0115h SALA DE VIDEOCAMPUS XII \/ UEPA-SANTAR\u00c9M Mestrando(a):&nbsp;&nbsp;LEANNA SILVA AQUINOTitulo do Trabalho:&nbsp;&nbsp;\u201cDETERMINANTES SOCIAIS E O ACESSO AOS SERVI\u00c7OS DE SA\u00daDE NAS COMUNIDADES QUILOMBOLAS DA AMAZ\u00d4NIA PARAENSE\u201d Orientador(a) \/ Presidente da Banca:&nbsp;&nbsp;&nbsp;&nbsp;Dra. Livia de Aguiar Valentim Membros da Banca:Titular Interno:&nbsp;&nbsp;Dra.&nbsp;Tatiane&hellip;","_links":{"self":[{"href":"https:\/\/propesp.uepa.br\/ppgenf\/index.php\/wp-json\/wp\/v2\/pages\/6142"}],"collection":[{"href":"https:\/\/propesp.uepa.br\/ppgenf\/index.php\/wp-json\/wp\/v2\/pages"}],"about":[{"href":"https:\/\/propesp.uepa.br\/ppgenf\/index.php\/wp-json\/wp\/v2\/types\/page"}],"author":[{"embeddable":true,"href":"https:\/\/propesp.uepa.br\/ppgenf\/index.php\/wp-json\/wp\/v2\/users\/2"}],"replies":[{"embeddable":true,"href":"https:\/\/propesp.uepa.br\/ppgenf\/index.php\/wp-json\/wp\/v2\/comments?post=6142"}],"version-history":[{"count":6,"href":"https:\/\/propesp.uepa.br\/ppgenf\/index.php\/wp-json\/wp\/v2\/pages\/6142\/revisions"}],"predecessor-version":[{"id":6546,"href":"https:\/\/propesp.uepa.br\/ppgenf\/index.php\/wp-json\/wp\/v2\/pages\/6142\/revisions\/6546"}],"up":[{"embeddable":true,"href":"https:\/\/propesp.uepa.br\/ppgenf\/index.php\/wp-json\/wp\/v2\/pages\/277"}],"wp:attachment":[{"href":"https:\/\/propesp.uepa.br\/ppgenf\/index.php\/wp-json\/wp\/v2\/media?parent=6142"}],"curies":[{"name":"wp","href":"https:\/\/api.w.org\/{rel}","templated":true}]}}