{"id":619,"date":"2020-02-18T20:04:32","date_gmt":"2020-02-18T23:04:32","guid":{"rendered":"https:\/\/propesp.uepa.br\/ppgenf\/?page_id=619"},"modified":"2023-06-05T09:01:07","modified_gmt":"2023-06-05T12:01:07","slug":"2010-2","status":"publish","type":"page","link":"https:\/\/propesp.uepa.br\/ppgenf\/index.php\/corpo-discente\/turma\/2010-2\/","title":{"rendered":"Turma 2010"},"content":{"rendered":"\n<div class=\"wp-block-uagb-advanced-heading uagb-block-db2b196e\"><h1 class=\"uagb-heading-text\">Turma 2010<\/h1><div class=\"uagb-separator\"><\/div><\/div>\n\n\n\n<p class=\"has-text-align-center has-very-light-gray-color has-vivid-cyan-blue-background-color has-text-color has-background\" style=\"font-size:14px\"><strong>Linha 1 &#8211; Enfermagem em Sa\u00fade P\u00fablica e Epidemiologia de Doen\u00e7as na Amaz\u00f4nia<\/strong><\/p>\n\n\n\n<figure class=\"wp-block-table aligncenter\"><table class=\"has-fixed-layout\"><tbody><tr><td class=\"has-text-align-center\" data-align=\"center\"><strong>UEPA<\/strong><\/td><td class=\"has-text-align-center\" data-align=\"center\"><strong>UFAM<\/strong><\/td><\/tr><tr><td class=\"has-text-align-center\" data-align=\"center\">MARCANDRA NOGUEIRA DE ALMEIDA<br>Orientador(es): Dra. Antonia Margareth Moita S\u00e1<br><br>MARGARETH MARIA BRAUN GUIMAR\u00c3ES IMBIRIBA<br>Orientador(es): Dr.&nbsp;Mauro Jos\u00e9 Pantoja Fontelles&nbsp; <\/td><td class=\"has-text-align-center\" data-align=\"center\"> AYLANA DE SOUZA BELCHIOR<br>Orientador (es): Dra. Evelyne Marie Therese Mainbourg<br><br>JAIR DOS SANTOS PINHEIRO<br>Orientador(es): Dra. Maria Jacirema Ferreira Gon\u00e7alves<br><br>NATH\u00c1LIA FRAN\u00c7A DE OLIVEIRA<br>Orientador(es): Dra. Maria Jacirema Ferreira Gon\u00e7alves<br><br>ZILMAR AUGUSTO DE SOUZA FILHO<br>Orientador (es): Dra. Evelyne Marie Therese Mainbourg <\/td><\/tr><\/tbody><\/table><\/figure>\n\n\n\n<p class=\"has-text-align-center has-very-light-gray-color has-vivid-cyan-blue-background-color has-text-color has-background\" style=\"font-size:14px\"><strong>Linha 2 &#8211; Educa\u00e7\u00e3o e Tecnologias de Enfermagem para o cuidado em sa\u00fade a indiv\u00edduos e grupos sociais<\/strong><\/p>\n\n\n\n<figure class=\"wp-block-table aligncenter\"><table class=\"has-fixed-layout\"><tbody><tr><td class=\"has-text-align-center\" data-align=\"center\"><strong>UEPA<\/strong><\/td><td class=\"has-text-align-center\" data-align=\"center\"><strong>UFAM<\/strong><\/td><\/tr><tr><td class=\"has-text-align-center\" data-align=\"center\">ESLEANE VILELA VASCONCELOS<br>Orientador(es): Dra. Mary Elizabeth de Santana<br><br>M\u00c1RCIA HELENA MACHADO NASCIMENTO<br>Orientador(es): Dra. Elizabeth Teixeira<br><br>M\u00c1RCIA SIM\u00c3O CARNEIRO<br>Orientador(es): Dra. Elizabeth Teixeira<br><br>VERA L\u00daCIA GOMES DE OLIVEIRA<br>Orientador(es): Dra. Elizabeth Teixeira <\/td><td class=\"has-text-align-center\" data-align=\"center\">ANNA PAULA CARVALHO<br>Orientador(es): Dr. David Lopes Neto<br><br>SONIA REJANE DE SENNA FRANTZ<br>Orientador(es): Dr.&nbsp;David Lopes Neto <\/td><\/tr><\/tbody><\/table><\/figure>\n","protected":false},"excerpt":{"rendered":"<p>Turma 2010 Linha 1 &#8211; Enfermagem em Sa\u00fade P\u00fablica e Epidemiologia de Doen\u00e7as na Amaz\u00f4nia UEPA UFAM MARCANDRA NOGUEIRA DE ALMEIDAOrientador(es): Dra. Antonia Margareth Moita S\u00e1 MARGARETH MARIA BRAUN GUIMAR\u00c3ES IMBIRIBAOrientador(es): Dr.&nbsp;Mauro Jos\u00e9 Pantoja Fontelles&nbsp; AYLANA DE SOUZA BELCHIOROrientador (es): Dra. Evelyne Marie Therese Mainbourg JAIR DOS SANTOS PINHEIROOrientador(es): Dra. Maria Jacirema Ferreira Gon\u00e7alves NATH\u00c1LIA &hellip;<\/p>\n<p class=\"read-more\"> <a class=\"\" href=\"https:\/\/propesp.uepa.br\/ppgenf\/index.php\/corpo-discente\/turma\/2010-2\/\"> <span class=\"screen-reader-text\">Turma 2010<\/span> Leia mais &raquo;<\/a><\/p>\n","protected":false},"author":3,"featured_media":0,"parent":3340,"menu_order":0,"comment_status":"closed","ping_status":"closed","template":"","meta":{"_uag_custom_page_level_css":"","site-sidebar-layout":"no-sidebar","site-content-layout":"plain-container","ast-site-content-layout":"","site-content-style":"default","site-sidebar-style":"default","ast-global-header-display":"","ast-banner-title-visibility":"","ast-main-header-display":"","ast-hfb-above-header-display":"","ast-hfb-below-header-display":"","ast-hfb-mobile-header-display":"","site-post-title":"disabled","ast-breadcrumbs-content":"","ast-featured-img":"","footer-sml-layout":"","theme-transparent-header-meta":"default","adv-header-id-meta":"","stick-header-meta":"","header-above-stick-meta":"","header-main-stick-meta":"","header-below-stick-meta":"","astra-migrate-meta-layouts":"","ast-page-background-enabled":"default","ast-page-background-meta":{"desktop":{"background-color":"","background-image":"","background-repeat":"repeat","background-position":"center center","background-size":"auto","background-attachment":"scroll","background-type":"","background-media":"","overlay-type":"","overlay-color":"","overlay-gradient":""},"tablet":{"background-color":"","background-image":"","background-repeat":"repeat","background-position":"center center","background-size":"auto","background-attachment":"scroll","background-type":"","background-media":"","overlay-type":"","overlay-color":"","overlay-gradient":""},"mobile":{"background-color":"","background-image":"","background-repeat":"repeat","background-position":"center center","background-size":"auto","background-attachment":"scroll","background-type":"","background-media":"","overlay-type":"","overlay-color":"","overlay-gradient":""}},"ast-content-background-meta":{"desktop":{"background-color":"var(--ast-global-color-5)","background-image":"","background-repeat":"repeat","background-position":"center center","background-size":"auto","background-attachment":"scroll","background-type":"","background-media":"","overlay-type":"","overlay-color":"","overlay-gradient":""},"tablet":{"background-color":"var(--ast-global-color-5)","background-image":"","background-repeat":"repeat","background-position":"center center","background-size":"auto","background-attachment":"scroll","background-type":"","background-media":"","overlay-type":"","overlay-color":"","overlay-gradient":""},"mobile":{"background-color":"var(--ast-global-color-5)","background-image":"","background-repeat":"repeat","background-position":"center center","background-size":"auto","background-attachment":"scroll","background-type":"","background-media":"","overlay-type":"","overlay-color":"","overlay-gradient":""}},"footnotes":""},"uagb_featured_image_src":{"full":false,"thumbnail":false,"medium":false,"medium_large":false,"large":false,"1536x1536":false,"2048x2048":false},"uagb_author_info":{"display_name":"admin@uepa.br","author_link":"https:\/\/propesp.uepa.br\/ppgenf\/index.php\/author\/adminuepa-br\/"},"uagb_comment_info":0,"uagb_excerpt":"Turma 2010 Linha 1 &#8211; Enfermagem em Sa\u00fade P\u00fablica e Epidemiologia de Doen\u00e7as na Amaz\u00f4nia UEPA UFAM MARCANDRA NOGUEIRA DE ALMEIDAOrientador(es): Dra. Antonia Margareth Moita S\u00e1 MARGARETH MARIA BRAUN GUIMAR\u00c3ES IMBIRIBAOrientador(es): Dr.&nbsp;Mauro Jos\u00e9 Pantoja Fontelles&nbsp; AYLANA DE SOUZA BELCHIOROrientador (es): Dra. Evelyne Marie Therese Mainbourg JAIR DOS SANTOS PINHEIROOrientador(es): Dra. Maria Jacirema Ferreira Gon\u00e7alves NATH\u00c1LIA&hellip;","_links":{"self":[{"href":"https:\/\/propesp.uepa.br\/ppgenf\/index.php\/wp-json\/wp\/v2\/pages\/619"}],"collection":[{"href":"https:\/\/propesp.uepa.br\/ppgenf\/index.php\/wp-json\/wp\/v2\/pages"}],"about":[{"href":"https:\/\/propesp.uepa.br\/ppgenf\/index.php\/wp-json\/wp\/v2\/types\/page"}],"author":[{"embeddable":true,"href":"https:\/\/propesp.uepa.br\/ppgenf\/index.php\/wp-json\/wp\/v2\/users\/3"}],"replies":[{"embeddable":true,"href":"https:\/\/propesp.uepa.br\/ppgenf\/index.php\/wp-json\/wp\/v2\/comments?post=619"}],"version-history":[{"count":5,"href":"https:\/\/propesp.uepa.br\/ppgenf\/index.php\/wp-json\/wp\/v2\/pages\/619\/revisions"}],"predecessor-version":[{"id":3378,"href":"https:\/\/propesp.uepa.br\/ppgenf\/index.php\/wp-json\/wp\/v2\/pages\/619\/revisions\/3378"}],"up":[{"embeddable":true,"href":"https:\/\/propesp.uepa.br\/ppgenf\/index.php\/wp-json\/wp\/v2\/pages\/3340"}],"wp:attachment":[{"href":"https:\/\/propesp.uepa.br\/ppgenf\/index.php\/wp-json\/wp\/v2\/media?parent=619"}],"curies":[{"name":"wp","href":"https:\/\/api.w.org\/{rel}","templated":true}]}}