{"id":6285,"date":"2026-02-10T11:48:08","date_gmt":"2026-02-10T14:48:08","guid":{"rendered":"https:\/\/propesp.uepa.br\/ppgenf\/?page_id=6285"},"modified":"2026-03-24T09:18:09","modified_gmt":"2026-03-24T12:18:09","slug":"qualificacoes-doutorado-2026","status":"publish","type":"page","link":"https:\/\/propesp.uepa.br\/ppgenf\/index.php\/agenda-calendario\/qualificacoes-e-defesas-doutorado\/qualificacoes-doutorado-2026\/","title":{"rendered":"Qualifica\u00e7\u00f5es &#8211; 2026 (Doutorado)"},"content":{"rendered":"\n<div class=\"wp-block-uagb-advanced-heading uagb-block-88ff188f\"><h2 class=\"uagb-heading-text\"><strong>QUALIFICA\u00c7\u00d5ES &#8211; 2026<\/strong><\/h2><\/div>\n\n\n\n<figure class=\"wp-block-table is-style-stripes\"><table class=\"has-pale-ocean-gradient-background has-background\"><tbody><tr><td class=\"has-text-align-center\" data-align=\"center\"><strong>Data \/<\/strong><br><strong>Hor\u00e1rio<\/strong><\/td><td class=\"has-text-align-center\" data-align=\"center\"><strong>Local<\/strong><\/td><td><strong>Mestrando(a)s \/ Titulo do Trabalho \/ Orientador(es)<\/strong>&nbsp;<strong>\/&nbsp;Banca Examinadora<\/strong><\/td><\/tr><tr><td class=\"has-text-align-center\" data-align=\"center\">09 \/ 02<br>9:00h<\/td><td class=\"has-text-align-center\" data-align=\"center\">SALA DE VIDEO<br>CAMPUS<br>IV \/ UEPA<\/td><td>Doutorando(a):&nbsp;&nbsp;<strong>MARCIO YROCHY SALDANHA DOS SANTOS<\/strong><br>Titulo do Trabalho:&nbsp;&nbsp;<strong>\u201cLETRAMENTO EM SA\u00daDE E LETRAMENTO DIGITAL EM SA\u00daDE DA POPULA\u00c7\u00c3O URBANA NA GRANDE BEL\u00c9M: UM ESTUDO MISTO\u201d<\/strong><br>Orientador(a) \/ Presidente da Banca:&nbsp;&nbsp;<strong>Dra. Laura Maria Vidal Nogueira<\/strong><br><br><strong>Membros da Banca:<\/strong><br>Titular Interno:&nbsp;Dra. Ivaneide Leal Ataide Rodrigues \/ UEPA<br>Titular Interno: Dr. Rubenilson Caldas Valois \/ UEPA<br>Titular Externo:&nbsp;Dra. Katarinne Lima Moraes \/ UNB<br>Titular Externo:&nbsp;Dra. Eliane Tatsch Neves \/ UFSM<br>Suplente Interno:&nbsp;Dra. Mary Elizabeth de Santana \/ UEPA<br>Suplente Externo:&nbsp;Dra. J\u00e9ssica de Castro Santos \/ UERJ<\/td><\/tr><tr><td class=\"has-text-align-center\" data-align=\"center\">04 \/ 03<br>16:00h<\/td><td class=\"has-text-align-center\" data-align=\"center\">AUDIT\u00d3RIO<br>CAMPUS<br>IV \/ UEPA<\/td><td>Doutorando(a):&nbsp;&nbsp;<strong>ALEXANDRE AGUIAR PEREIRA<\/strong><br>Titulo do Trabalho:&nbsp;&nbsp;<strong>\u201cREPRESENTA\u00c7\u00d5ES SOCIAIS MATERNAS SOBRE O REC\u00c9M-NASCIDO PREMATURO EM UNIDADE DE TERAPIAINTENSIVA NEONATAL\u201d<\/strong><br>Orientador(a) \/ Presidente da Banca:&nbsp;&nbsp;<strong>Dra. Ivaneide Leal Ataide Rodrigues<\/strong><br><strong>Membros da Banca:<\/strong><br>Titular Interno:&nbsp;Dra. Marcia Helena Machado Nascimento \/ UEPA<br>Titular Interno: Dra. Simone Daria Assun\u00e7\u00e3o Vasconcelos Galdino \/ UEPA<br>Titular Externo:&nbsp;Dr. Ant\u00f4nio Marcos Tosoli Gomes \/ UERJ<br>Titular Externo:&nbsp;Dr. Jaime Alonso Caravaca-Morera \/ UCR<br>Suplente Interno:&nbsp;Dra. Laura Maria Vidal Nogueira \/ UEPA<br>Suplente Externo:&nbsp;Dra. Andressa Tavares Parente \/ UFPA<\/td><\/tr><tr><td class=\"has-text-align-center\" data-align=\"center\">24 \/ 03<br>15:00h<\/td><td class=\"has-text-align-center\" data-align=\"center\">AUDIT\u00d3RIO<br>CAMPUS<br>IV \/ UEPA<\/td><td>Doutorando(a):\u00a0\u00a0<strong>CAMILLA CRISTINA LISBOA NASCIMENTO MENEZES<\/strong><br>Titulo do Trabalho:\u00a0\u00a0<strong>\u201cHEALTH LITERACY MEASURE FOR ADOLESCENTS: TRADU\u00c7\u00c3O PARA O PORTUGU\u00caS BRASILEIRO, ADAPTA\u00c7\u00c3O TRANSCULTURAL E VALIDA\u00c7\u00c3O PSICOM\u00c9TRICA PARA RIBEIRINHOS DA AMAZ\u00d4NIA PARAENSE\u201d<\/strong><br>Orientador(a) \/ Presidente da Banca:\u00a0\u00a0<strong>Dra. Laura Maria Vidal Nogueira<\/strong><br><strong>Membros da Banca:<\/strong><br>Titular Interno:\u00a0Dra. Ivaneide Leal Ataide Rodrigues \/ UEPA<br>Titular Interno: Dra. Juliana Concei\u00e7\u00e3o Dias Garcez \/ UEPA<br>Titular Externo:\u00a0Dra. Helena Alves de Carvalho Sampaio \/ UECE<br>Titular Externo:\u00a0Dra. Elizabeth Teixeira \/ UEA<br>Suplente Interno:\u00a0Dra. Ana Caroline Guedes Souza Martins \/ UEPA<br>Suplente Externo:\u00a0Dra. Mariane Cordeiro Alves Franco \/ UFPA<\/td><\/tr><tr><td class=\"has-text-align-center\" data-align=\"center\">25 \/ 03<br>15:00h<\/td><td class=\"has-text-align-center\" data-align=\"center\">AUDIT\u00d3RIO<br>CAMPUS<br>IV \/ UEPA<\/td><td>Doutorando(a):\u00a0\u00a0<strong>GRACILEIDE MAIA CORR\u00caA<\/strong><br>Titulo do Trabalho:\u00a0\u00a0<strong>\u201cVIOL\u00caNCIA SEXUAL CONTRA CRIAN\u00c7AS E ADOLESCENTES EM COMUNIDADES RIBEIRINHAS DO MARAJ\u00d3: UMA AN\u00c1LISE SOB A PERSPECTIVA DO LETRAMENTO SOCIAL\u201d<\/strong><br>Orientador(a) \/ Presidente da Banca:\u00a0\u00a0<strong>Dra. Laura Maria Vidal Nogueira<\/strong><br><strong>Membros da Banca:<\/strong><br>Titular Interno:\u00a0Dra. Ivaneide Leal Ataide Rodrigues \/ UEPA<br>Titular Interno: Dr. Rubenilson Caldas Valois \/ UEPA<br>Titular Externo:\u00a0Dra. V\u00edrginia Visonde Brasil Costa \/ UFG<br>Titular Externo:\u00a0Dra. J\u00e9ssica de Castro Santos\/ UERJ<br>Suplente Interno:\u00a0Dra. Simone Beverly Nascimento Costa \/ UEPA<br>Suplente Externo:\u00a0Dra. Andressa Tavares Parente \/ UFPA<\/td><\/tr><tr><td class=\"has-text-align-center\" data-align=\"center\">27 \/ 03<br>09:00h<\/td><td class=\"has-text-align-center\" data-align=\"center\">AUDIT\u00d3RIO<br>CAMPUS<br>IV \/ UEPA<\/td><td>Doutorando(a):\u00a0\u00a0<strong>JANICE DE MATOS FRAZ\u00c3O<\/strong><br>Titulo do Trabalho:\u00a0\u00a0<strong>\u201cAS TRANSI\u00c7\u00d5ES DO CUIDADO NO PERCURSO DOMIC\u00cdLIO-HOSPITAL-DOMIC\u00cdLIO PARA PACIENTES ONCOL\u00d3GICOS NA HEMATRANSFUS\u00c3O \u00c0 LUZ DA TEORIA DE AFAF MELEIS\u201d<\/strong><br>Orientador(a) \/ Presidente da Banca:\u00a0\u00a0<strong>Dra. Mary Elizabeth de Santana<\/strong><br><strong>Membros da Banca:<\/strong><br>Titular Interno:\u00a0Dra. Ilma Pastana Ferreira \/ UEPA<br>Titular Interno: Dr. M\u00e1rcia Helena Machado Nascimento \/ UEPA<br>Titular Externo:\u00a0Dr. Andr\u00e9 Aparecido da Silva Teles \/ EERP-USP<br>Titular Externo:\u00a0Dra. J\u00e9ssica de Castro Santos\/ UERJ<br>Suplente Interno:\u00a0Dra. Rubenilson Caldas Valois \/ UEPA<br>Suplente Externo:\u00a0Dra. Andressa Tavares Parente \/ UFPA<\/td><\/tr><\/tbody><\/table><\/figure>\n","protected":false},"excerpt":{"rendered":"<p>QUALIFICA\u00c7\u00d5ES &#8211; 2026 Data \/Hor\u00e1rio Local Mestrando(a)s \/ Titulo do Trabalho \/ Orientador(es)&nbsp;\/&nbsp;Banca Examinadora 09 \/ 029:00h SALA DE VIDEOCAMPUSIV \/ UEPA Doutorando(a):&nbsp;&nbsp;MARCIO YROCHY SALDANHA DOS SANTOSTitulo do Trabalho:&nbsp;&nbsp;\u201cLETRAMENTO EM SA\u00daDE E LETRAMENTO DIGITAL EM SA\u00daDE DA POPULA\u00c7\u00c3O URBANA NA GRANDE BEL\u00c9M: UM ESTUDO MISTO\u201dOrientador(a) \/ Presidente da Banca:&nbsp;&nbsp;Dra. Laura Maria Vidal Nogueira Membros da &hellip;<\/p>\n<p class=\"read-more\"> <a class=\"\" href=\"https:\/\/propesp.uepa.br\/ppgenf\/index.php\/agenda-calendario\/qualificacoes-e-defesas-doutorado\/qualificacoes-doutorado-2026\/\"> <span class=\"screen-reader-text\">Qualifica\u00e7\u00f5es &#8211; 2026 (Doutorado)<\/span> Leia mais &raquo;<\/a><\/p>\n","protected":false},"author":2,"featured_media":0,"parent":6122,"menu_order":0,"comment_status":"closed","ping_status":"closed","template":"","meta":{"_uag_custom_page_level_css":"","site-sidebar-layout":"default","site-content-layout":"","ast-site-content-layout":"default","site-content-style":"default","site-sidebar-style":"default","ast-global-header-display":"","ast-banner-title-visibility":"","ast-main-header-display":"","ast-hfb-above-header-display":"","ast-hfb-below-header-display":"","ast-hfb-mobile-header-display":"","site-post-title":"disabled","ast-breadcrumbs-content":"","ast-featured-img":"","footer-sml-layout":"","theme-transparent-header-meta":"","adv-header-id-meta":"","stick-header-meta":"","header-above-stick-meta":"","header-main-stick-meta":"","header-below-stick-meta":"","astra-migrate-meta-layouts":"set","ast-page-background-enabled":"default","ast-page-background-meta":{"desktop":{"background-color":"","background-image":"","background-repeat":"repeat","background-position":"center center","background-size":"auto","background-attachment":"scroll","background-type":"","background-media":"","overlay-type":"","overlay-color":"","overlay-gradient":""},"tablet":{"background-color":"","background-image":"","background-repeat":"repeat","background-position":"center center","background-size":"auto","background-attachment":"scroll","background-type":"","background-media":"","overlay-type":"","overlay-color":"","overlay-gradient":""},"mobile":{"background-color":"","background-image":"","background-repeat":"repeat","background-position":"center center","background-size":"auto","background-attachment":"scroll","background-type":"","background-media":"","overlay-type":"","overlay-color":"","overlay-gradient":""}},"ast-content-background-meta":{"desktop":{"background-color":"var(--ast-global-color-5)","background-image":"","background-repeat":"repeat","background-position":"center center","background-size":"auto","background-attachment":"scroll","background-type":"","background-media":"","overlay-type":"","overlay-color":"","overlay-gradient":""},"tablet":{"background-color":"var(--ast-global-color-5)","background-image":"","background-repeat":"repeat","background-position":"center center","background-size":"auto","background-attachment":"scroll","background-type":"","background-media":"","overlay-type":"","overlay-color":"","overlay-gradient":""},"mobile":{"background-color":"var(--ast-global-color-5)","background-image":"","background-repeat":"repeat","background-position":"center center","background-size":"auto","background-attachment":"scroll","background-type":"","background-media":"","overlay-type":"","overlay-color":"","overlay-gradient":""}},"footnotes":""},"uagb_featured_image_src":{"full":false,"thumbnail":false,"medium":false,"medium_large":false,"large":false,"1536x1536":false,"2048x2048":false},"uagb_author_info":{"display_name":"nelma.ramos@uepa.br","author_link":"https:\/\/propesp.uepa.br\/ppgenf\/index.php\/author\/nelma-ramosuepa-br\/"},"uagb_comment_info":0,"uagb_excerpt":"QUALIFICA\u00c7\u00d5ES &#8211; 2026 Data \/Hor\u00e1rio Local Mestrando(a)s \/ Titulo do Trabalho \/ Orientador(es)&nbsp;\/&nbsp;Banca Examinadora 09 \/ 029:00h SALA DE VIDEOCAMPUSIV \/ UEPA Doutorando(a):&nbsp;&nbsp;MARCIO YROCHY SALDANHA DOS SANTOSTitulo do Trabalho:&nbsp;&nbsp;\u201cLETRAMENTO EM SA\u00daDE E LETRAMENTO DIGITAL EM SA\u00daDE DA POPULA\u00c7\u00c3O URBANA NA GRANDE BEL\u00c9M: UM ESTUDO MISTO\u201dOrientador(a) \/ Presidente da Banca:&nbsp;&nbsp;Dra. Laura Maria Vidal Nogueira Membros da&hellip;","_links":{"self":[{"href":"https:\/\/propesp.uepa.br\/ppgenf\/index.php\/wp-json\/wp\/v2\/pages\/6285"}],"collection":[{"href":"https:\/\/propesp.uepa.br\/ppgenf\/index.php\/wp-json\/wp\/v2\/pages"}],"about":[{"href":"https:\/\/propesp.uepa.br\/ppgenf\/index.php\/wp-json\/wp\/v2\/types\/page"}],"author":[{"embeddable":true,"href":"https:\/\/propesp.uepa.br\/ppgenf\/index.php\/wp-json\/wp\/v2\/users\/2"}],"replies":[{"embeddable":true,"href":"https:\/\/propesp.uepa.br\/ppgenf\/index.php\/wp-json\/wp\/v2\/comments?post=6285"}],"version-history":[{"count":6,"href":"https:\/\/propesp.uepa.br\/ppgenf\/index.php\/wp-json\/wp\/v2\/pages\/6285\/revisions"}],"predecessor-version":[{"id":6509,"href":"https:\/\/propesp.uepa.br\/ppgenf\/index.php\/wp-json\/wp\/v2\/pages\/6285\/revisions\/6509"}],"up":[{"embeddable":true,"href":"https:\/\/propesp.uepa.br\/ppgenf\/index.php\/wp-json\/wp\/v2\/pages\/6122"}],"wp:attachment":[{"href":"https:\/\/propesp.uepa.br\/ppgenf\/index.php\/wp-json\/wp\/v2\/media?parent=6285"}],"curies":[{"name":"wp","href":"https:\/\/api.w.org\/{rel}","templated":true}]}}