{"id":6309,"date":"2026-02-24T12:00:49","date_gmt":"2026-02-24T15:00:49","guid":{"rendered":"https:\/\/propesp.uepa.br\/ppgenf\/?page_id=6309"},"modified":"2026-03-25T09:33:27","modified_gmt":"2026-03-25T12:33:27","slug":"qualificacoes-2026-mestrado","status":"publish","type":"page","link":"https:\/\/propesp.uepa.br\/ppgenf\/index.php\/agenda-calendario\/defesas-e-qualificacoes\/qualificacoes-2026-mestrado\/","title":{"rendered":"Qualifica\u00e7\u00f5es &#8211; 2026 (Mestrado)"},"content":{"rendered":"\n<div class=\"wp-block-uagb-advanced-heading uagb-block-538e3c16\"><h1 class=\"uagb-heading-text\"><strong>QUALIFICA\u00c7\u00d5ES &#8211; 2026<\/strong><\/h1><\/div>\n\n\n\n<figure class=\"wp-block-table is-style-stripes has-small-font-size\"><table style=\"border-style:none;border-width:0px\"><tbody><tr><td class=\"has-text-align-center\" data-align=\"center\"><br><strong>Data \/ <\/strong><br><strong>Hor\u00e1rio<\/strong><br><\/td><td><strong>Local<\/strong><\/td><td><strong>Mestrando(a)s \/ Titulo do Trabalho \/ Orientador(es)<\/strong>&nbsp;<strong>\/&nbsp;Banca Examinadora<\/strong><\/td><\/tr><tr><td class=\"has-text-align-center\" data-align=\"center\">21\/01<br>14h<strong><\/strong><\/td><td>CAMPUS<br> XII \/ UEPA SANTAR\u00c9M<\/td><td>Mestrando(a):&nbsp;&nbsp;&nbsp;<strong>EDNALDO PEREIRA MARANH\u00c3O<\/strong><br>Titulo do Trabalho:&nbsp;&nbsp;<strong><em>\u201c<\/em> PERFIL SOCIODEMOGR\u00c1FICO, PADR\u00d5ES ALIMENTARES E PREVAL\u00caNCIA DE DOEN\u00c7AS EM CIMUNIDADES QUILOMBOLAS DO BAIXO AMAZONAS<em>\u201d<\/em><\/strong><br>Orientador(a) \/ Presidente da Banca:&nbsp;&nbsp;&nbsp;<strong>&nbsp;Dra. Livia de Aguiar Valentim<\/strong><br><br><strong>Membros da Banca:<\/strong><br>Titular Interno:&nbsp;&nbsp;Dra. Sheyla Mara Silva de Oliveira \/ UEPA<br>Titular Externo:&nbsp;&nbsp;Dra. Margarida Liz Martins \/ ESTESC<br>Suplente Interno:&nbsp;&nbsp;Dra. Franciane de Paula Fernandes \/ UEPA<br>Suplente Externo:&nbsp;&nbsp;Dra. Camila Rodrigues Barbosa Nemer \/ UNIFAP<\/td><\/tr><tr><td class=\"has-text-align-center\" data-align=\"center\">24\/02<br>14:00h<\/td><td>CAMPUS<br> XII \/ UEPA SANTAR\u00c9M<\/td><td>Mestrando(a):&nbsp;&nbsp;&nbsp;<strong>ELLEN MARA FERNANDES DA SILVA<\/strong><br>Titulo do Trabalho:&nbsp;<strong><em>\u201c<\/em>ABORDAGEM EPIDEMIOL\u00d3GICA E GEOESPACIAL DAS INIQUIDADES EM SA\u00daDE ENTRE COMUNIDADES QUILOMBOLAS NA AMAZ\u00d4NIA PARAENSE<em>\u201d<\/em><\/strong><br>Orientador(a) \/ Presidente da Banca:&nbsp;&nbsp;&nbsp;<em>&nbsp;<\/em><strong>Dra. Livia de Aguiar Valentim<\/strong><br><br><strong>Membros da Banca:<\/strong><br>Titular Interno:&nbsp;&nbsp;Dra. Franciane de Paula Fernandes \/ UEPA<br>Titular Externo:&nbsp;&nbsp;Dra. Camila Rodrigues Barbosa Nemer \/ UNIFAP<br>Suplente Interno:&nbsp;&nbsp;Dra. Sheyla Mara Silva de Oliveira&nbsp;\/ UEPA<br>Suplente Externo:&nbsp;&nbsp;Dra. Luc\u00e9lia Luiz Pereira&nbsp; \/ UNB<\/td><\/tr><tr><td class=\"has-text-align-center\" data-align=\"center\">26\/02<br>15:00h<\/td><td>SALA DE <br>V\u00cdDEO<br>CAMPUS<br> IV \/ UEPA<\/td><td>Mestrando(a):&nbsp;&nbsp;&nbsp;<strong>EVELIN LORENA SOUSA DO ESPIRITO SANTO<\/strong><br>Titulo do Trabalho:&nbsp;<strong><em>\u201c<\/em>LETRAMENTO EM SA\u00daDE MENTAL E AUTOPERCEP\u00c7\u00c3O DA EQUIPE DE ENFERMAGEM \u00c0 LUZ DA TEORIA SALUTOG\u00caNICA<em>\u201d<\/em><\/strong><br>Orientador(a) \/ Presidente da Banca:&nbsp;&nbsp;&nbsp;<em>&nbsp;<\/em><strong>Dra. Ivaneide Leal Ataide Rodrigues<\/strong><br><br><strong>Membros da Banca:<\/strong><br>Titular Interno:&nbsp;&nbsp;Dr. Paulo Elias Gotardelo Audebert Delage \/ UEPA<br>Titular Externo:&nbsp;&nbsp;Dr. Anderson Reis Parente \/ UFBA<br>Suplente Interno:&nbsp;&nbsp;Dra. Veridiana Barreto do Nascimento \/ UEPA<br>Suplente Externo:&nbsp;&nbsp;Dra. Andressa Tavares Parente \/ UFPA<\/td><\/tr><tr><td class=\"has-text-align-center\" data-align=\"center\">23\/03<br>09:00h<\/td><td>AUDIT\u00d3RIO<br>CAMPUS<br> IV \/ UEPA<\/td><td>Mestrando(a):\u00a0\u00a0\u00a0<strong>LARISSA RENATA BITTENCOURT PANTOJA<\/strong><br>Titulo do Trabalho:\u00a0<strong><em>\u201c<\/em>DESENVOLVIMENTO DE TECNOLOGIA EDUCACIONAL PARA O ENSINO DO CALEND\u00c1RIO VACINAL NA FORMA\u00c7\u00c3O EM ENFERMAGEM \u00c0 LUZ DA PEDAGOGIA DO OPRIMIDO<em>\u201d<\/em><\/strong><br>Orientador(a) \/ Presidente da Banca:\u00a0\u00a0\u00a0<em>\u00a0<\/em><strong>Dra. Ivonete Vieira Pereira Peixoto<\/strong><br>Coorientador(a): Dr.<strong> Alder Mour\u00e3o de Sousa<\/strong><br><strong>Membros da Banca:<\/strong><br>Titular Interno:\u00a0\u00a0Dra. M\u00e1rcia Helena Machado Nascimento \/ UEPA<br>Titular Externo:\u00a0\u00a0Dr. Hor\u00e1cio Pires Medeiros \/ FSCMPA<br>Suplente Interno:\u00a0\u00a0Dra. Juliana Concei\u00e7\u00e3o Dias Garcez \/ UEPA<br>Suplente Externo:\u00a0\u00a0Dra. Thayse Moraes de Moraes \/ UFPA<\/td><\/tr><tr><td class=\"has-text-align-center\" data-align=\"center\">23\/03<br>15:00h<\/td><td>AUDIT\u00d3RIO<br>CAMPUS<br> IV \/ UEPA<\/td><td>Mestrando(a):\u00a0\u00a0\u00a0<strong>THAIS SCERNI ANTUNES<\/strong><br>Titulo do Trabalho:\u00a0<strong><em>\u201c<\/em>BUSCA ATIVA DO COMPORTAMENTO DA DEM\u00caNCIA NA PESSOA IDOSA NA ATEN\u00c7\u00c3O PRIM\u00c1RIA \u00c0 SA\u00daDE: DESENVOLVIMENTO DE UMA TECNOLOGIA EDUCACIONAL PARA ACS<em>\u201d<\/em><\/strong><br>Orientador(a) \/ Presidente da Banca:\u00a0\u00a0\u00a0<em>\u00a0<\/em><strong>Dra. Ivonete Vieira Pereira Peixoto<\/strong><br>Coorientador(a): Dr.<strong> Alder Mour\u00e3o de Sousa<\/strong><br><strong>Membros da Banca:<\/strong><br>Titular Interno:\u00a0\u00a0Dra. M\u00e1rcia Helena Machado Nascimento \/ UEPA<br>Titular Externo:\u00a0\u00a0Dra.Gina Torres Rego Monteiro \/ ENSP<br>Suplente Interno:\u00a0\u00a0Dra. Simone Beverly Nascimento da Costa \/ UEPA<br>Suplente Externo:\u00a0\u00a0Dra. Sofia Sabino Lavado Huarcaya \/ USAT<\/td><\/tr><tr><td class=\"has-text-align-center\" data-align=\"center\">26\/03<br>09:00h<\/td><td>SALA DE <br>V\u00cdDEO<br>CAMPUS<br> IV \/ UEPA<\/td><td>Mestrando(a):&nbsp;&nbsp;&nbsp;<strong>LUCIN\u00c9IA FERREIRA FERREIRA<\/strong><br>Titulo do Trabalho:&nbsp;<strong><em>\u201c<\/em>LETRAMENTO COMO DETERMINANTE DA PROMO\u00c7\u00c3O DA SA\u00daDE DE GESTANTES E PU\u00c9RPERAS RIBEIRINHAS<em>\u201d<\/em><\/strong><br>Orientador(a) \/ Presidente da Banca:&nbsp;&nbsp;&nbsp;<em>&nbsp;<\/em><strong>Dra. Laura Maria Vidal Nogueira<\/strong><br><br><strong>Membros da Banca:<\/strong><br>Titular Interno:&nbsp;&nbsp;Dra. Ivaneide Leal Ataide Rodrigues \/ UEPA<br>Titular Externo:&nbsp;&nbsp;Dra. Dayze Djanira Furtado de Galiza \/UFCG<br>Suplente Interno:&nbsp;&nbsp;Dra. Ana Caroline Guedes Souza Martins \/ UEPA<br>Suplente Externo:&nbsp;&nbsp;Dra. J\u00e9ssica de Castro Santos \/ UERJ<\/td><\/tr><tr><td class=\"has-text-align-center\" data-align=\"center\">30\/03<br>15:00h<\/td><td>AUDIT\u00d3RIO<br>CAMPUS<br> IV \/ UEPA<\/td><td>Mestrando(a):&nbsp;&nbsp;&nbsp;<strong>LIANDRA SILVA LOPES<\/strong><br>Titulo do Trabalho:&nbsp;<strong><em>\u201c<\/em>MORTALIDADE MATERNA E A REDE ASSISTENCIAL OST\u00c9TRICA NA AMAZ\u00d4NIA PARAENSE<em>\u201d<\/em><\/strong><br>Orientador(a) \/ Presidente da Banca:&nbsp;&nbsp;&nbsp;<em>&nbsp;<\/em><strong>Dra. Laura Maria Vidal Nogueira<\/strong><br><br><strong>Membros da Banca:<\/strong><br>Titular Interno:&nbsp;&nbsp;Dra. Rubenilson Caldas Valois \/ UEPA<br>Titular Externo:&nbsp;&nbsp;Dra. Thais Lopes do Amaral Uch\u00f4a \/UFPA<br>Suplente Interno:&nbsp;&nbsp;Dra. Ivaneide Leal Ataide Rodrigues \/ UEPA<br>Suplente Externo:&nbsp;&nbsp;Dra. Silvia Cristina Santos da Silva \/ UFPA<\/td><\/tr><tr><td class=\"has-text-align-center\" data-align=\"center\">30\/03<br>15:00h<\/td><td>CAMPUS<br> XII \/ UEPA<br>SANTAR\u00c9M<\/td><td>Mestrando(a):\u00a0\u00a0\u00a0<strong>JULIANA ALVES MARINHO<\/strong><br>Titulo do Trabalho:\u00a0<strong><em>\u201c<\/em>ATUA\u00c7\u00c3O DOS AGENTES COMUNUIT\u00c1RIOS NA ATEN\u00c7\u00c3O PRIM\u00c1RIA \u00c0 GESTA\u00c7\u00c3O QUILOMBOLA NO RIO TROMBETAS, ORIXIMIN\u00c1-PA<em>\u201d<\/em><\/strong><br>Orientador(a) \/ Presidente da Banca:\u00a0\u00a0\u00a0<em>\u00a0<\/em><strong>Dra. Veridiana Barreto do Nascimento<\/strong><br>Coorientador(a): <strong>Dra. N\u00e1dia Vic\u00eancia do Nascimento Martins<\/strong><br><strong>Membros da Banca:<\/strong><br>Titular Interno:\u00a0\u00a0Dra. Adjanny Estela Santos de Souza \/ UEPA<br>Titular Externo:\u00a0\u00a0Dra. Valdecyr Herdy Alves \/ EACC-UFF<br>Suplente Interno:\u00a0\u00a0Dra. Sheyla Mara Silva de Oliveira\u00a0\/ UEPA<br>Suplente Externo:\u00a0\u00a0Dra. Lise Maria Carvalho Mendes\u00a0 \/ UNIFAP<\/td><\/tr><\/tbody><\/table><\/figure>\n","protected":false},"excerpt":{"rendered":"<p>QUALIFICA\u00c7\u00d5ES &#8211; 2026 Data \/ Hor\u00e1rio Local Mestrando(a)s \/ Titulo do Trabalho \/ Orientador(es)&nbsp;\/&nbsp;Banca Examinadora 21\/0114h CAMPUS XII \/ UEPA SANTAR\u00c9M Mestrando(a):&nbsp;&nbsp;&nbsp;EDNALDO PEREIRA MARANH\u00c3OTitulo do Trabalho:&nbsp;&nbsp;\u201c PERFIL SOCIODEMOGR\u00c1FICO, PADR\u00d5ES ALIMENTARES E PREVAL\u00caNCIA DE DOEN\u00c7AS EM CIMUNIDADES QUILOMBOLAS DO BAIXO AMAZONAS\u201dOrientador(a) \/ Presidente da Banca:&nbsp;&nbsp;&nbsp;&nbsp;Dra. Livia de Aguiar Valentim Membros da Banca:Titular Interno:&nbsp;&nbsp;Dra. Sheyla Mara Silva &hellip;<\/p>\n<p class=\"read-more\"> <a class=\"\" href=\"https:\/\/propesp.uepa.br\/ppgenf\/index.php\/agenda-calendario\/defesas-e-qualificacoes\/qualificacoes-2026-mestrado\/\"> <span class=\"screen-reader-text\">Qualifica\u00e7\u00f5es &#8211; 2026 (Mestrado)<\/span> Leia mais &raquo;<\/a><\/p>\n","protected":false},"author":2,"featured_media":0,"parent":277,"menu_order":0,"comment_status":"closed","ping_status":"closed","template":"","meta":{"_uag_custom_page_level_css":"","site-sidebar-layout":"default","site-content-layout":"","ast-site-content-layout":"default","site-content-style":"default","site-sidebar-style":"default","ast-global-header-display":"","ast-banner-title-visibility":"","ast-main-header-display":"","ast-hfb-above-header-display":"","ast-hfb-below-header-display":"","ast-hfb-mobile-header-display":"","site-post-title":"disabled","ast-breadcrumbs-content":"","ast-featured-img":"","footer-sml-layout":"","theme-transparent-header-meta":"","adv-header-id-meta":"","stick-header-meta":"","header-above-stick-meta":"","header-main-stick-meta":"","header-below-stick-meta":"","astra-migrate-meta-layouts":"set","ast-page-background-enabled":"default","ast-page-background-meta":{"desktop":{"background-color":"","background-image":"","background-repeat":"repeat","background-position":"center center","background-size":"auto","background-attachment":"scroll","background-type":"","background-media":"","overlay-type":"","overlay-color":"","overlay-gradient":""},"tablet":{"background-color":"","background-image":"","background-repeat":"repeat","background-position":"center center","background-size":"auto","background-attachment":"scroll","background-type":"","background-media":"","overlay-type":"","overlay-color":"","overlay-gradient":""},"mobile":{"background-color":"","background-image":"","background-repeat":"repeat","background-position":"center center","background-size":"auto","background-attachment":"scroll","background-type":"","background-media":"","overlay-type":"","overlay-color":"","overlay-gradient":""}},"ast-content-background-meta":{"desktop":{"background-color":"var(--ast-global-color-5)","background-image":"","background-repeat":"repeat","background-position":"center center","background-size":"auto","background-attachment":"scroll","background-type":"","background-media":"","overlay-type":"","overlay-color":"","overlay-gradient":""},"tablet":{"background-color":"var(--ast-global-color-5)","background-image":"","background-repeat":"repeat","background-position":"center center","background-size":"auto","background-attachment":"scroll","background-type":"","background-media":"","overlay-type":"","overlay-color":"","overlay-gradient":""},"mobile":{"background-color":"var(--ast-global-color-5)","background-image":"","background-repeat":"repeat","background-position":"center center","background-size":"auto","background-attachment":"scroll","background-type":"","background-media":"","overlay-type":"","overlay-color":"","overlay-gradient":""}},"footnotes":""},"uagb_featured_image_src":{"full":false,"thumbnail":false,"medium":false,"medium_large":false,"large":false,"1536x1536":false,"2048x2048":false},"uagb_author_info":{"display_name":"nelma.ramos@uepa.br","author_link":"https:\/\/propesp.uepa.br\/ppgenf\/index.php\/author\/nelma-ramosuepa-br\/"},"uagb_comment_info":0,"uagb_excerpt":"QUALIFICA\u00c7\u00d5ES &#8211; 2026 Data \/ Hor\u00e1rio Local Mestrando(a)s \/ Titulo do Trabalho \/ Orientador(es)&nbsp;\/&nbsp;Banca Examinadora 21\/0114h CAMPUS XII \/ UEPA SANTAR\u00c9M Mestrando(a):&nbsp;&nbsp;&nbsp;EDNALDO PEREIRA MARANH\u00c3OTitulo do Trabalho:&nbsp;&nbsp;\u201c PERFIL SOCIODEMOGR\u00c1FICO, PADR\u00d5ES ALIMENTARES E PREVAL\u00caNCIA DE DOEN\u00c7AS EM CIMUNIDADES QUILOMBOLAS DO BAIXO AMAZONAS\u201dOrientador(a) \/ Presidente da Banca:&nbsp;&nbsp;&nbsp;&nbsp;Dra. Livia de Aguiar Valentim Membros da Banca:Titular Interno:&nbsp;&nbsp;Dra. Sheyla Mara Silva&hellip;","_links":{"self":[{"href":"https:\/\/propesp.uepa.br\/ppgenf\/index.php\/wp-json\/wp\/v2\/pages\/6309"}],"collection":[{"href":"https:\/\/propesp.uepa.br\/ppgenf\/index.php\/wp-json\/wp\/v2\/pages"}],"about":[{"href":"https:\/\/propesp.uepa.br\/ppgenf\/index.php\/wp-json\/wp\/v2\/types\/page"}],"author":[{"embeddable":true,"href":"https:\/\/propesp.uepa.br\/ppgenf\/index.php\/wp-json\/wp\/v2\/users\/2"}],"replies":[{"embeddable":true,"href":"https:\/\/propesp.uepa.br\/ppgenf\/index.php\/wp-json\/wp\/v2\/comments?post=6309"}],"version-history":[{"count":6,"href":"https:\/\/propesp.uepa.br\/ppgenf\/index.php\/wp-json\/wp\/v2\/pages\/6309\/revisions"}],"predecessor-version":[{"id":6521,"href":"https:\/\/propesp.uepa.br\/ppgenf\/index.php\/wp-json\/wp\/v2\/pages\/6309\/revisions\/6521"}],"up":[{"embeddable":true,"href":"https:\/\/propesp.uepa.br\/ppgenf\/index.php\/wp-json\/wp\/v2\/pages\/277"}],"wp:attachment":[{"href":"https:\/\/propesp.uepa.br\/ppgenf\/index.php\/wp-json\/wp\/v2\/media?parent=6309"}],"curies":[{"name":"wp","href":"https:\/\/api.w.org\/{rel}","templated":true}]}}