{"id":846,"date":"2020-05-18T16:32:11","date_gmt":"2020-05-18T19:32:11","guid":{"rendered":"https:\/\/propesp.uepa.br\/ppgenf\/?page_id=846"},"modified":"2020-06-08T13:52:51","modified_gmt":"2020-06-08T16:52:51","slug":"selecao-2018","status":"publish","type":"page","link":"https:\/\/propesp.uepa.br\/ppgenf\/index.php\/processo-seletivo\/regular\/selecao-2018\/","title":{"rendered":"Sele\u00e7\u00e3o 2018"},"content":{"rendered":"\n<p><em>A Diretora do Centro de Ci\u00eancias Biol\u00f3gicas e da Sa\u00fade da Universidade do Estado do Par\u00e1 \u2013 UEPA, torna p\u00fablico que, no per\u00edodo de&nbsp;<strong>26<\/strong><strong>&nbsp;de mar\u00e7o a&nbsp;25 de abril de 2018<\/strong>, o Programa de P\u00f3s-Gradua\u00e7\u00e3o em Enfermagem \u2013 Mestrado em Enfermagem receber\u00e1 as inscri\u00e7\u00f5es para o Processo Seletivo 2018.&nbsp;<\/em><em>Mais informa\u00e7\u00f5es poder\u00e3o ser obtidas atrav\u00e9s dos telefones: (91) 3249.4671 \/ 3211.1614 ou por e-mail:&nbsp;<a href=\"mailto:ppgenf.uepa@gmail.com\">ppgenf.uepa@gmail.com<\/a>&nbsp;\/&nbsp;<a href=\"mailto:ppgenf@uepa.br\">ppgenf@uepa.br<\/a>.<\/em><\/p>\n\n\n\n<p><strong>EDITAL 26<\/strong><strong>\/2018, ACESSE&nbsp;<a href=\"https:\/\/paginas.uepa.br\/ppgenf\/files\/edital2618.pdf\">AQUI<\/a><\/strong><\/p>\n\n\n\n<p><strong>ERRATA, ACESS&nbsp;<a href=\"https:\/\/paginas.uepa.br\/ppgenf\/files\/edital2618_errata.pdf\">AQUI<\/a><\/strong><\/p>\n\n\n\n<p><strong><a href=\"https:\/\/paginas.uepa.br\/ppgenf\/files\/ANEXO_A_-_FICHA_ISENO_TAXA.docx\">REQUERIMENTO DE SOLICITA\u00c7\u00c3O ISEN\u00c7\u00c3O<\/a>&nbsp;(ANEXO A) &#8211;&nbsp;disponibilizado para preenchimento no word<\/strong><\/p>\n\n\n\n<p><strong><a href=\"https:\/\/paginas.uepa.br\/ppgenf\/files\/ANEXO_B_-_FICHA_INSCRIO.docx\">FORMUL\u00c1RIO DE INSCRI\u00c7\u00c3O<\/a>&nbsp;(ANEXO B) &#8211; disponibilizado para preenchimento no word<\/strong><\/p>\n\n\n\n<p><strong>RESULTADO &#8211; ISEN\u00c7\u00c3O, ACESSE&nbsp;<a href=\"https:\/\/paginas.uepa.br\/ppgenf\/files\/Resultado_-_Iseno(4).pdf\">AQUI<\/a><\/strong><\/p>\n\n\n\n<p><strong>TERMO ADITIVO, ACESSE&nbsp;<a href=\"https:\/\/paginas.uepa.br\/ppgenf\/files\/edital2618_termo_aditivo.pdf\">AQUI<\/a>, REFERENTE A PRORROGA\u00c7\u00c3O DAS INSCRI\u00c7\u00d5ES AT\u00c9 O DIA 03 \/ 05 \/ 2018, E ALTERA\u00c7\u00c3O DE DATAS DO PROCESSO.<\/strong><\/p>\n\n\n\n<p><strong>HOMOLOGA\u00c7\u00c3O DAS INSCRI\u00c7\u00d5ES:<\/strong><\/p>\n\n\n\n<p><strong>LINHA 1, ACESSE&nbsp;<a href=\"https:\/\/paginas.uepa.br\/ppgenf\/files\/Homologao_Linha1.pdf\">AQUI<\/a><\/strong><\/p>\n\n\n\n<p><strong>LINHA 2, ACESSE&nbsp;<a href=\"https:\/\/paginas.uepa.br\/ppgenf\/files\/Homologao_Linha2.pdf\">AQUI<\/a><\/strong><\/p>\n\n\n\n<p><strong>LOTA\u00c7\u00c3O DE PROVA:<\/strong><\/p>\n\n\n\n<ul><li><strong>LINHA 1 (&nbsp;<a href=\"https:\/\/paginas.uepa.br\/ppgenf\/files\/Linha1_Sala3.pdf\">SALA 3<\/a>&nbsp;\/&nbsp;<a href=\"https:\/\/paginas.uepa.br\/ppgenf\/files\/Linha1_Sala4.pdf\">SALA 4<\/a>&nbsp;)<\/strong><\/li><li><strong>LINHA 2 (&nbsp;<a href=\"https:\/\/paginas.uepa.br\/ppgenf\/files\/Linha2_SalaVideo.pdf\">SALA DE VIDEO<\/a>&nbsp;\/&nbsp;<a href=\"https:\/\/paginas.uepa.br\/ppgenf\/files\/Linha2_Sala10.pdf\">SALA 10<\/a>&nbsp;)<\/strong><\/li><\/ul>\n\n\n\n<p><strong>RESULTADO &#8211; 1\u00aa FASE (PROVA ESCRITA)<\/strong><\/p>\n\n\n\n<ul><li><strong>LINHA 1, ACESSE&nbsp;<a href=\"https:\/\/paginas.uepa.br\/ppgenf\/files\/1Fase-Resultado_Linha1.pdf\">AQUI<\/a><\/strong><\/li><li><strong>LINHA 2, ACESSE&nbsp;<a href=\"https:\/\/paginas.uepa.br\/ppgenf\/files\/1Fase-Resultado_Linha2.pdf\">AQUI<\/a><\/strong><\/li><\/ul>\n\n\n\n<p><strong>Observa\u00e7\u00e3o: conforme especificado no Edital, proceder a entrega da documenta\u00e7\u00e3o no per\u00edodo de 23 a 25\/5, na Secretaria da Coordena\u00e7\u00e3o do Mestrado no hor\u00e1rio de 8-12h e 13-17h. Acesse&nbsp;<a href=\"https:\/\/paginas.uepa.br\/ppgenf\/files\/Entrega_da_Documentao_2_fase-2018.pdf\">aqui<\/a>, o formul\u00e1rio para preenchimento e entrega junto com a documenta\u00e7\u00e3o.<\/strong><\/p>\n\n\n\n<p><strong>RESULTADO DA INTERPOSI\u00c7\u00c3O DE RECURSO &#8211; 1\u00aa FASE, ACESSE&nbsp;<a href=\"https:\/\/paginas.uepa.br\/ppgenf\/files\/Resultado_-_Recurso_1_Fase(2).pdf\">AQUI<\/a><\/strong><\/p>\n\n\n\n<p><strong>RESULTADO DA 2\u00aa FASE E AGENDAMENTO DAS ENTREVISTAS<\/strong><\/p>\n\n\n\n<ul><li><strong>LINHA 1, ACESSE&nbsp;<a href=\"https:\/\/paginas.uepa.br\/ppgenf\/files\/Resultado_2_Fase_Linha_1(1).pdf\">AQUI<\/a><\/strong><\/li><li><strong>LINHA 2, ACESSE&nbsp;<a href=\"https:\/\/paginas.uepa.br\/ppgenf\/files\/Resultado_2_Fase_Linha_2_18.pdf\">AQUI<\/a><\/strong><\/li><\/ul>\n\n\n\n<p><strong>RESULTADO DA INTERPOSI\u00c7\u00c3O DE RECURSO &#8211; 2\u00aa FASE, ACESSE&nbsp;<a href=\"https:\/\/paginas.uepa.br\/ppgenf\/files\/Resultado_-_Recurso_2_Fase_2018docx.pdf\">AQUI<\/a><\/strong><\/p>\n\n\n\n<p><strong>RESULTADO PRELIMINAR &#8211; 3\u00aa FASE, ACESSE&nbsp;<a href=\"https:\/\/paginas.uepa.br\/ppgenf\/files\/Resultado-Preliminar-2018.pdf\">AQUI<\/a><\/strong><\/p>\n\n\n\n<p><strong>RESULTADO DA INTERPOSI\u00c7\u00c3O DE RECURSO &#8211; 3\u00aa FASE, ACESSE&nbsp;<a href=\"https:\/\/paginas.uepa.br\/ppgenf\/files\/Resultado-Recurso_3_Fase_2018docx.pdf\">AQUI<\/a><\/strong><\/p>\n\n\n\n<p><strong>RESULTADO FINAL, ACESSO&nbsp;<a href=\"https:\/\/paginas.uepa.br\/ppgenf\/files\/Resultado-Final_2018docx.pdf\">AQUI<\/a><\/strong><\/p>\n","protected":false},"excerpt":{"rendered":"<p>A Diretora do Centro de Ci\u00eancias Biol\u00f3gicas e da Sa\u00fade da Universidade do Estado do Par\u00e1 \u2013 UEPA, torna p\u00fablico que, no per\u00edodo de&nbsp;26&nbsp;de mar\u00e7o a&nbsp;25 de abril de 2018, o Programa de P\u00f3s-Gradua\u00e7\u00e3o em Enfermagem \u2013 Mestrado em Enfermagem receber\u00e1 as inscri\u00e7\u00f5es para o Processo Seletivo 2018.&nbsp;Mais informa\u00e7\u00f5es poder\u00e3o ser obtidas atrav\u00e9s dos telefones: &hellip;<\/p>\n<p class=\"read-more\"> <a class=\"\" href=\"https:\/\/propesp.uepa.br\/ppgenf\/index.php\/processo-seletivo\/regular\/selecao-2018\/\"> <span class=\"screen-reader-text\">Sele\u00e7\u00e3o 2018<\/span> Leia mais &raquo;<\/a><\/p>\n","protected":false},"author":2,"featured_media":0,"parent":830,"menu_order":0,"comment_status":"closed","ping_status":"closed","template":"","meta":{"_uag_custom_page_level_css":"","site-sidebar-layout":"default","site-content-layout":"default","ast-site-content-layout":"","site-content-style":"default","site-sidebar-style":"default","ast-global-header-display":"","ast-banner-title-visibility":"","ast-main-header-display":"","ast-hfb-above-header-display":"","ast-hfb-below-header-display":"","ast-hfb-mobile-header-display":"","site-post-title":"","ast-breadcrumbs-content":"","ast-featured-img":"","footer-sml-layout":"","theme-transparent-header-meta":"default","adv-header-id-meta":"","stick-header-meta":"","header-above-stick-meta":"","header-main-stick-meta":"","header-below-stick-meta":"","astra-migrate-meta-layouts":"","ast-page-background-enabled":"default","ast-page-background-meta":{"desktop":{"background-color":"","background-image":"","background-repeat":"repeat","background-position":"center center","background-size":"auto","background-attachment":"scroll","background-type":"","background-media":"","overlay-type":"","overlay-color":"","overlay-gradient":""},"tablet":{"background-color":"","background-image":"","background-repeat":"repeat","background-position":"center center","background-size":"auto","background-attachment":"scroll","background-type":"","background-media":"","overlay-type":"","overlay-color":"","overlay-gradient":""},"mobile":{"background-color":"","background-image":"","background-repeat":"repeat","background-position":"center center","background-size":"auto","background-attachment":"scroll","background-type":"","background-media":"","overlay-type":"","overlay-color":"","overlay-gradient":""}},"ast-content-background-meta":{"desktop":{"background-color":"var(--ast-global-color-5)","background-image":"","background-repeat":"repeat","background-position":"center center","background-size":"auto","background-attachment":"scroll","background-type":"","background-media":"","overlay-type":"","overlay-color":"","overlay-gradient":""},"tablet":{"background-color":"var(--ast-global-color-5)","background-image":"","background-repeat":"repeat","background-position":"center center","background-size":"auto","background-attachment":"scroll","background-type":"","background-media":"","overlay-type":"","overlay-color":"","overlay-gradient":""},"mobile":{"background-color":"var(--ast-global-color-5)","background-image":"","background-repeat":"repeat","background-position":"center center","background-size":"auto","background-attachment":"scroll","background-type":"","background-media":"","overlay-type":"","overlay-color":"","overlay-gradient":""}},"footnotes":""},"uagb_featured_image_src":{"full":false,"thumbnail":false,"medium":false,"medium_large":false,"large":false,"1536x1536":false,"2048x2048":false},"uagb_author_info":{"display_name":"nelma.ramos@uepa.br","author_link":"https:\/\/propesp.uepa.br\/ppgenf\/index.php\/author\/nelma-ramosuepa-br\/"},"uagb_comment_info":0,"uagb_excerpt":"A Diretora do Centro de Ci\u00eancias Biol\u00f3gicas e da Sa\u00fade da Universidade do Estado do Par\u00e1 \u2013 UEPA, torna p\u00fablico que, no per\u00edodo de&nbsp;26&nbsp;de mar\u00e7o a&nbsp;25 de abril de 2018, o Programa de P\u00f3s-Gradua\u00e7\u00e3o em Enfermagem \u2013 Mestrado em Enfermagem receber\u00e1 as inscri\u00e7\u00f5es para o Processo Seletivo 2018.&nbsp;Mais informa\u00e7\u00f5es poder\u00e3o ser obtidas atrav\u00e9s dos telefones:&hellip;","_links":{"self":[{"href":"https:\/\/propesp.uepa.br\/ppgenf\/index.php\/wp-json\/wp\/v2\/pages\/846"}],"collection":[{"href":"https:\/\/propesp.uepa.br\/ppgenf\/index.php\/wp-json\/wp\/v2\/pages"}],"about":[{"href":"https:\/\/propesp.uepa.br\/ppgenf\/index.php\/wp-json\/wp\/v2\/types\/page"}],"author":[{"embeddable":true,"href":"https:\/\/propesp.uepa.br\/ppgenf\/index.php\/wp-json\/wp\/v2\/users\/2"}],"replies":[{"embeddable":true,"href":"https:\/\/propesp.uepa.br\/ppgenf\/index.php\/wp-json\/wp\/v2\/comments?post=846"}],"version-history":[{"count":1,"href":"https:\/\/propesp.uepa.br\/ppgenf\/index.php\/wp-json\/wp\/v2\/pages\/846\/revisions"}],"predecessor-version":[{"id":847,"href":"https:\/\/propesp.uepa.br\/ppgenf\/index.php\/wp-json\/wp\/v2\/pages\/846\/revisions\/847"}],"up":[{"embeddable":true,"href":"https:\/\/propesp.uepa.br\/ppgenf\/index.php\/wp-json\/wp\/v2\/pages\/830"}],"wp:attachment":[{"href":"https:\/\/propesp.uepa.br\/ppgenf\/index.php\/wp-json\/wp\/v2\/media?parent=846"}],"curies":[{"name":"wp","href":"https:\/\/api.w.org\/{rel}","templated":true}]}}