{"id":899,"date":"2020-05-20T20:02:56","date_gmt":"2020-05-20T23:02:56","guid":{"rendered":"https:\/\/propesp.uepa.br\/ppgenf\/?page_id=899"},"modified":"2023-06-05T09:08:40","modified_gmt":"2023-06-05T12:08:40","slug":"2019-2","status":"publish","type":"page","link":"https:\/\/propesp.uepa.br\/ppgenf\/index.php\/corpo-discente\/turma\/2019-2\/","title":{"rendered":"Turma 2019"},"content":{"rendered":"\n<div class=\"wp-block-uagb-advanced-heading uagb-block-65d1e165\"><h1 class=\"uagb-heading-text\">Turma 2019<\/h1><div class=\"uagb-separator\"><\/div><\/div>\n\n\n\n<p class=\"has-text-align-center has-very-light-gray-color has-vivid-cyan-blue-background-color has-text-color has-background\" style=\"font-size:14px\"><strong>Linha 1 &#8211; Enfermagem em Sa\u00fade P\u00fablica e Epidemiologia de Doen\u00e7as na Amaz\u00f4nia<\/strong><\/p>\n\n\n\n<section class=\"wp-block-uagb-columns uagb-columns__wrap uagb-columns__stack-mobile uagb-columns__valign- uagb-columns__gap-10 align uagb-block-4f6117fa uagb-columns__columns-2 uagb-columns__max_width-theme\"><div class=\"uagb-columns__overlay\"><\/div><div class=\"uagb-columns__inner-wrap uagb-columns__columns-2\">\n<div class=\"wp-block-uagb-column uagb-column__wrap uagb-column__background-undefined uagb-block-d7410a53\"><div class=\"uagb-column__overlay\"><\/div>\n<div class=\"wp-block-uagb-info-box uagb-block-d38bd714 uagb-infobox__content-wrap  uagb-infobox-icon-above-title uagb-infobox-image-valign-top uagb-infobox__outer-wrap\"><div class=\"uagb-ifb-content\"><div class=\"uagb-ifb-icon-wrap\"><svg xmlns=\"https:\/\/www.w3.org\/2000\/svg\" viewBox=\"0 0 640 512\"><path d=\"M319.9 320c57.41 0 103.1-46.56 103.1-104c0-57.44-46.54-104-103.1-104c-57.41 0-103.1 46.56-103.1 104C215.9 273.4 262.5 320 319.9 320zM369.9 352H270.1C191.6 352 128 411.7 128 485.3C128 500.1 140.7 512 156.4 512h327.2C499.3 512 512 500.1 512 485.3C512 411.7 448.4 352 369.9 352zM512 160c44.18 0 80-35.82 80-80S556.2 0 512 0c-44.18 0-80 35.82-80 80S467.8 160 512 160zM183.9 216c0-5.449 .9824-10.63 1.609-15.91C174.6 194.1 162.6 192 149.9 192H88.08C39.44 192 0 233.8 0 285.3C0 295.6 7.887 304 17.62 304h199.5C196.7 280.2 183.9 249.7 183.9 216zM128 160c44.18 0 80-35.82 80-80S172.2 0 128 0C83.82 0 48 35.82 48 80S83.82 160 128 160zM551.9 192h-61.84c-12.8 0-24.88 3.037-35.86 8.24C454.8 205.5 455.8 210.6 455.8 216c0 33.71-12.78 64.21-33.16 88h199.7C632.1 304 640 295.6 640 285.3C640 233.8 600.6 192 551.9 192z\"><\/path><\/svg><\/div><div class=\"uagb-ifb-title-wrap\"><h3 class=\"uagb-ifb-title\"><strong>UEPA<\/strong><\/h3><\/div><p class=\"uagb-ifb-desc\"> <strong>ADRIANA LEAL GOMES DA SILVA<\/strong><a href=\"http:\/\/lattes.cnpq.br\/5409845234159320\"><img loading=\"lazy\" decoding=\"async\" width=\"40\" height=\"40\" class=\"wp-image-807\" style=\"width: 40px;\" src=\"https:\/\/propesp.uepa.br\/ppgenf\/wp-content\/uploads\/2020\/03\/Lattes-e1585070878268.jpg\" alt=\"\"><\/a><strong> <\/strong><br> Orientador(es): Dra. Antonia Margareth Moita S\u00e1<br><br> <strong>ALEXANDRE AGUIAR PEREIRA<\/strong><a href=\"http:\/\/lattes.cnpq.br\/4531872566071137\"><img loading=\"lazy\" decoding=\"async\" width=\"40\" height=\"40\" class=\"wp-image-807\" style=\"width: 40px;\" src=\"https:\/\/propesp.uepa.br\/ppgenf\/wp-content\/uploads\/2020\/03\/Lattes-e1585070878268.jpg\" alt=\"\"><\/a><strong> <\/strong><br> Orientador(es): Dra. Ivaneide Leal Ataide Rodrigues<br><br> <strong>ANA KEDMA CORREA PINHEIRO<\/strong><a href=\"http:\/\/lattes.cnpq.br\/4573518879811324\"><img loading=\"lazy\" decoding=\"async\" width=\"40\" height=\"40\" class=\"wp-image-807\" style=\"width: 40px;\" src=\"https:\/\/propesp.uepa.br\/ppgenf\/wp-content\/uploads\/2020\/03\/Lattes-e1585070878268.jpg\" alt=\"\"><\/a><strong> <\/strong><br> Orientador(es): Dra. Laura Maria Vidal Nogueira<br> <br><strong>ANA PAULA GRAIM MENDON\u00c7A DE ARA\u00daJO<\/strong><a href=\"http:\/\/lattes.cnpq.br\/5312904114216180\"><img loading=\"lazy\" decoding=\"async\" width=\"40\" height=\"40\" class=\"wp-image-807\" style=\"width: 40px;\" src=\"https:\/\/propesp.uepa.br\/ppgenf\/wp-content\/uploads\/2020\/03\/Lattes-e1585070878268.jpg\" alt=\"\"><\/a><strong> <\/strong><br> Orientador(es): Dra. Ivaneide Leal Ataide Rodrigues<br><br> <strong>ANA PAULA REZENDES DE OLIVEIRA<\/strong><a href=\"http:\/\/lattes.cnpq.br\/7434106886439711\"><img loading=\"lazy\" decoding=\"async\" width=\"40\" height=\"40\" class=\"wp-image-807\" style=\"width: 40px;\" src=\"https:\/\/propesp.uepa.br\/ppgenf\/wp-content\/uploads\/2020\/03\/Lattes-e1585070878268.jpg\" alt=\"\"><\/a><strong> <\/strong><br> Orientador(es): Dra. Angela Maria Rodrigues Ferreira<br> <br><strong>BRUNA CARDOSO RANIERI<\/strong><a href=\"http:\/\/lattes.cnpq.br\/3317246405019454\"><img loading=\"lazy\" decoding=\"async\" width=\"40\" height=\"40\" class=\"wp-image-807\" style=\"width: 40px;\" src=\"https:\/\/propesp.uepa.br\/ppgenf\/wp-content\/uploads\/2020\/03\/Lattes-e1585070878268.jpg\" alt=\"\"><\/a><br> Orientador(es): Dra. Iaci Proen\u00e7a Palmeira<br><br> <strong>CARLA MONIQUE LAVAREDA COSTA<\/strong><a href=\"http:\/\/lattes.cnpq.br\/8456454469809949\"><img loading=\"lazy\" decoding=\"async\" width=\"40\" height=\"40\" class=\"wp-image-807\" style=\"width: 40px;\" src=\"https:\/\/propesp.uepa.br\/ppgenf\/wp-content\/uploads\/2020\/03\/Lattes-e1585070878268.jpg\" alt=\"\"><\/a><br> Orientador(es): Dra. Laura Maria Vidal Nogueira<br><br> <strong>KAMILA DE OLIVEIRA PINHEIRO RODRIGUES<\/strong><img loading=\"lazy\" decoding=\"async\" width=\"40\" height=\"40\" class=\"wp-image-807\" style=\"width: 40px;\" src=\"https:\/\/propesp.uepa.br\/ppgenf\/wp-content\/uploads\/2020\/03\/Lattes-e1585070878268.jpg\" alt=\"\"><br> Orientador(es): Dra. Angela Maria Rodrigues Ferreira<br><br> <strong>LETICIA LIMA OLIVEIRA<\/strong><a href=\"http:\/\/lattes.cnpq.br\/7043921168680290\"><img loading=\"lazy\" decoding=\"async\" width=\"40\" height=\"40\" class=\"wp-image-807\" style=\"width: 40px;\" src=\"https:\/\/propesp.uepa.br\/ppgenf\/wp-content\/uploads\/2020\/03\/Lattes-e1585070878268.jpg\" alt=\"\"><\/a><br> Orientador(es): Dra. Iaci Proen\u00e7a Palmeira <\/p><\/div><\/div>\n<\/div>\n\n\n\n<div class=\"wp-block-uagb-column uagb-column__wrap uagb-column__background-undefined uagb-block-13a706a2\"><div class=\"uagb-column__overlay\"><\/div>\n<div class=\"wp-block-uagb-info-box uagb-block-bd14ce39 uagb-infobox__content-wrap  uagb-infobox-icon-above-title uagb-infobox-image-valign-top uagb-infobox__outer-wrap\"><div class=\"uagb-ifb-content\"><div class=\"uagb-ifb-icon-wrap\"><svg xmlns=\"https:\/\/www.w3.org\/2000\/svg\" viewBox=\"0 0 640 512\"><path d=\"M319.9 320c57.41 0 103.1-46.56 103.1-104c0-57.44-46.54-104-103.1-104c-57.41 0-103.1 46.56-103.1 104C215.9 273.4 262.5 320 319.9 320zM369.9 352H270.1C191.6 352 128 411.7 128 485.3C128 500.1 140.7 512 156.4 512h327.2C499.3 512 512 500.1 512 485.3C512 411.7 448.4 352 369.9 352zM512 160c44.18 0 80-35.82 80-80S556.2 0 512 0c-44.18 0-80 35.82-80 80S467.8 160 512 160zM183.9 216c0-5.449 .9824-10.63 1.609-15.91C174.6 194.1 162.6 192 149.9 192H88.08C39.44 192 0 233.8 0 285.3C0 295.6 7.887 304 17.62 304h199.5C196.7 280.2 183.9 249.7 183.9 216zM128 160c44.18 0 80-35.82 80-80S172.2 0 128 0C83.82 0 48 35.82 48 80S83.82 160 128 160zM551.9 192h-61.84c-12.8 0-24.88 3.037-35.86 8.24C454.8 205.5 455.8 210.6 455.8 216c0 33.71-12.78 64.21-33.16 88h199.7C632.1 304 640 295.6 640 285.3C640 233.8 600.6 192 551.9 192z\"><\/path><\/svg><\/div><div class=\"uagb-ifb-title-wrap\"><h3 class=\"uagb-ifb-title\"><strong>UFAM<\/strong><\/h3><\/div><p class=\"uagb-ifb-desc\">  <strong>ADRIANA PATRICIA BRELAZ LOPES GOMES<\/strong><a href=\"http:\/\/lattes.cnpq.br\/4331381966060846\"><img loading=\"lazy\" decoding=\"async\" width=\"40\" height=\"40\" class=\"wp-image-807\" style=\"width: 40px;\" src=\"https:\/\/propesp.uepa.br\/ppgenf\/wp-content\/uploads\/2020\/03\/Lattes-e1585070878268.jpg\" alt=\"\"><\/a><br>Orientador(es): Dra.&nbsp;Noeli das Neves Toledo<br><br> <strong>HELEN CRISTINE ALBUQUERQUE FIGUEIREDO<\/strong><a href=\"http:\/\/lattes.cnpq.br\/7286439522457172\"><img loading=\"lazy\" decoding=\"async\" width=\"40\" height=\"40\" class=\"wp-image-807\" style=\"width: 40px;\" src=\"https:\/\/propesp.uepa.br\/ppgenf\/wp-content\/uploads\/2020\/03\/Lattes-e1585070878268.jpg\" alt=\"\"><\/a><br> Orientador(es): Dra. Gilsirene Scantelbury de Almeida<br><br> <strong>NATALIE KESLE COSTA TAVARES<\/strong><a href=\"http:\/\/lattes.cnpq.br\/0761129857447937\"><img loading=\"lazy\" decoding=\"async\" width=\"40\" height=\"40\" class=\"wp-image-807\" style=\"width: 40px;\" src=\"https:\/\/propesp.uepa.br\/ppgenf\/wp-content\/uploads\/2020\/03\/Lattes-e1585070878268.jpg\" alt=\"\"><\/a><br> Orientador(es): Dr. Zilmar Augusto de Souza Filho e Dr.&nbsp;Abel Santiago Muri Gama<br><br> <strong>NICOLE CRISTINA CRUZ DA SILVA<\/strong><a href=\"http:\/\/lattes.cnpq.br\/4035253992236269\"><img loading=\"lazy\" decoding=\"async\" width=\"40\" height=\"40\" class=\"wp-image-807\" style=\"width: 40px;\" src=\"https:\/\/propesp.uepa.br\/ppgenf\/wp-content\/uploads\/2020\/03\/Lattes-e1585070878268.jpg\" alt=\"\"><\/a><br> Orientador(es): Dr.&nbsp;David Lopes Neto<br><br> <strong>PAULA ANDREZA VIANA LIMA<\/strong><a href=\"http:\/\/lattes.cnpq.br\/2465235113667421\"><img loading=\"lazy\" decoding=\"async\" width=\"40\" height=\"40\" class=\"wp-image-807\" style=\"width: 40px;\" src=\"https:\/\/propesp.uepa.br\/ppgenf\/wp-content\/uploads\/2020\/03\/Lattes-e1585070878268.jpg\" alt=\"\"><\/a><br> Orientador(es): Dr.&nbsp;Zilmar Augusto de Souza Filho <\/p><\/div><\/div>\n<\/div>\n<\/div><\/section>\n\n\n\n<p class=\"has-text-align-center has-very-light-gray-color has-vivid-cyan-blue-background-color has-text-color has-background\" style=\"font-size:14px\"><strong>Linha 2 &#8211; <\/strong> <strong>Educa\u00e7\u00e3o e Cuidado em Sa\u00fade e Enfermagem na Amaz\u00f4nia <\/strong><\/p>\n\n\n\n<section class=\"wp-block-uagb-columns uagb-columns__wrap uagb-columns__stack-mobile uagb-columns__valign- uagb-columns__gap-10 align uagb-block-8d85e199 uagb-columns__columns-2 uagb-columns__max_width-theme\"><div class=\"uagb-columns__overlay\"><\/div><div class=\"uagb-columns__inner-wrap uagb-columns__columns-2\">\n<div class=\"wp-block-uagb-column uagb-column__wrap uagb-column__background-undefined uagb-block-92607225\"><div class=\"uagb-column__overlay\"><\/div>\n<div class=\"wp-block-uagb-info-box uagb-block-5330b259 uagb-infobox__content-wrap  uagb-infobox-icon-above-title uagb-infobox-image-valign-top uagb-infobox__outer-wrap\"><div class=\"uagb-ifb-content\"><div class=\"uagb-ifb-icon-wrap\"><svg xmlns=\"https:\/\/www.w3.org\/2000\/svg\" viewBox=\"0 0 640 512\"><path d=\"M319.9 320c57.41 0 103.1-46.56 103.1-104c0-57.44-46.54-104-103.1-104c-57.41 0-103.1 46.56-103.1 104C215.9 273.4 262.5 320 319.9 320zM369.9 352H270.1C191.6 352 128 411.7 128 485.3C128 500.1 140.7 512 156.4 512h327.2C499.3 512 512 500.1 512 485.3C512 411.7 448.4 352 369.9 352zM512 160c44.18 0 80-35.82 80-80S556.2 0 512 0c-44.18 0-80 35.82-80 80S467.8 160 512 160zM183.9 216c0-5.449 .9824-10.63 1.609-15.91C174.6 194.1 162.6 192 149.9 192H88.08C39.44 192 0 233.8 0 285.3C0 295.6 7.887 304 17.62 304h199.5C196.7 280.2 183.9 249.7 183.9 216zM128 160c44.18 0 80-35.82 80-80S172.2 0 128 0C83.82 0 48 35.82 48 80S83.82 160 128 160zM551.9 192h-61.84c-12.8 0-24.88 3.037-35.86 8.24C454.8 205.5 455.8 210.6 455.8 216c0 33.71-12.78 64.21-33.16 88h199.7C632.1 304 640 295.6 640 285.3C640 233.8 600.6 192 551.9 192z\"><\/path><\/svg><\/div><div class=\"uagb-ifb-title-wrap\"><h3 class=\"uagb-ifb-title\"><strong>UEPA<\/strong><\/h3><\/div><p class=\"uagb-ifb-desc\">  <strong>DAYARA DE NAZAR\u00c9 ROSA DE CARVALHO<\/strong><a href=\"http:\/\/lattes.cnpq.br\/5155817952916129\"><img loading=\"lazy\" decoding=\"async\" width=\"40\" height=\"40\" class=\"wp-image-807\" style=\"width: 40px;\" src=\"https:\/\/propesp.uepa.br\/ppgenf\/wp-content\/uploads\/2020\/03\/Lattes-e1585070878268.jpg\" alt=\"\"><\/a><strong> <\/strong><br> Orientador(es): Dra. Ivonete Vieira Pereira Peixoto<br><br> <strong>MANUELA FURTADO VELOSO DE OLIVEIRA<\/strong><a href=\"http:\/\/lattes.cnpq.br\/7422016235730121\"><img loading=\"lazy\" decoding=\"async\" width=\"40\" height=\"40\" class=\"wp-image-807\" style=\"width: 40px;\" src=\"https:\/\/propesp.uepa.br\/ppgenf\/wp-content\/uploads\/2020\/03\/Lattes-e1585070878268.jpg\" alt=\"\"><\/a><strong> <\/strong><br> Orientador(es): Dra. Marcia Helena Machado Nascimento e Dr. Paulo Elias Gotardelo Audebert Delage<br><br> <strong>MONIQUE LINDSY SILVA DE SOUZA<\/strong><a href=\"http:\/\/lattes.cnpq.br\/9892164968148863\"><img loading=\"lazy\" decoding=\"async\" width=\"40\" height=\"40\" class=\"wp-image-807\" style=\"width: 40px;\" src=\"https:\/\/propesp.uepa.br\/ppgenf\/wp-content\/uploads\/2020\/03\/Lattes-e1585070878268.jpg\" alt=\"\"><\/a><br> Orientador(es): Dra. Monica Cust\u00f3dia do Couto Abreu Pamplona e Dr. Rubenilson Caldas Valois<br><br> <strong>SANDRA SUELY SILVA DE OLIVEIRA<\/strong><a href=\"http:\/\/lattes.cnpq.br\/2267131111082481\"><img loading=\"lazy\" decoding=\"async\" width=\"40\" height=\"40\" class=\"wp-image-807\" style=\"width: 40px;\" src=\"https:\/\/propesp.uepa.br\/ppgenf\/wp-content\/uploads\/2020\/03\/Lattes-e1585070878268.jpg\" alt=\"\"><\/a><strong> <\/strong><br> Orientador(es): Dra. Mary Elizabeth de Santana <\/p><\/div><\/div>\n<\/div>\n\n\n\n<div class=\"wp-block-uagb-column uagb-column__wrap uagb-column__background-undefined uagb-block-dac51378\"><div class=\"uagb-column__overlay\"><\/div>\n<div class=\"wp-block-uagb-info-box uagb-block-9d3ed3b0 uagb-infobox__content-wrap  uagb-infobox-icon-above-title uagb-infobox-image-valign-top uagb-infobox__outer-wrap\"><div class=\"uagb-ifb-content\"><div class=\"uagb-ifb-icon-wrap\"><svg xmlns=\"https:\/\/www.w3.org\/2000\/svg\" viewBox=\"0 0 640 512\"><path d=\"M319.9 320c57.41 0 103.1-46.56 103.1-104c0-57.44-46.54-104-103.1-104c-57.41 0-103.1 46.56-103.1 104C215.9 273.4 262.5 320 319.9 320zM369.9 352H270.1C191.6 352 128 411.7 128 485.3C128 500.1 140.7 512 156.4 512h327.2C499.3 512 512 500.1 512 485.3C512 411.7 448.4 352 369.9 352zM512 160c44.18 0 80-35.82 80-80S556.2 0 512 0c-44.18 0-80 35.82-80 80S467.8 160 512 160zM183.9 216c0-5.449 .9824-10.63 1.609-15.91C174.6 194.1 162.6 192 149.9 192H88.08C39.44 192 0 233.8 0 285.3C0 295.6 7.887 304 17.62 304h199.5C196.7 280.2 183.9 249.7 183.9 216zM128 160c44.18 0 80-35.82 80-80S172.2 0 128 0C83.82 0 48 35.82 48 80S83.82 160 128 160zM551.9 192h-61.84c-12.8 0-24.88 3.037-35.86 8.24C454.8 205.5 455.8 210.6 455.8 216c0 33.71-12.78 64.21-33.16 88h199.7C632.1 304 640 295.6 640 285.3C640 233.8 600.6 192 551.9 192z\"><\/path><\/svg><\/div><div class=\"uagb-ifb-title-wrap\"><h3 class=\"uagb-ifb-title\"><strong>UFAM<\/strong><\/h3><\/div><p class=\"uagb-ifb-desc\">  <strong>MAINESSA DA GUIA RODRIGUES<\/strong><a href=\"http:\/\/lattes.cnpq.br\/7186929009395406\"><img loading=\"lazy\" decoding=\"async\" width=\"40\" height=\"40\" class=\"wp-image-807\" style=\"width: 40px;\" src=\"https:\/\/propesp.uepa.br\/ppgenf\/wp-content\/uploads\/2020\/03\/Lattes-e1585070878268.jpg\" alt=\"\"><\/a><br>Orientador(es):  Dra.&nbsp;Arinete V\u00e9ras Fontes Esteves<br> <br> <strong>NAYRA MELYSSA CAMPOS DE CASTRO<\/strong><a href=\"http:\/\/lattes.cnpq.br\/5324624533711435\"><img loading=\"lazy\" decoding=\"async\" width=\"40\" height=\"40\" class=\"wp-image-807\" style=\"width: 40px;\" src=\"https:\/\/propesp.uepa.br\/ppgenf\/wp-content\/uploads\/2020\/03\/Lattes-e1585070878268.jpg\" alt=\"\"><\/a><br> Orientador(es): Dra.&nbsp;Arinete V\u00e9ras Fontes Esteves<br><br> <strong>REBECA MOREIRA GOMES<\/strong><a href=\"http:\/\/lattes.cnpq.br\/5783043043168635\"><img loading=\"lazy\" decoding=\"async\" width=\"40\" height=\"40\" class=\"wp-image-807\" style=\"width: 40px;\" src=\"https:\/\/propesp.uepa.br\/ppgenf\/wp-content\/uploads\/2020\/03\/Lattes-e1585070878268.jpg\" alt=\"\"><\/a><br> Orientador(es): Dra. Nair Chase da Silva<br><br> <strong>RAFAELA BARROS DOS SANTOS<\/strong><a href=\"http:\/\/lattes.cnpq.br\/6272149830609926\"><img loading=\"lazy\" decoding=\"async\" width=\"40\" height=\"40\" class=\"wp-image-807\" style=\"width: 40px;\" src=\"https:\/\/propesp.uepa.br\/ppgenf\/wp-content\/uploads\/2020\/03\/Lattes-e1585070878268.jpg\" alt=\"\"><\/a><br> Orientador(es): Dra.&nbsp;Marta Lenise do Prado<br><br> <strong>TAINAN FABR\u00cdCIO DA SILVA<\/strong><a href=\"http:\/\/lattes.cnpq.br\/4999804014381130\"><img loading=\"lazy\" decoding=\"async\" width=\"40\" height=\"40\" class=\"wp-image-807\" style=\"width: 40px;\" src=\"https:\/\/propesp.uepa.br\/ppgenf\/wp-content\/uploads\/2020\/03\/Lattes-e1585070878268.jpg\" alt=\"\"><\/a><br> Orientador(es): Dra.&nbsp;Marta Lenise do Prado  <\/p><\/div><\/div>\n<\/div>\n<\/div><\/section>\n","protected":false},"excerpt":{"rendered":"<p>Turma 2019 Linha 1 &#8211; Enfermagem em Sa\u00fade P\u00fablica e Epidemiologia de Doen\u00e7as na Amaz\u00f4nia Linha 2 &#8211; Educa\u00e7\u00e3o e Cuidado em Sa\u00fade e Enfermagem na Amaz\u00f4nia<\/p>\n","protected":false},"author":2,"featured_media":0,"parent":3340,"menu_order":0,"comment_status":"closed","ping_status":"closed","template":"","meta":{"_uag_custom_page_level_css":"","site-sidebar-layout":"no-sidebar","site-content-layout":"plain-container","ast-site-content-layout":"","site-content-style":"default","site-sidebar-style":"default","ast-global-header-display":"","ast-banner-title-visibility":"","ast-main-header-display":"","ast-hfb-above-header-display":"","ast-hfb-below-header-display":"","ast-hfb-mobile-header-display":"","site-post-title":"disabled","ast-breadcrumbs-content":"","ast-featured-img":"","footer-sml-layout":"","theme-transparent-header-meta":"default","adv-header-id-meta":"","stick-header-meta":"","header-above-stick-meta":"","header-main-stick-meta":"","header-below-stick-meta":"","astra-migrate-meta-layouts":"","ast-page-background-enabled":"default","ast-page-background-meta":{"desktop":{"background-color":"","background-image":"","background-repeat":"repeat","background-position":"center center","background-size":"auto","background-attachment":"scroll","background-type":"","background-media":"","overlay-type":"","overlay-color":"","overlay-gradient":""},"tablet":{"background-color":"","background-image":"","background-repeat":"repeat","background-position":"center center","background-size":"auto","background-attachment":"scroll","background-type":"","background-media":"","overlay-type":"","overlay-color":"","overlay-gradient":""},"mobile":{"background-color":"","background-image":"","background-repeat":"repeat","background-position":"center center","background-size":"auto","background-attachment":"scroll","background-type":"","background-media":"","overlay-type":"","overlay-color":"","overlay-gradient":""}},"ast-content-background-meta":{"desktop":{"background-color":"var(--ast-global-color-5)","background-image":"","background-repeat":"repeat","background-position":"center center","background-size":"auto","background-attachment":"scroll","background-type":"","background-media":"","overlay-type":"","overlay-color":"","overlay-gradient":""},"tablet":{"background-color":"var(--ast-global-color-5)","background-image":"","background-repeat":"repeat","background-position":"center center","background-size":"auto","background-attachment":"scroll","background-type":"","background-media":"","overlay-type":"","overlay-color":"","overlay-gradient":""},"mobile":{"background-color":"var(--ast-global-color-5)","background-image":"","background-repeat":"repeat","background-position":"center center","background-size":"auto","background-attachment":"scroll","background-type":"","background-media":"","overlay-type":"","overlay-color":"","overlay-gradient":""}},"footnotes":""},"uagb_featured_image_src":{"full":false,"thumbnail":false,"medium":false,"medium_large":false,"large":false,"1536x1536":false,"2048x2048":false},"uagb_author_info":{"display_name":"nelma.ramos@uepa.br","author_link":"https:\/\/propesp.uepa.br\/ppgenf\/index.php\/author\/nelma-ramosuepa-br\/"},"uagb_comment_info":0,"uagb_excerpt":"Turma 2019 Linha 1 &#8211; Enfermagem em Sa\u00fade P\u00fablica e Epidemiologia de Doen\u00e7as na Amaz\u00f4nia Linha 2 &#8211; Educa\u00e7\u00e3o e Cuidado em Sa\u00fade e Enfermagem na Amaz\u00f4nia","_links":{"self":[{"href":"https:\/\/propesp.uepa.br\/ppgenf\/index.php\/wp-json\/wp\/v2\/pages\/899"}],"collection":[{"href":"https:\/\/propesp.uepa.br\/ppgenf\/index.php\/wp-json\/wp\/v2\/pages"}],"about":[{"href":"https:\/\/propesp.uepa.br\/ppgenf\/index.php\/wp-json\/wp\/v2\/types\/page"}],"author":[{"embeddable":true,"href":"https:\/\/propesp.uepa.br\/ppgenf\/index.php\/wp-json\/wp\/v2\/users\/2"}],"replies":[{"embeddable":true,"href":"https:\/\/propesp.uepa.br\/ppgenf\/index.php\/wp-json\/wp\/v2\/comments?post=899"}],"version-history":[{"count":5,"href":"https:\/\/propesp.uepa.br\/ppgenf\/index.php\/wp-json\/wp\/v2\/pages\/899\/revisions"}],"predecessor-version":[{"id":3387,"href":"https:\/\/propesp.uepa.br\/ppgenf\/index.php\/wp-json\/wp\/v2\/pages\/899\/revisions\/3387"}],"up":[{"embeddable":true,"href":"https:\/\/propesp.uepa.br\/ppgenf\/index.php\/wp-json\/wp\/v2\/pages\/3340"}],"wp:attachment":[{"href":"https:\/\/propesp.uepa.br\/ppgenf\/index.php\/wp-json\/wp\/v2\/media?parent=899"}],"curies":[{"name":"wp","href":"https:\/\/api.w.org\/{rel}","templated":true}]}}