{"id":923,"date":"2020-05-21T14:31:13","date_gmt":"2020-05-21T17:31:13","guid":{"rendered":"https:\/\/propesp.uepa.br\/ppgenf\/?page_id=923"},"modified":"2026-03-03T11:27:34","modified_gmt":"2026-03-03T14:27:34","slug":"1a-turma-uepa-2010","status":"publish","type":"page","link":"https:\/\/propesp.uepa.br\/ppgenf\/index.php\/corpo-discente\/egressos-uepa\/1a-turma-uepa-2010\/","title":{"rendered":"1\u00aa Turma &#8211; UEPA \/ 2010"},"content":{"rendered":"\n<div class=\"wp-block-uagb-advanced-heading uagb-block-6c1ebb89\"><h2 class=\"uagb-heading-text\"><strong>1\u00aa TURMA &#8211; UEPA\/2010<\/strong><\/h2><div class=\"uagb-separator\"><\/div><\/div>\n\n\n\n<section class=\"wp-block-uagb-columns uagb-columns__wrap uagb-columns__background-none uagb-columns__stack-mobile uagb-columns__valign- uagb-columns__gap-10 alignfull uagb-block-08cbf333-0344-4c28-bf4a-a70cb57cca75 uagb-columns__columns-2 uagb-columns__max_width-theme\"><div class=\"uagb-columns__overlay\"><\/div><div class=\"uagb-columns__inner-wrap uagb-columns__columns-2\">\n<div class=\"wp-block-uagb-column uagb-column__wrap uagb-column__background-color uagb-block-2693c88b-9d04-4eef-bce3-92afddd9dc87\"><div class=\"uagb-column__overlay\"><\/div>\n<div class=\"wp-block-uagb-info-box uagb-block-3a6f3c3f-42ac-4561-a89a-ee6b74783ba8 uagb-infobox__content-wrap  uagb-infobox-icon-below-title uagb-infobox-image-valign-top\"><div class=\"uagb-ifb-content\"><div class=\"uagb-ifb-title-wrap\"><h3 class=\"uagb-ifb-title\"> <strong>Margareth Maria Braun Guimar\u00e3es Imbiriba<\/strong><a href=\"http:\/\/lattes.cnpq.br\/6167608836030459\"><img loading=\"lazy\" decoding=\"async\" width=\"40\" height=\"40\" class=\"wp-image-807\" style=\"width: 40px;\" src=\"https:\/\/propesp.uepa.br\/ppgenf\/wp-content\/uploads\/2020\/03\/Lattes-e1585070878268.jpg\" alt=\"\"><\/a><\/h3><\/div><div class=\"uagb-ifb-separator\"><\/div><p class=\"uagb-ifb-desc\"><strong>Orientador:&nbsp;Dr.&nbsp;Mauro Jos\u00e9 Pantoja Fontelles<\/strong><br><strong>Co-orientadora:&nbsp;Dra.&nbsp;Antonia Margareth Moita S\u00e1<\/strong><br><strong>Resumo da Disserta\u00e7\u00e3o defendida em 2012:&nbsp;<a rel=\"noreferrer noopener\" href=\"https:\/\/drive.google.com\/file\/d\/1IOpmpdjmRA-V-dr6L1ciQGchhkOa_rVb\/view?usp=sharing\" target=\"_blank\">ESTUDO DA SOBREVIDA DE PACIENTES PORTADORES DE HIV\/AIDS COINFECTADOS COM TUBERCULOSE<\/a><\/strong> <\/p><\/div><\/div>\n<\/div>\n\n\n\n<div class=\"wp-block-uagb-column uagb-column__wrap uagb-column__background-color uagb-block-86b37fc5-0df2-45ab-b3bd-956c92c2d97b\"><div class=\"uagb-column__overlay\"><\/div>\n<div class=\"wp-block-uagb-info-box uagb-block-98ff9869-70e9-4e00-bc8e-e950ab9f717c uagb-infobox__content-wrap  uagb-infobox-icon-below-title uagb-infobox-image-valign-top\"><div class=\"uagb-ifb-content\"><div class=\"uagb-ifb-title-wrap\"><h3 class=\"uagb-ifb-title\"> <strong>Marcandra Nogueira de Almeida Santos<\/strong><a href=\"http:\/\/lattes.cnpq.br\/7732444031008160\"><img loading=\"lazy\" decoding=\"async\" width=\"40\" height=\"40\" class=\"wp-image-807\" style=\"width: 40px;\" src=\"https:\/\/propesp.uepa.br\/ppgenf\/wp-content\/uploads\/2020\/03\/Lattes-e1585070878268.jpg\" alt=\"\"><\/a> <\/h3><\/div><div class=\"uagb-ifb-separator\"><\/div><p class=\"uagb-ifb-desc\"><strong>Orientadora:&nbsp;Dra.&nbsp;Antonia Margareth Moita S\u00e1<\/strong><br><strong>Co-orientadora:&nbsp;Dra.&nbsp;Arinete Veras Fontes Esteves.<\/strong><br><strong>Resumo da Disserta\u00e7\u00e3o defendida em 2012:&nbsp;<a rel=\"noreferrer noopener\" href=\"https:\/\/drive.google.com\/file\/d\/1gKsaDXQDGshM3Q259VXQvODHZYdqUHUw\/view?usp=sharing\" target=\"_blank\">O COTIDIANO DE SER PORTADOR DE TUBERCULOSE E PRIVADO DE LIBERDADE: CONTRIBUI\u00c7\u00d5ES DE ENFERMAGEM<\/a><\/strong> <\/p><\/div><\/div>\n<\/div>\n<\/div><\/section>\n\n\n\n<section class=\"wp-block-uagb-columns uagb-columns__wrap uagb-columns__background-none uagb-columns__stack-mobile uagb-columns__valign- uagb-columns__gap-10 alignfull uagb-block-8676cbe4-a2b0-49a4-b51c-bb84b588b4fe uagb-columns__columns-2 uagb-columns__max_width-theme\"><div class=\"uagb-columns__overlay\"><\/div><div class=\"uagb-columns__inner-wrap uagb-columns__columns-2\">\n<div class=\"wp-block-uagb-column uagb-column__wrap uagb-column__background-color uagb-block-ade241fe-d460-4550-aabe-e6f75077fb27\"><div class=\"uagb-column__overlay\"><\/div>\n<div class=\"wp-block-uagb-info-box uagb-block-ffab7c93-5cbf-4249-b20c-4a8469bca23d uagb-infobox__content-wrap  uagb-infobox-icon-below-title uagb-infobox-image-valign-top\"><div class=\"uagb-ifb-content\"><div class=\"uagb-ifb-title-wrap\"><h3 class=\"uagb-ifb-title\"> <strong>Esleane Vilela Vasconcelos<\/strong><a href=\"http:\/\/lattes.cnpq.br\/3557011938603953\"><img loading=\"lazy\" decoding=\"async\" width=\"40\" height=\"40\" class=\"wp-image-807\" style=\"width: 40px;\" src=\"https:\/\/propesp.uepa.br\/ppgenf\/wp-content\/uploads\/2020\/03\/Lattes-e1585070878268.jpg\" alt=\"\"><\/a> <\/h3><\/div><div class=\"uagb-ifb-separator\"><\/div><p class=\"uagb-ifb-desc\"><strong>Orientadora:<\/strong>&nbsp;<strong>Dra.&nbsp;Mary Elizabeth de Santana<\/strong><br><strong>Co-orientador:&nbsp;Dr. S\u00edlvio \u00c9der Dias da Silva<\/strong><br><strong>Resumo da Disserta\u00e7\u00e3o defendida em 2012:&nbsp;<a rel=\"noreferrer noopener\" href=\"https:\/\/drive.google.com\/file\/d\/1wOg-1459ILu2CvPBO21SCNcLyYMHczMP\/view?usp=sharing\" target=\"_blank\">REPRESENTA\u00c7\u00d5ES SOCIAIS DO C\u00c2NCER PARA CUIDADORES FAMILIARES DE PACIENTES FORA DE POSSIBILIDADES DE CURA: IMPLICA\u00c7\u00d5ES PARA O CUIDADO<\/a><\/strong> <\/p><\/div><\/div>\n\n\n\n<div class=\"wp-block-uagb-info-box uagb-block-3125f882-7a15-4377-8c7f-14375e20c7e7 uagb-infobox__content-wrap  uagb-infobox-icon-below-title uagb-infobox-image-valign-top\"><div class=\"uagb-ifb-content\"><div class=\"uagb-ifb-title-wrap\"><h3 class=\"uagb-ifb-title\"> <strong>Marcia Sim\u00e3o Carneiro<\/strong><a href=\"http:\/\/lattes.cnpq.br\/3702559186954581\"><img loading=\"lazy\" decoding=\"async\" width=\"40\" height=\"40\" class=\"wp-image-807\" style=\"width: 40px;\" src=\"https:\/\/propesp.uepa.br\/ppgenf\/wp-content\/uploads\/2020\/03\/Lattes-e1585070878268.jpg\" alt=\"\"><\/a> <\/h3><\/div><div class=\"uagb-ifb-separator\"><\/div><p class=\"uagb-ifb-desc\"><strong>Orientadora:&nbsp;Dra.&nbsp;Elizabeth Teixeira<\/strong><br><strong>Resumo da Disserta\u00e7\u00e3o defendida em 2012:&nbsp;<a rel=\"noreferrer noopener\" href=\"https:\/\/drive.google.com\/file\/d\/1QDysfAp-YM7VqoRLeVgjqk7TcD0_Poa0\/view?usp=sharing\" target=\"_blank\">REPRESENTA\u00c7\u00d5ES SOCIAIS SOBRE PR\u00c9-NATAL ENTRE MULHERES-M\u00c3ES DO PAR\u00c1: IMPLICA\u00c7\u00d5ES PARA O AGIR CUIDATIVO-EDUCATIVO EM ENFERMAGEM<\/a><\/strong> <\/p><\/div><\/div>\n<\/div>\n\n\n\n<div class=\"wp-block-uagb-column uagb-column__wrap uagb-column__background-color uagb-block-da91e017-aff0-4dad-bf43-4fb2d6ab9315\"><div class=\"uagb-column__overlay\"><\/div>\n<div class=\"wp-block-uagb-info-box uagb-block-65dca953-bc6a-4b26-b24a-9ba4a2cbaafe uagb-infobox__content-wrap  uagb-infobox-icon-below-title uagb-infobox-image-valign-top\"><div class=\"uagb-ifb-content\"><div class=\"uagb-ifb-title-wrap\"><h3 class=\"uagb-ifb-title\"> <strong>Marcia Helena Machado Nascimento<\/strong><a href=\"http:\/\/lattes.cnpq.br\/9441304960547275\"><img loading=\"lazy\" decoding=\"async\" width=\"40\" height=\"40\" class=\"wp-image-807\" style=\"width: 40px;\" src=\"https:\/\/propesp.uepa.br\/ppgenf\/wp-content\/uploads\/2020\/03\/Lattes-e1585070878268.jpg\" alt=\"\"><\/a> <\/h3><\/div><div class=\"uagb-ifb-separator\"><\/div><p class=\"uagb-ifb-desc\"><strong>Orientadora:&nbsp;Dra.&nbsp;Elizabeth Teixeira<\/strong><br><strong>Resumo da Disserta\u00e7\u00e3o defendida em 2012:&nbsp;<a rel=\"noreferrer noopener\" href=\"https:\/\/drive.google.com\/file\/d\/12cYneEt9L93URax1ENaJTkV9zCEljx_6\/view?usp=sharing\" target=\"_blank\">TECNOLOGIA PARA MEDIAR O CUIDAR-EDUCANDO NO ACOLHIMENTO DE \u201cFAMILIARES CANGURUS\u201d EM UNIDADE NEONATAL: ESTUDO DE VALIDA\u00c7\u00c3O<\/a><\/strong> <\/p><\/div><\/div>\n\n\n\n<div class=\"wp-block-uagb-info-box uagb-block-428d5c94-2928-43b5-964b-ea863340206f uagb-infobox__content-wrap  uagb-infobox-icon-below-title uagb-infobox-image-valign-top\"><div class=\"uagb-ifb-content\"><div class=\"uagb-ifb-title-wrap\"><h3 class=\"uagb-ifb-title\"> <strong>Vera L\u00facia Gomes de Oliveira<\/strong><a href=\"http:\/\/lattes.cnpq.br\/5991115814834388\"><img loading=\"lazy\" decoding=\"async\" width=\"40\" height=\"40\" class=\"wp-image-807\" style=\"width: 40px;\" src=\"https:\/\/propesp.uepa.br\/ppgenf\/wp-content\/uploads\/2020\/03\/Lattes-e1585070878268.jpg\" alt=\"\"><\/a> <\/h3><\/div><div class=\"uagb-ifb-separator\"><\/div><p class=\"uagb-ifb-desc\"><strong>Orientadora:&nbsp;Dra.&nbsp;Elizabeth Teixeira<\/strong><br><strong>Resumo da Disserta\u00e7\u00e3o defendida em 2012:&nbsp;<a rel=\"noreferrer noopener\" href=\"https:\/\/drive.google.com\/file\/d\/1_P87O8AMlxqTeREGZPWvtjNYMcVlBvUY\/view?usp=sharing\" target=\"_blank\">CAMINHO DAS PEDRAS: CUIDAR COTIDIANO EM SITUA\u00c7\u00d5ES DE URG\u00caNCIA E EMERG\u00caNCIA EM UMA COMUNIDADE QUILOMBOLA DA AMAZ\u00d4NIA PARAENSE<\/a><\/strong> <\/p><\/div><\/div>\n<\/div>\n<\/div><\/section>\n","protected":false},"excerpt":{"rendered":"<p>1\u00aa TURMA &#8211; UEPA\/2010<\/p>\n","protected":false},"author":2,"featured_media":0,"parent":244,"menu_order":0,"comment_status":"closed","ping_status":"closed","template":"","meta":{"_uag_custom_page_level_css":"","site-sidebar-layout":"default","site-content-layout":"default","ast-site-content-layout":"default","site-content-style":"default","site-sidebar-style":"default","ast-global-header-display":"","ast-banner-title-visibility":"","ast-main-header-display":"","ast-hfb-above-header-display":"","ast-hfb-below-header-display":"","ast-hfb-mobile-header-display":"","site-post-title":"disabled","ast-breadcrumbs-content":"","ast-featured-img":"","footer-sml-layout":"","theme-transparent-header-meta":"default","adv-header-id-meta":"","stick-header-meta":"","header-above-stick-meta":"","header-main-stick-meta":"","header-below-stick-meta":"","astra-migrate-meta-layouts":"set","ast-page-background-enabled":"default","ast-page-background-meta":{"desktop":{"background-color":"","background-image":"","background-repeat":"repeat","background-position":"center center","background-size":"auto","background-attachment":"scroll","background-type":"","background-media":"","overlay-type":"","overlay-color":"","overlay-gradient":""},"tablet":{"background-color":"","background-image":"","background-repeat":"repeat","background-position":"center center","background-size":"auto","background-attachment":"scroll","background-type":"","background-media":"","overlay-type":"","overlay-color":"","overlay-gradient":""},"mobile":{"background-color":"","background-image":"","background-repeat":"repeat","background-position":"center center","background-size":"auto","background-attachment":"scroll","background-type":"","background-media":"","overlay-type":"","overlay-color":"","overlay-gradient":""}},"ast-content-background-meta":{"desktop":{"background-color":"var(--ast-global-color-5)","background-image":"","background-repeat":"repeat","background-position":"center center","background-size":"auto","background-attachment":"scroll","background-type":"","background-media":"","overlay-type":"","overlay-color":"","overlay-gradient":""},"tablet":{"background-color":"var(--ast-global-color-5)","background-image":"","background-repeat":"repeat","background-position":"center center","background-size":"auto","background-attachment":"scroll","background-type":"","background-media":"","overlay-type":"","overlay-color":"","overlay-gradient":""},"mobile":{"background-color":"var(--ast-global-color-5)","background-image":"","background-repeat":"repeat","background-position":"center center","background-size":"auto","background-attachment":"scroll","background-type":"","background-media":"","overlay-type":"","overlay-color":"","overlay-gradient":""}},"footnotes":""},"uagb_featured_image_src":{"full":false,"thumbnail":false,"medium":false,"medium_large":false,"large":false,"1536x1536":false,"2048x2048":false},"uagb_author_info":{"display_name":"nelma.ramos@uepa.br","author_link":"https:\/\/propesp.uepa.br\/ppgenf\/index.php\/author\/nelma-ramosuepa-br\/"},"uagb_comment_info":0,"uagb_excerpt":"1\u00aa TURMA &#8211; UEPA\/2010","_links":{"self":[{"href":"https:\/\/propesp.uepa.br\/ppgenf\/index.php\/wp-json\/wp\/v2\/pages\/923"}],"collection":[{"href":"https:\/\/propesp.uepa.br\/ppgenf\/index.php\/wp-json\/wp\/v2\/pages"}],"about":[{"href":"https:\/\/propesp.uepa.br\/ppgenf\/index.php\/wp-json\/wp\/v2\/types\/page"}],"author":[{"embeddable":true,"href":"https:\/\/propesp.uepa.br\/ppgenf\/index.php\/wp-json\/wp\/v2\/users\/2"}],"replies":[{"embeddable":true,"href":"https:\/\/propesp.uepa.br\/ppgenf\/index.php\/wp-json\/wp\/v2\/comments?post=923"}],"version-history":[{"count":8,"href":"https:\/\/propesp.uepa.br\/ppgenf\/index.php\/wp-json\/wp\/v2\/pages\/923\/revisions"}],"predecessor-version":[{"id":6397,"href":"https:\/\/propesp.uepa.br\/ppgenf\/index.php\/wp-json\/wp\/v2\/pages\/923\/revisions\/6397"}],"up":[{"embeddable":true,"href":"https:\/\/propesp.uepa.br\/ppgenf\/index.php\/wp-json\/wp\/v2\/pages\/244"}],"wp:attachment":[{"href":"https:\/\/propesp.uepa.br\/ppgenf\/index.php\/wp-json\/wp\/v2\/media?parent=923"}],"curies":[{"name":"wp","href":"https:\/\/api.w.org\/{rel}","templated":true}]}}