{"id":925,"date":"2020-05-21T14:31:50","date_gmt":"2020-05-21T17:31:50","guid":{"rendered":"https:\/\/propesp.uepa.br\/ppgenf\/?page_id=925"},"modified":"2026-03-03T11:29:10","modified_gmt":"2026-03-03T14:29:10","slug":"2a-turma-uepa-2011","status":"publish","type":"page","link":"https:\/\/propesp.uepa.br\/ppgenf\/index.php\/corpo-discente\/egressos-uepa\/2a-turma-uepa-2011\/","title":{"rendered":"2\u00aa Turma &#8211; UEPA \/ 2011"},"content":{"rendered":"\n<div class=\"wp-block-uagb-advanced-heading uagb-block-b199a0cd\"><h2 class=\"uagb-heading-text\"><strong>2\u00aa TURMA &#8211; UEPA\/2011<\/strong><\/h2><div class=\"uagb-separator\"><\/div><\/div>\n\n\n\n<section class=\"wp-block-uagb-columns uagb-columns__wrap uagb-columns__background-none uagb-columns__stack-mobile uagb-columns__valign- uagb-columns__gap-10 align uagb-block-bcb32274-40a6-4718-b972-45c1303e4067 uagb-columns__columns-2 uagb-columns__max_width-theme\"><div class=\"uagb-columns__overlay\"><\/div><div class=\"uagb-columns__inner-wrap uagb-columns__columns-2\">\n<div class=\"wp-block-uagb-column uagb-column__wrap uagb-column__background-color uagb-block-16b775c7-2386-4345-937b-2517272486cd\"><div class=\"uagb-column__overlay\"><\/div>\n<div class=\"wp-block-uagb-info-box uagb-block-2281ea9c-a12e-4076-90b3-5e02f0bf0292 uagb-infobox__content-wrap  uagb-infobox-icon-below-title uagb-infobox-image-valign-top uagb-infobox__outer-wrap\"><div class=\"uagb-ifb-content\"><div class=\"uagb-ifb-title-wrap\"><h3 class=\"uagb-ifb-title\"> <strong>Luciane Shirley Silva Lisboa<\/strong><img loading=\"lazy\" decoding=\"async\" width=\"40\" height=\"40\" class=\"wp-image-807\" style=\"width: 40px;\" src=\"https:\/\/propesp.uepa.br\/ppgenf\/wp-content\/uploads\/2020\/03\/Lattes-e1585070878268.jpg\" alt=\"\"> <\/h3><\/div><p class=\"uagb-ifb-desc\"><strong>Orientadora:&nbsp;Dra.&nbsp;Ant\u00f4nia Margareth Moita S\u00e1<\/strong><br><strong>Resumo da Disserta\u00e7\u00e3o defendida em 2014:<a rel=\"noreferrer noopener\" href=\"https:\/\/drive.google.com\/file\/d\/1zFkEpyvwbabpxZoZyGLMK2OpSrccTllA\/view?usp=sharing\" target=\"_blank\">&nbsp;PREVAL\u00caNCIA DO EFEITO BOOSTER NA PROVA TUBERCUL\u00cdNICA EM PESSOAS VIVENDO COM HIV\/AIDS<\/a><\/strong> <\/p><\/div><\/div>\n<\/div>\n\n\n\n<div class=\"wp-block-uagb-column uagb-column__wrap uagb-column__background-color uagb-block-b3deafb3-4f1a-45ab-b701-57091b896c35\"><div class=\"uagb-column__overlay\"><\/div>\n<div class=\"wp-block-uagb-info-box uagb-block-ba7e9898-42e5-4040-ab3b-b24641ae75b1 uagb-infobox__content-wrap  uagb-infobox-icon-below-title uagb-infobox-image-valign-top uagb-infobox__outer-wrap\"><div class=\"uagb-ifb-content\"><div class=\"uagb-ifb-title-wrap\"><h3 class=\"uagb-ifb-title\"> <strong>Maria de Nazar\u00e9 Santos de Oliveira<\/strong><img loading=\"lazy\" decoding=\"async\" width=\"40\" height=\"40\" class=\"wp-image-807\" style=\"width: 40px;\" src=\"https:\/\/propesp.uepa.br\/ppgenf\/wp-content\/uploads\/2020\/03\/Lattes-e1585070878268.jpg\" alt=\"\"> <\/h3><\/div><p class=\"uagb-ifb-desc\"><strong>Orientador:&nbsp;Dr.&nbsp;Mauro Jos\u00e9 Pantoja Fontelles<\/strong><br><strong>Resumo da Disserta\u00e7\u00e3o defendida em 2014<a rel=\"noreferrer noopener\" href=\"https:\/\/drive.google.com\/file\/d\/1cZAe4VHUTDBU_c6NJSGl8znppWjTDiJN\/view?usp=sharing\" target=\"_blank\">:<\/a><\/strong><a rel=\"noreferrer noopener\" href=\"https:\/\/drive.google.com\/file\/d\/1cZAe4VHUTDBU_c6NJSGl8znppWjTDiJN\/view?usp=sharing\" target=\"_blank\"><strong>&nbsp;CONHECIMENTOS, ATITUDES E PR\u00c1TICAS DE PESSOAS<\/strong><\/a><br><a rel=\"noreferrer noopener\" href=\"https:\/\/drive.google.com\/file\/d\/1cZAe4VHUTDBU_c6NJSGl8znppWjTDiJN\/view?usp=sharing\" target=\"_blank\"><strong>ACOMETIDAS DE HANSEN\u00cdASE ATENDIDAS NA ATEN\u00c7\u00c3O PRIM\u00c1RIA \u00c0 SA\u00daDE<\/strong><\/a> <\/p><\/div><\/div>\n<\/div>\n<\/div><\/section>\n\n\n\n<section class=\"wp-block-uagb-columns uagb-columns__wrap uagb-columns__background-none uagb-columns__stack-mobile uagb-columns__valign- uagb-columns__gap-10 align uagb-block-623ce58d-5cc9-42f7-9936-a2483a86e424 uagb-columns__columns-2 uagb-columns__max_width-theme\"><div class=\"uagb-columns__overlay\"><\/div><div class=\"uagb-columns__inner-wrap uagb-columns__columns-2\">\n<div class=\"wp-block-uagb-column uagb-column__wrap uagb-column__background-color uagb-block-9495dc99-5989-4991-82bb-e89fe348b4f7\"><div class=\"uagb-column__overlay\"><\/div>\n<div class=\"wp-block-uagb-info-box uagb-block-eb8a4e5b-1da6-4d30-8477-8593517057e8 uagb-infobox__content-wrap  uagb-infobox-icon-below-title uagb-infobox-image-valign-top\"><div class=\"uagb-ifb-content\"><div class=\"uagb-ifb-title-wrap\"><h3 class=\"uagb-ifb-title\"> <strong>Emanuelle Helena Santos Cossolosso<\/strong><img loading=\"lazy\" decoding=\"async\" width=\"40\" height=\"40\" class=\"wp-image-807\" style=\"width: 40px;\" src=\"https:\/\/propesp.uepa.br\/ppgenf\/wp-content\/uploads\/2020\/03\/Lattes-e1585070878268.jpg\" alt=\"\"> <\/h3><\/div><div class=\"uagb-ifb-separator\"><\/div><p class=\"uagb-ifb-desc\"><strong>Orientadora:<\/strong>&nbsp;<strong>Dra.&nbsp;Maria Tita Portal Sacramento<\/strong><br><strong>Resumo da Disserta\u00e7\u00e3o defendida em 2013<a rel=\"noreferrer noopener\" href=\"https:\/\/drive.google.com\/file\/d\/107CIXJHwE6iriQrTXrzEqwWvMvCVT3hW\/view?usp=sharing\" target=\"_blank\">: HIST\u00d3RIA DE VIDA DAS MULHERES GR\u00c1VIDAS NO AMBIENTE PRISIONAL<\/a><\/strong> <\/p><\/div><\/div>\n\n\n\n<div class=\"wp-block-uagb-info-box uagb-block-3b72e42f-6cd6-48f6-b6d9-11c993489acb uagb-infobox__content-wrap  uagb-infobox-icon-below-title uagb-infobox-image-valign-top\"><div class=\"uagb-ifb-content\"><div class=\"uagb-ifb-title-wrap\"><h3 class=\"uagb-ifb-title\"> <strong>Marta Solange Camarinha Ramos Costa<\/strong><img loading=\"lazy\" decoding=\"async\" width=\"40\" height=\"40\" class=\"wp-image-807\" style=\"width: 40px;\" src=\"https:\/\/propesp.uepa.br\/ppgenf\/wp-content\/uploads\/2020\/03\/Lattes-e1585070878268.jpg\" alt=\"\"> <\/h3><\/div><div class=\"uagb-ifb-separator\"><\/div><p class=\"uagb-ifb-desc\"><strong>Orientadora:&nbsp;Dra. Mary Elizabeth de Santana<\/strong><br><strong>Co-orientador:&nbsp;Dr. S\u00edlvio \u00c9der Dias da Silva<\/strong><br><strong>Resumo da Disserta\u00e7\u00e3o defendida em 2013:&nbsp;<a rel=\"noreferrer noopener\" href=\"https:\/\/drive.google.com\/file\/d\/1UDbs3vO22iKoUocXHYqR3PqUT5cEAIhh\/view?usp=sharing\" target=\"_blank\">ADOECER E ADOLESCER COM C\u00c2NCER E SUAS REPERCUSS\u00d5ES PARA O CUIDADO DE SI: UM ESTUDO DE REPRESENTA\u00c7\u00d5ES SOCIAIS<\/a><\/strong> <\/p><\/div><\/div>\n<\/div>\n\n\n\n<div class=\"wp-block-uagb-column uagb-column__wrap uagb-column__background-color uagb-block-3a54bb59-b192-459d-9674-902a0b5435f1\"><div class=\"uagb-column__overlay\"><\/div>\n<div class=\"wp-block-uagb-info-box uagb-block-46b6a976-ec79-4ac7-87d7-f80e9484fb12 uagb-infobox__content-wrap  uagb-infobox-icon-below-title uagb-infobox-image-valign-top\"><div class=\"uagb-ifb-content\"><div class=\"uagb-ifb-title-wrap\"><h3 class=\"uagb-ifb-title\"> <strong>Juliana Concei\u00e7\u00e3o Dias Garcez<\/strong><img loading=\"lazy\" decoding=\"async\" width=\"40\" height=\"40\" class=\"wp-image-807\" style=\"width: 40px;\" src=\"https:\/\/propesp.uepa.br\/ppgenf\/wp-content\/uploads\/2020\/03\/Lattes-e1585070878268.jpg\" alt=\"\"> <\/h3><\/div><div class=\"uagb-ifb-separator\"><\/div><p class=\"uagb-ifb-desc\"><strong>Orientadora:&nbsp;Dra.&nbsp;Laura Maria Vidal Nogueira<\/strong><br><strong>Resumo da Disserta\u00e7\u00e3o defendida em 2013:<\/strong><a rel=\"noreferrer noopener\" href=\"https:\/\/drive.google.com\/file\/d\/1R0rPgIkU_kjHW8XPcTUaQDcuSKwUpq0O\/view?usp=sharing\" target=\"_blank\">&nbsp;ENTRE O PERMANENTE E O EMERGENTE: PERFIL E CONCEP\u00c7\u00d5ES DE PROFISSIONAIS DE SA\u00daDE RELATIVAS AO HIV\/AIDS<\/a> <\/p><\/div><\/div>\n\n\n\n<div class=\"wp-block-uagb-info-box uagb-block-ff4527c6-e4bc-4942-9d7a-8fce0f98dd73 uagb-infobox__content-wrap  uagb-infobox-icon-below-title uagb-infobox-image-valign-top\"><div class=\"uagb-ifb-content\"><div class=\"uagb-ifb-title-wrap\"><h3 class=\"uagb-ifb-title\"> <strong>Tatiana Menezes Noronha Panzetti<\/strong><img loading=\"lazy\" decoding=\"async\" width=\"40\" height=\"40\" class=\"wp-image-807\" style=\"width: 40px;\" src=\"https:\/\/propesp.uepa.br\/ppgenf\/wp-content\/uploads\/2020\/03\/Lattes-e1585070878268.jpg\" alt=\"\"> <\/h3><\/div><div class=\"uagb-ifb-separator\"><\/div><p class=\"uagb-ifb-desc\"> <strong>Orientadora:&nbsp;Dra.&nbsp;Mary Elizabeth de Santana<\/strong><br><strong>Resumo da Disserta\u00e7\u00e3o defendida em 2013:<\/strong><a rel=\"noreferrer noopener\" href=\"https:\/\/drive.google.com\/file\/d\/1vHQv6HXm3dm9iiSDGsJg65symqGSMw0h\/view?usp=sharing\" target=\"_blank\">&nbsp;A EXPERI\u00caNCIA DAS MULHERES COM C\u00c2NCER DE COLO DE \u00daTERO DO DIAGN\u00d3STICO AO TRATAMENTO<\/a> <\/p><\/div><\/div>\n<\/div>\n<\/div><\/section>\n","protected":false},"excerpt":{"rendered":"<p>2\u00aa TURMA &#8211; UEPA\/2011<\/p>\n","protected":false},"author":2,"featured_media":0,"parent":244,"menu_order":0,"comment_status":"closed","ping_status":"closed","template":"","meta":{"_uag_custom_page_level_css":"","site-sidebar-layout":"default","site-content-layout":"default","ast-site-content-layout":"default","site-content-style":"default","site-sidebar-style":"default","ast-global-header-display":"","ast-banner-title-visibility":"","ast-main-header-display":"","ast-hfb-above-header-display":"","ast-hfb-below-header-display":"","ast-hfb-mobile-header-display":"","site-post-title":"disabled","ast-breadcrumbs-content":"","ast-featured-img":"","footer-sml-layout":"","theme-transparent-header-meta":"default","adv-header-id-meta":"","stick-header-meta":"","header-above-stick-meta":"","header-main-stick-meta":"","header-below-stick-meta":"","astra-migrate-meta-layouts":"set","ast-page-background-enabled":"default","ast-page-background-meta":{"desktop":{"background-color":"","background-image":"","background-repeat":"repeat","background-position":"center center","background-size":"auto","background-attachment":"scroll","background-type":"","background-media":"","overlay-type":"","overlay-color":"","overlay-gradient":""},"tablet":{"background-color":"","background-image":"","background-repeat":"repeat","background-position":"center center","background-size":"auto","background-attachment":"scroll","background-type":"","background-media":"","overlay-type":"","overlay-color":"","overlay-gradient":""},"mobile":{"background-color":"","background-image":"","background-repeat":"repeat","background-position":"center center","background-size":"auto","background-attachment":"scroll","background-type":"","background-media":"","overlay-type":"","overlay-color":"","overlay-gradient":""}},"ast-content-background-meta":{"desktop":{"background-color":"var(--ast-global-color-5)","background-image":"","background-repeat":"repeat","background-position":"center center","background-size":"auto","background-attachment":"scroll","background-type":"","background-media":"","overlay-type":"","overlay-color":"","overlay-gradient":""},"tablet":{"background-color":"var(--ast-global-color-5)","background-image":"","background-repeat":"repeat","background-position":"center center","background-size":"auto","background-attachment":"scroll","background-type":"","background-media":"","overlay-type":"","overlay-color":"","overlay-gradient":""},"mobile":{"background-color":"var(--ast-global-color-5)","background-image":"","background-repeat":"repeat","background-position":"center center","background-size":"auto","background-attachment":"scroll","background-type":"","background-media":"","overlay-type":"","overlay-color":"","overlay-gradient":""}},"footnotes":""},"uagb_featured_image_src":{"full":false,"thumbnail":false,"medium":false,"medium_large":false,"large":false,"1536x1536":false,"2048x2048":false},"uagb_author_info":{"display_name":"nelma.ramos@uepa.br","author_link":"https:\/\/propesp.uepa.br\/ppgenf\/index.php\/author\/nelma-ramosuepa-br\/"},"uagb_comment_info":0,"uagb_excerpt":"2\u00aa TURMA &#8211; UEPA\/2011","_links":{"self":[{"href":"https:\/\/propesp.uepa.br\/ppgenf\/index.php\/wp-json\/wp\/v2\/pages\/925"}],"collection":[{"href":"https:\/\/propesp.uepa.br\/ppgenf\/index.php\/wp-json\/wp\/v2\/pages"}],"about":[{"href":"https:\/\/propesp.uepa.br\/ppgenf\/index.php\/wp-json\/wp\/v2\/types\/page"}],"author":[{"embeddable":true,"href":"https:\/\/propesp.uepa.br\/ppgenf\/index.php\/wp-json\/wp\/v2\/users\/2"}],"replies":[{"embeddable":true,"href":"https:\/\/propesp.uepa.br\/ppgenf\/index.php\/wp-json\/wp\/v2\/comments?post=925"}],"version-history":[{"count":9,"href":"https:\/\/propesp.uepa.br\/ppgenf\/index.php\/wp-json\/wp\/v2\/pages\/925\/revisions"}],"predecessor-version":[{"id":6399,"href":"https:\/\/propesp.uepa.br\/ppgenf\/index.php\/wp-json\/wp\/v2\/pages\/925\/revisions\/6399"}],"up":[{"embeddable":true,"href":"https:\/\/propesp.uepa.br\/ppgenf\/index.php\/wp-json\/wp\/v2\/pages\/244"}],"wp:attachment":[{"href":"https:\/\/propesp.uepa.br\/ppgenf\/index.php\/wp-json\/wp\/v2\/media?parent=925"}],"curies":[{"name":"wp","href":"https:\/\/api.w.org\/{rel}","templated":true}]}}