{"id":929,"date":"2020-05-21T14:33:23","date_gmt":"2020-05-21T17:33:23","guid":{"rendered":"https:\/\/propesp.uepa.br\/ppgenf\/?page_id=929"},"modified":"2026-03-03T11:31:21","modified_gmt":"2026-03-03T14:31:21","slug":"4a-turma-uepa-2013","status":"publish","type":"page","link":"https:\/\/propesp.uepa.br\/ppgenf\/index.php\/corpo-discente\/egressos-uepa\/4a-turma-uepa-2013\/","title":{"rendered":"4\u00aa Turma &#8211; UEPA \/ 2013"},"content":{"rendered":"\n<div class=\"wp-block-uagb-advanced-heading uagb-block-20e42255\"><h2 class=\"uagb-heading-text\"><strong>4\u00aa TURMA &#8211; UEPA\/2013<\/strong><\/h2><div class=\"uagb-separator\"><\/div><\/div>\n\n\n\n<section class=\"wp-block-uagb-columns uagb-columns__wrap uagb-columns__background-none uagb-columns__stack-mobile uagb-columns__valign- uagb-columns__gap-10 align uagb-block-46c5785d-46fc-4856-9763-9f9fe05910dc uagb-columns__columns-2 uagb-columns__max_width-theme\"><div class=\"uagb-columns__overlay\"><\/div><div class=\"uagb-columns__inner-wrap uagb-columns__columns-2\">\n<div class=\"wp-block-uagb-column uagb-column__wrap uagb-column__background-color uagb-block-394b6ac8-6a17-4ebf-80f3-2ff981b8247d\"><div class=\"uagb-column__overlay\"><\/div>\n<div class=\"wp-block-uagb-info-box uagb-block-c61f44f2-de00-4056-ae7e-a03f60848ab6 uagb-infobox__content-wrap  uagb-infobox-icon-below-title uagb-infobox-image-valign-top\"><div class=\"uagb-ifb-content\"><div class=\"uagb-ifb-title-wrap\"><h3 class=\"uagb-ifb-title\"> <strong>Adilson Mendes de Figueiredo&nbsp;J\u00fanior<\/strong><a href=\"http:\/\/lattes.cnpq.br\/5093807193411324\"><img loading=\"lazy\" decoding=\"async\" width=\"40\" height=\"40\" class=\"wp-image-807\" style=\"width: 40px;\" src=\"https:\/\/propesp.uepa.br\/ppgenf\/wp-content\/uploads\/2020\/03\/Lattes-e1585070878268.jpg\" alt=\"\"><\/a> <\/h3><\/div><div class=\"uagb-ifb-separator\"><\/div><p class=\"uagb-ifb-desc\"><strong>Orientadora:<\/strong>&nbsp;<strong>Dra.&nbsp;Antonia Margareth Moita S\u00e1<\/strong><br><strong>Resumo da Disserta\u00e7\u00e3o defendida em 2015:&nbsp;<a rel=\"noreferrer noopener\" href=\"https:\/\/drive.google.com\/file\/d\/18LraJyL_loN9vkq1CqQKskdJ-kmxaFMR\/view?usp=sharing\" target=\"_blank\">PREVAL\u00caNCIA DA INFEC\u00c7\u00c3O LATENTE TUBERCULOSA EM COMUNICANTES DE PORTADORES DE TUBERCULOSE PULMONAR<\/a><\/strong> <\/p><\/div><\/div>\n<\/div>\n\n\n\n<div class=\"wp-block-uagb-column uagb-column__wrap uagb-column__background-color uagb-block-e478cdd9-01a9-4dce-9f60-01facb46ad62\"><div class=\"uagb-column__overlay\"><\/div>\n<div class=\"wp-block-uagb-info-box uagb-block-4421ed8b-9b91-4caf-9907-7f1ad3a0d634 uagb-infobox__content-wrap  uagb-infobox-icon-below-title uagb-infobox-image-valign-top\"><div class=\"uagb-ifb-content\"><div class=\"uagb-ifb-title-wrap\"><h3 class=\"uagb-ifb-title\"> <strong>Anderson Lineu Siqueira dos Santos<\/strong><a href=\"http:\/\/lattes.cnpq.br\/9727490230028203\"><img loading=\"lazy\" decoding=\"async\" width=\"40\" height=\"40\" class=\"wp-image-807\" style=\"width: 40px;\" src=\"https:\/\/propesp.uepa.br\/ppgenf\/wp-content\/uploads\/2020\/03\/Lattes-e1585070878268.jpg\" alt=\"\"><\/a> <\/h3><\/div><div class=\"uagb-ifb-separator\"><\/div><p class=\"uagb-ifb-desc\"><strong>Orientadora:&nbsp;Dra.&nbsp;Ivonete Vieira Pereira Peixoto<\/strong><br><strong>Co-orientadora:&nbsp;Profa. Dra.&nbsp;Angela Maria Rodrigues Ferreira<\/strong><br><strong>Resumo da Disserta\u00e7\u00e3o defendida em 2015:&nbsp;<a rel=\"noreferrer noopener\" href=\"https:\/\/drive.google.com\/file\/d\/1hd1xIqomur6HfOXuInDCt9x-nIS9zIRV\/view?usp=sharing\" target=\"_blank\">PERCEP\u00c7\u00d5ES SOBRE AS REA\u00c7\u00d5ES HANS\u00caNICAS: O CUIDADO DE SI<\/a><\/strong> <\/p><\/div><\/div>\n<\/div>\n<\/div><\/section>\n\n\n\n<section class=\"wp-block-uagb-columns uagb-columns__wrap uagb-columns__background-none uagb-columns__stack-mobile uagb-columns__valign- uagb-columns__gap-10 align uagb-block-55e4107b-5e65-4ec4-8401-c0403928b711 uagb-columns__columns-2 uagb-columns__max_width-theme\"><div class=\"uagb-columns__overlay\"><\/div><div class=\"uagb-columns__inner-wrap uagb-columns__columns-2\">\n<div class=\"wp-block-uagb-column uagb-column__wrap uagb-column__background-color uagb-block-8522f60c-c658-4a0b-848a-7f9f0705265f\"><div class=\"uagb-column__overlay\"><\/div>\n<div class=\"wp-block-uagb-info-box uagb-block-5c6c1df5-a0ce-44ba-aca2-0f7cc26be686 uagb-infobox__content-wrap  uagb-infobox-icon-below-title uagb-infobox-image-valign-top\"><div class=\"uagb-ifb-content\"><div class=\"uagb-ifb-title-wrap\"><h3 class=\"uagb-ifb-title\"> <strong>Camila Rodrigues Barbosa<\/strong><a href=\"http:\/\/lattes.cnpq.br\/9193622763928241\"><img loading=\"lazy\" decoding=\"async\" width=\"40\" height=\"40\" class=\"wp-image-807\" style=\"width: 40px;\" src=\"https:\/\/propesp.uepa.br\/ppgenf\/wp-content\/uploads\/2020\/03\/Lattes-e1585070878268.jpg\" alt=\"\"><\/a> <\/h3><\/div><div class=\"uagb-ifb-separator\"><\/div><p class=\"uagb-ifb-desc\"><strong>Orientadora:&nbsp;Dra.&nbsp;Elizabeth Teixeira<\/strong><br><strong>Resumo da Disserta\u00e7\u00e3o defendida em 2015:<a rel=\"noreferrer noopener\" href=\"https:\/\/drive.google.com\/file\/d\/1M-Wrl0JtF2Wsmc1MjAmxCXe7Xf8NUE_k\/view?usp=sharing\" target=\"_blank\">&nbsp;UM OLHAR SOBRE O CUIDAR DE PESSOAS VIVENDO COM HIV\/AIDS: DIMENS\u00d5ES REPRESENTACIONAIS DE PROFISSIONAIS DE SA\u00daDE \u00c0 LUZ DA POL\u00cdTICA NACIONAL DE HUMANIZA\u00c7\u00c3O<\/a><\/strong> <\/p><\/div><\/div>\n\n\n\n<div class=\"wp-block-uagb-info-box uagb-block-d74f0c31-8797-4871-ad58-d9d5ab0fbbf8 uagb-infobox__content-wrap  uagb-infobox-icon-below-title uagb-infobox-image-valign-top\"><div class=\"uagb-ifb-content\"><div class=\"uagb-ifb-title-wrap\"><h3 class=\"uagb-ifb-title\"> <strong>Daiane de Souza Fernandes<\/strong><a href=\"http:\/\/lattes.cnpq.br\/4124678360512470\"><img loading=\"lazy\" decoding=\"async\" width=\"40\" height=\"40\" class=\"wp-image-807\" style=\"width: 40px;\" src=\"https:\/\/propesp.uepa.br\/ppgenf\/wp-content\/uploads\/2020\/03\/Lattes-e1585070878268.jpg\" alt=\"\"><\/a> <\/h3><\/div><div class=\"uagb-ifb-separator\"><\/div><p class=\"uagb-ifb-desc\"><strong>Orientadora:&nbsp;Dra.&nbsp;Maria Izabel Penha de Oliveira Santos<\/strong><br><strong>Resumo da Disserta\u00e7\u00e3o defendida em 2015:<\/strong><a rel=\"noreferrer noopener\" href=\"https:\/\/drive.google.com\/file\/d\/1xyhr_QkFIgK68LonX4edAPEFOJsHM0bl\/view?usp=sharing\" target=\"_blank\"><strong>&nbsp;AVALIA\u00c7\u00c3O DA CAPACIDADE FUNCIONAL DE IDOSOS LONGEVOS AMAZ\u00d4NIDAS<\/strong><\/a> <\/p><\/div><\/div>\n<\/div>\n\n\n\n<div class=\"wp-block-uagb-column uagb-column__wrap uagb-column__background-color uagb-block-3e4f9274-f519-48fb-abc6-1b67ed551173\"><div class=\"uagb-column__overlay\"><\/div>\n<div class=\"wp-block-uagb-info-box uagb-block-9d24f166-c5de-4cc6-b3b8-b21777e0ab13 uagb-infobox__content-wrap  uagb-infobox-icon-below-title uagb-infobox-image-valign-top\"><div class=\"uagb-ifb-content\"><div class=\"uagb-ifb-title-wrap\"><h3 class=\"uagb-ifb-title\"> <strong>Cl\u00e1udia Cristina Pinto Girard<\/strong><a href=\"http:\/\/lattes.cnpq.br\/0034223651771939\"><img loading=\"lazy\" decoding=\"async\" width=\"40\" height=\"40\" class=\"wp-image-807\" style=\"width: 40px;\" src=\"https:\/\/propesp.uepa.br\/ppgenf\/wp-content\/uploads\/2020\/03\/Lattes-e1585070878268.jpg\" alt=\"\"><\/a> <\/h3><\/div><div class=\"uagb-ifb-separator\"><\/div><p class=\"uagb-ifb-desc\"><strong>Orientadora:&nbsp;Dra.&nbsp;Elizabeth Teixeira<\/strong><br><strong>Resumo da Disserta\u00e7\u00e3o defendida em 2015:<\/strong><a rel=\"noreferrer noopener\" href=\"https:\/\/drive.google.com\/file\/d\/1IYECpEFgR0L5Fp_bX74SJtHsMHYz4nz6\/view?usp=sharing\" target=\"_blank\">&nbsp;SABERES E PR\u00c1TICAS DE M\u00c3ES E ENFERMEIROS SOBRE ALIMENTA\u00c7\u00c3O COMPLEMENTAR: SUBS\u00cdDIOS PARA PRODU\u00c7\u00c3O DE TECNOLOGIA EDUCACIONAL<\/a> <\/p><\/div><\/div>\n\n\n\n<div class=\"wp-block-uagb-info-box uagb-block-403904c1-e600-4f1e-af75-6c4f7bdeea25 uagb-infobox__content-wrap  uagb-infobox-icon-below-title uagb-infobox-image-valign-top\"><div class=\"uagb-ifb-content\"><div class=\"uagb-ifb-title-wrap\"><h3 class=\"uagb-ifb-title\"> <strong>\u00c9rika de C\u00e1ssia Lima Xavier<\/strong><a href=\"http:\/\/lattes.cnpq.br\/5848075892003696\"><img loading=\"lazy\" decoding=\"async\" width=\"40\" height=\"40\" class=\"wp-image-807\" style=\"width: 40px;\" src=\"https:\/\/propesp.uepa.br\/ppgenf\/wp-content\/uploads\/2020\/03\/Lattes-e1585070878268.jpg\" alt=\"\"><\/a> <\/h3><\/div><div class=\"uagb-ifb-separator\"><\/div><p class=\"uagb-ifb-desc\"><strong>Orientadora:&nbsp;Dra.&nbsp;Mary Elizabeth de Santana<\/strong><br><strong>Resumo da Disserta\u00e7\u00e3o defendida em 2015:&nbsp;<a rel=\"noreferrer noopener\" href=\"https:\/\/drive.google.com\/file\/d\/1iyW7lVk4_T8eswgjOhEJkpzIdVWAyHJX\/view?usp=sharing\" target=\"_blank\">OS SENTIDOS ATRIBU\u00cdDOS \u00c0 EXPERI\u00caNCIA COM A IMAGEM CORPORAL POR LARINGECTOMIZADOS TOTAIS<\/a><\/strong> <\/p><\/div><\/div>\n<\/div>\n<\/div><\/section>\n","protected":false},"excerpt":{"rendered":"<p>4\u00aa TURMA &#8211; UEPA\/2013<\/p>\n","protected":false},"author":2,"featured_media":0,"parent":244,"menu_order":0,"comment_status":"closed","ping_status":"closed","template":"","meta":{"_uag_custom_page_level_css":"","site-sidebar-layout":"default","site-content-layout":"default","ast-site-content-layout":"default","site-content-style":"default","site-sidebar-style":"default","ast-global-header-display":"","ast-banner-title-visibility":"","ast-main-header-display":"","ast-hfb-above-header-display":"","ast-hfb-below-header-display":"","ast-hfb-mobile-header-display":"","site-post-title":"disabled","ast-breadcrumbs-content":"","ast-featured-img":"","footer-sml-layout":"","theme-transparent-header-meta":"default","adv-header-id-meta":"","stick-header-meta":"","header-above-stick-meta":"","header-main-stick-meta":"","header-below-stick-meta":"","astra-migrate-meta-layouts":"set","ast-page-background-enabled":"default","ast-page-background-meta":{"desktop":{"background-color":"","background-image":"","background-repeat":"repeat","background-position":"center center","background-size":"auto","background-attachment":"scroll","background-type":"","background-media":"","overlay-type":"","overlay-color":"","overlay-gradient":""},"tablet":{"background-color":"","background-image":"","background-repeat":"repeat","background-position":"center center","background-size":"auto","background-attachment":"scroll","background-type":"","background-media":"","overlay-type":"","overlay-color":"","overlay-gradient":""},"mobile":{"background-color":"","background-image":"","background-repeat":"repeat","background-position":"center center","background-size":"auto","background-attachment":"scroll","background-type":"","background-media":"","overlay-type":"","overlay-color":"","overlay-gradient":""}},"ast-content-background-meta":{"desktop":{"background-color":"var(--ast-global-color-5)","background-image":"","background-repeat":"repeat","background-position":"center center","background-size":"auto","background-attachment":"scroll","background-type":"","background-media":"","overlay-type":"","overlay-color":"","overlay-gradient":""},"tablet":{"background-color":"var(--ast-global-color-5)","background-image":"","background-repeat":"repeat","background-position":"center center","background-size":"auto","background-attachment":"scroll","background-type":"","background-media":"","overlay-type":"","overlay-color":"","overlay-gradient":""},"mobile":{"background-color":"var(--ast-global-color-5)","background-image":"","background-repeat":"repeat","background-position":"center center","background-size":"auto","background-attachment":"scroll","background-type":"","background-media":"","overlay-type":"","overlay-color":"","overlay-gradient":""}},"footnotes":""},"uagb_featured_image_src":{"full":false,"thumbnail":false,"medium":false,"medium_large":false,"large":false,"1536x1536":false,"2048x2048":false},"uagb_author_info":{"display_name":"nelma.ramos@uepa.br","author_link":"https:\/\/propesp.uepa.br\/ppgenf\/index.php\/author\/nelma-ramosuepa-br\/"},"uagb_comment_info":0,"uagb_excerpt":"4\u00aa TURMA &#8211; UEPA\/2013","_links":{"self":[{"href":"https:\/\/propesp.uepa.br\/ppgenf\/index.php\/wp-json\/wp\/v2\/pages\/929"}],"collection":[{"href":"https:\/\/propesp.uepa.br\/ppgenf\/index.php\/wp-json\/wp\/v2\/pages"}],"about":[{"href":"https:\/\/propesp.uepa.br\/ppgenf\/index.php\/wp-json\/wp\/v2\/types\/page"}],"author":[{"embeddable":true,"href":"https:\/\/propesp.uepa.br\/ppgenf\/index.php\/wp-json\/wp\/v2\/users\/2"}],"replies":[{"embeddable":true,"href":"https:\/\/propesp.uepa.br\/ppgenf\/index.php\/wp-json\/wp\/v2\/comments?post=929"}],"version-history":[{"count":7,"href":"https:\/\/propesp.uepa.br\/ppgenf\/index.php\/wp-json\/wp\/v2\/pages\/929\/revisions"}],"predecessor-version":[{"id":6401,"href":"https:\/\/propesp.uepa.br\/ppgenf\/index.php\/wp-json\/wp\/v2\/pages\/929\/revisions\/6401"}],"up":[{"embeddable":true,"href":"https:\/\/propesp.uepa.br\/ppgenf\/index.php\/wp-json\/wp\/v2\/pages\/244"}],"wp:attachment":[{"href":"https:\/\/propesp.uepa.br\/ppgenf\/index.php\/wp-json\/wp\/v2\/media?parent=929"}],"curies":[{"name":"wp","href":"https:\/\/api.w.org\/{rel}","templated":true}]}}