{"id":932,"date":"2020-05-21T14:34:12","date_gmt":"2020-05-21T17:34:12","guid":{"rendered":"https:\/\/propesp.uepa.br\/ppgenf\/?page_id=932"},"modified":"2026-03-03T11:32:27","modified_gmt":"2026-03-03T14:32:27","slug":"5a-turma-uepa-2014","status":"publish","type":"page","link":"https:\/\/propesp.uepa.br\/ppgenf\/index.php\/corpo-discente\/egressos-uepa\/5a-turma-uepa-2014\/","title":{"rendered":"5\u00aa Turma &#8211; UEPA \/ 2014"},"content":{"rendered":"\n<div class=\"wp-block-uagb-advanced-heading uagb-block-4280cc14\"><h2 class=\"uagb-heading-text\"><strong>5\u00aa TURMA &#8211; UEPA\/2014<\/strong><\/h2><div class=\"uagb-separator\"><\/div><\/div>\n\n\n\n<section class=\"wp-block-uagb-columns uagb-columns__wrap uagb-columns__background-none uagb-columns__stack-mobile uagb-columns__valign- uagb-columns__gap-10 align uagb-block-a585d85f-0136-404d-925d-04e3fc59afca uagb-columns__columns-2 uagb-columns__max_width-theme\"><div class=\"uagb-columns__overlay\"><\/div><div class=\"uagb-columns__inner-wrap uagb-columns__columns-2\">\n<div class=\"wp-block-uagb-column uagb-column__wrap uagb-column__background-color uagb-block-1934ab83-6dc0-4eec-8b3e-e66d72aadcd7\"><div class=\"uagb-column__overlay\"><\/div>\n<div class=\"wp-block-uagb-info-box uagb-block-09743218-53db-4899-b09a-5bfda5a9face uagb-infobox__content-wrap  uagb-infobox-icon-below-title uagb-infobox-image-valign-top\"><div class=\"uagb-ifb-content\"><div class=\"uagb-ifb-title-wrap\"><h3 class=\"uagb-ifb-title\"> <strong>Janete Silva Rezende da Silva<\/strong><img loading=\"lazy\" decoding=\"async\" width=\"40\" height=\"40\" class=\"wp-image-807\" style=\"width: 40px;\" src=\"https:\/\/propesp.uepa.br\/ppgenf\/wp-content\/uploads\/2020\/03\/Lattes-e1585070878268.jpg\" alt=\"\"> <\/h3><\/div><div class=\"uagb-ifb-separator\"><\/div><p class=\"uagb-ifb-desc\"><strong>Orientadora:&nbsp;Dra.&nbsp;Iac\u00ed Proen\u00e7a Palmeira<\/strong><br><strong>Resumo da Disserta\u00e7\u00e3o defendida em 2016:&nbsp;<a rel=\"noreferrer noopener\" href=\"https:\/\/drive.google.com\/file\/d\/1qir8CSn-8sM_qsBZVAR-zj0DT98OJsU5\/view?usp=sharing\" target=\"_blank\">AN\u00c1LISE DO GRAU DE INCAPACIDADE F\u00cdSICA EM CASOS NOVOS DE HANSEN\u00cdASE EM UMA UNIDADE DE REFER\u00caNCIA NO PAR\u00c1<\/a><\/strong> <\/p><\/div><\/div>\n\n\n\n<div class=\"wp-block-uagb-info-box uagb-block-b11aede3-6187-4b68-8f50-45cfb5a4a82a uagb-infobox__content-wrap  uagb-infobox-icon-below-title uagb-infobox-image-valign-top\"><div class=\"uagb-ifb-content\"><div class=\"uagb-ifb-title-wrap\"><h3 class=\"uagb-ifb-title\"> <strong>Marune Melo T\u00e1vora<\/strong><a href=\"http:\/\/lattes.cnpq.br\/0817045457880708\"><img loading=\"lazy\" decoding=\"async\" width=\"40\" height=\"40\" class=\"wp-image-807\" style=\"width: 40px;\" src=\"https:\/\/propesp.uepa.br\/ppgenf\/wp-content\/uploads\/2020\/03\/Lattes-e1585070878268.jpg\" alt=\"\"><\/a> <\/h3><\/div><div class=\"uagb-ifb-separator\"><\/div><p class=\"uagb-ifb-desc\"><strong>Orientadora:&nbsp;Dra.&nbsp;Ivaneide Leal Ata\u00edde Rodrigues<\/strong><br><strong>Resumo da Disserta\u00e7\u00e3o defendida em 2016:&nbsp;<a rel=\"noreferrer noopener\" href=\"https:\/\/drive.google.com\/file\/d\/1QP30SFWxMopJSzllE5bJBVlffPSNEo-V\/view?usp=sharing\" target=\"_blank\">FATORES QUE INTERFEREM NO SUCESSO DO TRATAMENTO DIRETAMENTE OBSERVADO EM TUBERCULOSE<\/a><\/strong> <\/p><\/div><\/div>\n<\/div>\n\n\n\n<div class=\"wp-block-uagb-column uagb-column__wrap uagb-column__background-color uagb-block-a82a2297-b525-40d0-add6-ef9f331caaa7\"><div class=\"uagb-column__overlay\"><\/div>\n<div class=\"wp-block-uagb-info-box uagb-block-5f37a096-93eb-4515-bba9-c445ee8db72e uagb-infobox__content-wrap  uagb-infobox-icon-below-title uagb-infobox-image-valign-top\"><div class=\"uagb-ifb-content\"><div class=\"uagb-ifb-title-wrap\"><h3 class=\"uagb-ifb-title\"> <strong>L\u00edvia F\u00e9lix de Oliveira<\/strong><a href=\"http:\/\/lattes.cnpq.br\/3750988415524252\"><img loading=\"lazy\" decoding=\"async\" width=\"40\" height=\"40\" class=\"wp-image-807\" style=\"width: 40px;\" src=\"https:\/\/propesp.uepa.br\/ppgenf\/wp-content\/uploads\/2020\/03\/Lattes-e1585070878268.jpg\" alt=\"\"><\/a> <\/h3><\/div><div class=\"uagb-ifb-separator\"><\/div><p class=\"uagb-ifb-desc\"><strong>Orientadora:&nbsp;Dra. Laura Maria Vidal Nogueira<\/strong><br><strong>Resumo da Disserta\u00e7\u00e3o defendida em 2016:&nbsp;<a rel=\"noreferrer noopener\" href=\"https:\/\/drive.google.com\/file\/d\/1aokC5-eCvIrwCfCOoeFSjkaCuSN4us8J\/view?usp=sharing\" target=\"_blank\">TUBERCULOSE AN\u00c1LISE DO TEMPO ENTRE A IDENTIFICA\u00c7\u00c3O DO SINTOM\u00c1TICO RESPIRAT\u00d3RIO E O IN\u00cdCIO DO TRATAMENTO<\/a><\/strong> <\/p><\/div><\/div>\n\n\n\n<div class=\"wp-block-uagb-info-box uagb-block-7c2f21d7-99d0-4c7c-a6f1-319df6bb8206 uagb-infobox__content-wrap  uagb-infobox-icon-below-title uagb-infobox-image-valign-top\"><div class=\"uagb-ifb-content\"><div class=\"uagb-ifb-title-wrap\"><h3 class=\"uagb-ifb-title\"> <strong>Rubia Rodrigues Neves<\/strong><a href=\"http:\/\/lattes.cnpq.br\/8565731780053662\"><img loading=\"lazy\" decoding=\"async\" width=\"40\" height=\"40\" class=\"wp-image-807\" style=\"width: 40px;\" src=\"https:\/\/propesp.uepa.br\/ppgenf\/wp-content\/uploads\/2020\/03\/Lattes-e1585070878268.jpg\" alt=\"\"><\/a> <\/h3><\/div><div class=\"uagb-ifb-separator\"><\/div><p class=\"uagb-ifb-desc\"><strong>Orientadora:&nbsp;Dra.&nbsp;\u00c2ngela Maria Rodrigues Ferreira<\/strong><br><strong>Co-orientadora:&nbsp;Profa. Dra.&nbsp;Antonia Margareth Moita S\u00e1<\/strong><br><strong>Resumo da Disserta\u00e7\u00e3o defendida em 2016:&nbsp;<a rel=\"noreferrer noopener\" href=\"https:\/\/drive.google.com\/file\/d\/1leE_DmCSWx4A9RA33r5U6kYCAm8jw_w7\/view?usp=sharing\" target=\"_blank\">AVALIA\u00c7\u00c3O DO ACESSO DE DOENTES DE TUBERCULOSE AO DIAGN\u00d3STICO NO \u00c2MBITO DA ATEN\u00c7\u00c3O B\u00c1SICA DE SA\u00daDE<\/a><\/strong> <\/p><\/div><\/div>\n<\/div>\n<\/div><\/section>\n\n\n\n<section class=\"wp-block-uagb-columns uagb-columns__wrap uagb-columns__background-none uagb-columns__stack-mobile uagb-columns__valign- uagb-columns__gap-10 align uagb-block-cb0114e1-0689-438b-bb22-5ebf011ae96b uagb-columns__columns-2 uagb-columns__max_width-theme\"><div class=\"uagb-columns__overlay\"><\/div><div class=\"uagb-columns__inner-wrap uagb-columns__columns-2\">\n<div class=\"wp-block-uagb-column uagb-column__wrap uagb-column__background-color uagb-block-f35412be-cfad-4d89-a226-91f64f311e1c\"><div class=\"uagb-column__overlay\"><\/div>\n<div class=\"wp-block-uagb-info-box uagb-block-44808b79-c0c6-472b-a2ba-719b3dc412c2 uagb-infobox__content-wrap  uagb-infobox-icon-below-title uagb-infobox-image-valign-top\"><div class=\"uagb-ifb-content\"><div class=\"uagb-ifb-title-wrap\"><h3 class=\"uagb-ifb-title\"> <strong>Bruna Alessandra Costa e Silva Panarra<\/strong><a href=\"http:\/\/lattes.cnpq.br\/0196000986983492\"><img loading=\"lazy\" decoding=\"async\" width=\"40\" height=\"40\" class=\"wp-image-807\" style=\"width: 40px;\" src=\"https:\/\/propesp.uepa.br\/ppgenf\/wp-content\/uploads\/2020\/03\/Lattes-e1585070878268.jpg\" alt=\"\"><\/a> <\/h3><\/div><div class=\"uagb-ifb-separator\"><\/div><p class=\"uagb-ifb-desc\"><strong>Orientadora:<\/strong>&nbsp;<strong>Dra.&nbsp;Iac\u00ed Proen\u00e7a Palmeira<\/strong><br><strong>Resumo da Disserta\u00e7\u00e3o defendida em 2016:&nbsp;<a rel=\"noreferrer noopener\" href=\"https:\/\/drive.google.com\/file\/d\/1GhU6sZ0Pbhl43sK54_LUaS3AqLRInuCF\/view?usp=sharing\" target=\"_blank\">REPRESENTA\u00c7\u00d5ES SOCIAIS DE PROFISSIONAIS DE SA\u00daDE SOBRE AS PESSOAS QUE VIVEM COM HIV<\/a><\/strong> <\/p><\/div><\/div>\n\n\n\n<div class=\"wp-block-uagb-info-box uagb-block-db65b3ac-2900-4e72-badd-4f11112a3a63 uagb-infobox__content-wrap  uagb-infobox-icon-below-title uagb-infobox-image-valign-top\"><div class=\"uagb-ifb-content\"><div class=\"uagb-ifb-title-wrap\"><h3 class=\"uagb-ifb-title\"><strong>Nath\u00e1lia de Ara\u00fajo Sarges<\/strong><a href=\"http:\/\/lattes.cnpq.br\/3201570396457248\"><img loading=\"lazy\" decoding=\"async\" width=\"40\" height=\"40\" class=\"wp-image-807\" style=\"width: 40px;\" src=\"https:\/\/propesp.uepa.br\/ppgenf\/wp-content\/uploads\/2020\/03\/Lattes-e1585070878268.jpg\" alt=\"\"><\/a><\/h3><\/div><div class=\"uagb-ifb-separator\"><\/div><p class=\"uagb-ifb-desc\"><strong>Orientadora:<\/strong>&nbsp;<strong>Dra.&nbsp;Maria Izabel Penha de Oliveira Santos<\/strong><br><strong>Resumo da Disserta\u00e7\u00e3o defendida em 2016:<\/strong>   <a href=\"https:\/\/drive.google.com\/file\/d\/17MmlcUOTXpBo0Y79RdG0K5tUHIfbMpZv\/view?usp=sharing\"><strong>AVALIA\u00c7\u00c3O DA SEGURAN\u00c7A DO IDOSO HOSPITALIZADO QUANTO AO RISCO DE QUEDAS<\/strong> <\/a><\/p><\/div><\/div>\n<\/div>\n\n\n\n<div class=\"wp-block-uagb-column uagb-column__wrap uagb-column__background-color uagb-block-e07593e2-bd43-4c48-8e76-9764368c8464\"><div class=\"uagb-column__overlay\"><\/div>\n<div class=\"wp-block-uagb-info-box uagb-block-dcc2be7b-3c6e-4b61-89dd-6aeff7444add uagb-infobox__content-wrap  uagb-infobox-icon-below-title uagb-infobox-image-valign-top\"><div class=\"uagb-ifb-content\"><div class=\"uagb-ifb-title-wrap\"><h3 class=\"uagb-ifb-title\"> <strong>Val\u00e9ria Soares Bechir<\/strong><a href=\"http:\/\/lattes.cnpq.br\/7151101848301433\"><img loading=\"lazy\" decoding=\"async\" width=\"40\" height=\"40\" class=\"wp-image-807\" style=\"width: 40px;\" src=\"https:\/\/propesp.uepa.br\/ppgenf\/wp-content\/uploads\/2020\/03\/Lattes-e1585070878268.jpg\" alt=\"\"><\/a> <\/h3><\/div><div class=\"uagb-ifb-separator\"><\/div><p class=\"uagb-ifb-desc\"><strong>Orientadora:&nbsp;Dra.&nbsp;Ana Gracinda Ign\u00e1cio da Silva<\/strong><br><strong>Resumo da Disserta\u00e7\u00e3o defendida em 2016:&nbsp;<a rel=\"noreferrer noopener\" href=\"https:\/\/drive.google.com\/file\/d\/1jQ20Gy5-aRXgofJFl1vEj9AxqDzTrdOs\/view?usp=sharing\" target=\"_blank\">AMAMENTA\u00c7\u00c3O DE REC\u00c9M-NASCIDOS PREMATUROS: UMA AVALIA\u00c7\u00c3O RETROSPECTIVA EM UM HOSPITAL AMIGO DA CRIAN\u00c7A<\/a><\/strong> <\/p><\/div><\/div>\n<\/div>\n<\/div><\/section>\n","protected":false},"excerpt":{"rendered":"<p>5\u00aa TURMA &#8211; UEPA\/2014<\/p>\n","protected":false},"author":2,"featured_media":0,"parent":244,"menu_order":0,"comment_status":"closed","ping_status":"closed","template":"","meta":{"_uag_custom_page_level_css":"","site-sidebar-layout":"default","site-content-layout":"default","ast-site-content-layout":"default","site-content-style":"default","site-sidebar-style":"default","ast-global-header-display":"","ast-banner-title-visibility":"","ast-main-header-display":"","ast-hfb-above-header-display":"","ast-hfb-below-header-display":"","ast-hfb-mobile-header-display":"","site-post-title":"disabled","ast-breadcrumbs-content":"","ast-featured-img":"","footer-sml-layout":"","theme-transparent-header-meta":"default","adv-header-id-meta":"","stick-header-meta":"","header-above-stick-meta":"","header-main-stick-meta":"","header-below-stick-meta":"","astra-migrate-meta-layouts":"set","ast-page-background-enabled":"default","ast-page-background-meta":{"desktop":{"background-color":"","background-image":"","background-repeat":"repeat","background-position":"center center","background-size":"auto","background-attachment":"scroll","background-type":"","background-media":"","overlay-type":"","overlay-color":"","overlay-gradient":""},"tablet":{"background-color":"","background-image":"","background-repeat":"repeat","background-position":"center center","background-size":"auto","background-attachment":"scroll","background-type":"","background-media":"","overlay-type":"","overlay-color":"","overlay-gradient":""},"mobile":{"background-color":"","background-image":"","background-repeat":"repeat","background-position":"center center","background-size":"auto","background-attachment":"scroll","background-type":"","background-media":"","overlay-type":"","overlay-color":"","overlay-gradient":""}},"ast-content-background-meta":{"desktop":{"background-color":"var(--ast-global-color-5)","background-image":"","background-repeat":"repeat","background-position":"center center","background-size":"auto","background-attachment":"scroll","background-type":"","background-media":"","overlay-type":"","overlay-color":"","overlay-gradient":""},"tablet":{"background-color":"var(--ast-global-color-5)","background-image":"","background-repeat":"repeat","background-position":"center center","background-size":"auto","background-attachment":"scroll","background-type":"","background-media":"","overlay-type":"","overlay-color":"","overlay-gradient":""},"mobile":{"background-color":"var(--ast-global-color-5)","background-image":"","background-repeat":"repeat","background-position":"center center","background-size":"auto","background-attachment":"scroll","background-type":"","background-media":"","overlay-type":"","overlay-color":"","overlay-gradient":""}},"footnotes":""},"uagb_featured_image_src":{"full":false,"thumbnail":false,"medium":false,"medium_large":false,"large":false,"1536x1536":false,"2048x2048":false},"uagb_author_info":{"display_name":"nelma.ramos@uepa.br","author_link":"https:\/\/propesp.uepa.br\/ppgenf\/index.php\/author\/nelma-ramosuepa-br\/"},"uagb_comment_info":0,"uagb_excerpt":"5\u00aa TURMA &#8211; UEPA\/2014","_links":{"self":[{"href":"https:\/\/propesp.uepa.br\/ppgenf\/index.php\/wp-json\/wp\/v2\/pages\/932"}],"collection":[{"href":"https:\/\/propesp.uepa.br\/ppgenf\/index.php\/wp-json\/wp\/v2\/pages"}],"about":[{"href":"https:\/\/propesp.uepa.br\/ppgenf\/index.php\/wp-json\/wp\/v2\/types\/page"}],"author":[{"embeddable":true,"href":"https:\/\/propesp.uepa.br\/ppgenf\/index.php\/wp-json\/wp\/v2\/users\/2"}],"replies":[{"embeddable":true,"href":"https:\/\/propesp.uepa.br\/ppgenf\/index.php\/wp-json\/wp\/v2\/comments?post=932"}],"version-history":[{"count":8,"href":"https:\/\/propesp.uepa.br\/ppgenf\/index.php\/wp-json\/wp\/v2\/pages\/932\/revisions"}],"predecessor-version":[{"id":6402,"href":"https:\/\/propesp.uepa.br\/ppgenf\/index.php\/wp-json\/wp\/v2\/pages\/932\/revisions\/6402"}],"up":[{"embeddable":true,"href":"https:\/\/propesp.uepa.br\/ppgenf\/index.php\/wp-json\/wp\/v2\/pages\/244"}],"wp:attachment":[{"href":"https:\/\/propesp.uepa.br\/ppgenf\/index.php\/wp-json\/wp\/v2\/media?parent=932"}],"curies":[{"name":"wp","href":"https:\/\/api.w.org\/{rel}","templated":true}]}}