{"id":934,"date":"2020-05-21T14:34:42","date_gmt":"2020-05-21T17:34:42","guid":{"rendered":"https:\/\/propesp.uepa.br\/ppgenf\/?page_id=934"},"modified":"2026-03-03T11:33:39","modified_gmt":"2026-03-03T14:33:39","slug":"6a-turma-uepa-2015","status":"publish","type":"page","link":"https:\/\/propesp.uepa.br\/ppgenf\/index.php\/corpo-discente\/egressos-uepa\/6a-turma-uepa-2015\/","title":{"rendered":"6\u00aa Turma &#8211; UEPA \/ 2015"},"content":{"rendered":"\n<div class=\"wp-block-uagb-advanced-heading uagb-block-693af84f\"><h2 class=\"uagb-heading-text\"><strong>6\u00aa TURMA &#8211; UEPA\/2015<\/strong><\/h2><div class=\"uagb-separator\"><\/div><\/div>\n\n\n\n<section class=\"wp-block-uagb-columns uagb-columns__wrap uagb-columns__background-none uagb-columns__stack-mobile uagb-columns__valign- uagb-columns__gap-10 align uagb-block-cfa493d9-abd3-4c87-97be-ccbde28ee628 uagb-columns__columns-2 uagb-columns__max_width-theme\"><div class=\"uagb-columns__overlay\"><\/div><div class=\"uagb-columns__inner-wrap uagb-columns__columns-2\">\n<div class=\"wp-block-uagb-column uagb-column__wrap uagb-column__background-color uagb-block-0ca5c78f-b7ab-4d17-a154-3f55f97ab60d\"><div class=\"uagb-column__overlay\"><\/div>\n<div class=\"wp-block-uagb-info-box uagb-block-f6f61ec6-e5be-4850-8aec-94b33bd7b931 uagb-infobox__content-wrap  uagb-infobox-icon-below-title uagb-infobox-image-valign-top\"><div class=\"uagb-ifb-content\"><div class=\"uagb-ifb-title-wrap\"><h3 class=\"uagb-ifb-title\"> <strong>Barbara Lopes Paiva<\/strong><a href=\"http:\/\/lattes.cnpq.br\/3189191524340967\"><img loading=\"lazy\" decoding=\"async\" width=\"40\" height=\"40\" class=\"wp-image-807\" style=\"width: 40px;\" src=\"https:\/\/propesp.uepa.br\/ppgenf\/wp-content\/uploads\/2020\/03\/Lattes-e1585070878268.jpg\" alt=\"\"><\/a> <\/h3><\/div><div class=\"uagb-ifb-separator\"><\/div><p class=\"uagb-ifb-desc\"><strong>Orientadora:&nbsp;Profa. Dra.&nbsp;Laura Maria Vidal Nogueira<\/strong><br><strong>Resumo da Disserta\u00e7\u00e3o defendida em 2017:&nbsp;<a rel=\"noreferrer noopener\" href=\"https:\/\/drive.google.com\/file\/d\/1lKCwAtJgWEPkr7VDIC8KTuyszor0Gs8-\/view?usp=sharing\" target=\"_blank\">DETERMINANTES SOCIOECON\u00d4MICOS DA TUBERCULOSE: MODELAGEM E DISTRIBUI\u00c7\u00c3O ESPACIAL DOS CASOS NA POPULA\u00c7\u00c3O INDIGENA DO PAR\u00c1<\/a><\/strong> <\/p><\/div><\/div>\n\n\n\n<div class=\"wp-block-uagb-info-box uagb-block-678f4df0-6a06-493b-8556-fb0a0fbd824d uagb-infobox__content-wrap  uagb-infobox-icon-below-title uagb-infobox-image-valign-top\"><div class=\"uagb-ifb-content\"><div class=\"uagb-ifb-title-wrap\"><h3 class=\"uagb-ifb-title\"> <strong>Gisele de Brito Brasil<\/strong><a href=\"http:\/\/lattes.cnpq.br\/3219750418090106\"><img loading=\"lazy\" decoding=\"async\" width=\"40\" height=\"40\" class=\"wp-image-807\" style=\"width: 40px;\" src=\"https:\/\/propesp.uepa.br\/ppgenf\/wp-content\/uploads\/2020\/03\/Lattes-e1585070878268.jpg\" alt=\"\"><\/a> <\/h3><\/div><div class=\"uagb-ifb-separator\"><\/div><p class=\"uagb-ifb-desc\"><strong>Orientadora:&nbsp;Profa. Dra.&nbsp;Ivaneide Leal Ata\u00edde Rodrigues<\/strong><br><strong>Resumo da Disserta\u00e7\u00e3o defendida em 2017:&nbsp;<a rel=\"noreferrer noopener\" href=\"https:\/\/drive.google.com\/file\/d\/1tQDWmm4iEwm1TWR93Kd0iYLa8Uk0C-VP\/view?usp=sharing\" target=\"_blank\">TECNOLOGIA EDUCACIONAL PARA PESSOAS CONVIVENDO COM HIV: ESTUDO DE VALIDA\u00c7\u00c3O<\/a><\/strong> <\/p><\/div><\/div>\n<\/div>\n\n\n\n<div class=\"wp-block-uagb-column uagb-column__wrap uagb-column__background-color uagb-block-1c3dce53-6310-4755-a0cd-4d771f62f5c3\"><div class=\"uagb-column__overlay\"><\/div>\n<div class=\"wp-block-uagb-info-box uagb-block-b46e4313-1248-4808-ab28-266b72b2a179 uagb-infobox__content-wrap  uagb-infobox-icon-below-title uagb-infobox-image-valign-top\"><div class=\"uagb-ifb-content\"><div class=\"uagb-ifb-title-wrap\"><h3 class=\"uagb-ifb-title\"> <strong>Claudia Ozela El Husny<\/strong><a href=\"http:\/\/lattes.cnpq.br\/1604810465578672\"><img loading=\"lazy\" decoding=\"async\" width=\"40\" height=\"40\" class=\"wp-image-807\" style=\"width: 40px;\" src=\"https:\/\/propesp.uepa.br\/ppgenf\/wp-content\/uploads\/2020\/03\/Lattes-e1585070878268.jpg\" alt=\"\"><\/a> <\/h3><\/div><div class=\"uagb-ifb-separator\"><\/div><p class=\"uagb-ifb-desc\"><strong>Orientadora:&nbsp;Profa. Dra.&nbsp;\u00c2ngela Maria Rodrigues Ferreira<\/strong><br><strong>Resumo da Disserta\u00e7\u00e3o defendida em 2017:&nbsp;<\/strong><a rel=\"noreferrer noopener\" href=\"https:\/\/drive.google.com\/file\/d\/13hrCIRvXjiOKKYpbfF-PYZkb4ZZkC9cf\/view?usp=sharing\" target=\"_blank\">FATORES ASSOCIADOS AO TEMPO DECORRIDO ENTRE OS PRIMEIROS SINTOMAS E O IN\u00cdCIO DO TRATAMENTO DE DOENTES COM TUBERCULOSE PULMONAR DA ATEN\u00c7\u00c3O B\u00c1SICA DE SA\u00daDE<\/a> <\/p><\/div><\/div>\n\n\n\n<div class=\"wp-block-uagb-info-box uagb-block-5a7c21e8-c24a-48c7-842b-d8c9ffc34457 uagb-infobox__content-wrap  uagb-infobox-icon-below-title uagb-infobox-image-valign-top\"><div class=\"uagb-ifb-content\"><div class=\"uagb-ifb-title-wrap\"><h3 class=\"uagb-ifb-title\"> <strong>Kamila Nancy Gon\u00e7alves da Gama<\/strong><a href=\"http:\/\/lattes.cnpq.br\/5801151629064778\"><img loading=\"lazy\" decoding=\"async\" width=\"40\" height=\"40\" class=\"wp-image-807\" style=\"width: 40px;\" src=\"https:\/\/propesp.uepa.br\/ppgenf\/wp-content\/uploads\/2020\/03\/Lattes-e1585070878268.jpg\" alt=\"\"><\/a> <\/h3><\/div><div class=\"uagb-ifb-separator\"><\/div><p class=\"uagb-ifb-desc\"><strong>Orientadora:&nbsp;Profa. Dra. Iac\u00ed Proen\u00e7a Palmeira<\/strong><br><strong>Coorientadora:&nbsp;Profa. Dra. Ant\u00f4nia Margareth Moita S\u00e1<\/strong><br><strong>Resumo da Disserta\u00e7\u00e3o defendida em 2017:&nbsp;<a rel=\"noreferrer noopener\" href=\"https:\/\/drive.google.com\/file\/d\/1TQnSYoK0hCwDzMvj9_NBNGlK7fK-3xiT\/view?usp=sharing\" target=\"_blank\">VIVENCIANDO A TUBERCULOSE, SIGNIFICANDO A DOEN\u00c7A E CUIDANDO DE SI: UM ESTUDO DE REPRESENTA\u00c7\u00d5ES SOCIAIS<\/a><\/strong> <\/p><\/div><\/div>\n<\/div>\n<\/div><\/section>\n\n\n\n<section class=\"wp-block-uagb-columns uagb-columns__wrap uagb-columns__background-none uagb-columns__stack-mobile uagb-columns__valign- uagb-columns__gap-10 align uagb-block-53c59a19-6fff-43b7-8441-3aa583a1221d uagb-columns__columns-2 uagb-columns__max_width-theme\"><div class=\"uagb-columns__overlay\"><\/div><div class=\"uagb-columns__inner-wrap uagb-columns__columns-2\">\n<div class=\"wp-block-uagb-column uagb-column__wrap uagb-column__background-color uagb-block-5a5571f0-d492-4e5d-a996-5bc65e0be419\"><div class=\"uagb-column__overlay\"><\/div>\n<div class=\"wp-block-uagb-info-box uagb-block-96d560e7-ef56-476b-9ad8-f6a335397bc5 uagb-infobox__content-wrap  uagb-infobox-icon-below-title uagb-infobox-image-valign-top\"><div class=\"uagb-ifb-content\"><div class=\"uagb-ifb-title-wrap\"><h3 class=\"uagb-ifb-title\"> <strong>Ana Claudia de Matos Santos<\/strong><a href=\"http:\/\/lattes.cnpq.br\/6211485104742128\"><img loading=\"lazy\" decoding=\"async\" width=\"40\" height=\"40\" class=\"wp-image-807\" style=\"width: 40px;\" src=\"https:\/\/propesp.uepa.br\/ppgenf\/wp-content\/uploads\/2020\/03\/Lattes-e1585070878268.jpg\" alt=\"\"><\/a> <\/h3><\/div><div class=\"uagb-ifb-separator\"><\/div><p class=\"uagb-ifb-desc\"><strong>Orientadora:<\/strong>&nbsp;<strong>Profa. Dra.&nbsp;Mary Elizabeth de Santana<\/strong><br><strong>Resumo da Disserta\u00e7\u00e3o defendida em 2018:&nbsp;<a rel=\"noreferrer noopener\" href=\"https:\/\/drive.google.com\/file\/d\/1i-v3-7CCrz9dVcdMiw_Alw3LyFUOKV9_\/view?usp=sharing\" target=\"_blank\">INTERVEN\u00c7\u00d5ES DE ENFERMAGEM PERIOPERAT\u00d3RIA \u00c0 PESSOA COM C\u00c2NCER COLORRETAL AVAN\u00c7ADO<\/a><\/strong> <\/p><\/div><\/div>\n\n\n\n<div class=\"wp-block-uagb-info-box uagb-block-eb22041e-253f-4a25-876b-52619c10f5e0 uagb-infobox__content-wrap  uagb-infobox-icon-below-title uagb-infobox-image-valign-top\"><div class=\"uagb-ifb-content\"><div class=\"uagb-ifb-title-wrap\"><h3 class=\"uagb-ifb-title\"> <strong>Samantha Pereira Caldas<\/strong><a href=\"http:\/\/lattes.cnpq.br\/7537077441425837\"><img loading=\"lazy\" decoding=\"async\" width=\"40\" height=\"40\" class=\"wp-image-807\" style=\"width: 40px;\" src=\"https:\/\/propesp.uepa.br\/ppgenf\/wp-content\/uploads\/2020\/03\/Lattes-e1585070878268.jpg\" alt=\"\"><\/a> <\/h3><\/div><div class=\"uagb-ifb-separator\"><\/div><p class=\"uagb-ifb-desc\"><strong>Orientadora:&nbsp;Profa. Dra. Ivonete Vieira Pereira Peixoto<\/strong><br><strong>Co-orientadora:&nbsp;Profa. Dra. M\u00f4nica Cust\u00f3dia do Couto Abreu Pamplona<\/strong><br><strong>Resumo da Disserta\u00e7\u00e3o defendida em 2017:&nbsp;<a rel=\"noreferrer noopener\" href=\"https:\/\/drive.google.com\/file\/d\/14Tai-Iect6VGGinYPXstaqxOqhuw4hfT\/view?usp=sharing\" target=\"_blank\">PLANEJAMENTO REPRODUTIVO: A CONSTRU\u00c7\u00c3O DE UMA TECNOLOGIA EDUCACIONAL PARA HOMENS E MULHERES<\/a><\/strong> <\/p><\/div><\/div>\n<\/div>\n\n\n\n<div class=\"wp-block-uagb-column uagb-column__wrap uagb-column__background-color uagb-block-41bb9fe7-3e2e-4912-bdad-e12391a3c11c\"><div class=\"uagb-column__overlay\"><\/div>\n<div class=\"wp-block-uagb-info-box uagb-block-f1794d7e-07b9-45d7-9224-55e0079fa67d uagb-infobox__content-wrap  uagb-infobox-icon-below-title uagb-infobox-image-valign-top\"><div class=\"uagb-ifb-content\"><div class=\"uagb-ifb-title-wrap\"><h3 class=\"uagb-ifb-title\"> <strong>Dianne Costa Ara\u00fajo dos Santos<\/strong><a href=\"http:\/\/lattes.cnpq.br\/3141950374198391\"><img loading=\"lazy\" decoding=\"async\" width=\"40\" height=\"40\" class=\"wp-image-807\" style=\"width: 40px;\" src=\"https:\/\/propesp.uepa.br\/ppgenf\/wp-content\/uploads\/2020\/03\/Lattes-e1585070878268.jpg\" alt=\"\"><\/a> <\/h3><\/div><div class=\"uagb-ifb-separator\"><\/div><p class=\"uagb-ifb-desc\"><strong>Orientadora:&nbsp;Profa. Dra.&nbsp;Maria Izabel Penha de Oliveira Santos<\/strong><br><strong>Resumo da Disserta\u00e7\u00e3o defendida em 2018:&nbsp;<a rel=\"noreferrer noopener\" href=\"https:\/\/drive.google.com\/file\/d\/11y5ZyiBCdh8sUGFV9nr6c40JgV0gJh4R\/view?usp=sharing\" target=\"_blank\">EFETIVIDADE DA INTERVEN\u00c7\u00c3O A IDOSOS NO DOMIC\u00cdLIO SEGUNDO O MODELO DO CUIDADO GUIADO<\/a><\/strong> <\/p><\/div><\/div>\n\n\n\n<div class=\"wp-block-uagb-info-box uagb-block-7485e98a-6ddc-4e60-8048-204c5696b972 uagb-infobox__content-wrap  uagb-infobox-icon-below-title uagb-infobox-image-valign-top\"><div class=\"uagb-ifb-content\"><div class=\"uagb-ifb-title-wrap\"><h3 class=\"uagb-ifb-title\"> <strong>Z\u00e9lia de Oliveira Saldanha<\/strong><a href=\"http:\/\/lattes.cnpq.br\/4953618587343659\"><img loading=\"lazy\" decoding=\"async\" width=\"40\" height=\"40\" class=\"wp-image-807\" style=\"width: 40px;\" src=\"https:\/\/propesp.uepa.br\/ppgenf\/wp-content\/uploads\/2020\/03\/Lattes-e1585070878268.jpg\" alt=\"\"><\/a> <\/h3><\/div><div class=\"uagb-ifb-separator\"><\/div><p class=\"uagb-ifb-desc\"><strong>Orientadora:&nbsp;Profa. Dra. Ant\u00f4nia Margareth Moita S\u00e1<\/strong><br><strong>Resumo da Disserta\u00e7\u00e3o defendida em 2017:<\/strong><a rel=\"noreferrer noopener\" href=\"https:\/\/drive.google.com\/file\/d\/1Dsdmb1luTeh30d01dB3roFYFHR7mpF2u\/view?usp=sharing\" target=\"_blank\">&nbsp;O SENTIDO DO CUIDADO DE ENFERMAGEM PARA A MULHER COM C\u00c2NCER DE MAMA EM SITUA\u00c7\u00c3O DE MET\u00c1STASE \u00d3SSEA: COMPREENS\u00c3O FENOMENOL\u00d3GICA<\/a> <\/p><\/div><\/div>\n<\/div>\n<\/div><\/section>\n","protected":false},"excerpt":{"rendered":"<p>6\u00aa TURMA &#8211; UEPA\/2015<\/p>\n","protected":false},"author":2,"featured_media":0,"parent":244,"menu_order":0,"comment_status":"closed","ping_status":"closed","template":"","meta":{"_uag_custom_page_level_css":"","site-sidebar-layout":"default","site-content-layout":"default","ast-site-content-layout":"default","site-content-style":"default","site-sidebar-style":"default","ast-global-header-display":"","ast-banner-title-visibility":"","ast-main-header-display":"","ast-hfb-above-header-display":"","ast-hfb-below-header-display":"","ast-hfb-mobile-header-display":"","site-post-title":"disabled","ast-breadcrumbs-content":"","ast-featured-img":"","footer-sml-layout":"","theme-transparent-header-meta":"default","adv-header-id-meta":"","stick-header-meta":"","header-above-stick-meta":"","header-main-stick-meta":"","header-below-stick-meta":"","astra-migrate-meta-layouts":"set","ast-page-background-enabled":"default","ast-page-background-meta":{"desktop":{"background-color":"","background-image":"","background-repeat":"repeat","background-position":"center center","background-size":"auto","background-attachment":"scroll","background-type":"","background-media":"","overlay-type":"","overlay-color":"","overlay-gradient":""},"tablet":{"background-color":"","background-image":"","background-repeat":"repeat","background-position":"center center","background-size":"auto","background-attachment":"scroll","background-type":"","background-media":"","overlay-type":"","overlay-color":"","overlay-gradient":""},"mobile":{"background-color":"","background-image":"","background-repeat":"repeat","background-position":"center center","background-size":"auto","background-attachment":"scroll","background-type":"","background-media":"","overlay-type":"","overlay-color":"","overlay-gradient":""}},"ast-content-background-meta":{"desktop":{"background-color":"var(--ast-global-color-5)","background-image":"","background-repeat":"repeat","background-position":"center center","background-size":"auto","background-attachment":"scroll","background-type":"","background-media":"","overlay-type":"","overlay-color":"","overlay-gradient":""},"tablet":{"background-color":"var(--ast-global-color-5)","background-image":"","background-repeat":"repeat","background-position":"center center","background-size":"auto","background-attachment":"scroll","background-type":"","background-media":"","overlay-type":"","overlay-color":"","overlay-gradient":""},"mobile":{"background-color":"var(--ast-global-color-5)","background-image":"","background-repeat":"repeat","background-position":"center center","background-size":"auto","background-attachment":"scroll","background-type":"","background-media":"","overlay-type":"","overlay-color":"","overlay-gradient":""}},"footnotes":""},"uagb_featured_image_src":{"full":false,"thumbnail":false,"medium":false,"medium_large":false,"large":false,"1536x1536":false,"2048x2048":false},"uagb_author_info":{"display_name":"nelma.ramos@uepa.br","author_link":"https:\/\/propesp.uepa.br\/ppgenf\/index.php\/author\/nelma-ramosuepa-br\/"},"uagb_comment_info":0,"uagb_excerpt":"6\u00aa TURMA &#8211; UEPA\/2015","_links":{"self":[{"href":"https:\/\/propesp.uepa.br\/ppgenf\/index.php\/wp-json\/wp\/v2\/pages\/934"}],"collection":[{"href":"https:\/\/propesp.uepa.br\/ppgenf\/index.php\/wp-json\/wp\/v2\/pages"}],"about":[{"href":"https:\/\/propesp.uepa.br\/ppgenf\/index.php\/wp-json\/wp\/v2\/types\/page"}],"author":[{"embeddable":true,"href":"https:\/\/propesp.uepa.br\/ppgenf\/index.php\/wp-json\/wp\/v2\/users\/2"}],"replies":[{"embeddable":true,"href":"https:\/\/propesp.uepa.br\/ppgenf\/index.php\/wp-json\/wp\/v2\/comments?post=934"}],"version-history":[{"count":9,"href":"https:\/\/propesp.uepa.br\/ppgenf\/index.php\/wp-json\/wp\/v2\/pages\/934\/revisions"}],"predecessor-version":[{"id":6404,"href":"https:\/\/propesp.uepa.br\/ppgenf\/index.php\/wp-json\/wp\/v2\/pages\/934\/revisions\/6404"}],"up":[{"embeddable":true,"href":"https:\/\/propesp.uepa.br\/ppgenf\/index.php\/wp-json\/wp\/v2\/pages\/244"}],"wp:attachment":[{"href":"https:\/\/propesp.uepa.br\/ppgenf\/index.php\/wp-json\/wp\/v2\/media?parent=934"}],"curies":[{"name":"wp","href":"https:\/\/api.w.org\/{rel}","templated":true}]}}