{"id":936,"date":"2020-05-21T14:35:11","date_gmt":"2020-05-21T17:35:11","guid":{"rendered":"https:\/\/propesp.uepa.br\/ppgenf\/?page_id=936"},"modified":"2026-03-03T11:34:45","modified_gmt":"2026-03-03T14:34:45","slug":"7a-turma-uepa-2016","status":"publish","type":"page","link":"https:\/\/propesp.uepa.br\/ppgenf\/index.php\/corpo-discente\/egressos-uepa\/7a-turma-uepa-2016\/","title":{"rendered":"7\u00aa Turma &#8211; UEPA \/ 2016"},"content":{"rendered":"\n<div class=\"wp-block-uagb-advanced-heading uagb-block-98e19552\"><h2 class=\"uagb-heading-text\"><strong>7\u00aa TURMA &#8211; UEPA\/2016<\/strong><\/h2><div class=\"uagb-separator\"><\/div><\/div>\n\n\n\n<div class=\"wp-block-uagb-container uagb-block-42b60764 alignfull uagb-is-root-container\"><div class=\"uagb-container-inner-blocks-wrap\">\n<div class=\"wp-block-uagb-container uagb-block-e9ed92cc\">\n<section class=\"wp-block-uagb-columns uagb-columns__wrap uagb-columns__background-none uagb-columns__stack-mobile uagb-columns__valign- uagb-columns__gap-15 align uagb-block-8b7c5d27 uagb-columns__columns-2 uagb-columns__max_width-theme\"><div class=\"uagb-columns__overlay\"><\/div><div class=\"uagb-columns__inner-wrap uagb-columns__columns-2\">\n<div class=\"wp-block-uagb-column uagb-column__wrap uagb-column__background-undefined uagb-block-a45dde6b\"><div class=\"uagb-column__overlay\"><\/div>\n<div class=\"wp-block-uagb-info-box uagb-block-0ac5231e uagb-infobox__content-wrap  uagb-infobox-icon-below-title uagb-infobox-image-valign-top\"><div class=\"uagb-ifb-content\"><div class=\"uagb-ifb-title-wrap\"><h3 class=\"uagb-ifb-title\"> <strong>Ingrid Fabiane Santos da Silva<\/strong><a href=\"http:\/\/lattes.cnpq.br\/1147080338954807\"><img loading=\"lazy\" decoding=\"async\" width=\"40\" height=\"40\" class=\"wp-image-807\" style=\"width: 40px;\" src=\"https:\/\/propesp.uepa.br\/ppgenf\/wp-content\/uploads\/2020\/03\/Lattes-e1585070878268.jpg\" alt=\"\"><\/a> <\/h3><\/div><div class=\"uagb-ifb-separator\"><\/div><p class=\"uagb-ifb-desc\"><strong>Orientadora:&nbsp; Dra.&nbsp;Ivaneide Leal Ata\u00edde Rodrigues<\/strong><br><strong>Coorientador: Prof. Dr. S\u00edlvio \u00c9der Dias da Silva<\/strong><br><strong>Resumo da Disserta\u00e7\u00e3o defendida em 2018:<\/strong>&nbsp;<a href=\"https:\/\/drive.google.com\/file\/d\/1THfH9Sn7hyHxG5WrtOsuwo3BT3xDEhp6\/view?usp=sharing\" target=\"_blank\" rel=\"noreferrer noopener\">Representa\u00e7\u00f5es sociais de mulheres quilombolas<\/a> <a href=\"https:\/\/drive.google.com\/file\/d\/1THfH9Sn7hyHxG5WrtOsuwo3BT3xDEhp6\/view?usp=sharing\" target=\"_blank\" rel=\"noreferrer noopener\">sobre o cuidado em sa\u00fade<\/a> <\/p><\/div><\/div>\n<\/div>\n\n\n\n<div class=\"wp-block-uagb-column uagb-column__wrap uagb-column__background-undefined uagb-block-a4bb4a5c\"><div class=\"uagb-column__overlay\"><\/div>\n<div class=\"wp-block-uagb-info-box uagb-block-eee8e7b8 uagb-infobox__content-wrap  uagb-infobox-icon-below-title uagb-infobox-image-valign-top uagb-infobox__outer-wrap\"><div class=\"uagb-ifb-content\"><div class=\"uagb-ifb-title-wrap\"><h3 class=\"uagb-ifb-title\"> <strong>Jessica Hegedeus Camargo<\/strong><img loading=\"lazy\" decoding=\"async\" width=\"40\" height=\"40\" class=\"wp-image-807\" style=\"width: 40px;\" src=\"https:\/\/propesp.uepa.br\/ppgenf\/wp-content\/uploads\/2020\/03\/Lattes-e1585070878268.jpg\" alt=\"\"> <\/h3><\/div><p class=\"uagb-ifb-desc\"><br><br><br><strong>Orientadora:&nbsp;Dra<\/strong>. <strong>\u00c2ngela Maria Rodrigues Ferreira<\/strong><br><strong>Resumo da Disserta\u00e7\u00e3o defendida em 2019:<\/strong>&nbsp;<a href=\"https:\/\/drive.google.com\/file\/d\/1FE1X8vt7cYb1Dje0kO_ptyYyoK4ZBadt\/view?usp=sharing\" target=\"_blank\" rel=\"noreferrer noopener\">Hansen\u00edase e trabalho: a correla\u00e7\u00e3o da doen\u00e7a com o<\/a> <a href=\"https:\/\/drive.google.com\/file\/d\/1FE1X8vt7cYb1Dje0kO_ptyYyoK4ZBadt\/view?usp=sharing\" target=\"_blank\" rel=\"noreferrer noopener\">afastamento do trabalhador em tratamento na Unidade B\u00e1sica de Sa\u00fade.<\/a> <\/p><\/div><\/div>\n<\/div>\n<\/div><\/section>\n\n\n\n<section class=\"wp-block-uagb-columns uagb-columns__wrap uagb-columns__background-none uagb-columns__stack-mobile uagb-columns__valign- uagb-columns__gap-15 align uagb-block-0b5a8b06 uagb-columns__columns-2 uagb-columns__max_width-theme\"><div class=\"uagb-columns__overlay\"><\/div><div class=\"uagb-columns__inner-wrap uagb-columns__columns-2\">\n<div class=\"wp-block-uagb-column uagb-column__wrap uagb-column__background-undefined uagb-block-604ce251\"><div class=\"uagb-column__overlay\"><\/div>\n<div class=\"wp-block-uagb-info-box uagb-block-2e6e85f7 uagb-infobox__content-wrap  uagb-infobox-icon-below-title uagb-infobox-image-valign-top\"><div class=\"uagb-ifb-content\"><div class=\"uagb-ifb-title-wrap\"><h3 class=\"uagb-ifb-title\"> <strong>Manoel Samuel da Cruz Neto<\/strong><a href=\"http:\/\/lattes.cnpq.br\/2698039301268195\"><img loading=\"lazy\" decoding=\"async\" width=\"40\" height=\"40\" class=\"wp-image-807\" style=\"width: 40px;\" src=\"https:\/\/propesp.uepa.br\/ppgenf\/wp-content\/uploads\/2020\/03\/Lattes-e1585070878268.jpg\" alt=\"\"><\/a> <\/h3><\/div><div class=\"uagb-ifb-separator\"><\/div><p class=\"uagb-ifb-desc\"><strong>Orientadora:&nbsp;Dra.&nbsp;Ant\u00f4nia Margareth Moita S\u00e1<\/strong><br><strong>Resumo da Disserta\u00e7\u00e3o defendida em 2018:&nbsp;<\/strong><a href=\"https:\/\/www.ppgenf.ufam.edu.br\/Avalia%C3%A7%C3%A3o%20diagn%C3%B3stica%20da%20ocorr%C3%AAncia%20de%20infec%C3%A7%C3%A3o%20latente%20por%20Mycobacterium%20tuberculosis%20em%20comunicantes%20de%20tuberculose%20pulmonar.\" target=\"_blank\" rel=\"noreferrer noopener\">Avalia\u00e7\u00e3o diagn\u00f3stica da ocorr\u00eancia de infec\u00e7\u00e3o<\/a> <a href=\"https:\/\/www.ppgenf.ufam.edu.br\/Avalia%C3%A7%C3%A3o%20diagn%C3%B3stica%20da%20ocorr%C3%AAncia%20de%20infec%C3%A7%C3%A3o%20latente%20por%20Mycobacterium%20tuberculosis%20em%20comunicantes%20de%20tuberculose%20pulmonar.\" target=\"_blank\" rel=\"noreferrer noopener\">latente por Mycobacterium tuberculosis em comunicantes de tuberculose pulmonar<\/a> <\/p><\/div><\/div>\n<\/div>\n\n\n\n<div class=\"wp-block-uagb-column uagb-column__wrap uagb-column__background-undefined uagb-block-bedd58a2\"><div class=\"uagb-column__overlay\"><\/div>\n<div class=\"wp-block-uagb-info-box uagb-block-0fbef7a9 uagb-infobox__content-wrap  uagb-infobox-icon-below-title uagb-infobox-image-valign-top\"><div class=\"uagb-ifb-content\"><div class=\"uagb-ifb-title-wrap\"><h3 class=\"uagb-ifb-title\"> <strong>Suzana Rosa Andr\u00e9<\/strong><a href=\"http:\/\/lattes.cnpq.br\/3435855162966007\"><img loading=\"lazy\" decoding=\"async\" width=\"40\" height=\"40\" class=\"wp-image-807\" style=\"width: 40px;\" src=\"https:\/\/propesp.uepa.br\/ppgenf\/wp-content\/uploads\/2020\/03\/Lattes-e1585070878268.jpg\" alt=\"\"><\/a> <\/h3><\/div><div class=\"uagb-ifb-separator\"><\/div><p class=\"uagb-ifb-desc\"><strong>Orientadora:<\/strong> <strong>Dra. Laura Maria Vidal Nogueira<\/strong><br><strong>Resumo da Disserta\u00e7\u00e3o defendida em 2018:<\/strong>&nbsp;<a href=\"https:\/\/drive.google.com\/file\/d\/1nszObeeqrEUvU4dC-W3R_xbsfdCeU5ra\/view?usp=sharing\" target=\"_blank\" rel=\"noreferrer noopener\">Padr\u00f5es espaciais da tuberculose relacionados ao \u00edndice<\/a> <a href=\"https:\/\/drive.google.com\/file\/d\/1nszObeeqrEUvU4dC-W3R_xbsfdCeU5ra\/view?usp=sharing\" target=\"_blank\" rel=\"noreferrer noopener\">adaptado de condi\u00e7\u00e3o de vida no munic\u00edpio de Bel\u00e9m.<\/a> <\/p><\/div><\/div>\n<\/div>\n<\/div><\/section>\n\n\n\n<div class=\"wp-block-columns is-layout-flex wp-container-core-columns-layout-1 wp-block-columns-is-layout-flex\">\n<div class=\"wp-block-column is-layout-flow wp-block-column-is-layout-flow\">\n<div class=\"wp-block-uagb-info-box uagb-block-e962dd76 uagb-infobox__content-wrap  uagb-infobox-icon-below-title uagb-infobox-image-valign-middle\"><div class=\"uagb-ifb-content\"><div class=\"uagb-ifb-title-wrap\"><h3 class=\"uagb-ifb-title\"><strong>Victor Viana da Gra\u00e7a<\/strong><a href=\"http:\/\/lattes.cnpq.br\/1896361448310226\"><img loading=\"lazy\" decoding=\"async\" width=\"40\" height=\"40\" class=\"wp-image-807\" style=\"width: 40px;\" src=\"https:\/\/propesp.uepa.br\/ppgenf\/wp-content\/uploads\/2020\/03\/Lattes-e1585070878268.jpg\" alt=\"\"><\/a> <\/h3><\/div><p class=\"uagb-ifb-desc\"><br><strong>Orientadora: Dra.&nbsp;Ant\u00f4nia Margareth Moita S\u00e1<\/strong><br><strong>Resumo da Disserta\u00e7\u00e3o defendida em 2018:<\/strong>&nbsp;<a href=\"https:\/\/drive.google.com\/file\/d\/1muEsgCIuoMVLwWWKqWN_oxaEYsurd3dZ\/view?usp=sharing\" target=\"_blank\" rel=\"noreferrer noopener\">Itiner\u00e1rio do portador da doen\u00e7a de Chagas aguda: do<\/a> <a href=\"https:\/\/drive.google.com\/file\/d\/1muEsgCIuoMVLwWWKqWN_oxaEYsurd3dZ\/view?usp=sharing\" target=\"_blank\" rel=\"noreferrer noopener\">adoecimento ao enfretamento em um munic\u00edpio Amaz\u00f4nico.<\/a> <\/p><\/div><\/div>\n<\/div>\n\n\n\n<div class=\"wp-block-column is-layout-flow wp-block-column-is-layout-flow\"><\/div>\n<\/div>\n<\/div>\n\n\n\n<div class=\"wp-block-uagb-container uagb-block-6f498759\">\n<section class=\"wp-block-uagb-columns uagb-columns__wrap uagb-columns__background-none uagb-columns__stack-mobile uagb-columns__valign- uagb-columns__gap-15 align uagb-block-ce96db3a uagb-columns__columns-2 uagb-columns__max_width-theme\"><div class=\"uagb-columns__overlay\"><\/div><div class=\"uagb-columns__inner-wrap uagb-columns__columns-2\">\n<div class=\"wp-block-uagb-column uagb-column__wrap uagb-column__background-undefined uagb-block-48ef81d9\"><div class=\"uagb-column__overlay\"><\/div>\n<div class=\"wp-block-uagb-info-box uagb-block-fdbcbbb2 uagb-infobox__content-wrap  uagb-infobox-icon-left-title uagb-infobox-left uagb-infobox-image-valign-top\"><div class=\"uagb-ifb-content\"><div class=\"uagb-ifb-left-title-image\"><div class=\"uagb-ifb-icon-wrap\"><svg xmlns=\"https:\/\/www.w3.org\/2000\/svg\" viewBox=\"0 0 512 512\"><path d=\"M256 288c79.53 0 144-64.47 144-144s-64.47-144-144-144c-79.52 0-144 64.47-144 144S176.5 288 256 288zM351.1 320H160c-88.36 0-160 71.63-160 160c0 17.67 14.33 32 31.1 32H480c17.67 0 31.1-14.33 31.1-32C512 391.6 440.4 320 351.1 320z\"><\/path><\/svg><\/div><div class=\"uagb-ifb-title-wrap\"><h3 class=\"uagb-ifb-title\"> <strong>Jully Greyce Freitas de Paula<\/strong><a href=\"http:\/\/lattes.cnpq.br\/8219776215935377\"><img loading=\"lazy\" decoding=\"async\" width=\"40\" height=\"40\" class=\"wp-image-807\" style=\"width: 40px;\" src=\"https:\/\/propesp.uepa.br\/ppgenf\/wp-content\/uploads\/2020\/03\/Lattes-e1585070878268.jpg\" alt=\"\"><\/a> <\/h3><\/div><\/div><div class=\"uagb-ifb-separator\"><\/div><p class=\"uagb-ifb-desc\"><strong>Orientador:&nbsp;<\/strong> <strong>Dr. Paulo Elias Gotardelo Audebert Delage<\/strong> <br><strong>Resumo da Disserta\u00e7\u00e3o defendida em 2018:&nbsp;<\/strong><a href=\"https:\/\/drive.google.com\/file\/d\/1Q4zHdBNaIVI5xV-pG7QNz5CASmf_RNfu\/view?usp=sharing\" target=\"_blank\" rel=\"noreferrer noopener\">An\u00e1lise da correla\u00e7\u00e3o entre a independ\u00eancia funcional<\/a> <a href=\"https:\/\/drive.google.com\/file\/d\/1Q4zHdBNaIVI5xV-pG7QNz5CASmf_RNfu\/view?usp=sharing\" target=\"_blank\" rel=\"noreferrer noopener\">e o risco de quedas em idosos institucionalizados<\/a> <\/p><\/div><\/div>\n<\/div>\n\n\n\n<div class=\"wp-block-uagb-column uagb-column__wrap uagb-column__background-undefined uagb-block-e7c45b0c\"><div class=\"uagb-column__overlay\"><\/div>\n<div class=\"wp-block-uagb-info-box uagb-block-5a865c5f uagb-infobox__content-wrap  uagb-infobox-icon-left-title uagb-infobox-left uagb-infobox-image-valign-top\"><div class=\"uagb-ifb-content\"><div class=\"uagb-ifb-left-title-image\"><div class=\"uagb-ifb-icon-wrap\"><svg xmlns=\"https:\/\/www.w3.org\/2000\/svg\" viewBox=\"0 0 512 512\"><path d=\"M256 288c79.53 0 144-64.47 144-144s-64.47-144-144-144c-79.52 0-144 64.47-144 144S176.5 288 256 288zM351.1 320H160c-88.36 0-160 71.63-160 160c0 17.67 14.33 32 31.1 32H480c17.67 0 31.1-14.33 31.1-32C512 391.6 440.4 320 351.1 320z\"><\/path><\/svg><\/div><div class=\"uagb-ifb-title-wrap\"><h3 class=\"uagb-ifb-title\"> <strong>Laura de F\u00e1tima Lobato Silva<\/strong><a href=\"http:\/\/lattes.cnpq.br\/0073444899835927\"><img loading=\"lazy\" decoding=\"async\" width=\"40\" height=\"40\" class=\"wp-image-807\" style=\"width: 40px;\" src=\"https:\/\/propesp.uepa.br\/ppgenf\/wp-content\/uploads\/2020\/03\/Lattes-e1585070878268.jpg\" alt=\"\"><\/a> <\/h3><\/div><\/div><div class=\"uagb-ifb-separator\"><\/div><p class=\"uagb-ifb-desc\"><strong>Orientadora:&nbsp;<\/strong> <strong>Dra. Ivonete Vieira Pereira Peixoto<\/strong> <br><strong>Disserta\u00e7\u00e3o defendida em 2019:&nbsp;<\/strong><a href=\"https:\/\/drive.google.com\/file\/d\/1p_II03uoTLDL_9vL2EaFJiqrGJUVYKai\/view?usp=sharing\" target=\"_blank\" rel=\"noreferrer noopener\">Caminhos para o Parto Normal: constru\u00e7\u00e3o de uma<\/a> <a href=\"https:\/\/drive.google.com\/file\/d\/1p_II03uoTLDL_9vL2EaFJiqrGJUVYKai\/view?usp=sharing\" target=\"_blank\" rel=\"noreferrer noopener\">Tecnologia Educacional para gestantes.<\/a> <\/p><\/div><\/div>\n<\/div>\n<\/div><\/section>\n\n\n\n<div class=\"wp-block-columns is-layout-flex wp-container-core-columns-layout-2 wp-block-columns-is-layout-flex\">\n<div class=\"wp-block-column is-layout-flow wp-block-column-is-layout-flow\">\n<div class=\"wp-block-uagb-info-box uagb-block-f8fda6d4 uagb-infobox__content-wrap  uagb-infobox-icon-below-title uagb-infobox-image-valign-top\"><div class=\"uagb-ifb-content\"><div class=\"uagb-ifb-title-wrap\"><h3 class=\"uagb-ifb-title\">  <strong>M\u00e1rcio Alves Ribeiro<\/strong><a href=\"http:\/\/lattes.cnpq.br\/5260563532565805\"><img loading=\"lazy\" decoding=\"async\" width=\"40\" height=\"40\" class=\"wp-image-807\" style=\"width: 40px;\" src=\"https:\/\/propesp.uepa.br\/ppgenf\/wp-content\/uploads\/2020\/03\/Lattes-e1585070878268.jpg\" alt=\"\"><\/a> <\/h3><\/div><p class=\"uagb-ifb-desc\"><strong>Orientadora:&nbsp;<\/strong> <strong>Dra. Mary Elizabeth de Santana<\/strong> <br><strong>Resumo da Disserta\u00e7\u00e3o defendida em 2018:&nbsp;<\/strong><a href=\"https:\/\/drive.google.com\/file\/d\/12XpHWUjdf50LhQ4CBZY_DG0jT1hMIfGl\/view?usp=sharing\" target=\"_blank\" rel=\"noreferrer noopener\">Repercuss\u00f5es dos sintomas desagrad\u00e1veis da neuropatia perif\u00e9rica induzida por quimioterapia em pacientes com c\u00e2ncer de mama<\/a>  <\/p><\/div><\/div>\n<\/div>\n\n\n\n<div class=\"wp-block-column is-layout-flow wp-block-column-is-layout-flow\"><\/div>\n<\/div>\n\n\n\n<section class=\"wp-block-uagb-columns uagb-columns__wrap uagb-columns__background-none uagb-columns__stack-mobile uagb-columns__valign- uagb-columns__gap-15 align uagb-block-f01650f5 uagb-columns__columns-2 uagb-columns__max_width-theme\"><div class=\"uagb-columns__overlay\"><\/div><div class=\"uagb-columns__inner-wrap uagb-columns__columns-2\">\n<div class=\"wp-block-uagb-column uagb-column__wrap uagb-column__background-undefined uagb-block-9f7cfb0b\"><div class=\"uagb-column__overlay\"><\/div><\/div>\n\n\n\n<div class=\"wp-block-uagb-column uagb-column__wrap uagb-column__background-undefined uagb-block-77120a7b\"><div class=\"uagb-column__overlay\"><\/div><\/div>\n<\/div><\/section>\n<\/div>\n<\/div><\/div>\n","protected":false},"excerpt":{"rendered":"<p>7\u00aa TURMA &#8211; UEPA\/2016<\/p>\n","protected":false},"author":2,"featured_media":0,"parent":244,"menu_order":0,"comment_status":"closed","ping_status":"closed","template":"","meta":{"_uag_custom_page_level_css":"","site-sidebar-layout":"no-sidebar","site-content-layout":"plain-container","ast-site-content-layout":"normal-width-container","site-content-style":"unboxed","site-sidebar-style":"unboxed","ast-global-header-display":"","ast-banner-title-visibility":"","ast-main-header-display":"","ast-hfb-above-header-display":"","ast-hfb-below-header-display":"","ast-hfb-mobile-header-display":"","site-post-title":"disabled","ast-breadcrumbs-content":"","ast-featured-img":"","footer-sml-layout":"","theme-transparent-header-meta":"default","adv-header-id-meta":"","stick-header-meta":"","header-above-stick-meta":"","header-main-stick-meta":"","header-below-stick-meta":"","astra-migrate-meta-layouts":"set","ast-page-background-enabled":"default","ast-page-background-meta":{"desktop":{"background-color":"","background-image":"","background-repeat":"repeat","background-position":"center center","background-size":"auto","background-attachment":"scroll","background-type":"","background-media":"","overlay-type":"","overlay-color":"","overlay-gradient":""},"tablet":{"background-color":"","background-image":"","background-repeat":"repeat","background-position":"center center","background-size":"auto","background-attachment":"scroll","background-type":"","background-media":"","overlay-type":"","overlay-color":"","overlay-gradient":""},"mobile":{"background-color":"","background-image":"","background-repeat":"repeat","background-position":"center center","background-size":"auto","background-attachment":"scroll","background-type":"","background-media":"","overlay-type":"","overlay-color":"","overlay-gradient":""}},"ast-content-background-meta":{"desktop":{"background-color":"var(--ast-global-color-5)","background-image":"","background-repeat":"repeat","background-position":"center center","background-size":"auto","background-attachment":"scroll","background-type":"","background-media":"","overlay-type":"","overlay-color":"","overlay-gradient":""},"tablet":{"background-color":"var(--ast-global-color-5)","background-image":"","background-repeat":"repeat","background-position":"center center","background-size":"auto","background-attachment":"scroll","background-type":"","background-media":"","overlay-type":"","overlay-color":"","overlay-gradient":""},"mobile":{"background-color":"var(--ast-global-color-5)","background-image":"","background-repeat":"repeat","background-position":"center center","background-size":"auto","background-attachment":"scroll","background-type":"","background-media":"","overlay-type":"","overlay-color":"","overlay-gradient":""}},"footnotes":""},"uagb_featured_image_src":{"full":false,"thumbnail":false,"medium":false,"medium_large":false,"large":false,"1536x1536":false,"2048x2048":false},"uagb_author_info":{"display_name":"nelma.ramos@uepa.br","author_link":"https:\/\/propesp.uepa.br\/ppgenf\/index.php\/author\/nelma-ramosuepa-br\/"},"uagb_comment_info":0,"uagb_excerpt":"7\u00aa TURMA &#8211; UEPA\/2016","_links":{"self":[{"href":"https:\/\/propesp.uepa.br\/ppgenf\/index.php\/wp-json\/wp\/v2\/pages\/936"}],"collection":[{"href":"https:\/\/propesp.uepa.br\/ppgenf\/index.php\/wp-json\/wp\/v2\/pages"}],"about":[{"href":"https:\/\/propesp.uepa.br\/ppgenf\/index.php\/wp-json\/wp\/v2\/types\/page"}],"author":[{"embeddable":true,"href":"https:\/\/propesp.uepa.br\/ppgenf\/index.php\/wp-json\/wp\/v2\/users\/2"}],"replies":[{"embeddable":true,"href":"https:\/\/propesp.uepa.br\/ppgenf\/index.php\/wp-json\/wp\/v2\/comments?post=936"}],"version-history":[{"count":14,"href":"https:\/\/propesp.uepa.br\/ppgenf\/index.php\/wp-json\/wp\/v2\/pages\/936\/revisions"}],"predecessor-version":[{"id":6405,"href":"https:\/\/propesp.uepa.br\/ppgenf\/index.php\/wp-json\/wp\/v2\/pages\/936\/revisions\/6405"}],"up":[{"embeddable":true,"href":"https:\/\/propesp.uepa.br\/ppgenf\/index.php\/wp-json\/wp\/v2\/pages\/244"}],"wp:attachment":[{"href":"https:\/\/propesp.uepa.br\/ppgenf\/index.php\/wp-json\/wp\/v2\/media?parent=936"}],"curies":[{"name":"wp","href":"https:\/\/api.w.org\/{rel}","templated":true}]}}