{"id":938,"date":"2020-05-21T14:36:13","date_gmt":"2020-05-21T17:36:13","guid":{"rendered":"https:\/\/propesp.uepa.br\/ppgenf\/?page_id=938"},"modified":"2026-03-03T11:35:41","modified_gmt":"2026-03-03T14:35:41","slug":"8a-turma-uepa-2017","status":"publish","type":"page","link":"https:\/\/propesp.uepa.br\/ppgenf\/index.php\/corpo-discente\/egressos-uepa\/8a-turma-uepa-2017\/","title":{"rendered":"8\u00aa Turma &#8211; UEPA \/ 2017"},"content":{"rendered":"\n<div class=\"wp-block-uagb-advanced-heading uagb-block-145fa103\"><h2 class=\"uagb-heading-text\"><strong>8\u00aa TURMA &#8211; UEPA\/2017<\/strong><\/h2><div class=\"uagb-separator\"><\/div><\/div>\n\n\n\n<div class=\"wp-block-uagb-container uagb-block-2d8076f4 alignfull uagb-is-root-container\"><div class=\"uagb-container-inner-blocks-wrap\">\n<div class=\"wp-block-uagb-container uagb-block-b92c217c\">\n<section class=\"wp-block-uagb-columns uagb-columns__wrap uagb-columns__background-none uagb-columns__stack-mobile uagb-columns__valign- uagb-columns__gap-15 align uagb-block-fe440096 uagb-columns__columns-2 uagb-columns__max_width-theme\"><div class=\"uagb-columns__overlay\"><\/div><div class=\"uagb-columns__inner-wrap uagb-columns__columns-2\">\n<div class=\"wp-block-uagb-column uagb-column__wrap uagb-column__background-undefined uagb-block-5b4d02a8\"><div class=\"uagb-column__overlay\"><\/div>\n<div class=\"wp-block-uagb-info-box uagb-block-9890ae74 uagb-infobox__content-wrap  uagb-infobox-icon-below-title uagb-infobox-image-valign-top\"><div class=\"uagb-ifb-content\"><div class=\"uagb-ifb-title-wrap\"><h3 class=\"uagb-ifb-title\"> <strong>Fabiane Oliveira da Silva<\/strong><a href=\"http:\/\/lattes.cnpq.br\/8964318207508331\"><img loading=\"lazy\" decoding=\"async\" width=\"40\" height=\"40\" class=\"wp-image-807\" style=\"width: 40px;\" src=\"https:\/\/propesp.uepa.br\/ppgenf\/wp-content\/uploads\/2020\/03\/Lattes-e1585070878268.jpg\" alt=\"\"><\/a> <\/h3><\/div><div class=\"uagb-ifb-separator\"><\/div><p class=\"uagb-ifb-desc\"><strong>Orientadora: Dra. Ivaneide Leal Ataide Rodrigues<\/strong><br><strong>Resumo da disserta\u00e7\u00e3o defendida em 2019:&nbsp;<a rel=\"noreferrer noopener\" href=\"https:\/\/drive.google.com\/file\/d\/14X28jIvIqY6S6p50bCkSHqDB6xrvkrrx\/view?usp=sharing\" target=\"_blank\">GEST\u00c3O DA A\u00c7\u00c3O DE ENFERMEIROS NA POL\u00cdTICA DE CONTROLE DA TUBERCULOSE<\/a><\/strong> <\/p><\/div><\/div>\n<\/div>\n\n\n\n<div class=\"wp-block-uagb-column uagb-column__wrap uagb-column__background-undefined uagb-block-2f91cd86\"><div class=\"uagb-column__overlay\"><\/div>\n<div class=\"wp-block-uagb-info-box uagb-block-bacaf958 uagb-infobox__content-wrap  uagb-infobox-icon-below-title uagb-infobox-image-valign-top\"><div class=\"uagb-ifb-content\"><div class=\"uagb-ifb-title-wrap\"><h3 class=\"uagb-ifb-title\"> <strong>Gracileide Maia Correa<\/strong> <a href=\"http:\/\/lattes.cnpq.br\/1109144417417222\"><img loading=\"lazy\" decoding=\"async\" width=\"40\" height=\"40\" class=\"wp-image-807\" style=\"width: 40px;\" src=\"https:\/\/propesp.uepa.br\/ppgenf\/wp-content\/uploads\/2020\/03\/Lattes-e1585070878268.jpg\" alt=\"\"><\/a><\/h3><\/div><div class=\"uagb-ifb-separator\"><\/div><p class=\"uagb-ifb-desc\"><strong>Orientadora:  Dra. Angela Maria Rodrigues Ferreira<\/strong><br><strong>Resumo da disserta\u00e7\u00e3o defendida em 2019: <a href=\"https:\/\/drive.google.com\/file\/d\/1KmXOcmHIduWXt3Ej6NitdR_lJNc3XMLE\/view?usp=sharing\">DISTRIBUI\u00c7\u00c3O ESPACIAL DOS CASOS DE INCAPACIDADES FISICAS POR HANSEN\u00cdASE E ACESSIBILIDADE DO PACIENTE AO SERVI\u00c7O DE SA\u00daDE NOTIFICADOR  <\/a><\/strong><\/p><\/div><\/div>\n<\/div>\n<\/div><\/section>\n\n\n\n<section class=\"wp-block-uagb-columns uagb-columns__wrap uagb-columns__background-none uagb-columns__stack-mobile uagb-columns__valign- uagb-columns__gap-15 align uagb-block-4a958e9f uagb-columns__columns-2 uagb-columns__max_width-theme\"><div class=\"uagb-columns__overlay\"><\/div><div class=\"uagb-columns__inner-wrap uagb-columns__columns-2\">\n<div class=\"wp-block-uagb-column uagb-column__wrap uagb-column__background-undefined uagb-block-e595103b\"><div class=\"uagb-column__overlay\"><\/div>\n<div class=\"wp-block-uagb-info-box uagb-block-0ba5270d uagb-infobox__content-wrap  uagb-infobox-icon-below-title uagb-infobox-image-valign-top uagb-infobox__outer-wrap\"><div class=\"uagb-ifb-content\"><div class=\"uagb-ifb-title-wrap\"><h3 class=\"uagb-ifb-title\"> <strong>Lidiane de Nazar\u00e9 Mota Trindade<\/strong><a href=\"http:\/\/lattes.cnpq.br\/2449598965932317\"><img loading=\"lazy\" decoding=\"async\" width=\"40\" height=\"40\" class=\"wp-image-807\" style=\"width: 40px;\" src=\"https:\/\/propesp.uepa.br\/ppgenf\/wp-content\/uploads\/2020\/03\/Lattes-e1585070878268.jpg\" alt=\"\"><\/a> <\/h3><\/div><p class=\"uagb-ifb-desc\"><br><br><br><strong>Orientadora: Dra. Laura Maria Vidal Nogueira<\/strong><br><strong>Resumo da disserta\u00e7\u00e3o defendida em 2019:&nbsp;<a href=\"https:\/\/drive.google.com\/file\/d\/1X-m-KoZ-nk8r8pu4ZpLuLLfvh6UTamG_\/view?usp=sharing\" target=\"_blank\" rel=\"noreferrer noopener\">PADR\u00c3O ESPACIAL DA INFEC\u00c7\u00c3O PELO HIV EM GESTANTES IND\u00cdGENAS E N\u00c3O IND\u00cdGENAS E SUA RELA\u00c7\u00c3O COM OS DETERMINANTES SOCIOECON\u00d4MICOS<\/a><\/strong> <\/p><\/div><\/div>\n<\/div>\n\n\n\n<div class=\"wp-block-uagb-column uagb-column__wrap uagb-column__background-undefined uagb-block-f6c32727\"><div class=\"uagb-column__overlay\"><\/div>\n<div class=\"wp-block-uagb-info-box uagb-block-7ad807e5 uagb-infobox__content-wrap  uagb-infobox-icon-below-title uagb-infobox-image-valign-top\"><div class=\"uagb-ifb-content\"><div class=\"uagb-ifb-title-wrap\"><h3 class=\"uagb-ifb-title\"> <strong>Rafaelly da Concei\u00e7\u00e3o Barra Portilho<\/strong><a href=\"http:\/\/lattes.cnpq.br\/3948882219242349\"><img loading=\"lazy\" decoding=\"async\" width=\"40\" height=\"40\" class=\"wp-image-807\" style=\"width: 40px;\" src=\"https:\/\/propesp.uepa.br\/ppgenf\/wp-content\/uploads\/2020\/03\/Lattes-e1585070878268.jpg\" alt=\"\"><\/a> <\/h3><\/div><div class=\"uagb-ifb-separator\"><\/div><p class=\"uagb-ifb-desc\"><strong>Orientadora: Dra. Iaci Proen\u00e7a Palmeira<\/strong><br><strong>Resumo da disserta\u00e7\u00e3o defendida em 2019:&nbsp;<a rel=\"noreferrer noopener\" href=\"https:\/\/drive.google.com\/file\/d\/1llUdCSnlv6rrfP1bY2nV7F6Pi7I51Hqa\/view?usp=sharing\" target=\"_blank\">GESTANTES VIVENDO COM HIV E O CUIDADO DE SI: UM ESTUDO DE REPRESENTA\u00c7\u00d5ES SOCIAIS<\/a><\/strong> <\/p><\/div><\/div>\n<\/div>\n<\/div><\/section>\n\n\n\n<div class=\"wp-block-columns is-layout-flex wp-container-core-columns-layout-1 wp-block-columns-is-layout-flex\">\n<div class=\"wp-block-column is-layout-flow wp-block-column-is-layout-flow\">\n<div class=\"wp-block-uagb-info-box uagb-block-3c6a5afe uagb-infobox__content-wrap  uagb-infobox-icon-below-title uagb-infobox-image-valign-top\"><div class=\"uagb-ifb-content\"><div class=\"uagb-ifb-title-wrap\"><h3 class=\"uagb-ifb-title\"><strong>Thayna Desiree Rodrigues Martins<\/strong><a href=\"http:\/\/lattes.cnpq.br\/6002802400292562\"><img loading=\"lazy\" decoding=\"async\" width=\"40\" height=\"40\" class=\"wp-image-807\" style=\"width: 40px;\" src=\"https:\/\/propesp.uepa.br\/ppgenf\/wp-content\/uploads\/2020\/03\/Lattes-e1585070878268.jpg\" alt=\"\"><\/a> <\/h3><\/div><p class=\"uagb-ifb-desc\"><strong>Orientadora: Dra. Ant\u00f4nia Margareth Moita S\u00e1<\/strong><br><strong>Resumo da disserta\u00e7\u00e3o defendida em 2019:&nbsp;<a href=\"https:\/\/drive.google.com\/file\/d\/1oKuzelXKsIO-QbHyeGLCKkphu1rJxyfn\/view?usp=sharing\" target=\"_blank\" rel=\"noreferrer noopener\">O SENTIDO DE TER REA\u00c7\u00d5ES HANS\u00caNICAS<\/a><\/strong> <\/p><\/div><\/div>\n<\/div>\n\n\n\n<div class=\"wp-block-column is-layout-flow wp-block-column-is-layout-flow\"><\/div>\n<\/div>\n<\/div>\n\n\n\n<div class=\"wp-block-uagb-container uagb-block-a9d06df8\">\n<section class=\"wp-block-uagb-columns uagb-columns__wrap uagb-columns__background-none uagb-columns__stack-mobile uagb-columns__valign- uagb-columns__gap-15 align uagb-block-5ff11808 uagb-columns__columns-2 uagb-columns__max_width-theme\"><div class=\"uagb-columns__overlay\"><\/div><div class=\"uagb-columns__inner-wrap uagb-columns__columns-2\">\n<div class=\"wp-block-uagb-column uagb-column__wrap uagb-column__background-undefined uagb-block-ba363fd1\"><div class=\"uagb-column__overlay\"><\/div>\n<div class=\"wp-block-uagb-info-box uagb-block-974b9416 uagb-infobox__content-wrap  uagb-infobox-icon-below-title uagb-infobox-image-valign-middle uagb-infobox__outer-wrap\"><div class=\"uagb-ifb-content\"><div class=\"uagb-ifb-title-wrap\"><h3 class=\"uagb-ifb-title\"><strong>Alzinei S\u00edmor<\/strong><a href=\"http:\/\/lattes.cnpq.br\/3796398968280123\"><img loading=\"lazy\" decoding=\"async\" width=\"40\" height=\"40\" class=\"wp-image-807\" style=\"width: 40px;\" src=\"https:\/\/propesp.uepa.br\/ppgenf\/wp-content\/uploads\/2020\/03\/Lattes-e1585070878268.jpg\" alt=\"\"><\/a><\/h3><\/div><p class=\"uagb-ifb-desc\"><br><br><br><strong>Orientadora: Dra. Ivonete Vieira Pereira Peixoto<br>Coorientadora: Dra. M\u00f4nica Cust\u00f3dia do Couto Abreu Pamplona<br>Resumo da Disserta\u00e7\u00e3o defendida em 2020:  <a href=\"https:\/\/drive.google.com\/file\/d\/17P_VnsiY_NO_wzQgJY3RnNKVQc2TNdxx\/view?usp=sharing\">PROGRAMA DE REPRODU\u00c7\u00c3O HUMANA ASSISTIDA: ELABORA\u00c7\u00c3O DE TECNOLOGIA EDUCACIONAL PARA MEDIAR O ACOLHIMENTO DE CASAIS INFERTEIS   <\/a><\/strong><\/p><\/div><\/div>\n<\/div>\n\n\n\n<div class=\"wp-block-uagb-column uagb-column__wrap uagb-column__background-undefined uagb-block-0c072f4c\"><div class=\"uagb-column__overlay\"><\/div>\n<div class=\"wp-block-uagb-info-box uagb-block-60f20951 uagb-infobox__content-wrap  uagb-infobox-icon-below-title uagb-infobox-image-valign-top\"><div class=\"uagb-ifb-content\"><div class=\"uagb-ifb-title-wrap\"><h3 class=\"uagb-ifb-title\"> <strong>Fernanda de Nazar\u00e9 Almeida Costa<\/strong><a href=\"http:\/\/lattes.cnpq.br\/7632280916591041\"><img loading=\"lazy\" decoding=\"async\" width=\"40\" height=\"40\" class=\"wp-image-807\" style=\"width: 40px;\" src=\"https:\/\/propesp.uepa.br\/ppgenf\/wp-content\/uploads\/2020\/03\/Lattes-e1585070878268.jpg\" alt=\"\"><\/a> <\/h3><\/div><div class=\"uagb-ifb-separator\"><\/div><p class=\"uagb-ifb-desc\"><strong>Orientadora:&nbsp; Dra. Mary Elizabeth de Santana<\/strong><br><strong>Co-orientador: Prof. Dr. Paulo Elias Gotardelo Audebert Delage<\/strong><br><strong>Resumo da disserta\u00e7\u00e3o defendida em 2019:&nbsp;<a rel=\"noreferrer noopener\" href=\"https:\/\/drive.google.com\/file\/d\/1KQPSnqh0j6Lc1Wc9Hts3P5dh4pKa3D8e\/view?usp=sharing\" target=\"_blank\">QUALIDADE DE VIDA RELACIONADA \u00c0 SA\u00daDE DE CRIAN\u00c7AS E ADOLESCENTES EM HEMODI\u00c1LISE PRODU\u00c7\u00c3O E TESTAGEM DE UMA ESTRAT\u00c9GIA GAMIFICADA<\/a><\/strong> <br><\/p><\/div><\/div>\n<\/div>\n<\/div><\/section>\n\n\n\n<section class=\"wp-block-uagb-columns uagb-columns__wrap uagb-columns__background-none uagb-columns__stack-mobile uagb-columns__valign- uagb-columns__gap-15 align uagb-block-ec317db3 uagb-columns__columns-2 uagb-columns__max_width-theme\"><div class=\"uagb-columns__overlay\"><\/div><div class=\"uagb-columns__inner-wrap uagb-columns__columns-2\">\n<div class=\"wp-block-uagb-column uagb-column__wrap uagb-column__background-undefined uagb-block-776bf6f0\"><div class=\"uagb-column__overlay\"><\/div>\n<div class=\"wp-block-uagb-info-box uagb-block-1fe9a294 uagb-infobox__content-wrap  uagb-infobox-icon-below-title uagb-infobox-image-valign-top\"><div class=\"uagb-ifb-content\"><div class=\"uagb-ifb-title-wrap\"><h3 class=\"uagb-ifb-title\"> <strong>Karina de Oliveira Freitas<\/strong><a href=\"http:\/\/lattes.cnpq.br\/2862681768025021\"><img loading=\"lazy\" decoding=\"async\" width=\"40\" height=\"40\" class=\"wp-image-807\" style=\"width: 40px;\" src=\"https:\/\/propesp.uepa.br\/ppgenf\/wp-content\/uploads\/2020\/03\/Lattes-e1585070878268.jpg\" alt=\"\"><\/a> <\/h3><\/div><div class=\"uagb-ifb-separator\"><\/div><p class=\"uagb-ifb-desc\"><strong>Orientadora: Dra. Monica Custodia do Couto Abreu Pamplona<\/strong><br><strong>Resumo da disserta\u00e7\u00e3o defendida em 2019:&nbsp;<a rel=\"noreferrer noopener\" href=\"https:\/\/drive.google.com\/file\/d\/1CyRd-1UDzpM2Y7UVe7s_NnMmqeD-cpzj\/view?usp=sharing\" target=\"_blank\">CARACTERIZA\u00c7\u00c3O CL\u00cdNICO-EPIDEMIOL\u00d3GICA DE MULHERES COM LES\u00d5ES PRECURSORAS DO C\u00c2NCER DO COLO DO \u00daTERO EM UM SERVI\u00c7O DE ATEN\u00c7\u00c3O SECUND\u00c1RIA<\/a><\/strong> <\/p><\/div><\/div>\n<\/div>\n\n\n\n<div class=\"wp-block-uagb-column uagb-column__wrap uagb-column__background-undefined uagb-block-ecc25c06\"><div class=\"uagb-column__overlay\"><\/div>\n<div class=\"wp-block-uagb-info-box uagb-block-c2250886 uagb-infobox__content-wrap  uagb-infobox-icon-below-title uagb-infobox-image-valign-top\"><div class=\"uagb-ifb-content\"><div class=\"uagb-ifb-title-wrap\"><h3 class=\"uagb-ifb-title\"> <strong>Natasha Cristina Oliveira Andrade<\/strong><a href=\"http:\/\/lattes.cnpq.br\/9768677210102819\"><img loading=\"lazy\" decoding=\"async\" width=\"40\" height=\"40\" class=\"wp-image-807\" style=\"width: 40px;\" src=\"https:\/\/propesp.uepa.br\/ppgenf\/wp-content\/uploads\/2020\/03\/Lattes-e1585070878268.jpg\" alt=\"\"><\/a> <\/h3><\/div><div class=\"uagb-ifb-separator\"><\/div><p class=\"uagb-ifb-desc\"><strong>Orientadora:&nbsp; Dra. Mary Elizabeth de Santana<\/strong><br><strong>Resumo da disserta\u00e7\u00e3o defendida em 2019:<\/strong><a href=\"https:\/\/drive.google.com\/file\/d\/1JducZXTaVQIW8eSCMB7qSA7YlU7QsoBd\/view?usp=sharing\"><strong> AN\u00c1LISE DAS CARACTER\u00cdSTICAS EPIDEMIOL\u00d3GICAS E CL\u00cdNICAS DE PACIENTES COM C\u00c2NCER DE LARINGE: CONTRIBUI\u00c7\u00d5ES PARA A ENFERMAGEM<\/strong> l<\/a><\/p><\/div><\/div>\n<\/div>\n<\/div><\/section>\n\n\n\n<div class=\"wp-block-columns is-layout-flex wp-container-core-columns-layout-2 wp-block-columns-is-layout-flex\">\n<div class=\"wp-block-column is-layout-flow wp-block-column-is-layout-flow\">\n<div class=\"wp-block-uagb-info-box uagb-block-ae02118a uagb-infobox__content-wrap  uagb-infobox-icon-below-title uagb-infobox-image-valign-top\"><div class=\"uagb-ifb-content\"><div class=\"uagb-ifb-title-wrap\"><h3 class=\"uagb-ifb-title\"> <strong>Ronaldo Fran\u00e7a de Sarges<\/strong><a href=\"http:\/\/lattes.cnpq.br\/6973505127416165\"><img loading=\"lazy\" decoding=\"async\" width=\"40\" height=\"40\" class=\"wp-image-807\" style=\"width: 40px;\" src=\"https:\/\/propesp.uepa.br\/ppgenf\/wp-content\/uploads\/2020\/03\/Lattes-e1585070878268.jpg\" alt=\"\"><\/a><\/h3><\/div><p class=\"uagb-ifb-desc\"> <br> <strong>Orientado(a):&nbsp;Dra. Ivonete Vieira Pereira Peixoto<br> Coorientador(a):&nbsp;Dr. Rubenilson Caldas Valois<br> Resumo da disserta\u00e7\u00e3o defendida em 2019:  <a href=\"https:\/\/drive.google.com\/file\/d\/1QkWq_i7SkXRo_yNajMieykdwp_3-4c_p\/view?usp=sharing\">ATUA\u00c7\u00c3O DE      ENFERMEIROS OBST\u00c9TRICOS NA DIRETRIZ DA HUMANIZA\u00c7\u00c3O DO TRABALHO DE PARTO E NASCIMENTO <\/a> <\/strong><\/p><\/div><\/div>\n<\/div>\n\n\n\n<div class=\"wp-block-column is-layout-flow wp-block-column-is-layout-flow\"><\/div>\n<\/div>\n<\/div>\n<\/div><\/div>\n","protected":false},"excerpt":{"rendered":"<p>8\u00aa TURMA &#8211; UEPA\/2017<\/p>\n","protected":false},"author":2,"featured_media":0,"parent":244,"menu_order":0,"comment_status":"closed","ping_status":"closed","template":"","meta":{"_uag_custom_page_level_css":"","site-sidebar-layout":"no-sidebar","site-content-layout":"plain-container","ast-site-content-layout":"normal-width-container","site-content-style":"unboxed","site-sidebar-style":"unboxed","ast-global-header-display":"","ast-banner-title-visibility":"","ast-main-header-display":"","ast-hfb-above-header-display":"","ast-hfb-below-header-display":"","ast-hfb-mobile-header-display":"","site-post-title":"disabled","ast-breadcrumbs-content":"","ast-featured-img":"","footer-sml-layout":"","theme-transparent-header-meta":"default","adv-header-id-meta":"","stick-header-meta":"","header-above-stick-meta":"","header-main-stick-meta":"","header-below-stick-meta":"","astra-migrate-meta-layouts":"set","ast-page-background-enabled":"default","ast-page-background-meta":{"desktop":{"background-color":"","background-image":"","background-repeat":"repeat","background-position":"center center","background-size":"auto","background-attachment":"scroll","background-type":"","background-media":"","overlay-type":"","overlay-color":"","overlay-gradient":""},"tablet":{"background-color":"","background-image":"","background-repeat":"repeat","background-position":"center center","background-size":"auto","background-attachment":"scroll","background-type":"","background-media":"","overlay-type":"","overlay-color":"","overlay-gradient":""},"mobile":{"background-color":"","background-image":"","background-repeat":"repeat","background-position":"center center","background-size":"auto","background-attachment":"scroll","background-type":"","background-media":"","overlay-type":"","overlay-color":"","overlay-gradient":""}},"ast-content-background-meta":{"desktop":{"background-color":"var(--ast-global-color-5)","background-image":"","background-repeat":"repeat","background-position":"center center","background-size":"auto","background-attachment":"scroll","background-type":"","background-media":"","overlay-type":"","overlay-color":"","overlay-gradient":""},"tablet":{"background-color":"var(--ast-global-color-5)","background-image":"","background-repeat":"repeat","background-position":"center center","background-size":"auto","background-attachment":"scroll","background-type":"","background-media":"","overlay-type":"","overlay-color":"","overlay-gradient":""},"mobile":{"background-color":"var(--ast-global-color-5)","background-image":"","background-repeat":"repeat","background-position":"center center","background-size":"auto","background-attachment":"scroll","background-type":"","background-media":"","overlay-type":"","overlay-color":"","overlay-gradient":""}},"footnotes":""},"uagb_featured_image_src":{"full":false,"thumbnail":false,"medium":false,"medium_large":false,"large":false,"1536x1536":false,"2048x2048":false},"uagb_author_info":{"display_name":"nelma.ramos@uepa.br","author_link":"https:\/\/propesp.uepa.br\/ppgenf\/index.php\/author\/nelma-ramosuepa-br\/"},"uagb_comment_info":0,"uagb_excerpt":"8\u00aa TURMA &#8211; UEPA\/2017","_links":{"self":[{"href":"https:\/\/propesp.uepa.br\/ppgenf\/index.php\/wp-json\/wp\/v2\/pages\/938"}],"collection":[{"href":"https:\/\/propesp.uepa.br\/ppgenf\/index.php\/wp-json\/wp\/v2\/pages"}],"about":[{"href":"https:\/\/propesp.uepa.br\/ppgenf\/index.php\/wp-json\/wp\/v2\/types\/page"}],"author":[{"embeddable":true,"href":"https:\/\/propesp.uepa.br\/ppgenf\/index.php\/wp-json\/wp\/v2\/users\/2"}],"replies":[{"embeddable":true,"href":"https:\/\/propesp.uepa.br\/ppgenf\/index.php\/wp-json\/wp\/v2\/comments?post=938"}],"version-history":[{"count":13,"href":"https:\/\/propesp.uepa.br\/ppgenf\/index.php\/wp-json\/wp\/v2\/pages\/938\/revisions"}],"predecessor-version":[{"id":6406,"href":"https:\/\/propesp.uepa.br\/ppgenf\/index.php\/wp-json\/wp\/v2\/pages\/938\/revisions\/6406"}],"up":[{"embeddable":true,"href":"https:\/\/propesp.uepa.br\/ppgenf\/index.php\/wp-json\/wp\/v2\/pages\/244"}],"wp:attachment":[{"href":"https:\/\/propesp.uepa.br\/ppgenf\/index.php\/wp-json\/wp\/v2\/media?parent=938"}],"curies":[{"name":"wp","href":"https:\/\/api.w.org\/{rel}","templated":true}]}}