{"id":940,"date":"2020-05-21T14:37:02","date_gmt":"2020-05-21T17:37:02","guid":{"rendered":"https:\/\/propesp.uepa.br\/ppgenf\/?page_id=940"},"modified":"2026-03-03T11:36:41","modified_gmt":"2026-03-03T14:36:41","slug":"9a-turma-uepa-2018","status":"publish","type":"page","link":"https:\/\/propesp.uepa.br\/ppgenf\/index.php\/corpo-discente\/egressos-uepa\/9a-turma-uepa-2018\/","title":{"rendered":"9\u00aa Turma &#8211; UEPA \/ 2018"},"content":{"rendered":"\n<div class=\"wp-block-uagb-advanced-heading uagb-block-2749c847\"><h2 class=\"uagb-heading-text\"><strong>9\u00aa TURMA &#8211; UEPA\/2018<\/strong><\/h2><div class=\"uagb-separator\"><\/div><\/div>\n\n\n\n<div class=\"wp-block-uagb-container uagb-block-cc103392 alignfull uagb-is-root-container\"><div class=\"uagb-container-inner-blocks-wrap\">\n<div class=\"wp-block-uagb-container uagb-block-71f63290\">\n<section class=\"wp-block-uagb-columns uagb-columns__wrap uagb-columns__background-none uagb-columns__stack-mobile uagb-columns__valign- uagb-columns__gap-15 align uagb-block-41d1608b uagb-columns__columns-2 uagb-columns__max_width-theme\"><div class=\"uagb-columns__overlay\"><\/div><div class=\"uagb-columns__inner-wrap uagb-columns__columns-2\">\n<div class=\"wp-block-uagb-column uagb-column__wrap uagb-column__background-undefined uagb-block-0b37fb3f\"><div class=\"uagb-column__overlay\"><\/div>\n<div class=\"wp-block-uagb-info-box uagb-block-4f6ef887 uagb-infobox__content-wrap  uagb-infobox-icon-below-title uagb-infobox-image-valign-middle\"><div class=\"uagb-ifb-content\"><div class=\"uagb-ifb-title-wrap\"><h3 class=\"uagb-ifb-title\"><strong>Camila Carvalho do Vale<\/strong><a href=\"http:\/\/lattes.cnpq.br\/3684061401551024\"><img loading=\"lazy\" decoding=\"async\" width=\"40\" height=\"40\" class=\"wp-image-807\" style=\"width: 40px;\" src=\"https:\/\/propesp.uepa.br\/ppgenf\/wp-content\/uploads\/2020\/03\/Lattes-e1585070878268.jpg\" alt=\"\"><\/a><\/h3><\/div><div class=\"uagb-ifb-separator\"><\/div><p class=\"uagb-ifb-desc\"><strong>Orientadora: Dra. Iaci Proen\u00e7a Palmeira<\/strong><br><strong>Resumo da disserta\u00e7\u00e3o defendida em 2020:&nbsp;<\/strong>  <strong><a href=\"https:\/\/drive.google.com\/file\/d\/18MQVCfG3VrP2PVpC3bnocpGugKAIbpJO\/view?usp=sharing\">HANSEN\u00cdASE E REPRESENTA\u00c7\u00d5ES SOCIAIS: O OLHAR E O CUIDAR DE QUEM VIVENCIA A DOEN\u00c7A <\/a><\/strong><\/p><\/div><\/div>\n<\/div>\n\n\n\n<div class=\"wp-block-uagb-column uagb-column__wrap uagb-column__background-undefined uagb-block-daa4091b\"><div class=\"uagb-column__overlay\"><\/div>\n<div class=\"wp-block-uagb-info-box uagb-block-791b8084 uagb-infobox__content-wrap  uagb-infobox-icon-below-title uagb-infobox-image-valign-middle\"><div class=\"uagb-ifb-content\"><div class=\"uagb-ifb-title-wrap\"><h3 class=\"uagb-ifb-title\"><strong>Felipe Valino dos Santos<\/strong><a href=\"http:\/\/lattes.cnpq.br\/5062225243617814\"><img loading=\"lazy\" decoding=\"async\" width=\"40\" height=\"40\" class=\"wp-image-807\" style=\"width: 40px;\" src=\"https:\/\/propesp.uepa.br\/ppgenf\/wp-content\/uploads\/2020\/03\/Lattes-e1585070878268.jpg\" alt=\"\"><\/a><\/h3><\/div><div class=\"uagb-ifb-separator\"><\/div><p class=\"uagb-ifb-desc\"><br><br><strong>Orientadora: Dra. Ivaneide Leal Ata\u00edde Rodrigues<\/strong><br><strong>Resumo da disserta\u00e7\u00e3o defendida em 2020:<\/strong> <strong><a href=\"https:\/\/drive.google.com\/file\/d\/1afZd2GTx3_djCX3GgNj4dnbSPPFMqjrt\/view?usp=sharing\">SABERES E PR\u00c1TICAS SOBRE SA\u00daDE ENTRE HOMENS QUILOMBOLAS<\/a><\/strong><\/p><\/div><\/div>\n<\/div>\n<\/div><\/section>\n\n\n\n<section class=\"wp-block-uagb-columns uagb-columns__wrap uagb-columns__background-none uagb-columns__stack-mobile uagb-columns__valign- uagb-columns__gap-15 align uagb-block-81fa6e7f uagb-columns__columns-2 uagb-columns__max_width-theme\"><div class=\"uagb-columns__overlay\"><\/div><div class=\"uagb-columns__inner-wrap uagb-columns__columns-2\">\n<div class=\"wp-block-uagb-column uagb-column__wrap uagb-column__background-undefined uagb-block-763474d0\"><div class=\"uagb-column__overlay\"><\/div>\n<div class=\"wp-block-uagb-info-box uagb-block-1f52bafb uagb-infobox__content-wrap  uagb-infobox-icon-below-title uagb-infobox-image-valign-middle\"><div class=\"uagb-ifb-content\"><div class=\"uagb-ifb-title-wrap\"><h3 class=\"uagb-ifb-title\"><strong>Nicole Juc\u00e1 Monteiro<\/strong><a href=\"http:\/\/lattes.cnpq.br\/3170091357911193\"><img loading=\"lazy\" decoding=\"async\" width=\"40\" height=\"40\" class=\"wp-image-807\" style=\"width: 40px;\" src=\"https:\/\/propesp.uepa.br\/ppgenf\/wp-content\/uploads\/2020\/03\/Lattes-e1585070878268.jpg\" alt=\"\"><\/a><\/h3><\/div><div class=\"uagb-ifb-separator\"><\/div><p class=\"uagb-ifb-desc\"><strong>Orientadora: Dra. Antonina Margareth Moita S\u00e1<\/strong><br><strong>Resumo da disserta\u00e7\u00e3o defendida em 2020:&nbsp;<\/strong>  <a href=\"https:\/\/drive.google.com\/file\/d\/1O9kNMzs7jTAjXSYeuDSSQwJPVacM0PxJ\/view?usp=sharing\"><strong>COMPREENS\u00c3O FENOMENOL\u00d3GICA SOBRE O COTIDIANO DE MULHERES COM DIAGN\u00d3STICO E EM TRATAMENTO DE LES\u00c3O INTRAEPITELIAL ESCAMOSA ALTA <\/strong> <\/a><\/p><\/div><\/div>\n<\/div>\n\n\n\n<div class=\"wp-block-uagb-column uagb-column__wrap uagb-column__background-undefined uagb-block-e0a98ca3\"><div class=\"uagb-column__overlay\"><\/div>\n<div class=\"wp-block-uagb-info-box uagb-block-b10fd208 uagb-infobox__content-wrap  uagb-infobox-icon-below-title uagb-infobox-image-valign-middle\"><div class=\"uagb-ifb-content\"><div class=\"uagb-ifb-title-wrap\"><h3 class=\"uagb-ifb-title\"><strong>Perla Katheleen Valente Corr\u00eaa<\/strong><a href=\"http:\/\/lattes.cnpq.br\/7035257969842478\"><img loading=\"lazy\" decoding=\"async\" width=\"40\" height=\"40\" class=\"wp-image-807\" style=\"width: 40px;\" src=\"https:\/\/propesp.uepa.br\/ppgenf\/wp-content\/uploads\/2020\/03\/Lattes-e1585070878268.jpg\" alt=\"\"><\/a><strong> <\/strong> <\/h3><\/div><div class=\"uagb-ifb-separator\"><\/div><p class=\"uagb-ifb-desc\"><strong>Orientadora: Dra. Laura Maria Vidal Nogueira<\/strong><br><strong>Resumo da disserta\u00e7\u00e3o defendida em 2021:&nbsp;<\/strong> <strong><a href=\"https:\/\/drive.google.com\/file\/d\/1HAHCKf2FEy3W7NsWzaGN9nZMhnmb7fQM\/view?usp=sharing\">INDICADORES DE SA\u00daDE DE CRIAN\u00c7AS IND\u00cdGENAS DO ESTADO DO PAR\u00c1    <\/a><\/strong><\/p><\/div><\/div>\n<\/div>\n<\/div><\/section>\n\n\n\n<div class=\"wp-block-columns is-layout-flex wp-container-core-columns-layout-1 wp-block-columns-is-layout-flex\">\n<div class=\"wp-block-column is-layout-flow wp-block-column-is-layout-flow\">\n<div class=\"wp-block-uagb-info-box uagb-block-46b829f6 uagb-infobox__content-wrap  uagb-infobox-icon-below-title uagb-infobox-image-valign-middle\"><div class=\"uagb-ifb-content\"><div class=\"uagb-ifb-title-wrap\"><h3 class=\"uagb-ifb-title\"> <strong>Rosane Vieira Lobato<\/strong><a href=\"http:\/\/lattes.cnpq.br\/2058741796463105\"><img loading=\"lazy\" decoding=\"async\" width=\"40\" height=\"40\" class=\"wp-image-807\" style=\"width: 40px;\" src=\"https:\/\/propesp.uepa.br\/ppgenf\/wp-content\/uploads\/2020\/03\/Lattes-e1585070878268.jpg\" alt=\"\"><\/a><\/h3><\/div><p class=\"uagb-ifb-desc\"> <strong>Orientadora: Dra. \u00c2ngela Maria Rodrigues Ferreira<\/strong><br><strong>Resumo da disserta\u00e7\u00e3o defendida em 2020:&nbsp;<a href=\"https:\/\/drive.google.com\/file\/d\/1zbuS6dSmwmW_aGgfbXTOFOOdhCBYB0ya\/view?usp=sharing\">ASSOCIA\u00c7\u00c3O DO V\u00cdRUS DA IMUNODEFICI\u00caNCIA HUMANA ENTRE DOADORES DE SANGUE COM AS CARACTER\u00cdSTICAS SOCIODEMOGR\u00c1FICAS, CL\u00cdNICAS E COMPORTAMENTAIS <\/a><\/strong>  <\/p><\/div><\/div>\n<\/div>\n\n\n\n<div class=\"wp-block-column is-layout-flow wp-block-column-is-layout-flow\"><\/div>\n<\/div>\n\n\n\n<section class=\"wp-block-uagb-columns uagb-columns__wrap uagb-columns__background-none uagb-columns__stack-mobile uagb-columns__valign- uagb-columns__gap-15 align uagb-block-08ac6956 uagb-columns__columns-2 uagb-columns__max_width-theme\"><div class=\"uagb-columns__overlay\"><\/div><div class=\"uagb-columns__inner-wrap uagb-columns__columns-2\">\n<div class=\"wp-block-uagb-column uagb-column__wrap uagb-column__background-undefined uagb-block-5772a527\"><div class=\"uagb-column__overlay\"><\/div><\/div>\n\n\n\n<div class=\"wp-block-uagb-column uagb-column__wrap uagb-column__background-undefined uagb-block-0bcdf9db\"><div class=\"uagb-column__overlay\"><\/div><\/div>\n<\/div><\/section>\n<\/div>\n\n\n\n<div class=\"wp-block-uagb-container uagb-block-771d08e2\">\n<section class=\"wp-block-uagb-columns uagb-columns__wrap uagb-columns__background-none uagb-columns__stack-mobile uagb-columns__valign- uagb-columns__gap-15 align uagb-block-30817613 uagb-columns__columns-2 uagb-columns__max_width-theme\"><div class=\"uagb-columns__overlay\"><\/div><div class=\"uagb-columns__inner-wrap uagb-columns__columns-2\">\n<div class=\"wp-block-uagb-column uagb-column__wrap uagb-column__background-undefined uagb-block-2f4f27eb\"><div class=\"uagb-column__overlay\"><\/div>\n<div class=\"wp-block-uagb-info-box uagb-block-efcfb088 uagb-infobox__content-wrap  uagb-infobox-icon-below-title uagb-infobox-image-valign-middle\"><div class=\"uagb-ifb-content\"><div class=\"uagb-ifb-title-wrap\"><h3 class=\"uagb-ifb-title\"><strong>Fernanda Ara\u00fajo Trindade<\/strong><a href=\"http:\/\/lattes.cnpq.br\/4477115766340959\"><img loading=\"lazy\" decoding=\"async\" width=\"40\" height=\"40\" class=\"wp-image-807\" style=\"width: 40px;\" src=\"https:\/\/propesp.uepa.br\/ppgenf\/wp-content\/uploads\/2020\/03\/Lattes-e1585070878268.jpg\" alt=\"\"><\/a><\/h3><\/div><div class=\"uagb-ifb-separator\"><\/div><p class=\"uagb-ifb-desc\"><strong>Orientadora: Dra. Monica Cust\u00f3dia do Couto Abreu Pamplona<\/strong><br><strong>Resumo da disserta\u00e7\u00e3o defendida em 2020:&nbsp;<\/strong>  <strong><a href=\"https:\/\/drive.google.com\/file\/d\/1qoIQKVA7fHEy6Cxc5UxVNDhWSknJ1WGr\/view?usp=sharing\">AVALIA\u00c7\u00c3O DO CUIDADO DOMICILIAR \u00c0S CRIAN\u00c7AS EXPOSTAS AO RISCO DO HIV<\/a><\/strong><\/p><\/div><\/div>\n<\/div>\n\n\n\n<div class=\"wp-block-uagb-column uagb-column__wrap uagb-column__background-undefined uagb-block-3c46d95c\"><div class=\"uagb-column__overlay\"><\/div>\n<div class=\"wp-block-uagb-info-box uagb-block-6ca4a41a uagb-infobox__content-wrap  uagb-infobox-icon-below-title uagb-infobox-image-valign-middle\"><div class=\"uagb-ifb-content\"><div class=\"uagb-ifb-title-wrap\"><h3 class=\"uagb-ifb-title\"><strong>Glenda Keyla China Quemel<\/strong><a href=\"http:\/\/lattes.cnpq.br\/7462867565430728\"><img loading=\"lazy\" decoding=\"async\" width=\"40\" height=\"40\" class=\"wp-image-807\" style=\"width: 40px;\" src=\"https:\/\/propesp.uepa.br\/ppgenf\/wp-content\/uploads\/2020\/03\/Lattes-e1585070878268.jpg\" alt=\"\"><\/a>  <\/h3><\/div><div class=\"uagb-ifb-separator\"><\/div><p class=\"uagb-ifb-desc\"><strong>Orientadora: Dra. Ivonete Vieira Pereira Peixoto<\/strong><br><strong>Resumo da disserta\u00e7\u00e3o defendida em 2020:&nbsp;<\/strong> <a href=\"https:\/\/drive.google.com\/file\/d\/1XRAe2gGuPdkQx7oKTKAd0qLuhBJO2GPK\/view?usp=sharing\"><strong>SIGNIFICADOS DOS ACIDENTES DE TRABALHO POR PROFISSIONAIS DE SA\u00daDE DE UMA UNIDADE PSIQUI\u00c1TRICA <\/strong> <\/a> <\/p><\/div><\/div>\n<\/div>\n<\/div><\/section>\n\n\n\n<section class=\"wp-block-uagb-columns uagb-columns__wrap uagb-columns__background-none uagb-columns__stack-mobile uagb-columns__valign- uagb-columns__gap-15 align uagb-block-baf07c9d uagb-columns__columns-2 uagb-columns__max_width-theme\"><div class=\"uagb-columns__overlay\"><\/div><div class=\"uagb-columns__inner-wrap uagb-columns__columns-2\">\n<div class=\"wp-block-uagb-column uagb-column__wrap uagb-column__background-undefined uagb-block-4c5652b5\"><div class=\"uagb-column__overlay\"><\/div>\n<div class=\"wp-block-uagb-info-box uagb-block-69817605 uagb-infobox__content-wrap  uagb-infobox-icon-below-title uagb-infobox-image-valign-middle\"><div class=\"uagb-ifb-content\"><div class=\"uagb-ifb-title-wrap\"><h3 class=\"uagb-ifb-title\"><strong>Adams Brunno Silva<\/strong><a href=\"http:\/\/lattes.cnpq.br\/0303098351257185\"><img loading=\"lazy\" decoding=\"async\" width=\"40\" height=\"40\" class=\"wp-image-807\" style=\"width: 40px;\" src=\"https:\/\/propesp.uepa.br\/ppgenf\/wp-content\/uploads\/2020\/03\/Lattes-e1585070878268.jpg\" alt=\"\"><\/a><\/h3><\/div><div class=\"uagb-ifb-separator\"><\/div><p class=\"uagb-ifb-desc\"><strong>Orientadora: Dra. M\u00e1rcia Helena do Nascimento Machado<\/strong><br><strong>Resumo da disserta\u00e7\u00e3o defendida em 2021:<\/strong>  <strong><a href=\"https:\/\/drive.google.com\/file\/d\/1ppcfIuJZFM1F6zvcdkaBZwJsY1WeSpgO\/view?usp=sharing\">SERIOUS GAME \u201cTX LIFE\u201d: TECNOLOGIA CUIDATIVO-EDUCACIONAL PARA PESSOAS SUBMETIDAS AO TRANSPLANTE RENAL <\/a><\/strong><\/p><\/div><\/div>\n<\/div>\n\n\n\n<div class=\"wp-block-uagb-column uagb-column__wrap uagb-column__background-undefined uagb-block-017bcd79\"><div class=\"uagb-column__overlay\"><\/div>\n<div class=\"wp-block-uagb-info-box uagb-block-ca61173e uagb-infobox__content-wrap  uagb-infobox-icon-below-title uagb-infobox-image-valign-top\"><div class=\"uagb-ifb-content\"><div class=\"uagb-ifb-title-wrap\"><h3 class=\"uagb-ifb-title\"><strong>Amanda Gon\u00e7alves Souza da Silva<\/strong><a href=\"http:\/\/lattes.cnpq.br\/6931612550602608\"><img loading=\"lazy\" decoding=\"async\" width=\"40\" height=\"40\" class=\"wp-image-807\" style=\"width: 40px;\" src=\"https:\/\/propesp.uepa.br\/ppgenf\/wp-content\/uploads\/2020\/03\/Lattes-e1585070878268.jpg\" alt=\"\"><\/a><\/h3><\/div><div class=\"uagb-ifb-separator\"><\/div><p class=\"uagb-ifb-desc\"><br><br><strong>Orientadora: Dra. Monica Cust\u00f3dia do Couto Abreu Pamplona<\/strong><br><strong>Resumo da disserta\u00e7\u00e3o defendida em 2021:<\/strong>  <a href=\"https:\/\/drive.google.com\/file\/d\/1oJrEu1ogXslAMNUwsDug9BWI2z0QA7ew\/view?usp=sharing\"><strong>TERAPIA COMPORTAMENTAL PARA O TRATAMENTO DA INCONTIN\u00caNCIA URIN\u00c1RIA DE ESFOR\u00c7O EM MULHERES EM ACOMPANHAMENTO AMBULATORIAL<\/strong> <\/a><\/p><\/div><\/div>\n<\/div>\n<\/div><\/section>\n\n\n\n<div class=\"wp-block-columns is-layout-flex wp-container-core-columns-layout-2 wp-block-columns-is-layout-flex\">\n<div class=\"wp-block-column is-layout-flow wp-block-column-is-layout-flow\">\n<div class=\"wp-block-uagb-info-box uagb-block-ee738b47 uagb-infobox__content-wrap  uagb-infobox-icon-below-title uagb-infobox-image-valign-middle\"><div class=\"uagb-ifb-content\"><div class=\"uagb-ifb-title-wrap\"><h3 class=\"uagb-ifb-title\"><strong>Danielle Etienne de Oliveira Bezerra Lima<\/strong> <a href=\"http:\/\/lattes.cnpq.br\/4545435398370996\"><img loading=\"lazy\" decoding=\"async\" width=\"40\" height=\"40\" class=\"wp-image-807\" style=\"width: 40px;\" src=\"https:\/\/propesp.uepa.br\/ppgenf\/wp-content\/uploads\/2020\/03\/Lattes-e1585070878268.jpg\" alt=\"\"><\/a><\/h3><\/div><p class=\"uagb-ifb-desc\"><strong>Orientadora: Dra. Mary Elizabeth de Santana<br>Resumo da disserta\u00e7\u00e3o defendida em 2021: <\/strong><a href=\"https:\/\/drive.google.com\/file\/d\/11jCRF_H0iBdRb4fDQ2DhohZ7GjsLi_pD\/view?usp=share_link\"><strong>\u201cAVALIA\u00c7\u00c3O DO ENFERMEIRO AOS SINTOMAS F\u00cdSICOS E PSICOL\u00d3GICOS DE PACIENTES ONCOL\u00d3GICOS EM CUIDADOS PALIATIVOS<\/strong>&nbsp;<strong><em>\u201d<\/em><\/strong><\/a><\/p><\/div><\/div>\n<\/div>\n\n\n\n<div class=\"wp-block-column is-layout-flow wp-block-column-is-layout-flow\"><\/div>\n<\/div>\n\n\n\n<section class=\"wp-block-uagb-columns uagb-columns__wrap uagb-columns__background-none uagb-columns__stack-mobile uagb-columns__valign- uagb-columns__gap-15 align uagb-block-d0065edf uagb-columns__columns-2 uagb-columns__max_width-theme\"><div class=\"uagb-columns__overlay\"><\/div><div class=\"uagb-columns__inner-wrap uagb-columns__columns-2\">\n<div class=\"wp-block-uagb-column uagb-column__wrap uagb-column__background-undefined uagb-block-546a667c\"><div class=\"uagb-column__overlay\"><\/div><\/div>\n\n\n\n<div class=\"wp-block-uagb-column uagb-column__wrap uagb-column__background-undefined uagb-block-688d7ecb\"><div class=\"uagb-column__overlay\"><\/div><\/div>\n<\/div><\/section>\n<\/div>\n<\/div><\/div>\n","protected":false},"excerpt":{"rendered":"<p>9\u00aa TURMA &#8211; UEPA\/2018<\/p>\n","protected":false},"author":2,"featured_media":0,"parent":244,"menu_order":0,"comment_status":"closed","ping_status":"closed","template":"","meta":{"_uag_custom_page_level_css":"","site-sidebar-layout":"no-sidebar","site-content-layout":"plain-container","ast-site-content-layout":"normal-width-container","site-content-style":"unboxed","site-sidebar-style":"unboxed","ast-global-header-display":"","ast-banner-title-visibility":"","ast-main-header-display":"","ast-hfb-above-header-display":"","ast-hfb-below-header-display":"","ast-hfb-mobile-header-display":"","site-post-title":"disabled","ast-breadcrumbs-content":"","ast-featured-img":"","footer-sml-layout":"","theme-transparent-header-meta":"default","adv-header-id-meta":"","stick-header-meta":"","header-above-stick-meta":"","header-main-stick-meta":"","header-below-stick-meta":"","astra-migrate-meta-layouts":"set","ast-page-background-enabled":"default","ast-page-background-meta":{"desktop":{"background-color":"","background-image":"","background-repeat":"repeat","background-position":"center center","background-size":"auto","background-attachment":"scroll","background-type":"","background-media":"","overlay-type":"","overlay-color":"","overlay-gradient":""},"tablet":{"background-color":"","background-image":"","background-repeat":"repeat","background-position":"center center","background-size":"auto","background-attachment":"scroll","background-type":"","background-media":"","overlay-type":"","overlay-color":"","overlay-gradient":""},"mobile":{"background-color":"","background-image":"","background-repeat":"repeat","background-position":"center center","background-size":"auto","background-attachment":"scroll","background-type":"","background-media":"","overlay-type":"","overlay-color":"","overlay-gradient":""}},"ast-content-background-meta":{"desktop":{"background-color":"var(--ast-global-color-5)","background-image":"","background-repeat":"repeat","background-position":"center center","background-size":"auto","background-attachment":"scroll","background-type":"","background-media":"","overlay-type":"","overlay-color":"","overlay-gradient":""},"tablet":{"background-color":"var(--ast-global-color-5)","background-image":"","background-repeat":"repeat","background-position":"center center","background-size":"auto","background-attachment":"scroll","background-type":"","background-media":"","overlay-type":"","overlay-color":"","overlay-gradient":""},"mobile":{"background-color":"var(--ast-global-color-5)","background-image":"","background-repeat":"repeat","background-position":"center center","background-size":"auto","background-attachment":"scroll","background-type":"","background-media":"","overlay-type":"","overlay-color":"","overlay-gradient":""}},"footnotes":""},"uagb_featured_image_src":{"full":false,"thumbnail":false,"medium":false,"medium_large":false,"large":false,"1536x1536":false,"2048x2048":false},"uagb_author_info":{"display_name":"nelma.ramos@uepa.br","author_link":"https:\/\/propesp.uepa.br\/ppgenf\/index.php\/author\/nelma-ramosuepa-br\/"},"uagb_comment_info":0,"uagb_excerpt":"9\u00aa TURMA &#8211; UEPA\/2018","_links":{"self":[{"href":"https:\/\/propesp.uepa.br\/ppgenf\/index.php\/wp-json\/wp\/v2\/pages\/940"}],"collection":[{"href":"https:\/\/propesp.uepa.br\/ppgenf\/index.php\/wp-json\/wp\/v2\/pages"}],"about":[{"href":"https:\/\/propesp.uepa.br\/ppgenf\/index.php\/wp-json\/wp\/v2\/types\/page"}],"author":[{"embeddable":true,"href":"https:\/\/propesp.uepa.br\/ppgenf\/index.php\/wp-json\/wp\/v2\/users\/2"}],"replies":[{"embeddable":true,"href":"https:\/\/propesp.uepa.br\/ppgenf\/index.php\/wp-json\/wp\/v2\/comments?post=940"}],"version-history":[{"count":9,"href":"https:\/\/propesp.uepa.br\/ppgenf\/index.php\/wp-json\/wp\/v2\/pages\/940\/revisions"}],"predecessor-version":[{"id":6407,"href":"https:\/\/propesp.uepa.br\/ppgenf\/index.php\/wp-json\/wp\/v2\/pages\/940\/revisions\/6407"}],"up":[{"embeddable":true,"href":"https:\/\/propesp.uepa.br\/ppgenf\/index.php\/wp-json\/wp\/v2\/pages\/244"}],"wp:attachment":[{"href":"https:\/\/propesp.uepa.br\/ppgenf\/index.php\/wp-json\/wp\/v2\/media?parent=940"}],"curies":[{"name":"wp","href":"https:\/\/api.w.org\/{rel}","templated":true}]}}