{"id":942,"date":"2020-05-21T14:38:11","date_gmt":"2020-05-21T17:38:11","guid":{"rendered":"https:\/\/propesp.uepa.br\/ppgenf\/?page_id=942"},"modified":"2026-03-03T11:46:12","modified_gmt":"2026-03-03T14:46:12","slug":"1a-turma-ufam-2010","status":"publish","type":"page","link":"https:\/\/propesp.uepa.br\/ppgenf\/index.php\/corpo-discente\/egressos-ufam\/1a-turma-ufam-2010\/","title":{"rendered":"1\u00aa Turma &#8211; UFAM \/ 2010"},"content":{"rendered":"\n<div class=\"wp-block-uagb-advanced-heading uagb-block-a7b7519b\"><h2 class=\"uagb-heading-text\"><strong>1\u00aa TURMA &#8211; UFAM\/2010<\/strong><\/h2><div class=\"uagb-separator\"><\/div><\/div>\n\n\n\n<section class=\"wp-block-uagb-columns uagb-columns__wrap uagb-columns__background-none uagb-columns__stack-mobile uagb-columns__valign- uagb-columns__gap-10 align uagb-block-90511a2f-4a6a-425d-8961-d6713594399c uagb-columns__columns-2 uagb-columns__max_width-theme\"><div class=\"uagb-columns__overlay\"><\/div><div class=\"uagb-columns__inner-wrap uagb-columns__columns-2\">\n<div class=\"wp-block-uagb-column uagb-column__wrap uagb-column__background-color uagb-block-675fd115-6a71-4f8d-a47a-3b017ff9ee40\"><div class=\"uagb-column__overlay\"><\/div>\n<div class=\"wp-block-uagb-info-box uagb-block-73ed0c1c-ccfa-4e1b-8d8a-462f832677ea uagb-infobox__content-wrap  uagb-infobox-icon-left-title uagb-infobox-left uagb-infobox-image-valign-top\"><div class=\"uagb-ifb-content\"><div class=\"uagb-ifb-left-title-image\"><div class=\"uagb-ifb-title-wrap\"><h3 class=\"uagb-ifb-title\"> <strong>Aylana de Souza Belchior<\/strong><a href=\"http:\/\/lattes.cnpq.br\/6199433591051529\"><img loading=\"lazy\" decoding=\"async\" width=\"40\" height=\"40\" class=\"wp-image-807\" style=\"width: 40px;\" src=\"https:\/\/propesp.uepa.br\/ppgenf\/wp-content\/uploads\/2020\/03\/Lattes-e1585070878268.jpg\" alt=\"\"><\/a> <\/h3><\/div><\/div><div class=\"uagb-ifb-separator\"><\/div><p class=\"uagb-ifb-desc\"><strong>Orientadora:&nbsp;Profa. Dra.&nbsp;Evelyne Marie Therese Mainbourg<\/strong><br><strong>Co-orientadora:&nbsp;Profa. Dra.&nbsp;Arinete Veras Fontes Esteves.<\/strong><br><strong>Resumo da Disserta\u00e7\u00e3o defendida em 2012:<\/strong><a rel=\"noreferrer noopener\" href=\"https:\/\/drive.google.com\/file\/d\/1QJepkszAx1uxL4lOen95u6Wj6SPjeLWo\/view?usp=sharing\" target=\"_blank\"><strong>&nbsp;O CONHECIMENTO DOS PACIENTES ACERCA DA TUBERCULOSE: UM ESTUDO DE CASO CONTROLE, MANAUS-AM<\/strong><\/a> <\/p><\/div><\/div>\n\n\n\n<div class=\"wp-block-uagb-info-box uagb-block-a85a5a41-b324-4929-ad09-93bc383f18bd uagb-infobox__content-wrap  uagb-infobox-icon-left-title uagb-infobox-left uagb-infobox-image-valign-top\"><div class=\"uagb-ifb-content\"><div class=\"uagb-ifb-left-title-image\"><div class=\"uagb-ifb-title-wrap\"><h3 class=\"uagb-ifb-title\"> <strong>Nath\u00e1lia Fran\u00e7a de Oliveira<\/strong><a href=\"http:\/\/lattes.cnpq.br\/6236124413448190\"><img loading=\"lazy\" decoding=\"async\" width=\"40\" height=\"40\" class=\"wp-image-807\" style=\"width: 40px;\" src=\"https:\/\/propesp.uepa.br\/ppgenf\/wp-content\/uploads\/2020\/03\/Lattes-e1585070878268.jpg\" alt=\"\"><\/a> <\/h3><\/div><\/div><div class=\"uagb-ifb-separator\"><\/div><p class=\"uagb-ifb-desc\"><strong>Orientadora:&nbsp;Profa. Dra.&nbsp;Maria Jacirema Ferreira Gon\u00e7alves<\/strong><br><strong>Resumo da Disserta\u00e7\u00e3o defendida em 2012:&nbsp;<a rel=\"noreferrer noopener\" href=\"https:\/\/drive.google.com\/file\/d\/1QLoS-QXEMGdJ2SAX-DGgKRw4vR7mF02t\/view?usp=sharing\" target=\"_blank\">INTERNA\u00c7\u00c3O HOSPITALAR DE DOENTES COM TUBERCULOSE EM MANAUS E FATORES SOCIAIS E AMBIENTAIS<\/a><\/strong> <\/p><\/div><\/div>\n<\/div>\n\n\n\n<div class=\"wp-block-uagb-column uagb-column__wrap uagb-column__background-color uagb-block-906a5b30-fcfe-4f7b-b594-b915e8b0c9e0\"><div class=\"uagb-column__overlay\"><\/div>\n<div class=\"wp-block-uagb-info-box uagb-block-9db01623-5d76-42a4-96c9-338f992d699a uagb-infobox__content-wrap  uagb-infobox-icon-left-title uagb-infobox-left uagb-infobox-image-valign-top\"><div class=\"uagb-ifb-content\"><div class=\"uagb-ifb-left-title-image\"><div class=\"uagb-ifb-title-wrap\"><h3 class=\"uagb-ifb-title\"> <strong>Jair dos Santos Pinheiro<\/strong><a href=\"http:\/\/lattes.cnpq.br\/9843437860851297\"><img loading=\"lazy\" decoding=\"async\" width=\"40\" height=\"40\" class=\"wp-image-807\" style=\"width: 40px;\" src=\"https:\/\/propesp.uepa.br\/ppgenf\/wp-content\/uploads\/2020\/03\/Lattes-e1585070878268.jpg\" alt=\"\"><\/a> <\/h3><\/div><\/div><div class=\"uagb-ifb-separator\"><\/div><p class=\"uagb-ifb-desc\"><strong>Orientadora:&nbsp;Profa. Dra.&nbsp;Maria Jacirema Ferreira Gon\u00e7alves<\/strong><br><strong>Resumo da Disserta\u00e7\u00e3o defendida em 2012:&nbsp;<a rel=\"noreferrer noopener\" href=\"https:\/\/drive.google.com\/file\/d\/18wl_H91dwDw2rvfM4jjnGxRs1p8Wr2FE\/view?usp=sharing\" target=\"_blank\">FATORES EPIDEMIOL\u00d3GICOS ASSOCIADOS AO INSUCESSO NO TRATAMENTO DA TUBERCULOSE EM CEN\u00c1RIO DE ELEVADA INCID\u00caNCIA, BRASIL 2007-2009<\/a><\/strong> <\/p><\/div><\/div>\n\n\n\n<div class=\"wp-block-uagb-info-box uagb-block-2077e44f-200f-4ce6-a1b7-e9a28c21eee4 uagb-infobox__content-wrap  uagb-infobox-icon-left-title uagb-infobox-left uagb-infobox-image-valign-top\"><div class=\"uagb-ifb-content\"><div class=\"uagb-ifb-left-title-image\"><div class=\"uagb-ifb-title-wrap\"><h3 class=\"uagb-ifb-title\"> <strong>Zilmar Augusto de Souza Filho<\/strong><a href=\"http:\/\/lattes.cnpq.br\/9042510756083633\"><img loading=\"lazy\" decoding=\"async\" width=\"40\" height=\"40\" class=\"wp-image-807\" style=\"width: 40px;\" src=\"https:\/\/propesp.uepa.br\/ppgenf\/wp-content\/uploads\/2020\/03\/Lattes-e1585070878268.jpg\" alt=\"\"><\/a> <\/h3><\/div><\/div><div class=\"uagb-ifb-separator\"><\/div><p class=\"uagb-ifb-desc\"><strong>Orientadora:&nbsp;Profa. Dra.&nbsp;Evelyne Marie Therese Mainbourg<\/strong><br><strong>Co-orientadora:&nbsp;Profa. Dra.&nbsp;Nair Chase da Silva<\/strong><br><strong>Disserta\u00e7\u00e3o defendida em 2012:&nbsp;<a rel=\"noreferrer noopener\" href=\"https:\/\/drive.google.com\/file\/d\/18d-gYJRXkRGQ-QT0VL8DAh05jiQoXrW7\/view?usp=sharing\" target=\"_blank\">ACIDENTE VASCULAR CEREBRAL E FAM\u00cdLIAS: A ABORDAGEM DA ENFERMAGEM NA PERSPECTIVA DO MODELO CALGARY DE AVALIA\u00c7\u00c3O DA FAM\u00cdLIA<\/a><\/strong> <br><br><strong>Atualmente  exerce a fun\u00e7\u00e3o: Coordenador Local PPGENF \/ UFAM<\/strong> <\/p><\/div><\/div>\n<\/div>\n<\/div><\/section>\n\n\n\n<section class=\"wp-block-uagb-columns uagb-columns__wrap uagb-columns__background-none uagb-columns__stack-mobile uagb-columns__valign- uagb-columns__gap-10 align uagb-block-fc02d835-397b-44d5-8ca9-1e2b1887712f uagb-columns__columns-2 uagb-columns__max_width-theme\"><div class=\"uagb-columns__overlay\"><\/div><div class=\"uagb-columns__inner-wrap uagb-columns__columns-2\">\n<div class=\"wp-block-uagb-column uagb-column__wrap uagb-column__background-color uagb-block-2993a853-544a-42df-a128-5138e219da14\"><div class=\"uagb-column__overlay\"><\/div>\n<div class=\"wp-block-uagb-info-box uagb-block-234981fb-37b5-4914-8fec-ff0a00719387 uagb-infobox__content-wrap  uagb-infobox-icon-left-title uagb-infobox-left uagb-infobox-image-valign-top\"><div class=\"uagb-ifb-content\"><div class=\"uagb-ifb-left-title-image\"><div class=\"uagb-ifb-title-wrap\"><h3 class=\"uagb-ifb-title\"> <strong>Anna Paula de Carvalho<\/strong><a href=\"http:\/\/lattes.cnpq.br\/1561893368232120\"><img loading=\"lazy\" decoding=\"async\" width=\"40\" height=\"40\" class=\"wp-image-807\" style=\"width: 40px;\" src=\"https:\/\/propesp.uepa.br\/ppgenf\/wp-content\/uploads\/2020\/03\/Lattes-e1585070878268.jpg\" alt=\"\"><\/a> <\/h3><\/div><\/div><div class=\"uagb-ifb-separator\"><\/div><p class=\"uagb-ifb-desc\"><strong>Orientadora:&nbsp;Prof. Dr.&nbsp;David Lopes Neto<\/strong><br><strong>Co-orientadora:&nbsp;Profa. Dra.&nbsp;Nair Chase da Silva<\/strong><br><strong>Resumo da Disserta\u00e7\u00e3o defendida em 2012:&nbsp;<a rel=\"noreferrer noopener\" href=\"https:\/\/drive.google.com\/file\/d\/1Av_NnxoX2fArLVBWQ0nTZV1eb8TG3uZz\/view?usp=sharing\" target=\"_blank\">RITUAL DE FORMATURA DA ESCOLA DE ENFERMAGEM DE MANAUS: REPRESENTA\u00c7\u00d5ES OBJETAIS E SIGNIFICADOS PARA OS EGRESSOS NO PER\u00cdODO DE 1955-2010<\/a><\/strong> <\/p><\/div><\/div>\n<\/div>\n\n\n\n<div class=\"wp-block-uagb-column uagb-column__wrap uagb-column__background-color uagb-block-742be1e3-993c-4e50-afea-c3c54aa49d20\"><div class=\"uagb-column__overlay\"><\/div>\n<div class=\"wp-block-uagb-info-box uagb-block-fc718983-5673-4049-a530-ac75ead79518 uagb-infobox__content-wrap  uagb-infobox-icon-left-title uagb-infobox-left uagb-infobox-image-valign-top\"><div class=\"uagb-ifb-content\"><div class=\"uagb-ifb-left-title-image\"><div class=\"uagb-ifb-title-wrap\"><h3 class=\"uagb-ifb-title\"> <strong>Sonia Rejane de Senna Frantz<\/strong><a href=\"http:\/\/lattes.cnpq.br\/2654817058533157\"><img loading=\"lazy\" decoding=\"async\" width=\"40\" height=\"40\" class=\"wp-image-807\" style=\"width: 40px;\" src=\"https:\/\/propesp.uepa.br\/ppgenf\/wp-content\/uploads\/2020\/03\/Lattes-e1585070878268.jpg\" alt=\"\"><\/a> <\/h3><\/div><\/div><div class=\"uagb-ifb-separator\"><\/div><p class=\"uagb-ifb-desc\"><strong>Orientador:&nbsp;Prof. Dr.&nbsp;David Lopes Neto<\/strong><br><strong>Co-orientadora:&nbsp;Profa. Dra.&nbsp;Nair Chase da Silva<\/strong><br><strong>Resumo da Disserta\u00e7\u00e3o defendida em 2012:&nbsp;<a rel=\"noreferrer noopener\" href=\"https:\/\/drive.google.com\/file\/d\/1zhm4Ln7XZiE563mF6AZdr4BWKq0GbLYl\/view?usp=sharing\" target=\"_blank\">O ENSINO DA HEMOTERAPIA NOS CURSOS DE ENFERMAGEM NO AMAZONAS<\/a><\/strong> <\/p><\/div><\/div>\n<\/div>\n<\/div><\/section>\n","protected":false},"excerpt":{"rendered":"<p>1\u00aa TURMA &#8211; UFAM\/2010<\/p>\n","protected":false},"author":2,"featured_media":0,"parent":1693,"menu_order":0,"comment_status":"closed","ping_status":"closed","template":"","meta":{"_uag_custom_page_level_css":"","site-sidebar-layout":"default","site-content-layout":"default","ast-site-content-layout":"default","site-content-style":"default","site-sidebar-style":"default","ast-global-header-display":"","ast-banner-title-visibility":"","ast-main-header-display":"","ast-hfb-above-header-display":"","ast-hfb-below-header-display":"","ast-hfb-mobile-header-display":"","site-post-title":"disabled","ast-breadcrumbs-content":"","ast-featured-img":"","footer-sml-layout":"","theme-transparent-header-meta":"default","adv-header-id-meta":"","stick-header-meta":"","header-above-stick-meta":"","header-main-stick-meta":"","header-below-stick-meta":"","astra-migrate-meta-layouts":"set","ast-page-background-enabled":"default","ast-page-background-meta":{"desktop":{"background-color":"","background-image":"","background-repeat":"repeat","background-position":"center center","background-size":"auto","background-attachment":"scroll","background-type":"","background-media":"","overlay-type":"","overlay-color":"","overlay-gradient":""},"tablet":{"background-color":"","background-image":"","background-repeat":"repeat","background-position":"center center","background-size":"auto","background-attachment":"scroll","background-type":"","background-media":"","overlay-type":"","overlay-color":"","overlay-gradient":""},"mobile":{"background-color":"","background-image":"","background-repeat":"repeat","background-position":"center center","background-size":"auto","background-attachment":"scroll","background-type":"","background-media":"","overlay-type":"","overlay-color":"","overlay-gradient":""}},"ast-content-background-meta":{"desktop":{"background-color":"var(--ast-global-color-5)","background-image":"","background-repeat":"repeat","background-position":"center center","background-size":"auto","background-attachment":"scroll","background-type":"","background-media":"","overlay-type":"","overlay-color":"","overlay-gradient":""},"tablet":{"background-color":"var(--ast-global-color-5)","background-image":"","background-repeat":"repeat","background-position":"center center","background-size":"auto","background-attachment":"scroll","background-type":"","background-media":"","overlay-type":"","overlay-color":"","overlay-gradient":""},"mobile":{"background-color":"var(--ast-global-color-5)","background-image":"","background-repeat":"repeat","background-position":"center center","background-size":"auto","background-attachment":"scroll","background-type":"","background-media":"","overlay-type":"","overlay-color":"","overlay-gradient":""}},"footnotes":""},"uagb_featured_image_src":{"full":false,"thumbnail":false,"medium":false,"medium_large":false,"large":false,"1536x1536":false,"2048x2048":false},"uagb_author_info":{"display_name":"nelma.ramos@uepa.br","author_link":"https:\/\/propesp.uepa.br\/ppgenf\/index.php\/author\/nelma-ramosuepa-br\/"},"uagb_comment_info":0,"uagb_excerpt":"1\u00aa TURMA &#8211; UFAM\/2010","_links":{"self":[{"href":"https:\/\/propesp.uepa.br\/ppgenf\/index.php\/wp-json\/wp\/v2\/pages\/942"}],"collection":[{"href":"https:\/\/propesp.uepa.br\/ppgenf\/index.php\/wp-json\/wp\/v2\/pages"}],"about":[{"href":"https:\/\/propesp.uepa.br\/ppgenf\/index.php\/wp-json\/wp\/v2\/types\/page"}],"author":[{"embeddable":true,"href":"https:\/\/propesp.uepa.br\/ppgenf\/index.php\/wp-json\/wp\/v2\/users\/2"}],"replies":[{"embeddable":true,"href":"https:\/\/propesp.uepa.br\/ppgenf\/index.php\/wp-json\/wp\/v2\/comments?post=942"}],"version-history":[{"count":9,"href":"https:\/\/propesp.uepa.br\/ppgenf\/index.php\/wp-json\/wp\/v2\/pages\/942\/revisions"}],"predecessor-version":[{"id":6415,"href":"https:\/\/propesp.uepa.br\/ppgenf\/index.php\/wp-json\/wp\/v2\/pages\/942\/revisions\/6415"}],"up":[{"embeddable":true,"href":"https:\/\/propesp.uepa.br\/ppgenf\/index.php\/wp-json\/wp\/v2\/pages\/1693"}],"wp:attachment":[{"href":"https:\/\/propesp.uepa.br\/ppgenf\/index.php\/wp-json\/wp\/v2\/media?parent=942"}],"curies":[{"name":"wp","href":"https:\/\/api.w.org\/{rel}","templated":true}]}}