{"id":946,"date":"2020-05-21T14:39:17","date_gmt":"2020-05-21T17:39:17","guid":{"rendered":"https:\/\/propesp.uepa.br\/ppgenf\/?page_id=946"},"modified":"2026-03-03T11:49:48","modified_gmt":"2026-03-03T14:49:48","slug":"3a-turma-ufam-2012","status":"publish","type":"page","link":"https:\/\/propesp.uepa.br\/ppgenf\/index.php\/corpo-discente\/egressos-ufam\/3a-turma-ufam-2012\/","title":{"rendered":"3\u00aa Turma &#8211; UFAM \/ 2012"},"content":{"rendered":"\n<div class=\"wp-block-uagb-advanced-heading uagb-block-80f990b8\"><h2 class=\"uagb-heading-text\"><strong>3\u00aa TURMA &#8211; UFAM\/2012<\/strong><\/h2><div class=\"uagb-separator\"><\/div><\/div>\n\n\n\n<section class=\"wp-block-uagb-columns uagb-columns__wrap uagb-columns__background-none uagb-columns__stack-mobile uagb-columns__valign- uagb-columns__gap-10 align uagb-block-42e6b62d-b135-4a0a-b9ba-8c94802c5fcd uagb-columns__columns-2 uagb-columns__max_width-theme\"><div class=\"uagb-columns__overlay\"><\/div><div class=\"uagb-columns__inner-wrap uagb-columns__columns-2\">\n<div class=\"wp-block-uagb-column uagb-column__wrap uagb-column__background-color uagb-block-fd272e30-b804-4270-adf1-1be2e6315b32\"><div class=\"uagb-column__overlay\"><\/div>\n<div class=\"wp-block-uagb-info-box uagb-block-52024fce-863a-4259-889a-cd2cb5b060e5 uagb-infobox__content-wrap  uagb-infobox-icon-left-title uagb-infobox-left uagb-infobox-image-valign-top\"><div class=\"uagb-ifb-content\"><div class=\"uagb-ifb-left-title-image\"><div class=\"uagb-ifb-title-wrap\"><h3 class=\"uagb-ifb-title\"> <strong>Clodoaldo da Silva Almeida<\/strong><a href=\"http:\/\/lattes.cnpq.br\/9407368589803422\"><img loading=\"lazy\" decoding=\"async\" width=\"40\" height=\"40\" class=\"wp-image-807\" style=\"width: 40px;\" src=\"https:\/\/propesp.uepa.br\/ppgenf\/wp-content\/uploads\/2020\/03\/Lattes-e1585070878268.jpg\" alt=\"\"><\/a> <\/h3><\/div><\/div><div class=\"uagb-ifb-separator\"><\/div><p class=\"uagb-ifb-desc\"><strong>Orientador:&nbsp;Prof. Dr.&nbsp;David Lopes Neto<\/strong><br><strong>Co-orientadora:<\/strong>&nbsp;Prof.\u00aa Dr.\u00aa Y\u00eada Maria Boaventura Corr\u00eaa Arruda<br><strong>Resumo da Disserta\u00e7\u00e3o defendida em 2014:&nbsp;<a rel=\"noreferrer noopener\" href=\"https:\/\/drive.google.com\/file\/d\/1pb6L2KOc-fguuDfwIW6ASw3yGviTaYGd\/view?usp=sharing\" target=\"_blank\">PADR\u00d5ES ESPACIAIS DO TRABALHO DA ENFERMAGEM E SUA RELA\u00c7\u00c3O COM OS ACIDENTES DE TRABALHO POR EXPOSI\u00c7\u00c3O A MATERIAL BIOL\u00d3GICO, MANAUS, AMAZONAS, 2009-2013<\/a><\/strong> <\/p><\/div><\/div>\n<\/div>\n\n\n\n<div class=\"wp-block-uagb-column uagb-column__wrap uagb-column__background-undefined uagb-block-3ac1b8de-819b-4060-8829-0f33b09919a3\"><div class=\"uagb-column__overlay\"><\/div><\/div>\n<\/div><\/section>\n\n\n\n<section class=\"wp-block-uagb-columns uagb-columns__wrap uagb-columns__background-none uagb-columns__stack-mobile uagb-columns__valign- uagb-columns__gap-10 align uagb-block-e19ae4ec-8772-43a7-8f33-7183d9bbb63c uagb-columns__columns-2 uagb-columns__max_width-theme\"><div class=\"uagb-columns__overlay\"><\/div><div class=\"uagb-columns__inner-wrap uagb-columns__columns-2\">\n<div class=\"wp-block-uagb-column uagb-column__wrap uagb-column__background-color uagb-block-c968855d-92ec-4f36-80ee-669702ce39fc\"><div class=\"uagb-column__overlay\"><\/div>\n<div class=\"wp-block-uagb-info-box uagb-block-de8fffe3-1a4a-448c-8537-040144b3fa3e uagb-infobox__content-wrap  uagb-infobox-icon-left-title uagb-infobox-left uagb-infobox-image-valign-top\"><div class=\"uagb-ifb-content\"><div class=\"uagb-ifb-left-title-image\"><div class=\"uagb-ifb-title-wrap\"><h3 class=\"uagb-ifb-title\"> <strong>Anne Grace Andrade da Cunha Marques<\/strong><a href=\"http:\/\/lattes.cnpq.br\/0921454248655050\"><img loading=\"lazy\" decoding=\"async\" width=\"40\" height=\"40\" class=\"wp-image-807\" style=\"width: 40px;\" src=\"https:\/\/propesp.uepa.br\/ppgenf\/wp-content\/uploads\/2020\/03\/Lattes-e1585070878268.jpg\" alt=\"\"><\/a><strong>&nbsp;<\/strong> <\/h3><\/div><\/div><div class=\"uagb-ifb-separator\"><\/div><p class=\"uagb-ifb-desc\"><strong>Orientadora:&nbsp;Profa. Dra.&nbsp;Arinete V\u00e9ras Fontes Esteves<\/strong><br><strong>Resumo da Disserta\u00e7\u00e3o defendida em 2014:<\/strong><a rel=\"noreferrer noopener\" href=\"https:\/\/drive.google.com\/open?id=17LCoQnR2fBJFf20MsxC48tMDVeP7BfdH\" target=\"_blank\">&nbsp;INFEC\u00c7\u00d5ES DAS VIAS A\u00c9REAS SUPERIORES: CONSTRU\u00c7\u00c3O E VALIDA\u00c7\u00c3O DE TECNOLOGIA EDUCACIONAL COM EDUCADORAS INFANTIS<\/a> <\/p><\/div><\/div>\n\n\n\n<div class=\"wp-block-uagb-info-box uagb-block-1217eb26-28ab-497c-a55f-a9aac2d78ec2 uagb-infobox__content-wrap  uagb-infobox-icon-left-title uagb-infobox-left uagb-infobox-image-valign-top\"><div class=\"uagb-ifb-content\"><div class=\"uagb-ifb-left-title-image\"><div class=\"uagb-ifb-title-wrap\"><h3 class=\"uagb-ifb-title\"> <strong>Fabiola Silva dos Santos<\/strong><a href=\"http:\/\/lattes.cnpq.br\/3404761404797806\"><img loading=\"lazy\" decoding=\"async\" width=\"40\" height=\"40\" class=\"wp-image-807\" style=\"width: 40px;\" src=\"https:\/\/propesp.uepa.br\/ppgenf\/wp-content\/uploads\/2020\/03\/Lattes-e1585070878268.jpg\" alt=\"\"><\/a> <\/h3><\/div><\/div><div class=\"uagb-ifb-separator\"><\/div><p class=\"uagb-ifb-desc\"><strong>Orientadora:&nbsp;Profa. Dra.&nbsp;Ana Paula Pessoa de Oliveira<\/strong><br><strong>Resumo da Disserta\u00e7\u00e3o defendida em 2014:&nbsp;<a rel=\"noreferrer noopener\" href=\"https:\/\/drive.google.com\/file\/d\/1IyKBSak3FysVLRZN1qKpfSv9bKlXTotP\/view?usp=sharing\" target=\"_blank\">A INFLU\u00caNCIA DO PROCESSO EDUCACIONAL NA QUALIDADE DE VIDA DOS IDOSOS A LUZ DA TEORIA DO AUTOCUIDADO DE OREM<\/a><\/strong> <\/p><\/div><\/div>\n\n\n\n<div class=\"wp-block-uagb-info-box uagb-block-38fa25c5-2c5f-4b5e-bde9-c822546ffb3d uagb-infobox__content-wrap  uagb-infobox-icon-left-title uagb-infobox-left uagb-infobox-image-valign-top\"><div class=\"uagb-ifb-content\"><div class=\"uagb-ifb-left-title-image\"><div class=\"uagb-ifb-title-wrap\"><h3 class=\"uagb-ifb-title\"> <strong>Luana Amaral Alpirez<\/strong><a href=\"http:\/\/lattes.cnpq.br\/1029233835878991\"><img loading=\"lazy\" decoding=\"async\" width=\"40\" height=\"40\" class=\"wp-image-807\" style=\"width: 40px;\" src=\"https:\/\/propesp.uepa.br\/ppgenf\/wp-content\/uploads\/2020\/03\/Lattes-e1585070878268.jpg\" alt=\"\"><\/a> <\/h3><\/div><\/div><div class=\"uagb-ifb-separator\"><\/div><p class=\"uagb-ifb-desc\"><strong>Orientador:&nbsp;Prof. Dr. David Lopes Neto<\/strong><br><strong>Resumo da Disserta\u00e7\u00e3o defendida em 2014:&nbsp;<a rel=\"noreferrer noopener\" href=\"https:\/\/drive.google.com\/file\/d\/1JklT5i8ffJP1MaKmg3uRNWoGDmgiYwTc\/view?usp=sharing\" target=\"_blank\">DESENVOLVIMENTO E VALIDA\u00c7\u00c3O DE UM INSTRUMENTO DE AVALIA\u00c7\u00c3O DO REC\u00c9M-NASCIDO NA PRIMEIRA SEMANA DE SA\u00daDE INTEGRAL<\/a><\/strong> <\/p><\/div><\/div>\n\n\n\n<p><\/p>\n<\/div>\n\n\n\n<div class=\"wp-block-uagb-column uagb-column__wrap uagb-column__background-color uagb-block-cd5bd538-9b4c-4f2b-801a-976a6753f1d1\"><div class=\"uagb-column__overlay\"><\/div>\n<div class=\"wp-block-uagb-info-box uagb-block-fcc32f9e-d8b0-4be0-8622-953f240afce4 uagb-infobox__content-wrap  uagb-infobox-icon-left-title uagb-infobox-left uagb-infobox-image-valign-top\"><div class=\"uagb-ifb-content\"><div class=\"uagb-ifb-left-title-image\"><div class=\"uagb-ifb-title-wrap\"><h3 class=\"uagb-ifb-title\"> <strong>Camila Carlos Bezerra<\/strong><a href=\"http:\/\/lattes.cnpq.br\/5084046562886642\"><img loading=\"lazy\" decoding=\"async\" width=\"40\" height=\"40\" class=\"wp-image-807\" style=\"width: 40px;\" src=\"https:\/\/propesp.uepa.br\/ppgenf\/wp-content\/uploads\/2020\/03\/Lattes-e1585070878268.jpg\" alt=\"\"><\/a> <\/h3><\/div><\/div><div class=\"uagb-ifb-separator\"><\/div><p class=\"uagb-ifb-desc\"><strong>Orientadora:&nbsp;Profa. Dra.&nbsp;Nair Chase da Silva<\/strong><br><strong>Resumo da Disserta\u00e7\u00e3o defendida em 2014:<\/strong><a rel=\"noreferrer noopener\" href=\"https:\/\/drive.google.com\/file\/d\/1kEO3kplMwIewmRjlCyIJsfU04tkxqxmk\/view?usp=sharing\" target=\"_blank\"><strong>&nbsp;PESQUISA CIENT\u00cdFICA NA GRADUA\u00c7\u00c3O EM ENFERMAGEM:<\/strong><\/a><br><a rel=\"noreferrer noopener\" href=\"https:\/\/drive.google.com\/file\/d\/1kEO3kplMwIewmRjlCyIJsfU04tkxqxmk\/view?usp=sharing\" target=\"_blank\"><strong>EXPERI\u00caNCIAS DAS PR\u00c1TICAS DISCENTES NAS UNIVERSIDADES DE MANAUS &#8211; AMAZONAS<\/strong><\/a> <\/p><\/div><\/div>\n\n\n\n<div class=\"wp-block-uagb-info-box uagb-block-3194033a-e77c-4c64-a788-2c60135c002e uagb-infobox__content-wrap  uagb-infobox-icon-left-title uagb-infobox-left uagb-infobox-image-valign-top\"><div class=\"uagb-ifb-content\"><div class=\"uagb-ifb-left-title-image\"><div class=\"uagb-ifb-title-wrap\"><h3 class=\"uagb-ifb-title\"> <strong>Gilmara Rocha de Oliveira<\/strong><a href=\"http:\/\/lattes.cnpq.br\/3250532377781106\"><img loading=\"lazy\" decoding=\"async\" width=\"40\" height=\"40\" class=\"wp-image-807\" style=\"width: 40px;\" src=\"https:\/\/propesp.uepa.br\/ppgenf\/wp-content\/uploads\/2020\/03\/Lattes-e1585070878268.jpg\" alt=\"\"><\/a> <\/h3><\/div><\/div><div class=\"uagb-ifb-separator\"><\/div><p class=\"uagb-ifb-desc\"><strong>Orientador:&nbsp;Profa. Dra.&nbsp;Sandra Greice Becker<\/strong><br><strong>Resumo da Disserta\u00e7\u00e3o defendida em 2014:&nbsp;<a rel=\"noreferrer noopener\" href=\"https:\/\/drive.google.com\/file\/d\/1JQ1SAz7FJMmJS5655VGCkGi39GzGAkag\/view?usp=sharing\" target=\"_blank\">ENSINO EM SA\u00daDE MENTAL E PSIQUIATRIA NOS CURSOS DE GRADUA\u00c7\u00c3O EM ENFERMAGEM EM MANAUS \u2013 AMAZONAS<\/a><\/strong> <\/p><\/div><\/div>\n<\/div>\n<\/div><\/section>\n","protected":false},"excerpt":{"rendered":"<p>3\u00aa TURMA &#8211; UFAM\/2012<\/p>\n","protected":false},"author":2,"featured_media":0,"parent":1693,"menu_order":0,"comment_status":"closed","ping_status":"closed","template":"","meta":{"_uag_custom_page_level_css":"","site-sidebar-layout":"default","site-content-layout":"default","ast-site-content-layout":"default","site-content-style":"default","site-sidebar-style":"default","ast-global-header-display":"","ast-banner-title-visibility":"","ast-main-header-display":"","ast-hfb-above-header-display":"","ast-hfb-below-header-display":"","ast-hfb-mobile-header-display":"","site-post-title":"disabled","ast-breadcrumbs-content":"","ast-featured-img":"","footer-sml-layout":"","theme-transparent-header-meta":"default","adv-header-id-meta":"","stick-header-meta":"","header-above-stick-meta":"","header-main-stick-meta":"","header-below-stick-meta":"","astra-migrate-meta-layouts":"set","ast-page-background-enabled":"default","ast-page-background-meta":{"desktop":{"background-color":"","background-image":"","background-repeat":"repeat","background-position":"center center","background-size":"auto","background-attachment":"scroll","background-type":"","background-media":"","overlay-type":"","overlay-color":"","overlay-gradient":""},"tablet":{"background-color":"","background-image":"","background-repeat":"repeat","background-position":"center center","background-size":"auto","background-attachment":"scroll","background-type":"","background-media":"","overlay-type":"","overlay-color":"","overlay-gradient":""},"mobile":{"background-color":"","background-image":"","background-repeat":"repeat","background-position":"center center","background-size":"auto","background-attachment":"scroll","background-type":"","background-media":"","overlay-type":"","overlay-color":"","overlay-gradient":""}},"ast-content-background-meta":{"desktop":{"background-color":"var(--ast-global-color-5)","background-image":"","background-repeat":"repeat","background-position":"center center","background-size":"auto","background-attachment":"scroll","background-type":"","background-media":"","overlay-type":"","overlay-color":"","overlay-gradient":""},"tablet":{"background-color":"var(--ast-global-color-5)","background-image":"","background-repeat":"repeat","background-position":"center center","background-size":"auto","background-attachment":"scroll","background-type":"","background-media":"","overlay-type":"","overlay-color":"","overlay-gradient":""},"mobile":{"background-color":"var(--ast-global-color-5)","background-image":"","background-repeat":"repeat","background-position":"center center","background-size":"auto","background-attachment":"scroll","background-type":"","background-media":"","overlay-type":"","overlay-color":"","overlay-gradient":""}},"footnotes":""},"uagb_featured_image_src":{"full":false,"thumbnail":false,"medium":false,"medium_large":false,"large":false,"1536x1536":false,"2048x2048":false},"uagb_author_info":{"display_name":"nelma.ramos@uepa.br","author_link":"https:\/\/propesp.uepa.br\/ppgenf\/index.php\/author\/nelma-ramosuepa-br\/"},"uagb_comment_info":0,"uagb_excerpt":"3\u00aa TURMA &#8211; UFAM\/2012","_links":{"self":[{"href":"https:\/\/propesp.uepa.br\/ppgenf\/index.php\/wp-json\/wp\/v2\/pages\/946"}],"collection":[{"href":"https:\/\/propesp.uepa.br\/ppgenf\/index.php\/wp-json\/wp\/v2\/pages"}],"about":[{"href":"https:\/\/propesp.uepa.br\/ppgenf\/index.php\/wp-json\/wp\/v2\/types\/page"}],"author":[{"embeddable":true,"href":"https:\/\/propesp.uepa.br\/ppgenf\/index.php\/wp-json\/wp\/v2\/users\/2"}],"replies":[{"embeddable":true,"href":"https:\/\/propesp.uepa.br\/ppgenf\/index.php\/wp-json\/wp\/v2\/comments?post=946"}],"version-history":[{"count":7,"href":"https:\/\/propesp.uepa.br\/ppgenf\/index.php\/wp-json\/wp\/v2\/pages\/946\/revisions"}],"predecessor-version":[{"id":6419,"href":"https:\/\/propesp.uepa.br\/ppgenf\/index.php\/wp-json\/wp\/v2\/pages\/946\/revisions\/6419"}],"up":[{"embeddable":true,"href":"https:\/\/propesp.uepa.br\/ppgenf\/index.php\/wp-json\/wp\/v2\/pages\/1693"}],"wp:attachment":[{"href":"https:\/\/propesp.uepa.br\/ppgenf\/index.php\/wp-json\/wp\/v2\/media?parent=946"}],"curies":[{"name":"wp","href":"https:\/\/api.w.org\/{rel}","templated":true}]}}