{"id":948,"date":"2020-05-21T14:39:50","date_gmt":"2020-05-21T17:39:50","guid":{"rendered":"https:\/\/propesp.uepa.br\/ppgenf\/?page_id=948"},"modified":"2026-03-03T11:50:57","modified_gmt":"2026-03-03T14:50:57","slug":"4a-turma-ufam-2013","status":"publish","type":"page","link":"https:\/\/propesp.uepa.br\/ppgenf\/index.php\/corpo-discente\/egressos-ufam\/4a-turma-ufam-2013\/","title":{"rendered":"4\u00aa Turma &#8211; UFAM \/ 2013"},"content":{"rendered":"\n<div class=\"wp-block-uagb-advanced-heading uagb-block-aa37d23b\"><h2 class=\"uagb-heading-text\"><strong>4\u00aa TURMA &#8211; UFAM\/2013<\/strong><\/h2><div class=\"uagb-separator\"><\/div><\/div>\n\n\n\n<section class=\"wp-block-uagb-columns uagb-columns__wrap uagb-columns__background-none uagb-columns__stack-mobile uagb-columns__valign- uagb-columns__gap-10 align uagb-block-1b6087d5-5ee7-44d7-aa86-1241adeb9b04 uagb-columns__columns-2 uagb-columns__max_width-theme\"><div class=\"uagb-columns__overlay\"><\/div><div class=\"uagb-columns__inner-wrap uagb-columns__columns-2\">\n<div class=\"wp-block-uagb-column uagb-column__wrap uagb-column__background-color uagb-block-95188213-00c4-490e-9af6-b776c3d69fc3\"><div class=\"uagb-column__overlay\"><\/div>\n<div class=\"wp-block-uagb-info-box uagb-block-3932c8e6-de6f-414f-bad3-10fe1baf59ae uagb-infobox__content-wrap  uagb-infobox-icon-left-title uagb-infobox-left uagb-infobox-image-valign-top\"><div class=\"uagb-ifb-content\"><div class=\"uagb-ifb-left-title-image\"><div class=\"uagb-ifb-title-wrap\"><h3 class=\"uagb-ifb-title\"> <strong>Anne Caroline&nbsp;Sampaio Soares<\/strong><a href=\"http:\/\/lattes.cnpq.br\/3680316521117440\"><img loading=\"lazy\" decoding=\"async\" width=\"40\" height=\"40\" class=\"wp-image-807\" style=\"width: 40px;\" src=\"https:\/\/propesp.uepa.br\/ppgenf\/wp-content\/uploads\/2020\/03\/Lattes-e1585070878268.jpg\" alt=\"\"><\/a> <\/h3><\/div><\/div><div class=\"uagb-ifb-separator\"><\/div><p class=\"uagb-ifb-desc\"><strong>Orientador:&nbsp;Prof. Dr.&nbsp;David Lopes Neto<\/strong><br><strong>Co-orientadora:&nbsp;Profa. Dra.&nbsp; Noeli das Neves Toledo<\/strong><br><strong>Resumo da Disserta\u00e7\u00e3o defendida em 2016:&nbsp;<a rel=\"noreferrer noopener\" href=\"https:\/\/drive.google.com\/open?id=1FLvxFTWdBZDsXwrBsrC-GJLDqagA00Q-\" target=\"_blank\">AN\u00c1LISE COMPARATIVA DOS FATORES DE RISCO PARA HIPERTENS\u00c3O ARTERIAL, N\u00cdVEIS TENSIONAIS, MEDIDAS ANTROPOM\u00c9TRICAS E STATUS SOCIOECON\u00d4MICO DE RIBEIRINHOS, IRANDUBA, AMAZONAS<\/a><\/strong> <\/p><\/div><\/div>\n<\/div>\n\n\n\n<div class=\"wp-block-uagb-column uagb-column__wrap uagb-column__background-color uagb-block-ee0c0a8b-a008-43f5-9f56-b619a2e50da8\"><div class=\"uagb-column__overlay\"><\/div>\n<div class=\"wp-block-uagb-info-box uagb-block-fb974a7a-7581-4c3e-883d-5a4cd2118811 uagb-infobox__content-wrap  uagb-infobox-icon-left-title uagb-infobox-left uagb-infobox-image-valign-top\"><div class=\"uagb-ifb-content\"><div class=\"uagb-ifb-left-title-image\"><div class=\"uagb-ifb-title-wrap\"><h3 class=\"uagb-ifb-title\"> <strong>Bahiyyeh Ahmadpour Furtado<\/strong><a href=\"http:\/\/lattes.cnpq.br\/1792724009661703\"><img loading=\"lazy\" decoding=\"async\" width=\"40\" height=\"40\" class=\"wp-image-807\" style=\"width: 40px;\" src=\"https:\/\/propesp.uepa.br\/ppgenf\/wp-content\/uploads\/2020\/03\/Lattes-e1585070878268.jpg\" alt=\"\"><\/a> <\/h3><\/div><\/div><div class=\"uagb-ifb-separator\"><\/div><p class=\"uagb-ifb-desc\"><strong>Orientador:&nbsp;Prof. Dr.&nbsp;David Lopes Neto<\/strong><br><strong>Co-orientador:&nbsp;Prof. Dr. Daniel Scopel<\/strong><br><strong>Resumo da Disserta\u00e7\u00e3o defendida em 2015:<\/strong><a rel=\"noreferrer noopener\" href=\"https:\/\/drive.google.com\/open?id=1lWFsnhDq6ukfc0piJYrc2EjrCFEdVkda\" target=\"_blank\"><strong>&nbsp;RESOLUTIVIDADE DOS SERVI\u00c7OS DE SA\u00daDE NA ALDEIA<\/strong><\/a><br><a rel=\"noreferrer noopener\" href=\"https:\/\/drive.google.com\/open?id=1lWFsnhDq6ukfc0piJYrc2EjrCFEdVkda\" target=\"_blank\"><strong>IND\u00cdGENA KWAT\u00c1: PERCEP\u00c7\u00c3O DO IND\u00cdGENA E DA EQUIPE DE SA\u00daDE<\/strong><\/a> <\/p><\/div><\/div>\n<\/div>\n<\/div><\/section>\n\n\n\n<section class=\"wp-block-uagb-columns uagb-columns__wrap uagb-columns__background-none uagb-columns__stack-mobile uagb-columns__valign- uagb-columns__gap-10 align uagb-block-e3c157aa-43cc-459b-beaa-3935520a0d18 uagb-columns__columns-2 uagb-columns__max_width-theme\"><div class=\"uagb-columns__overlay\"><\/div><div class=\"uagb-columns__inner-wrap uagb-columns__columns-2\">\n<div class=\"wp-block-uagb-column uagb-column__wrap uagb-column__background-color uagb-block-092349f1-df13-467b-9b58-fee3ce980a0d\"><div class=\"uagb-column__overlay\"><\/div>\n<div class=\"wp-block-uagb-info-box uagb-block-6b6a9efa-37d3-44d9-a5a8-80a05a38cb32 uagb-infobox__content-wrap  uagb-infobox-icon-left-title uagb-infobox-left uagb-infobox-image-valign-top\"><div class=\"uagb-ifb-content\"><div class=\"uagb-ifb-left-title-image\"><div class=\"uagb-ifb-title-wrap\"><h3 class=\"uagb-ifb-title\"> <strong>Aderlaine da Silva Sabino<\/strong><a href=\"http:\/\/lattes.cnpq.br\/2222836084018082\"><img loading=\"lazy\" decoding=\"async\" width=\"40\" height=\"40\" class=\"wp-image-807\" style=\"width: 40px;\" src=\"https:\/\/propesp.uepa.br\/ppgenf\/wp-content\/uploads\/2020\/03\/Lattes-e1585070878268.jpg\" alt=\"\"><\/a> <\/h3><\/div><\/div><div class=\"uagb-ifb-separator\"><\/div><p class=\"uagb-ifb-desc\"><strong>Orientadora:&nbsp;Profa. Dra.&nbsp;Arinete V\u00e9ras Fontes Esteves<\/strong><br><strong>Resumo da Disserta\u00e7\u00e3o defendida em 2015:&nbsp;<a rel=\"noreferrer noopener\" href=\"https:\/\/drive.google.com\/open?id=1RpbQJENQed0ZjzpYsBB-Z2TSrSuzoEXS\" target=\"_blank\">BENEF\u00cdCIOS DA ATIVIDADE DO BRINCAR DURANTE PROCEDIMENTOS INVASIVOS E DOLOROSOS EM CRIAN\u00c7AS HOSPITALIZADAS<\/a><\/strong> <\/p><\/div><\/div>\n\n\n\n<div class=\"wp-block-uagb-info-box uagb-block-d631cf29-9676-411c-a101-7c599eafb43c uagb-infobox__content-wrap  uagb-infobox-icon-left-title uagb-infobox-left uagb-infobox-image-valign-top\"><div class=\"uagb-ifb-content\"><div class=\"uagb-ifb-left-title-image\"><div class=\"uagb-ifb-title-wrap\"><h3 class=\"uagb-ifb-title\"> <strong>Luciana Barros de Lima Matuchewski<\/strong><a href=\"http:\/\/lattes.cnpq.br\/2127119692360603\"><img loading=\"lazy\" decoding=\"async\" width=\"40\" height=\"40\" class=\"wp-image-807\" style=\"width: 40px;\" src=\"https:\/\/propesp.uepa.br\/ppgenf\/wp-content\/uploads\/2020\/03\/Lattes-e1585070878268.jpg\" alt=\"\"><\/a><strong>&nbsp;<\/strong> <\/h3><\/div><\/div><div class=\"uagb-ifb-separator\"><\/div><p class=\"uagb-ifb-desc\"><strong>Orientadora:&nbsp; Profa. Dra.&nbsp;Sandra Greice Becker<\/strong><br><strong>Resumo da Disserta\u00e7\u00e3o defendida em 2016:&nbsp;<a rel=\"noreferrer noopener\" href=\"https:\/\/drive.google.com\/open?id=15tzWlZILCcPoOjiQZ4k24vLDCdAJT6nO\" target=\"_blank\">O COTIDIANO PROGRAM\u00c1TICO E INSTITUCIONAL EM UM CENTRO DE ATEN\u00c7\u00c3O PSICOSSOCIAL: ELEMENTOS REPRESENTACIONAIS ACERCA DO CUIDADO DE ENFERMAGEM NA PERSPECTIVA DE USU\u00c1RIOS DO SERVI\u00c7O<\/a><\/strong> <\/p><\/div><\/div>\n<\/div>\n\n\n\n<div class=\"wp-block-uagb-column uagb-column__wrap uagb-column__background-color uagb-block-4b8c5bd8-4658-4add-a3ea-a513d669b0e1\"><div class=\"uagb-column__overlay\"><\/div>\n<div class=\"wp-block-uagb-info-box uagb-block-af951440-3178-41eb-b10e-95d5e700cd7c uagb-infobox__content-wrap  uagb-infobox-icon-left-title uagb-infobox-left uagb-infobox-image-valign-top\"><div class=\"uagb-ifb-content\"><div class=\"uagb-ifb-left-title-image\"><div class=\"uagb-ifb-title-wrap\"><h3 class=\"uagb-ifb-title\"> <strong>Eurides Souza de Lima<\/strong><a href=\"http:\/\/lattes.cnpq.br\/3723753229149238\"><img loading=\"lazy\" decoding=\"async\" width=\"40\" height=\"40\" class=\"wp-image-807\" style=\"width: 40px;\" src=\"https:\/\/propesp.uepa.br\/ppgenf\/wp-content\/uploads\/2020\/03\/Lattes-e1585070878268.jpg\" alt=\"\"><\/a> <\/h3><\/div><\/div><div class=\"uagb-ifb-separator\"><\/div><p class=\"uagb-ifb-desc\"><strong>Orientadora:&nbsp;Profa. Dra.&nbsp;Ana Paula Pessoa de Oliveira<\/strong><br><strong>Resumo da Disserta\u00e7\u00e3o defendida em 2015:&nbsp;<a rel=\"noreferrer noopener\" href=\"https:\/\/drive.google.com\/open?id=15gM0g2yK6yNLTxNiz-wJcPdRy-N8oEXO\" target=\"_blank\">SA\u00daDE DA PESSOA IDOSA: ATUA\u00c7\u00c3O DO ENFERMEIRO NA ATEN\u00c7\u00c3O B\u00c1SICA<\/a><\/strong> <\/p><\/div><\/div>\n\n\n\n<div class=\"wp-block-uagb-info-box uagb-block-bf18dc9f-69d2-4dbc-a527-3faf3801855c uagb-infobox__content-wrap  uagb-infobox-icon-left-title uagb-infobox-left uagb-infobox-image-valign-top\"><div class=\"uagb-ifb-content\"><div class=\"uagb-ifb-left-title-image\"><div class=\"uagb-ifb-title-wrap\"><h3 class=\"uagb-ifb-title\"> <strong>Mailma Costa de Almeida<\/strong><a href=\"http:\/\/lattes.cnpq.br\/4073563201294066\"><img loading=\"lazy\" decoding=\"async\" width=\"40\" height=\"40\" class=\"wp-image-807\" style=\"width: 40px;\" src=\"https:\/\/propesp.uepa.br\/ppgenf\/wp-content\/uploads\/2020\/03\/Lattes-e1585070878268.jpg\" alt=\"\"><\/a> <\/h3><\/div><\/div><div class=\"uagb-ifb-separator\"><\/div><p class=\"uagb-ifb-desc\"><strong>Orientadora:&nbsp;Profa. Dra.&nbsp;Nair Chase da Silva<\/strong><br><strong>Resumo da Disserta\u00e7\u00e3o defendida em 2015:&nbsp;<a rel=\"noreferrer noopener\" href=\"https:\/\/drive.google.com\/open?id=16Xj3DqOPerVlomxujcL1QwpQPXZrl11_\" target=\"_blank\">ENFERMAGEM PERIOPERAT\u00d3RIA E SUA INSER\u00c7\u00c3O NOS CURSOS DE GRADUA\u00c7\u00c3O<\/a><\/strong> <\/p><\/div><\/div>\n\n\n\n<p><\/p>\n<\/div>\n<\/div><\/section>\n","protected":false},"excerpt":{"rendered":"<p>4\u00aa TURMA &#8211; UFAM\/2013<\/p>\n","protected":false},"author":2,"featured_media":0,"parent":1693,"menu_order":0,"comment_status":"closed","ping_status":"closed","template":"","meta":{"_uag_custom_page_level_css":"","site-sidebar-layout":"default","site-content-layout":"default","ast-site-content-layout":"default","site-content-style":"default","site-sidebar-style":"default","ast-global-header-display":"","ast-banner-title-visibility":"","ast-main-header-display":"","ast-hfb-above-header-display":"","ast-hfb-below-header-display":"","ast-hfb-mobile-header-display":"","site-post-title":"disabled","ast-breadcrumbs-content":"","ast-featured-img":"","footer-sml-layout":"","theme-transparent-header-meta":"default","adv-header-id-meta":"","stick-header-meta":"","header-above-stick-meta":"","header-main-stick-meta":"","header-below-stick-meta":"","astra-migrate-meta-layouts":"set","ast-page-background-enabled":"default","ast-page-background-meta":{"desktop":{"background-color":"","background-image":"","background-repeat":"repeat","background-position":"center center","background-size":"auto","background-attachment":"scroll","background-type":"","background-media":"","overlay-type":"","overlay-color":"","overlay-gradient":""},"tablet":{"background-color":"","background-image":"","background-repeat":"repeat","background-position":"center center","background-size":"auto","background-attachment":"scroll","background-type":"","background-media":"","overlay-type":"","overlay-color":"","overlay-gradient":""},"mobile":{"background-color":"","background-image":"","background-repeat":"repeat","background-position":"center center","background-size":"auto","background-attachment":"scroll","background-type":"","background-media":"","overlay-type":"","overlay-color":"","overlay-gradient":""}},"ast-content-background-meta":{"desktop":{"background-color":"var(--ast-global-color-5)","background-image":"","background-repeat":"repeat","background-position":"center center","background-size":"auto","background-attachment":"scroll","background-type":"","background-media":"","overlay-type":"","overlay-color":"","overlay-gradient":""},"tablet":{"background-color":"var(--ast-global-color-5)","background-image":"","background-repeat":"repeat","background-position":"center center","background-size":"auto","background-attachment":"scroll","background-type":"","background-media":"","overlay-type":"","overlay-color":"","overlay-gradient":""},"mobile":{"background-color":"var(--ast-global-color-5)","background-image":"","background-repeat":"repeat","background-position":"center center","background-size":"auto","background-attachment":"scroll","background-type":"","background-media":"","overlay-type":"","overlay-color":"","overlay-gradient":""}},"footnotes":""},"uagb_featured_image_src":{"full":false,"thumbnail":false,"medium":false,"medium_large":false,"large":false,"1536x1536":false,"2048x2048":false},"uagb_author_info":{"display_name":"nelma.ramos@uepa.br","author_link":"https:\/\/propesp.uepa.br\/ppgenf\/index.php\/author\/nelma-ramosuepa-br\/"},"uagb_comment_info":0,"uagb_excerpt":"4\u00aa TURMA &#8211; UFAM\/2013","_links":{"self":[{"href":"https:\/\/propesp.uepa.br\/ppgenf\/index.php\/wp-json\/wp\/v2\/pages\/948"}],"collection":[{"href":"https:\/\/propesp.uepa.br\/ppgenf\/index.php\/wp-json\/wp\/v2\/pages"}],"about":[{"href":"https:\/\/propesp.uepa.br\/ppgenf\/index.php\/wp-json\/wp\/v2\/types\/page"}],"author":[{"embeddable":true,"href":"https:\/\/propesp.uepa.br\/ppgenf\/index.php\/wp-json\/wp\/v2\/users\/2"}],"replies":[{"embeddable":true,"href":"https:\/\/propesp.uepa.br\/ppgenf\/index.php\/wp-json\/wp\/v2\/comments?post=948"}],"version-history":[{"count":6,"href":"https:\/\/propesp.uepa.br\/ppgenf\/index.php\/wp-json\/wp\/v2\/pages\/948\/revisions"}],"predecessor-version":[{"id":6420,"href":"https:\/\/propesp.uepa.br\/ppgenf\/index.php\/wp-json\/wp\/v2\/pages\/948\/revisions\/6420"}],"up":[{"embeddable":true,"href":"https:\/\/propesp.uepa.br\/ppgenf\/index.php\/wp-json\/wp\/v2\/pages\/1693"}],"wp:attachment":[{"href":"https:\/\/propesp.uepa.br\/ppgenf\/index.php\/wp-json\/wp\/v2\/media?parent=948"}],"curies":[{"name":"wp","href":"https:\/\/api.w.org\/{rel}","templated":true}]}}