{"id":950,"date":"2020-05-21T14:40:31","date_gmt":"2020-05-21T17:40:31","guid":{"rendered":"https:\/\/propesp.uepa.br\/ppgenf\/?page_id=950"},"modified":"2026-03-03T11:52:32","modified_gmt":"2026-03-03T14:52:32","slug":"5a-turma-ufam-2014","status":"publish","type":"page","link":"https:\/\/propesp.uepa.br\/ppgenf\/index.php\/corpo-discente\/egressos-ufam\/5a-turma-ufam-2014\/","title":{"rendered":"5\u00aa Turma &#8211; UFAM \/ 2014"},"content":{"rendered":"\n<div class=\"wp-block-uagb-advanced-heading uagb-block-b0f1a301\"><h2 class=\"uagb-heading-text\"><strong>5\u00aa TURMA &#8211; UFAM\/2014<\/strong><\/h2><div class=\"uagb-separator\"><\/div><\/div>\n\n\n\n<section class=\"wp-block-uagb-columns uagb-columns__wrap uagb-columns__background-none uagb-columns__stack-mobile uagb-columns__valign- uagb-columns__gap-10 align uagb-block-1be487af-4ccf-42bf-8a9c-84c758d7670b uagb-columns__columns-2 uagb-columns__max_width-theme\"><div class=\"uagb-columns__overlay\"><\/div><div class=\"uagb-columns__inner-wrap uagb-columns__columns-2\">\n<div class=\"wp-block-uagb-column uagb-column__wrap uagb-column__background-color uagb-block-68c3ea46-c03c-4ec2-bd3b-9ca6752388dd\"><div class=\"uagb-column__overlay\"><\/div>\n<div class=\"wp-block-uagb-info-box uagb-block-2db734b8-b4fe-4c8a-9f56-00c29ff385f7 uagb-infobox__content-wrap  uagb-infobox-icon-left-title uagb-infobox-left uagb-infobox-image-valign-top\"><div class=\"uagb-ifb-content\"><div class=\"uagb-ifb-left-title-image\"><div class=\"uagb-ifb-title-wrap\"><h3 class=\"uagb-ifb-title\"> <strong>Gisele Reis Dias<\/strong><a href=\"http:\/\/lattes.cnpq.br\/9462698257524913\"><img loading=\"lazy\" decoding=\"async\" width=\"40\" height=\"40\" class=\"wp-image-807\" style=\"width: 40px;\" src=\"https:\/\/propesp.uepa.br\/ppgenf\/wp-content\/uploads\/2020\/03\/Lattes-e1585070878268.jpg\" alt=\"\"><\/a> <\/h3><\/div><\/div><div class=\"uagb-ifb-separator\"><\/div><p class=\"uagb-ifb-desc\"><strong>Orientador:&nbsp;Prof. Dr. David Lopes Neto<\/strong><br><strong>Resumo da&nbsp;Disserta\u00e7\u00e3o defendida em 2016:&nbsp;<a rel=\"noreferrer noopener\" href=\"https:\/\/drive.google.com\/open?id=1bXpjOR8Cx7aj8tHB_zg1GBxDy_HSrLvp\" target=\"_blank\">PR\u00c1TICAS DE CUIDADO DE ENFERMAGEM E DE AUTOCUIDADO PARA LEISHMANIOSE CUT\u00c2NEA ENTRE RIBEIRINHOS, NOVA OLINDA DO NORTE, AMAZONAS<\/a><\/strong> <\/p><\/div><\/div>\n<\/div>\n\n\n\n<div class=\"wp-block-uagb-column uagb-column__wrap uagb-column__background-color uagb-block-33f80d94-6a2c-4f1c-b7cb-10b83f8e0a64\"><div class=\"uagb-column__overlay\"><\/div>\n<div class=\"wp-block-uagb-info-box uagb-block-68831a06-e4f2-40bc-8525-a0ee78da67e4 uagb-infobox__content-wrap  uagb-infobox-icon-left-title uagb-infobox-left uagb-infobox-image-valign-top\"><div class=\"uagb-ifb-content\"><div class=\"uagb-ifb-left-title-image\"><div class=\"uagb-ifb-title-wrap\"><h3 class=\"uagb-ifb-title\"> <strong>Kati\u00fascia de Azevedo Bezerra<\/strong><a href=\"http:\/\/lattes.cnpq.br\/9246189014191751\"><img loading=\"lazy\" decoding=\"async\" width=\"40\" height=\"40\" class=\"wp-image-807\" style=\"width: 40px;\" src=\"https:\/\/propesp.uepa.br\/ppgenf\/wp-content\/uploads\/2020\/03\/Lattes-e1585070878268.jpg\" alt=\"\"><\/a> <\/h3><\/div><\/div><div class=\"uagb-ifb-separator\"><\/div><p class=\"uagb-ifb-desc\"><strong>Orientadora:&nbsp;Profa. Dra.&nbsp;Maria Jacirema Ferreira Gon\u00e7alves<\/strong><br><strong>Resumo da&nbsp;Disserta\u00e7\u00e3o defendida em 2016:&nbsp;<a rel=\"noreferrer noopener\" href=\"https:\/\/drive.google.com\/open?id=1SIYKXh0BwjKJZOaM2CvyA4JVq4VaAlzk\" target=\"_blank\">AVALIA\u00c7\u00c3O DAS A\u00c7\u00d5ES VOLTADAS \u00c0 SA\u00daDE DA MULHER NA ATEN\u00c7\u00c3O B\u00c1SICA, BRASIL, 2014<\/a><\/strong> <\/p><\/div><\/div>\n<\/div>\n<\/div><\/section>\n\n\n\n<section class=\"wp-block-uagb-columns uagb-columns__wrap uagb-columns__background-none uagb-columns__stack-mobile uagb-columns__valign- uagb-columns__gap-10 align uagb-block-0433496e-e731-4f35-9642-e9fbe01e86a6 uagb-columns__columns-2 uagb-columns__max_width-theme\"><div class=\"uagb-columns__overlay\"><\/div><div class=\"uagb-columns__inner-wrap uagb-columns__columns-2\">\n<div class=\"wp-block-uagb-column uagb-column__wrap uagb-column__background-color uagb-block-64e1c76f-449e-4098-ba65-dff193bdcdd2\"><div class=\"uagb-column__overlay\"><\/div>\n<div class=\"wp-block-uagb-info-box uagb-block-cb1c877f-dc36-4bd3-8044-89d6aea77a18 uagb-infobox__content-wrap  uagb-infobox-icon-left-title uagb-infobox-left uagb-infobox-image-valign-top\"><div class=\"uagb-ifb-content\"><div class=\"uagb-ifb-left-title-image\"><div class=\"uagb-ifb-title-wrap\"><h3 class=\"uagb-ifb-title\"> <strong>Ellen Pessoa Rocha<\/strong><a href=\"http:\/\/lattes.cnpq.br\/9338982826537669\"><img loading=\"lazy\" decoding=\"async\" width=\"40\" height=\"40\" class=\"wp-image-807\" style=\"width: 40px;\" src=\"https:\/\/propesp.uepa.br\/ppgenf\/wp-content\/uploads\/2020\/03\/Lattes-e1585070878268.jpg\" alt=\"\"><\/a> <\/h3><\/div><\/div><div class=\"uagb-ifb-separator\"><\/div><p class=\"uagb-ifb-desc\"><strong>Orientadora:&nbsp;Profa. Dra.&nbsp;Arinete V\u00e9ras Fontes Esteves<\/strong><br><strong>Resumo da Disserta\u00e7\u00e3o defendida em 2016:<\/strong><a rel=\"noreferrer noopener\" href=\"https:\/\/drive.google.com\/open?id=1iKx0VKz1V2GYXa4dqp9l6nqkMWzCBrlK\" target=\"_blank\"><strong>&nbsp;PRODU\u00c7\u00c3O E VALIDA\u00c7\u00c3O DE TECNOLOGIA EDUCACIONAL<\/strong><\/a><br><a rel=\"noreferrer noopener\" href=\"https:\/\/drive.google.com\/open?id=1iKx0VKz1V2GYXa4dqp9l6nqkMWzCBrlK\" target=\"_blank\"><strong>PARA FAMILIARES DE CRIAN\u00c7AS COM LEUCEMIA LINFOC\u00cdTICA AGUDA EM ISOLAMENTO PROTETOR<\/strong><\/a> <\/p><\/div><\/div>\n\n\n\n<div class=\"wp-block-uagb-info-box uagb-block-f8f42e7d-1750-47d8-962c-7fc01f3882f9 uagb-infobox__content-wrap  uagb-infobox-icon-left-title uagb-infobox-left uagb-infobox-image-valign-top\"><div class=\"uagb-ifb-content\"><div class=\"uagb-ifb-left-title-image\"><div class=\"uagb-ifb-title-wrap\"><h3 class=\"uagb-ifb-title\"> <strong>Gisele dos Santos Rocha<\/strong><a href=\"http:\/\/lattes.cnpq.br\/3275706245626649\"><img loading=\"lazy\" decoding=\"async\" width=\"40\" height=\"40\" class=\"wp-image-807\" style=\"width: 40px;\" src=\"https:\/\/propesp.uepa.br\/ppgenf\/wp-content\/uploads\/2020\/03\/Lattes-e1585070878268.jpg\" alt=\"\"><\/a> <\/h3><\/div><\/div><div class=\"uagb-ifb-separator\"><\/div><p class=\"uagb-ifb-desc\"><strong>Orientadora:&nbsp;Profa. Dra.&nbsp;Ana Paula Pessoa de Oliveira<\/strong><br><strong>Resumo da&nbsp;Disserta\u00e7\u00e3o defendida em 2016:&nbsp;<a rel=\"noreferrer noopener\" href=\"https:\/\/drive.google.com\/open?id=1FATU2a5ScK_4y3wTDxqtM8Y7oddf2DDS\" target=\"_blank\">CUIDADOS DOMICILIARES P\u00d3S NEUROCIRURGIA: CONSTRU\u00c7\u00c3O E VALIDA\u00c7\u00c3O DE MANUAL PARA IDOSOS E FAMILIARES<\/a><\/strong> <\/p><\/div><\/div>\n<\/div>\n\n\n\n<div class=\"wp-block-uagb-column uagb-column__wrap uagb-column__background-color uagb-block-2afa6f99-5242-4a2d-9973-9b0bd94b3d33\"><div class=\"uagb-column__overlay\"><\/div>\n<div class=\"wp-block-uagb-info-box uagb-block-a19764d2-386f-4fed-bc9e-f5bdbd394fd5 uagb-infobox__content-wrap  uagb-infobox-icon-left-title uagb-infobox-left uagb-infobox-image-valign-top\"><div class=\"uagb-ifb-content\"><div class=\"uagb-ifb-left-title-image\"><div class=\"uagb-ifb-title-wrap\"><h3 class=\"uagb-ifb-title\"> <strong>Eveline Menezes Ca\u00e7ote Barbosa<\/strong><a href=\"http:\/\/lattes.cnpq.br\/0856865344519028\"><img loading=\"lazy\" decoding=\"async\" width=\"40\" height=\"40\" class=\"wp-image-807\" style=\"width: 40px;\" src=\"https:\/\/propesp.uepa.br\/ppgenf\/wp-content\/uploads\/2020\/03\/Lattes-e1585070878268.jpg\" alt=\"\"><\/a> <\/h3><\/div><\/div><div class=\"uagb-ifb-separator\"><\/div><p class=\"uagb-ifb-desc\"><strong>Orientadora:&nbsp;Profa. Dra.&nbsp;Nair Chase da Silva<\/strong><br><strong>Resumo da&nbsp;Disserta\u00e7\u00e3o defendida em 2017:<\/strong><a rel=\"noreferrer noopener\" href=\"https:\/\/drive.google.com\/open?id=1iPnaQe-cVGUZPur7klEmQLuz1zm4Lgm9\" target=\"_blank\"><strong>&nbsp;PROCESSO DE TRABALHO DO ENFERMEIRO NA<\/strong><\/a><br><a rel=\"noreferrer noopener\" href=\"https:\/\/drive.google.com\/open?id=1iPnaQe-cVGUZPur7klEmQLuz1zm4Lgm9\" target=\"_blank\"><strong>ESTRAT\u00c9GIA SA\u00daDE DA FAM\u00cdLIA: DIMENS\u00c3O EDUCAR<\/strong><\/a> <\/p><\/div><\/div>\n\n\n\n<div class=\"wp-block-uagb-info-box uagb-block-c28f326a-8fc5-418d-a68e-248864222b8d uagb-infobox__content-wrap  uagb-infobox-icon-left-title uagb-infobox-left uagb-infobox-image-valign-top\"><div class=\"uagb-ifb-content\"><div class=\"uagb-ifb-left-title-image\"><div class=\"uagb-ifb-title-wrap\"><h3 class=\"uagb-ifb-title\"> <strong>Graciana de Sousa Lopes<\/strong><a href=\"http:\/\/lattes.cnpq.br\/3756966669980615\"><img loading=\"lazy\" decoding=\"async\" width=\"40\" height=\"40\" class=\"wp-image-807\" style=\"width: 40px;\" src=\"https:\/\/propesp.uepa.br\/ppgenf\/wp-content\/uploads\/2020\/03\/Lattes-e1585070878268.jpg\" alt=\"\"><\/a> <\/h3><\/div><\/div><div class=\"uagb-ifb-separator\"><\/div><p class=\"uagb-ifb-desc\"><strong>Orientadora:&nbsp;Profa. Dra.&nbsp;Sandra Greice Becker<\/strong><br><strong>Resumo da&nbsp;Disserta\u00e7\u00e3o defendida em 2016:<\/strong><a rel=\"noreferrer noopener\" href=\"https:\/\/drive.google.com\/open?id=1WnqdKl2WktwZWpoPlnBwrhvqfYVmvjKj\" target=\"_blank\"><strong>&nbsp;AURICULOTERAPIA NO COMBATE AO ESTRESSE EM<\/strong><\/a><br><a rel=\"noreferrer noopener\" href=\"https:\/\/drive.google.com\/open?id=1WnqdKl2WktwZWpoPlnBwrhvqfYVmvjKj\" target=\"_blank\"><strong>PROFESSORES UNIVERSIT\u00c1RIOS: ESTUDO PILOTO<\/strong><\/a> <\/p><\/div><\/div>\n<\/div>\n<\/div><\/section>\n","protected":false},"excerpt":{"rendered":"<p>5\u00aa TURMA &#8211; UFAM\/2014<\/p>\n","protected":false},"author":2,"featured_media":0,"parent":1693,"menu_order":0,"comment_status":"closed","ping_status":"closed","template":"","meta":{"_uag_custom_page_level_css":"","site-sidebar-layout":"default","site-content-layout":"default","ast-site-content-layout":"default","site-content-style":"default","site-sidebar-style":"default","ast-global-header-display":"","ast-banner-title-visibility":"","ast-main-header-display":"","ast-hfb-above-header-display":"","ast-hfb-below-header-display":"","ast-hfb-mobile-header-display":"","site-post-title":"disabled","ast-breadcrumbs-content":"","ast-featured-img":"","footer-sml-layout":"","theme-transparent-header-meta":"default","adv-header-id-meta":"","stick-header-meta":"","header-above-stick-meta":"","header-main-stick-meta":"","header-below-stick-meta":"","astra-migrate-meta-layouts":"set","ast-page-background-enabled":"default","ast-page-background-meta":{"desktop":{"background-color":"","background-image":"","background-repeat":"repeat","background-position":"center center","background-size":"auto","background-attachment":"scroll","background-type":"","background-media":"","overlay-type":"","overlay-color":"","overlay-gradient":""},"tablet":{"background-color":"","background-image":"","background-repeat":"repeat","background-position":"center center","background-size":"auto","background-attachment":"scroll","background-type":"","background-media":"","overlay-type":"","overlay-color":"","overlay-gradient":""},"mobile":{"background-color":"","background-image":"","background-repeat":"repeat","background-position":"center center","background-size":"auto","background-attachment":"scroll","background-type":"","background-media":"","overlay-type":"","overlay-color":"","overlay-gradient":""}},"ast-content-background-meta":{"desktop":{"background-color":"var(--ast-global-color-5)","background-image":"","background-repeat":"repeat","background-position":"center center","background-size":"auto","background-attachment":"scroll","background-type":"","background-media":"","overlay-type":"","overlay-color":"","overlay-gradient":""},"tablet":{"background-color":"var(--ast-global-color-5)","background-image":"","background-repeat":"repeat","background-position":"center center","background-size":"auto","background-attachment":"scroll","background-type":"","background-media":"","overlay-type":"","overlay-color":"","overlay-gradient":""},"mobile":{"background-color":"var(--ast-global-color-5)","background-image":"","background-repeat":"repeat","background-position":"center center","background-size":"auto","background-attachment":"scroll","background-type":"","background-media":"","overlay-type":"","overlay-color":"","overlay-gradient":""}},"footnotes":""},"uagb_featured_image_src":{"full":false,"thumbnail":false,"medium":false,"medium_large":false,"large":false,"1536x1536":false,"2048x2048":false},"uagb_author_info":{"display_name":"nelma.ramos@uepa.br","author_link":"https:\/\/propesp.uepa.br\/ppgenf\/index.php\/author\/nelma-ramosuepa-br\/"},"uagb_comment_info":0,"uagb_excerpt":"5\u00aa TURMA &#8211; UFAM\/2014","_links":{"self":[{"href":"https:\/\/propesp.uepa.br\/ppgenf\/index.php\/wp-json\/wp\/v2\/pages\/950"}],"collection":[{"href":"https:\/\/propesp.uepa.br\/ppgenf\/index.php\/wp-json\/wp\/v2\/pages"}],"about":[{"href":"https:\/\/propesp.uepa.br\/ppgenf\/index.php\/wp-json\/wp\/v2\/types\/page"}],"author":[{"embeddable":true,"href":"https:\/\/propesp.uepa.br\/ppgenf\/index.php\/wp-json\/wp\/v2\/users\/2"}],"replies":[{"embeddable":true,"href":"https:\/\/propesp.uepa.br\/ppgenf\/index.php\/wp-json\/wp\/v2\/comments?post=950"}],"version-history":[{"count":9,"href":"https:\/\/propesp.uepa.br\/ppgenf\/index.php\/wp-json\/wp\/v2\/pages\/950\/revisions"}],"predecessor-version":[{"id":6422,"href":"https:\/\/propesp.uepa.br\/ppgenf\/index.php\/wp-json\/wp\/v2\/pages\/950\/revisions\/6422"}],"up":[{"embeddable":true,"href":"https:\/\/propesp.uepa.br\/ppgenf\/index.php\/wp-json\/wp\/v2\/pages\/1693"}],"wp:attachment":[{"href":"https:\/\/propesp.uepa.br\/ppgenf\/index.php\/wp-json\/wp\/v2\/media?parent=950"}],"curies":[{"name":"wp","href":"https:\/\/api.w.org\/{rel}","templated":true}]}}