{"id":953,"date":"2020-05-21T14:41:07","date_gmt":"2020-05-21T17:41:07","guid":{"rendered":"https:\/\/propesp.uepa.br\/ppgenf\/?page_id=953"},"modified":"2026-03-03T11:53:48","modified_gmt":"2026-03-03T14:53:48","slug":"6a-turma-ufam-2015","status":"publish","type":"page","link":"https:\/\/propesp.uepa.br\/ppgenf\/index.php\/corpo-discente\/egressos-ufam\/6a-turma-ufam-2015\/","title":{"rendered":"6\u00aa Turma &#8211; UFAM \/ 2015"},"content":{"rendered":"\n<div class=\"wp-block-uagb-advanced-heading uagb-block-916f99bd\"><h2 class=\"uagb-heading-text\"><strong>6\u00aa TURMA &#8211; UFAM\/2015<\/strong><\/h2><div class=\"uagb-separator\"><\/div><\/div>\n\n\n\n<section class=\"wp-block-uagb-columns uagb-columns__wrap uagb-columns__background-none uagb-columns__stack-mobile uagb-columns__valign- uagb-columns__gap-10 align uagb-block-439acb35-2165-408c-922a-d0940d6bc184 uagb-columns__columns-2 uagb-columns__max_width-theme\"><div class=\"uagb-columns__overlay\"><\/div><div class=\"uagb-columns__inner-wrap uagb-columns__columns-2\">\n<div class=\"wp-block-uagb-column uagb-column__wrap uagb-column__background-color uagb-block-3919e1ae-a49a-4e56-980b-ee9908b059c8\"><div class=\"uagb-column__overlay\"><\/div>\n<div class=\"wp-block-uagb-info-box uagb-block-09b5f399-7d2f-48c4-9a63-7786b308fe1b uagb-infobox__content-wrap  uagb-infobox-icon-left-title uagb-infobox-left uagb-infobox-image-valign-top\"><div class=\"uagb-ifb-content\"><div class=\"uagb-ifb-left-title-image\"><div class=\"uagb-ifb-title-wrap\"><h3 class=\"uagb-ifb-title\"> <strong>Marcia Farias de Amorim<\/strong><a href=\"http:\/\/lattes.cnpq.br\/2504696531413461\"><img loading=\"lazy\" decoding=\"async\" width=\"40\" height=\"40\" class=\"wp-image-807\" style=\"width: 40px;\" src=\"https:\/\/propesp.uepa.br\/ppgenf\/wp-content\/uploads\/2020\/03\/Lattes-e1585070878268.jpg\" alt=\"\"><\/a> <\/h3><\/div><\/div><div class=\"uagb-ifb-separator\"><\/div><p class=\"uagb-ifb-desc\"><strong>Orientador:&nbsp;Prof. Dr.&nbsp;David Lopes Neto<\/strong><br><strong>Resumo da&nbsp;Disserta\u00e7\u00e3o defendida em 2018:&nbsp;SINTOMAS DEPRESSIVOS NO PUERP\u00c9RIO E ASSOCIA\u00c7\u00c3O COM QUALIDADE DE VIDA DE PU\u00c9RPERAS ASSISTIDAS EM UMA MATERNIDADE P\u00daBLICA DE MANAUS &#8211; AM<\/strong> <\/p><\/div><\/div>\n<\/div>\n\n\n\n<div class=\"wp-block-uagb-column uagb-column__wrap uagb-column__background-color uagb-block-e141f976-b068-43ba-9268-12ec615b4ba0\"><div class=\"uagb-column__overlay\"><\/div>\n<div class=\"wp-block-uagb-info-box uagb-block-daebf3d4-38cb-4cb5-95b1-741a85652e20 uagb-infobox__content-wrap  uagb-infobox-icon-left-title uagb-infobox-left uagb-infobox-image-valign-top\"><div class=\"uagb-ifb-content\"><div class=\"uagb-ifb-left-title-image\"><div class=\"uagb-ifb-title-wrap\"><h3 class=\"uagb-ifb-title\"> <strong>N\u00e1dia Cristina Coelho Sobral Costa<\/strong><a href=\"http:\/\/lattes.cnpq.br\/5849022378391395\"><img loading=\"lazy\" decoding=\"async\" width=\"40\" height=\"40\" class=\"wp-image-807\" style=\"width: 40px;\" src=\"https:\/\/propesp.uepa.br\/ppgenf\/wp-content\/uploads\/2020\/03\/Lattes-e1585070878268.jpg\" alt=\"\"><\/a> <\/h3><\/div><\/div><div class=\"uagb-ifb-separator\"><\/div><p class=\"uagb-ifb-desc\"><strong>Orientador:&nbsp;Prof. Dr.&nbsp;David Lopes Neto<\/strong><br><strong>Coorientadora:&nbsp;Prof\u00aa. Dra. Gilsirene Scantelbury de Almeida<\/strong><br><strong>Resumo da&nbsp;Disserta\u00e7\u00e3o defendida em 2018:&nbsp;<a rel=\"noreferrer noopener\" href=\"https:\/\/drive.google.com\/open?id=1Z3y0lp-hGrcsSD1rXiscxi_1klvs5P3o\" target=\"_blank\">AN\u00c1LISE DA REPRESENTA\u00c7\u00c3O SOCIAL DO PROCESSO SA\u00daDE-DOEN\u00c7A DA S\u00cdFILIS ADQUIRIDA EM MULHERES EM IDADE F\u00c9RTIL<\/a><\/strong> <\/p><\/div><\/div>\n<\/div>\n<\/div><\/section>\n\n\n\n<section class=\"wp-block-uagb-columns uagb-columns__wrap uagb-columns__background-none uagb-columns__stack-mobile uagb-columns__valign- uagb-columns__gap-10 align uagb-block-439fce67-f070-4955-a853-d1dd56043385 uagb-columns__columns-2 uagb-columns__max_width-theme\"><div class=\"uagb-columns__overlay\"><\/div><div class=\"uagb-columns__inner-wrap uagb-columns__columns-2\">\n<div class=\"wp-block-uagb-column uagb-column__wrap uagb-column__background-color uagb-block-9f5dbb5e-aacd-4334-b8b9-de5f1c038871\"><div class=\"uagb-column__overlay\"><\/div>\n<div class=\"wp-block-uagb-info-box uagb-block-86ceccd8-1ea2-4cd0-a2cd-2d5c95791add uagb-infobox__content-wrap  uagb-infobox-icon-left-title uagb-infobox-left uagb-infobox-image-valign-top\"><div class=\"uagb-ifb-content\"><div class=\"uagb-ifb-left-title-image\"><div class=\"uagb-ifb-title-wrap\"><h3 class=\"uagb-ifb-title\"> <strong>Alexandre de Souza Vieira<\/strong><a href=\"http:\/\/lattes.cnpq.br\/1250797335132086\"><img loading=\"lazy\" decoding=\"async\" width=\"40\" height=\"40\" class=\"wp-image-807\" style=\"width: 40px;\" src=\"https:\/\/propesp.uepa.br\/ppgenf\/wp-content\/uploads\/2020\/03\/Lattes-e1585070878268.jpg\" alt=\"\"><\/a> <\/h3><\/div><\/div><div class=\"uagb-ifb-separator\"><\/div><p class=\"uagb-ifb-desc\"><strong>Orientadora:&nbsp;Profa. Dra.&nbsp;Ana Paula Pessoa de Oliveira<\/strong><br><strong>Co-orientadora:&nbsp;Prof\u00aa. Dr\u00aa. Arinete V\u00e9ras Fontes Esteves<\/strong><br><strong>Resumo da Disserta\u00e7\u00e3o defendida em 2017:&nbsp;<a rel=\"noreferrer noopener\" href=\"https:\/\/drive.google.com\/open?id=13YFedTBZihvUSrkkV0fGL2PUbj1-5FKe\" target=\"_blank\">PRODU\u00c7\u00c3O E VALIDA\u00c7\u00c3O DE TECNOLOGIA CUIDATIVO \u2013 EDUCACIONAL SOBRE CUIDADOS NA PREVEN\u00c7\u00c3O DE TRAUMAS NA PESSOA IDOSA NO CONTEXTO DOMICILIAR<\/a><\/strong> <\/p><\/div><\/div>\n\n\n\n<div class=\"wp-block-uagb-info-box uagb-block-8fe866d0-344a-4030-895b-844437450028 uagb-infobox__content-wrap  uagb-infobox-icon-left-title uagb-infobox-left uagb-infobox-image-valign-top\"><div class=\"uagb-ifb-content\"><div class=\"uagb-ifb-left-title-image\"><div class=\"uagb-ifb-title-wrap\"><h3 class=\"uagb-ifb-title\"> <strong>Marcos Vinicius Costa Fernandes<\/strong><a href=\"http:\/\/lattes.cnpq.br\/9015855895299610\"><img loading=\"lazy\" decoding=\"async\" width=\"40\" height=\"40\" class=\"wp-image-807\" style=\"width: 40px;\" src=\"https:\/\/propesp.uepa.br\/ppgenf\/wp-content\/uploads\/2020\/03\/Lattes-e1585070878268.jpg\" alt=\"\"><\/a> <\/h3><\/div><\/div><div class=\"uagb-ifb-separator\"><\/div><p class=\"uagb-ifb-desc\"><strong>Orientadora:&nbsp;Profa. Dra.&nbsp;Arinete V\u00e9ras Fontes Esteves<\/strong><br><strong>Co-orientadora:&nbsp;Profa. Dra.&nbsp;Elizabeth Teixeira<\/strong><br><strong>Resumo da&nbsp;Disserta\u00e7\u00e3o defendida em 2017:<a rel=\"noreferrer noopener\" href=\"https:\/\/drive.google.com\/file\/d\/1AfL9iVZPyU7u85B5dX4lOJlFKt-GLb2z\/view?usp=sharing\" target=\"_blank\">&nbsp;ASSOCIA\u00c7\u00c3O ENTRE OS PADR\u00d5ES ESPACIAIS DA INCID\u00caNCIA DE HANSEN\u00cdASE EM MENORES DE 15 ANOS E A CONDI\u00c7\u00c3O DE VIDA EM MANAUS, AM<\/a><\/strong> <\/p><\/div><\/div>\n<\/div>\n\n\n\n<div class=\"wp-block-uagb-column uagb-column__wrap uagb-column__background-color uagb-block-1922ad5d-521e-4ca8-b074-2a7ebb325aa6\"><div class=\"uagb-column__overlay\"><\/div>\n<div class=\"wp-block-uagb-info-box uagb-block-3ed72099-a1c1-4880-8105-41188ef7976a uagb-infobox__content-wrap  uagb-infobox-icon-left-title uagb-infobox-left uagb-infobox-image-valign-top\"><div class=\"uagb-ifb-content\"><div class=\"uagb-ifb-left-title-image\"><div class=\"uagb-ifb-title-wrap\"><h3 class=\"uagb-ifb-title\"> <strong>Lorenna dos Santos Soares<\/strong><a href=\"http:\/\/lattes.cnpq.br\/5850530539025752\"><img loading=\"lazy\" decoding=\"async\" width=\"40\" height=\"40\" class=\"wp-image-807\" style=\"width: 40px;\" src=\"https:\/\/propesp.uepa.br\/ppgenf\/wp-content\/uploads\/2020\/03\/Lattes-e1585070878268.jpg\" alt=\"\"><\/a> <\/h3><\/div><\/div><div class=\"uagb-ifb-separator\"><\/div><p class=\"uagb-ifb-desc\"><strong>Orientadora:&nbsp;Profa. Dra.&nbsp;Nair Chase da Silva<\/strong><br><strong>Coorientadora:&nbsp;Profa. Dra. Ana Carolina Scarpel Moncaio<\/strong><br><strong>Resumo da&nbsp;Disserta\u00e7\u00e3o defendida em 2017:&nbsp;<a rel=\"noreferrer noopener\" href=\"https:\/\/drive.google.com\/open?id=1nSWoSNnhBp-YB151M07RUKX0DRq33KXL\" target=\"_blank\">AN\u00c1LISE DAS METODOLOGIAS ATIVAS NOS CURSOS DE GRADUA\u00c7\u00c3O DA \u00c1REA DA SA\u00daDE PARA O DESENVOLVIMENTO DE UM AMBIENTE VIRTUAL DE APRENDIZAGEM<\/a><\/strong> <\/p><\/div><\/div>\n\n\n\n<div class=\"wp-block-uagb-info-box uagb-block-70102a5c-6b55-400b-bb4c-8b03ae1e42bd uagb-infobox__content-wrap  uagb-infobox-icon-left-title uagb-infobox-left uagb-infobox-image-valign-top uagb-infobox__outer-wrap\"><div class=\"uagb-ifb-content\"><div class=\"uagb-ifb-left-title-image\"><div class=\"uagb-ifb-title-wrap\"><h3 class=\"uagb-ifb-title\"> <strong>Silvana Nunes Figueiredo<\/strong><a href=\"http:\/\/lattes.cnpq.br\/1230323697077787\"><img loading=\"lazy\" decoding=\"async\" width=\"40\" height=\"40\" class=\"wp-image-807\" style=\"width: 40px;\" src=\"https:\/\/propesp.uepa.br\/ppgenf\/wp-content\/uploads\/2020\/03\/Lattes-e1585070878268.jpg\" alt=\"\"><\/a> <\/h3><\/div><\/div><p class=\"uagb-ifb-desc\"><strong>Orientadora:&nbsp;Profa. Dra.&nbsp;Sandra Greice Becker<\/strong><br><strong>Resumo da&nbsp;Disserta\u00e7\u00e3o defendida em 2017:&nbsp;<a rel=\"noreferrer noopener\" href=\"https:\/\/drive.google.com\/file\/d\/1v2g1udU6vAsgrwgRVZzd9G_sae9aBgmy\/view?usp=sharing\" target=\"_blank\">AURICULOTERAPIA PARA REDU\u00c7\u00c3O DO ESTRESSE OCUPACIONAL E MELHORIA DA QUALIDADE DE VIDA EM ENFERMAGEM NA AMAZ\u00d4NIA: ENSAIO CL\u00cdNICO RANDOMIZADO<\/a><\/strong> <\/p><\/div><\/div>\n<\/div>\n<\/div><\/section>\n","protected":false},"excerpt":{"rendered":"<p>6\u00aa TURMA &#8211; UFAM\/2015<\/p>\n","protected":false},"author":2,"featured_media":0,"parent":1693,"menu_order":0,"comment_status":"closed","ping_status":"closed","template":"","meta":{"_uag_custom_page_level_css":"","site-sidebar-layout":"default","site-content-layout":"default","ast-site-content-layout":"default","site-content-style":"default","site-sidebar-style":"default","ast-global-header-display":"","ast-banner-title-visibility":"","ast-main-header-display":"","ast-hfb-above-header-display":"","ast-hfb-below-header-display":"","ast-hfb-mobile-header-display":"","site-post-title":"disabled","ast-breadcrumbs-content":"","ast-featured-img":"","footer-sml-layout":"","theme-transparent-header-meta":"default","adv-header-id-meta":"","stick-header-meta":"","header-above-stick-meta":"","header-main-stick-meta":"","header-below-stick-meta":"","astra-migrate-meta-layouts":"set","ast-page-background-enabled":"default","ast-page-background-meta":{"desktop":{"background-color":"","background-image":"","background-repeat":"repeat","background-position":"center center","background-size":"auto","background-attachment":"scroll","background-type":"","background-media":"","overlay-type":"","overlay-color":"","overlay-gradient":""},"tablet":{"background-color":"","background-image":"","background-repeat":"repeat","background-position":"center center","background-size":"auto","background-attachment":"scroll","background-type":"","background-media":"","overlay-type":"","overlay-color":"","overlay-gradient":""},"mobile":{"background-color":"","background-image":"","background-repeat":"repeat","background-position":"center center","background-size":"auto","background-attachment":"scroll","background-type":"","background-media":"","overlay-type":"","overlay-color":"","overlay-gradient":""}},"ast-content-background-meta":{"desktop":{"background-color":"var(--ast-global-color-5)","background-image":"","background-repeat":"repeat","background-position":"center center","background-size":"auto","background-attachment":"scroll","background-type":"","background-media":"","overlay-type":"","overlay-color":"","overlay-gradient":""},"tablet":{"background-color":"var(--ast-global-color-5)","background-image":"","background-repeat":"repeat","background-position":"center center","background-size":"auto","background-attachment":"scroll","background-type":"","background-media":"","overlay-type":"","overlay-color":"","overlay-gradient":""},"mobile":{"background-color":"var(--ast-global-color-5)","background-image":"","background-repeat":"repeat","background-position":"center center","background-size":"auto","background-attachment":"scroll","background-type":"","background-media":"","overlay-type":"","overlay-color":"","overlay-gradient":""}},"footnotes":""},"uagb_featured_image_src":{"full":false,"thumbnail":false,"medium":false,"medium_large":false,"large":false,"1536x1536":false,"2048x2048":false},"uagb_author_info":{"display_name":"nelma.ramos@uepa.br","author_link":"https:\/\/propesp.uepa.br\/ppgenf\/index.php\/author\/nelma-ramosuepa-br\/"},"uagb_comment_info":0,"uagb_excerpt":"6\u00aa TURMA &#8211; UFAM\/2015","_links":{"self":[{"href":"https:\/\/propesp.uepa.br\/ppgenf\/index.php\/wp-json\/wp\/v2\/pages\/953"}],"collection":[{"href":"https:\/\/propesp.uepa.br\/ppgenf\/index.php\/wp-json\/wp\/v2\/pages"}],"about":[{"href":"https:\/\/propesp.uepa.br\/ppgenf\/index.php\/wp-json\/wp\/v2\/types\/page"}],"author":[{"embeddable":true,"href":"https:\/\/propesp.uepa.br\/ppgenf\/index.php\/wp-json\/wp\/v2\/users\/2"}],"replies":[{"embeddable":true,"href":"https:\/\/propesp.uepa.br\/ppgenf\/index.php\/wp-json\/wp\/v2\/comments?post=953"}],"version-history":[{"count":7,"href":"https:\/\/propesp.uepa.br\/ppgenf\/index.php\/wp-json\/wp\/v2\/pages\/953\/revisions"}],"predecessor-version":[{"id":6424,"href":"https:\/\/propesp.uepa.br\/ppgenf\/index.php\/wp-json\/wp\/v2\/pages\/953\/revisions\/6424"}],"up":[{"embeddable":true,"href":"https:\/\/propesp.uepa.br\/ppgenf\/index.php\/wp-json\/wp\/v2\/pages\/1693"}],"wp:attachment":[{"href":"https:\/\/propesp.uepa.br\/ppgenf\/index.php\/wp-json\/wp\/v2\/media?parent=953"}],"curies":[{"name":"wp","href":"https:\/\/api.w.org\/{rel}","templated":true}]}}