{"id":958,"date":"2020-05-21T14:42:02","date_gmt":"2020-05-21T17:42:02","guid":{"rendered":"https:\/\/propesp.uepa.br\/ppgenf\/?page_id=958"},"modified":"2026-03-03T11:55:53","modified_gmt":"2026-03-03T14:55:53","slug":"8a-turma-ufam-2017","status":"publish","type":"page","link":"https:\/\/propesp.uepa.br\/ppgenf\/index.php\/corpo-discente\/egressos-ufam\/8a-turma-ufam-2017\/","title":{"rendered":"8\u00aa Turma &#8211; UFAM \/ 2017"},"content":{"rendered":"\n<div class=\"wp-block-uagb-advanced-heading uagb-block-32c65a43\"><h2 class=\"uagb-heading-text\"><strong>8\u00aa TURMA &#8211; UFAM\/2017<\/strong><\/h2><div class=\"uagb-separator\"><\/div><\/div>\n\n\n\n<section class=\"wp-block-uagb-columns uagb-columns__wrap uagb-columns__background-none uagb-columns__stack-mobile uagb-columns__valign- uagb-columns__gap-10 align uagb-block-959abd60-61e0-49a7-8a82-a0afdeb4f244 uagb-columns__columns-2 uagb-columns__max_width-theme\"><div class=\"uagb-columns__overlay\"><\/div><div class=\"uagb-columns__inner-wrap uagb-columns__columns-2\">\n<div class=\"wp-block-uagb-column uagb-column__wrap uagb-column__background-undefined uagb-block-fe9102a0-8458-465b-8fc7-08b31ee2988b\"><div class=\"uagb-column__overlay\"><\/div>\n<div class=\"wp-block-uagb-info-box uagb-block-384371ce-7236-4953-ad58-51cf3f02f5cf uagb-infobox__content-wrap  uagb-infobox-icon-left-title uagb-infobox-left uagb-infobox-image-valign-top\"><div class=\"uagb-ifb-content\"><div class=\"uagb-ifb-left-title-image\"><div class=\"uagb-ifb-title-wrap\"><h3 class=\"uagb-ifb-title\"> <strong>Eliza Dayanne de Oliveira Cordeiro<\/strong><a href=\"http:\/\/lattes.cnpq.br\/3727831723505036\"><img loading=\"lazy\" decoding=\"async\" width=\"40\" height=\"40\" class=\"wp-image-807\" style=\"width: 40px;\" src=\"https:\/\/propesp.uepa.br\/ppgenf\/wp-content\/uploads\/2020\/03\/Lattes-e1585070878268.jpg\" alt=\"\"><\/a> <\/h3><\/div><\/div><div class=\"uagb-ifb-separator\"><\/div><p class=\"uagb-ifb-desc\"><strong>Orientadora: Profa. Dra. Gilsirene Scantelbury de Almeida<\/strong><br><strong>Resumo da disserta\u00e7\u00e3o defendida em 2019:&nbsp;<\/strong><a rel=\"noreferrer noopener\" href=\"https:\/\/drive.google.com\/file\/d\/1nIla_4cvxoIh18Coozu8GMFimMsnjiQB\/view?usp=sharing\" target=\"_blank\"><strong>QUALIDADE DE VIDA DO RECEPTOR DE TRANSPLANTE RENAL: AN\u00c1LISE ATRAV\u00c9S DE INSTRUMENTO ESPEC\u00cdFICO<\/strong><\/a> <\/p><\/div><\/div>\n\n\n\n<div class=\"wp-block-uagb-info-box uagb-block-a9655743-49e0-4ff4-9366-e967c6609b17 uagb-infobox__content-wrap  uagb-infobox-icon-left-title uagb-infobox-left uagb-infobox-image-valign-top\"><div class=\"uagb-ifb-content\"><div class=\"uagb-ifb-left-title-image\"><div class=\"uagb-ifb-title-wrap\"><h3 class=\"uagb-ifb-title\"> <strong>Neuliane Melo Sombra<\/strong><a href=\"http:\/\/lattes.cnpq.br\/2907163635806480\"><img loading=\"lazy\" decoding=\"async\" width=\"40\" height=\"40\" class=\"wp-image-807\" style=\"width: 40px;\" src=\"https:\/\/propesp.uepa.br\/ppgenf\/wp-content\/uploads\/2020\/03\/Lattes-e1585070878268.jpg\" alt=\"\"><\/a> <\/h3><\/div><\/div><div class=\"uagb-ifb-separator\"><\/div><p class=\"uagb-ifb-desc\"><strong>Orientadora: Profa. Dra. Noeli das Neves Toledo<\/strong><br><strong>Co-orientador: Prof. Dr. Zilmar Augusto de Souza Filho<\/strong><br><strong>Resumo da disserta\u00e7\u00e3o defendida em 2019:&nbsp;<a rel=\"noreferrer noopener\" href=\"https:\/\/drive.google.com\/file\/d\/1ArttRNa6Rx5AyuW6mqxGJq3GgGHEdAyt\/view?usp=sharing\" target=\"_blank\">AVALIA\u00c7\u00c3O DE FATORES DE RISCO PARA DOEN\u00c7AS CARDIOVASCULARES, COM \u00caNFASE NA HIPERTENS\u00c3O ARTERIAL, EM IND\u00cdGENAS MUNDURUKU<\/a><\/strong> <\/p><\/div><\/div>\n\n\n\n<div class=\"wp-block-uagb-info-box uagb-block-a89e47a9-aa92-4508-9802-7ba7279b8f39 uagb-infobox__content-wrap  uagb-infobox-icon-left-title uagb-infobox-left uagb-infobox-image-valign-top uagb-infobox__outer-wrap\"><div class=\"uagb-ifb-content\"><div class=\"uagb-ifb-left-title-image\"><div class=\"uagb-ifb-title-wrap\"><h3 class=\"uagb-ifb-title\"><strong>Iraneide Ferreira Mafra<\/strong><a href=\"http:\/\/lattes.cnpq.br\/7298148208848337\"><img loading=\"lazy\" decoding=\"async\" width=\"40\" height=\"40\" class=\"wp-image-807\" style=\"width: 40px;\" src=\"https:\/\/propesp.uepa.br\/ppgenf\/wp-content\/uploads\/2020\/03\/Lattes-e1585070878268.jpg\" alt=\"\"><\/a><\/h3><\/div><\/div><p class=\"uagb-ifb-desc\"><strong>Orientador: Prof. Dr. David Lopes Neto<\/strong><br><strong>Resumo da disserta\u00e7\u00e3o defendida em 2020:<\/strong>  <a href=\"https:\/\/drive.google.com\/file\/d\/18ccCJMzQvEM_fLWPxvq2eZQpCqtXVl2m\/view?usp=sharing\"><strong>ESTUDO DA EFETIVIDADE DA DEMARCA\u00c7\u00c3O DE ESTOMA INTESTINAL POR ESTOMATERAPEUTA EM PACIENTES COM DOEN\u00c7A ONCOL\u00d3GICA<\/strong> <\/a><\/p><\/div><\/div>\n<\/div>\n\n\n\n<div class=\"wp-block-uagb-column uagb-column__wrap uagb-column__background-undefined uagb-block-15bbd4f0-4dcb-48cc-a69e-518816d0b657\"><div class=\"uagb-column__overlay\"><\/div>\n<div class=\"wp-block-uagb-info-box uagb-block-5f17d4e3-9d71-40df-8f48-18ed4f3e7ad9 uagb-infobox__content-wrap  uagb-infobox-icon-left-title uagb-infobox-left uagb-infobox-image-valign-top\"><div class=\"uagb-ifb-content\"><div class=\"uagb-ifb-left-title-image\"><div class=\"uagb-ifb-title-wrap\"><h3 class=\"uagb-ifb-title\"> <strong>Hanna Lorena Moraes Gomes<\/strong><a href=\"http:\/\/lattes.cnpq.br\/3837803064524881\"><img loading=\"lazy\" decoding=\"async\" width=\"40\" height=\"40\" class=\"wp-image-807\" style=\"width: 40px;\" src=\"https:\/\/propesp.uepa.br\/ppgenf\/wp-content\/uploads\/2020\/03\/Lattes-e1585070878268.jpg\" alt=\"\"><\/a> <\/h3><\/div><\/div><div class=\"uagb-ifb-separator\"><\/div><p class=\"uagb-ifb-desc\"><strong>Orientadora: Profa. Dra. Profa. Dra. Gilsirene Scantelbury de Almeida<\/strong><br><strong>Co-orientador: Prof. Dr. Ant\u00f3nio Manuel Souza<\/strong><br><strong>Resumo da disserta\u00e7\u00e3o defendida em 2019:&nbsp;<a rel=\"noreferrer noopener\" href=\"https:\/\/drive.google.com\/file\/d\/1t48nN9z22fF66XPqIgNWdguzLGMR4XFW\/view?usp=sharing\" target=\"_blank\">DIABETES MELLITUS E OS FATORES ASSOCIADOS AO RISCO CARDIOVASCULAR EM IND\u00cdGENAS DA ETNIA MUNDURUKU<\/a><\/strong> <\/p><\/div><\/div>\n\n\n\n<div class=\"wp-block-uagb-info-box uagb-block-a3ba0e36-c9e1-4d57-ad8d-3102b9641cd4 uagb-infobox__content-wrap  uagb-infobox-icon-left-title uagb-infobox-left uagb-infobox-image-valign-top\"><div class=\"uagb-ifb-content\"><div class=\"uagb-ifb-left-title-image\"><div class=\"uagb-ifb-title-wrap\"><h3 class=\"uagb-ifb-title\"> <strong>Tatiana Castro da Costa<\/strong><a href=\"http:\/\/lattes.cnpq.br\/4874848494216188\"><img loading=\"lazy\" decoding=\"async\" width=\"40\" height=\"40\" class=\"wp-image-807\" style=\"width: 40px;\" src=\"https:\/\/propesp.uepa.br\/ppgenf\/wp-content\/uploads\/2020\/03\/Lattes-e1585070878268.jpg\" alt=\"\"><\/a> <\/h3><\/div><\/div><div class=\"uagb-ifb-separator\"><\/div><p class=\"uagb-ifb-desc\"><strong>Orientadora: Profa. Dra. Ana Carolina Scarpel Moncaio<\/strong><br><strong>Resumo da disserta\u00e7\u00e3o defendida em 2019:&nbsp;<a rel=\"noreferrer noopener\" href=\"https:\/\/drive.google.com\/file\/d\/1s8l9ih2dlbgh3RWDC6bGhZfKz_22LZFF\/view?usp=sharing\" target=\"_blank\">TUBERCULOSE NA ATEN\u00c7\u00c3O PRIM\u00c1RIA \u00c0 SA\u00daDE: AVALIA\u00c7\u00c3O DOS SERVI\u00c7OS NA PERSPECTIVA DOS ENFERMEIROS<\/a><\/strong> <\/p><\/div><\/div>\n<\/div>\n<\/div><\/section>\n\n\n\n<section class=\"wp-block-uagb-columns uagb-columns__wrap uagb-columns__background-none uagb-columns__stack-mobile uagb-columns__valign- uagb-columns__gap-10 align uagb-block-ba42a636-ab37-4785-b581-d7edd314d816 uagb-columns__columns-2 uagb-columns__max_width-theme\"><div class=\"uagb-columns__overlay\"><\/div><div class=\"uagb-columns__inner-wrap uagb-columns__columns-2\">\n<div class=\"wp-block-uagb-column uagb-column__wrap uagb-column__background-undefined uagb-block-4ecec7ad-2e0b-4679-a4e6-83086f996094\"><div class=\"uagb-column__overlay\"><\/div>\n<div class=\"wp-block-uagb-info-box uagb-block-e6e71684-8e27-4c2e-b77c-b7add4362f45 uagb-infobox__content-wrap  uagb-infobox-icon-left-title uagb-infobox-left uagb-infobox-image-valign-top\"><div class=\"uagb-ifb-content\"><div class=\"uagb-ifb-left-title-image\"><div class=\"uagb-ifb-title-wrap\"><h3 class=\"uagb-ifb-title\"> <strong>Layana de Souza Rebol\u00e7as<\/strong><a href=\"http:\/\/lattes.cnpq.br\/7274542590268009\"><img loading=\"lazy\" decoding=\"async\" width=\"40\" height=\"40\" class=\"wp-image-807\" style=\"width: 40px;\" src=\"https:\/\/propesp.uepa.br\/ppgenf\/wp-content\/uploads\/2020\/03\/Lattes-e1585070878268.jpg\" alt=\"\"><\/a> <\/h3><\/div><\/div><div class=\"uagb-ifb-separator\"><\/div><p class=\"uagb-ifb-desc\"><strong>Orientadora: Profa. Dra. Raquel Faria da Silva Lima<\/strong><br><strong>Resumo da disserta\u00e7\u00e3o defendida em 2019:&nbsp;<a rel=\"noreferrer noopener\" href=\"https:\/\/drive.google.com\/file\/d\/1jMI5cpoZkmNecJUFZ0Vxio0ZSEX_6BiE\/view?usp=sharing\" target=\"_blank\">ASSIST\u00caNCIA AO PARTO E NASCIMENTO NO MUNIC\u00cdPIO DE TEF\u00c9\u2013AM NA PERSPECTIVA DA TEORIA DO CUIDADO CULTURAL<\/a><\/strong> <\/p><\/div><\/div>\n\n\n\n<div class=\"wp-block-uagb-info-box uagb-block-9b1456cd-fe15-4ce5-b0c9-a8d868421451 uagb-infobox__content-wrap  uagb-infobox-icon-left-title uagb-infobox-left uagb-infobox-image-valign-top\"><div class=\"uagb-ifb-content\"><div class=\"uagb-ifb-left-title-image\"><div class=\"uagb-ifb-title-wrap\"><h3 class=\"uagb-ifb-title\"> <strong>Maria do Livramento Coelho Prata<\/strong><a href=\"http:\/\/lattes.cnpq.br\/2664876149819119\"><img loading=\"lazy\" decoding=\"async\" width=\"40\" height=\"40\" class=\"wp-image-807\" style=\"width: 40px;\" src=\"https:\/\/propesp.uepa.br\/ppgenf\/wp-content\/uploads\/2020\/03\/Lattes-e1585070878268.jpg\" alt=\"\"><\/a> <\/h3><\/div><\/div><div class=\"uagb-ifb-separator\"><\/div><p class=\"uagb-ifb-desc\"><strong>Orientadora: Profa. Dra. Nair Chase da Silva<\/strong><br><strong>Resumo da disserta\u00e7\u00e3o defendida em 2019:&nbsp;&nbsp;<a rel=\"noreferrer noopener\" href=\"https:\/\/drive.google.com\/file\/d\/1fnpRA5RwjZE9VpjsDR9tPSq-7U9wMon_\/view?usp=sharing\" target=\"_blank\">A ABORDAGEM DA VIOL\u00caNCIA OBST\u00c9TRICA NOS ESPA\u00c7OS DE FORMA\u00c7\u00c3O DO ENFERMEIRO<\/a><\/strong> <\/p><\/div><\/div>\n<\/div>\n\n\n\n<div class=\"wp-block-uagb-column uagb-column__wrap uagb-column__background-undefined uagb-block-d2afa1d3-3dda-4411-bc63-c0be38c56853\"><div class=\"uagb-column__overlay\"><\/div>\n<div class=\"wp-block-uagb-info-box uagb-block-c19e9ddb-2f9c-4528-ae25-f155f1f33da5 uagb-infobox__content-wrap  uagb-infobox-icon-left-title uagb-infobox-left uagb-infobox-image-valign-top\"><div class=\"uagb-ifb-content\"><div class=\"uagb-ifb-left-title-image\"><div class=\"uagb-ifb-title-wrap\"><h3 class=\"uagb-ifb-title\"> <strong>Leslie Bezerra Monteiro<\/strong><a href=\"http:\/\/lattes.cnpq.br\/5811196877265406\"><img loading=\"lazy\" decoding=\"async\" width=\"40\" height=\"40\" class=\"wp-image-807\" style=\"width: 40px;\" src=\"https:\/\/propesp.uepa.br\/ppgenf\/wp-content\/uploads\/2020\/03\/Lattes-e1585070878268.jpg\" alt=\"\"><\/a> <\/h3><\/div><\/div><div class=\"uagb-ifb-separator\"><\/div><p class=\"uagb-ifb-desc\"><strong>Orientadora: Profa. Dra. Sandra Greice Becker<\/strong><br><strong>Resumo da disserta\u00e7\u00e3o defendida em 2019:&nbsp;<a rel=\"noreferrer noopener\" href=\"https:\/\/drive.google.com\/file\/d\/1Gfvuoiy5JzaqxBSOL8qunjHunAIa0RWd\/view?usp=sharing\" target=\"_blank\">QUOTIDIANO DO PROFISSIONAL QUE VIVENCIA O SOFRIMENTO POR ASS\u00c9DIO MORAL E A SUA RELA\u00c7\u00c3O COM OS DIAGN\u00d3STICOS DE ENFERMAGEM<\/a><\/strong> <\/p><\/div><\/div>\n\n\n\n<div class=\"wp-block-uagb-info-box uagb-block-11943c5a-a538-4435-a865-17225768438e uagb-infobox__content-wrap  uagb-infobox-icon-left-title uagb-infobox-left uagb-infobox-image-valign-top\"><div class=\"uagb-ifb-content\"><div class=\"uagb-ifb-left-title-image\"><div class=\"uagb-ifb-title-wrap\"><h3 class=\"uagb-ifb-title\"><strong>Dayanne J\u00e9ssyca Cunha de Menezes<\/strong><img loading=\"lazy\" decoding=\"async\" width=\"40\" height=\"40\" class=\"wp-image-807\" style=\"width: 40px;\" src=\"https:\/\/propesp.uepa.br\/ppgenf\/wp-content\/uploads\/2020\/03\/Lattes-e1585070878268.jpg\" alt=\"\"><\/h3><\/div><\/div><div class=\"uagb-ifb-separator\"><\/div><p class=\"uagb-ifb-desc\"><strong>Orientadora: Profa. Dra. Arinete Veras Fontes Esteves<\/strong><br><strong>Resumo da disserta\u00e7\u00e3o defendida em 2019:<\/strong>   <a href=\"https:\/\/drive.google.com\/file\/d\/1YMduB-yb8d5pEn1qM9ZZCGe84wzR4AGs\/view?usp=sharing\"><strong>CONSTRU\u00c7\u00c3O DA PROPOSI\u00c7\u00c3O DIAGN\u00d3STICA DE ENFERMAGEM ADAPTA\u00c7\u00c3O EXTRAUTERINA INEFICAZ<\/strong> <\/a><\/p><\/div><\/div>\n<\/div>\n<\/div><\/section>\n","protected":false},"excerpt":{"rendered":"<p>8\u00aa TURMA &#8211; UFAM\/2017<\/p>\n","protected":false},"author":2,"featured_media":0,"parent":1693,"menu_order":0,"comment_status":"closed","ping_status":"closed","template":"","meta":{"_uag_custom_page_level_css":"","site-sidebar-layout":"default","site-content-layout":"default","ast-site-content-layout":"default","site-content-style":"default","site-sidebar-style":"default","ast-global-header-display":"","ast-banner-title-visibility":"","ast-main-header-display":"","ast-hfb-above-header-display":"","ast-hfb-below-header-display":"","ast-hfb-mobile-header-display":"","site-post-title":"disabled","ast-breadcrumbs-content":"","ast-featured-img":"","footer-sml-layout":"","theme-transparent-header-meta":"default","adv-header-id-meta":"","stick-header-meta":"","header-above-stick-meta":"","header-main-stick-meta":"","header-below-stick-meta":"","astra-migrate-meta-layouts":"set","ast-page-background-enabled":"default","ast-page-background-meta":{"desktop":{"background-color":"","background-image":"","background-repeat":"repeat","background-position":"center center","background-size":"auto","background-attachment":"scroll","background-type":"","background-media":"","overlay-type":"","overlay-color":"","overlay-gradient":""},"tablet":{"background-color":"","background-image":"","background-repeat":"repeat","background-position":"center center","background-size":"auto","background-attachment":"scroll","background-type":"","background-media":"","overlay-type":"","overlay-color":"","overlay-gradient":""},"mobile":{"background-color":"","background-image":"","background-repeat":"repeat","background-position":"center center","background-size":"auto","background-attachment":"scroll","background-type":"","background-media":"","overlay-type":"","overlay-color":"","overlay-gradient":""}},"ast-content-background-meta":{"desktop":{"background-color":"var(--ast-global-color-5)","background-image":"","background-repeat":"repeat","background-position":"center center","background-size":"auto","background-attachment":"scroll","background-type":"","background-media":"","overlay-type":"","overlay-color":"","overlay-gradient":""},"tablet":{"background-color":"var(--ast-global-color-5)","background-image":"","background-repeat":"repeat","background-position":"center center","background-size":"auto","background-attachment":"scroll","background-type":"","background-media":"","overlay-type":"","overlay-color":"","overlay-gradient":""},"mobile":{"background-color":"var(--ast-global-color-5)","background-image":"","background-repeat":"repeat","background-position":"center center","background-size":"auto","background-attachment":"scroll","background-type":"","background-media":"","overlay-type":"","overlay-color":"","overlay-gradient":""}},"footnotes":""},"uagb_featured_image_src":{"full":false,"thumbnail":false,"medium":false,"medium_large":false,"large":false,"1536x1536":false,"2048x2048":false},"uagb_author_info":{"display_name":"nelma.ramos@uepa.br","author_link":"https:\/\/propesp.uepa.br\/ppgenf\/index.php\/author\/nelma-ramosuepa-br\/"},"uagb_comment_info":0,"uagb_excerpt":"8\u00aa TURMA &#8211; UFAM\/2017","_links":{"self":[{"href":"https:\/\/propesp.uepa.br\/ppgenf\/index.php\/wp-json\/wp\/v2\/pages\/958"}],"collection":[{"href":"https:\/\/propesp.uepa.br\/ppgenf\/index.php\/wp-json\/wp\/v2\/pages"}],"about":[{"href":"https:\/\/propesp.uepa.br\/ppgenf\/index.php\/wp-json\/wp\/v2\/types\/page"}],"author":[{"embeddable":true,"href":"https:\/\/propesp.uepa.br\/ppgenf\/index.php\/wp-json\/wp\/v2\/users\/2"}],"replies":[{"embeddable":true,"href":"https:\/\/propesp.uepa.br\/ppgenf\/index.php\/wp-json\/wp\/v2\/comments?post=958"}],"version-history":[{"count":7,"href":"https:\/\/propesp.uepa.br\/ppgenf\/index.php\/wp-json\/wp\/v2\/pages\/958\/revisions"}],"predecessor-version":[{"id":6426,"href":"https:\/\/propesp.uepa.br\/ppgenf\/index.php\/wp-json\/wp\/v2\/pages\/958\/revisions\/6426"}],"up":[{"embeddable":true,"href":"https:\/\/propesp.uepa.br\/ppgenf\/index.php\/wp-json\/wp\/v2\/pages\/1693"}],"wp:attachment":[{"href":"https:\/\/propesp.uepa.br\/ppgenf\/index.php\/wp-json\/wp\/v2\/media?parent=958"}],"curies":[{"name":"wp","href":"https:\/\/api.w.org\/{rel}","templated":true}]}}