{"id":4465,"date":"2021-11-26T18:18:44","date_gmt":"2021-11-26T21:18:44","guid":{"rendered":"https:\/\/propesp.uepa.br\/ppgesa\/?page_id=4465"},"modified":"2026-02-20T14:29:34","modified_gmt":"2026-02-20T17:29:34","slug":"estrutura-curricular-doutorado","status":"publish","type":"page","link":"https:\/\/propesp.uepa.br\/ppgesa\/cursos\/doutorado-profissional\/estrutura-curricular-doutorado\/","title":{"rendered":"ESTRUTURA CURRICULAR DOUTORADO"},"content":{"rendered":"\n<div class=\"wp-block-uagb-container uagb-block-72878cfa alignfull uagb-is-root-container\"><div class=\"uagb-container-inner-blocks-wrap\">\n<div class=\"wp-block-uagb-advanced-heading uagb-block-1be02c65\"><h2 class=\"uagb-heading-text\">ESTRUTURA CURRICULAR DOUTORADO<\/h2><div class=\"uagb-separator\"><\/div><\/div>\n\n\n\n<div class=\"wp-block-uagb-advanced-heading uagb-block-2693c661\"><p class=\"uagb-heading-text\">Os componentes curriculares do&nbsp;Curso de <strong>Doutorado<\/strong> Profissional do Programa de P\u00f3s-Gradua\u00e7\u00e3o Ensino em Sa\u00fade na Amaz\u00f4nia (PPG-ESA) contemplam um conjunto de disciplinas e atividades para a constru\u00e7\u00e3o de compet\u00eancias dos futuros doutores. Tal estrutura curricular compreende um per\u00edodo de at\u00e9 48 meses, distribu\u00eddos:<\/p><\/div>\n\n\n\n<ul class=\"wp-block-list\">\n<li>Em <a href=\"https:\/\/drive.google.com\/drive\/folders\/1eOssovh93K2gOYfBsA8AbVB_4JZHOIBM?usp=sharing\">disciplinas obrigat\u00f3rias<\/a> = 18 cr\u00e9ditos = 270 horas;<\/li>\n\n\n\n<li>Em <a href=\"https:\/\/drive.google.com\/drive\/folders\/1eOssovh93K2gOYfBsA8AbVB_4JZHOIBM?usp=sharing\">disciplinas optativas<\/a> = 20 cr\u00e9ditos&nbsp; = 300 horas;<\/li>\n\n\n\n<li><a href=\"https:\/\/drive.google.com\/drive\/folders\/1bbBatICRztE4sQXg6oypYjSBq7gNdrKR?usp=sharing\">Pr\u00e1tica Profissional Supervisionada (PPS)<\/a> = 2 cr\u00e9ditos = 30 horas;<\/li>\n\n\n\n<li><a href=\"https:\/\/drive.google.com\/drive\/folders\/172UjxgkWn9lD-9U4LOnnGrwKXlhadhcH?usp=sharing\">Atividades complementares<\/a> = 16 cr\u00e9ditos = 240 horas, distribu\u00eddos em apresenta\u00e7\u00e3o de trabalhos e participa\u00e7\u00e3o em eventos cient\u00edficos, apresenta\u00e7\u00e3o de trabalhos em semin\u00e1rios, publica\u00e7\u00e3o de pelo menos dois artigos relativos ao tema do trabalho de conclus\u00e3o de curso&nbsp; em peri\u00f3dicos da \u00e1rea de Ensino e dois produtos t\u00e9cnicos devidamente registrados;\n<ul class=\"wp-block-list\">\n<li><a href=\"http:\/\/propesp.uepa.br\/ppgesa\/wp-content\/uploads\/2021\/01\/DOCUMENTO-CRITERIOS-PRODUCAO-TECNICA-EDUCACIONAL-ENSINO.pdf\">Crit\u00e9rios para Classifica\u00e7\u00e3o de Produ\u00e7\u00e3o T\u00e9cnica-Educacional &#8211; \u00c1rea Ensino<\/a> <\/li>\n\n\n\n<li><a href=\"https:\/\/drive.google.com\/drive\/folders\/1kQRBpEzDYI3T49jJ0NHaXo90XuMQ7b00?usp=sharing\">Classifica\u00e7\u00e3o CAPES Qualis-Peri\u00f3dicos (2017-2020) &#8211; \u00c1rea Ensino, Interdisciplinar, Educa\u00e7\u00e3o, Sa\u00fade Coletiva<\/a>&nbsp;<a href=\"https:\/\/drive.google.com\/drive\/folders\/1kQRBpEzDYI3T49jJ0NHaXo90XuMQ7b00?usp=sharing\"><\/a><\/li>\n<\/ul>\n<\/li>\n\n\n\n<li><a href=\"http:\/\/propesp.uepa.br\/ppgesa\/wp-content\/uploads\/2021\/01\/DOCUMENTO-CRITERIOS-PRODUCAO-TECNICA-EDUCACIONAL-ENSINO.pdf\"><\/a><a href=\"https:\/\/drive.google.com\/drive\/folders\/1wR_hO9ZK3SmVxnAyGHcUxEePDr-DYmnc?usp=sharing\">Elabora\u00e7\u00e3o e defesa do trabalho de conclus\u00e3o de curso<\/a> = 13 cr\u00e9ditos = 195 horas. O trabalho de conclus\u00e3o de curso ser\u00e1 a apresenta\u00e7\u00e3o de uma tese em formato de portf\u00f3lio que ir\u00e1 incorporar a produ\u00e7\u00e3o cient\u00edfica, t\u00e9cnica e outras produ\u00e7\u00f5es geradas no transcorrer do Doutorado.<a href=\"http:\/\/propesp.uepa.br\/ppgesa\/wp-content\/uploads\/2021\/01\/DOCUMENTO-CRITERIOS-PRODUCAO-TECNICA-EDUCACIONAL-ENSINO.pdf\"><\/a><\/li>\n<\/ul>\n\n\n\n<div class=\"wp-block-uagb-advanced-heading uagb-block-d53198b1\"><h4 class=\"uagb-heading-text\"><strong>Disciplinas obrigat\u00f3rias (270H\/18CR)<\/strong><\/h4><\/div>\n\n\n\n<figure class=\"wp-block-table is-style-stripes\"><table><thead><tr><th><strong>SEMESTRE<\/strong><\/th><th><strong>DISCIPLINAS OBRIGAT\u00d3RIAS<\/strong><\/th><th><strong>CH \/ CR<\/strong><\/th><th><strong>RESPONS\u00c1VEL<\/strong><\/th><\/tr><\/thead><tbody><tr><td>1\u00ba<\/td><td><a rel=\"noreferrer noopener\" href=\"https:\/\/sucupira.capes.gov.br\/sucupira\/public\/consultas\/coleta\/disciplina\/viewDisciplina.jsf?popup=true&amp;id_disciplina=290401\" target=\"_blank\">Metodologia Cient\u00edfica (PPGS3074)<\/a><\/td><td>30H\/2CR<\/td><td>Dr\u00ba Robson Domingues, Dr\u00aa Edilea Oliveira<\/td><\/tr><tr><td>3\u00ba<\/td><td><a rel=\"noreferrer noopener\" href=\"https:\/\/sucupira.capes.gov.br\/sucupira\/public\/consultas\/coleta\/disciplina\/viewDisciplina.jsf?popup=true&amp;id_disciplina=290377\" target=\"_blank\">Desenvolvimento de Projeto de Pesquisa I (PPGS3068)<\/a><\/td><td>30H\/2CR<\/td><td>Dr\u00aa K\u00e1tia Kietzer, Dr\u00aa Val\u00e9ria Normando<\/td><\/tr><tr><td>5\u00ba<\/td><td><a rel=\"noreferrer noopener\" href=\"https:\/\/sucupira.capes.gov.br\/sucupira\/public\/consultas\/coleta\/disciplina\/viewDisciplina.jsf?popup=true&amp;id_disciplina=290403\" target=\"_blank\">Desenvolvimento de Projeto de Pesquisa II (PPGS3069)<\/a><\/td><td>30H\/2CR<\/td><td>Dr\u00aa Val\u00e9ria Normando, Dr\u00aa K\u00e1tia Kietzer <\/td><\/tr><tr><td>6\u00ba<\/td><td><a rel=\"noreferrer noopener\" href=\"https:\/\/sucupira.capes.gov.br\/sucupira\/public\/consultas\/coleta\/disciplina\/viewDisciplina.jsf?popup=true&amp;id_disciplina=290406\" target=\"_blank\">Forma\u00e7\u00e3o de Pesquisa I (PPGS3072)<\/a><\/td><td>30H\/2CR<\/td><td>Dr\u00aa Val\u00e9ria Normando, Dr\u00aa Katiane Cunha<\/td><\/tr><tr><td><\/td><td><a href=\"https:\/\/drive.google.com\/drive\/folders\/1gyWrx1tYOXW4IdLQy8ewMJ0Eix16aWpr?usp=sharing\">Profici\u00eancia em L\u00edngua Estrangeira I (PPGS008)<\/a><\/td><td>-\/-<\/td><td><\/td><\/tr><tr><td><\/td><td><a href=\"https:\/\/drive.google.com\/drive\/folders\/1gyWrx1tYOXW4IdLQy8ewMJ0Eix16aWpr?usp=sharing\">Profici\u00eancia em L\u00edngua Estrangeira II (PPGS009)<\/a><\/td><td>-\/-<\/td><td><\/td><\/tr><tr><td><\/td><td><a href=\"https:\/\/drive.google.com\/drive\/folders\/1puL-OUnzizUPm2PwvTs_-2vEaf5LMSSj?usp=sharing\">Exame de Qualifica\u00e7\u00e3o<\/a><\/td><td>-\/-<\/td><td><\/td><\/tr><tr><td>7\u00ba<\/td><td><a rel=\"noreferrer noopener\" href=\"https:\/\/sucupira.capes.gov.br\/sucupira\/public\/consultas\/coleta\/disciplina\/viewDisciplina.jsf?popup=true&amp;id_disciplina=290399\" target=\"_blank\">Forma\u00e7\u00e3o de Pesquisa II (PPGS3073)<\/a><\/td><td>30H\/2CR<\/td><td>Dr\u00aa Edna Galv\u00e3o, Dr\u00aa Val\u00e9ria Normando<\/td><\/tr><tr><td><\/td><td><a href=\"https:\/\/drive.google.com\/drive\/folders\/172UjxgkWn9lD-9U4LOnnGrwKXlhadhcH?usp=sharing\">Atividades Complementar &#8211; Doutorado (PPGS007)<\/a><\/td><td>240H\/16CR<\/td><td><\/td><\/tr><tr><td><\/td><td><a rel=\"noreferrer noopener\" href=\"https:\/\/sucupira.capes.gov.br\/sucupira\/public\/consultas\/coleta\/disciplina\/viewDisciplina.jsf?popup=true&amp;id_disciplina=37095\" target=\"_blank\"><\/a><a rel=\"noreferrer noopener\" href=\"https:\/\/sucupira.capes.gov.br\/sucupira\/public\/consultas\/coleta\/disciplina\/viewDisciplina.jsf?popup=true&amp;id_disciplina=290398\" target=\"_blank\">Pr\u00e1tica Profissional Supervisionada Doutorado (PPGS2068)<\/a><\/td><td>30H\/2CR<\/td><td>Orientadores<\/td><\/tr><tr><td><\/td><td><a href=\"https:\/\/drive.google.com\/drive\/folders\/1puL-OUnzizUPm2PwvTs_-2vEaf5LMSSj?usp=sharing\">Trabalho e Conclus\u00e3o de Curso Tese (PPGS010)<\/a><\/td><td>195H\/13CR<\/td><td><\/td><\/tr><\/tbody><\/table><\/figure>\n\n\n\n<div class=\"wp-block-uagb-advanced-heading uagb-block-ee998995\"><h4 class=\"uagb-heading-text\"><strong>Disciplinas optativas (300H\/20CR)<\/strong><\/h4><\/div>\n\n\n\n<figure class=\"wp-block-table is-style-stripes\"><table><thead><tr><th><strong>SEMESTRE<\/strong><\/th><th><strong>DISCIPLINAS OPTATIVAS<\/strong><\/th><th><strong>CH \/ CR<\/strong><\/th><th><strong>RESPONS\u00c1VEL<\/strong><\/th><\/tr><\/thead><tbody><tr><td>1\u00ba<\/td><td><a rel=\"noreferrer noopener\" href=\"https:\/\/sucupira.capes.gov.br\/sucupira\/public\/consultas\/coleta\/disciplina\/viewDisciplina.jsf?popup=true&amp;id_disciplina=290401\" target=\"_blank\"><\/a><a rel=\"noreferrer noopener\" href=\"https:\/\/sucupira.capes.gov.br\/sucupira\/public\/consultas\/coleta\/disciplina\/viewDisciplina.jsf?popup=true&amp;id_disciplina=290407\" target=\"_blank\">M\u00e9todos e t\u00e9cnicas de Pesquisa Qualitativa na Pesquisa (PPGS3065)<\/a><\/td><td>60H\/4CR<\/td><td>Dr\u00aa Ivonete Peixoto, Dr\u00aa Ilma Ferreira<\/td><\/tr><tr><td>3\u00ba<\/td><td><a href=\"https:\/\/sucupira-legado.capes.gov.br\/sucupira\/public\/consultas\/coleta\/disciplina\/viewDisciplina.jsf?popup=true&amp;id_disciplina=290402\">M\u00e9todos e T\u00e9cnicas de Ensino e Aprendizagem (PPGS3075)<\/a><\/td><td>30H\/2CR<\/td><td>Dr Renato Teixeira, Dr\u00aa Marcia Bitar<\/td><\/tr><tr><td>1\u00ba<\/td><td><a rel=\"noreferrer noopener\" href=\"https:\/\/sucupira.capes.gov.br\/sucupira\/public\/consultas\/coleta\/disciplina\/viewDisciplina.jsf?popup=true&amp;id_disciplina=290408\" target=\"_blank\">M\u00e9todos e T\u00e9cnicas de Pesquisa Quantitativa (PPGS3066)<\/a><\/td><td>60H\/4CR<\/td><td>Dr\u00ba Jofre Freitas, Dr\u00aa Vanessa Novaes<\/td><\/tr><tr><td>1\u00ba<\/td><td><a rel=\"noreferrer noopener\" href=\"https:\/\/sucupira.capes.gov.br\/sucupira\/public\/consultas\/coleta\/disciplina\/viewDisciplina.jsf?popup=true&amp;id_disciplina=37086\" target=\"_blank\">Gest\u00e3o dos Servi\u00e7os de Sa\u00fade (PPGS60)<\/a><\/td><td>30H\/2CR<\/td><td>Dr\u00aa Lizomar Moia, Dr Robson Domingues, Dr\u00aa Ilma Ferreira<\/td><\/tr><tr><td>1\u00b0<\/td><td><a href=\"https:\/\/sucupira.capes.gov.br\/sucupira\/public\/consultas\/coleta\/disciplina\/viewDisciplina.jsf?popup=true&amp;id_disciplina=290376\" target=\"_blank\" rel=\"noreferrer noopener\">Comunica\u00e7\u00e3o e Reda\u00e7\u00e3o Cient\u00edfica (PPGS3067)<\/a><\/td><td>30H\/2CR<\/td><td>Dr\u00aa Nara Botelho<\/td><\/tr><tr><td>1\u00ba<\/td><td><a rel=\"noreferrer noopener\" href=\"https:\/\/sucupira.capes.gov.br\/sucupira\/public\/consultas\/coleta\/disciplina\/viewDisciplina.jsf?popup=true&amp;id_disciplina=165820\" target=\"_blank\"><\/a><a rel=\"noreferrer noopener\" href=\"https:\/\/sucupira.capes.gov.br\/sucupira\/public\/consultas\/coleta\/disciplina\/viewDisciplina.jsf?popup=true&amp;id_disciplina=37095\" target=\"_blank\">Tutorias e Estudos de Caso (PPGS62)<\/a><\/td><td>30H\/2CR<\/td><td>Dr\u00aa Milena Caldato<\/td><\/tr><tr><td>2\u00ba<\/td><td><a rel=\"noreferrer noopener\" href=\"https:\/\/sucupira.capes.gov.br\/sucupira\/public\/consultas\/coleta\/disciplina\/viewDisciplina.jsf?popup=true&amp;id_disciplina=290405\" target=\"_blank\">Ensino e Gest\u00e3o no Ensino Superior (PPGS3063)<\/a><\/td><td>45h\/3CR<\/td><td>Dr\u00aa Milena Caldato<\/td><\/tr><tr><td>2\u00ba<\/td><td><a rel=\"noreferrer noopener\" href=\"https:\/\/sucupira.capes.gov.br\/sucupira\/public\/consultas\/coleta\/disciplina\/viewDisciplina.jsf?popup=true&amp;id_disciplina=165820\" target=\"_blank\">Sa\u00fade e Desenvolvimento de Compet\u00eancia Profissional (PPGS58)<\/a><\/td><td>30H\/2CR<\/td><td>Dr\u00aa Vera Pal\u00e1cios <\/td><\/tr><tr><td>2\u00ba<\/td><td><a rel=\"noreferrer noopener\" href=\"https:\/\/sucupira.capes.gov.br\/sucupira\/public\/consultas\/coleta\/disciplina\/viewDisciplina.jsf?popup=true&amp;id_disciplina=290375\" target=\"_blank\">An\u00e1lise e Desenvolvimento de Produtos e Tecnologias Educacionais II (PPGS3062)<\/a><\/td><td>60H\/4CR<\/td><td>Dr\u00ba Robson Domingues, Dr\u00aa Edilea Oliveira, Dr Clemente de Sousa\/U.Porto-PT<\/td><\/tr><tr><td>3\u00ba<\/td><td><a rel=\"noreferrer noopener\" href=\"https:\/\/sucupira.capes.gov.br\/sucupira\/public\/consultas\/coleta\/disciplina\/viewDisciplina.jsf?popup=true&amp;id_disciplina=290400\" target=\"_blank\">Medicina Baseada em Evidencias no Ensino, Gest\u00e3o e Servi\u00e7o de Sa\u00fade (PPGS6064)<\/a><\/td><td>60H\/4CR<br><\/td><td>Dr\u00ba Regis Andriolo, Dr\u00aa Cl\u00e9a Bichara<\/td><\/tr><tr><td>4\u00ba<\/td><td><a rel=\"noreferrer noopener\" href=\"https:\/\/sucupira.capes.gov.br\/sucupira\/public\/consultas\/coleta\/disciplina\/viewDisciplina.jsf?popup=true&amp;id_disciplina=37092\" target=\"_blank\">Pol\u00edticas P\u00fablicas e de Humaniza\u00e7\u00e3o do Servi\u00e7o P\u00fablico (PPGS59)<\/a><\/td><td>30H\/2CR<\/td><td>Dr\u00aa Cl\u00e9a Bichara<\/td><\/tr><tr><td>2\u00b0<\/td><td><a href=\"https:\/\/sucupira.capes.gov.br\/sucupira\/public\/consultas\/coleta\/disciplina\/viewDisciplina.jsf?popup=true&amp;id_disciplina=290404\" target=\"_blank\" rel=\"noreferrer noopener\">Educa\u00e7\u00e3o em Sa\u00fade na Amaz\u00f4nia e a Responsabilidade Social (PPGS3070)<\/a><\/td><td>30H\/2CR<\/td><td>Dr\u00ba Renato Teixeira, Dr\u00b0 Higson Coelho<\/td><\/tr><\/tbody><\/table><\/figure>\n<\/div><\/div>\n\n\n\n<p><\/p>\n","protected":false},"excerpt":{"rendered":"<p>ESTRUTURA CURRICULAR DOUTORADO Os componentes curriculares do&nbsp;Curso de Doutorado Profissional do Programa de P\u00f3s-Gradua\u00e7\u00e3o Ensino em Sa\u00fade na Amaz\u00f4nia (PPG-ESA) contemplam um conjunto de disciplinas e atividades para a constru\u00e7\u00e3o de compet\u00eancias dos futuros doutores. Tal estrutura curricular compreende um per\u00edodo de at\u00e9 48 meses, distribu\u00eddos: Disciplinas obrigat\u00f3rias (270H\/18CR) SEMESTRE DISCIPLINAS OBRIGAT\u00d3RIAS CH \/ CR &hellip;<\/p>\n<p class=\"read-more\"> <a class=\"\" href=\"https:\/\/propesp.uepa.br\/ppgesa\/cursos\/doutorado-profissional\/estrutura-curricular-doutorado\/\"> <span class=\"screen-reader-text\">ESTRUTURA CURRICULAR DOUTORADO<\/span> Leia mais &raquo;<\/a><\/p>\n","protected":false},"author":2,"featured_media":0,"parent":6571,"menu_order":0,"comment_status":"closed","ping_status":"closed","template":"","meta":{"_uag_custom_page_level_css":"","site-sidebar-layout":"default","site-content-layout":"default","ast-site-content-layout":"default","site-content-style":"default","site-sidebar-style":"default","ast-global-header-display":"","ast-banner-title-visibility":"","ast-main-header-display":"","ast-hfb-above-header-display":"","ast-hfb-below-header-display":"","ast-hfb-mobile-header-display":"","site-post-title":"disabled","ast-breadcrumbs-content":"","ast-featured-img":"","footer-sml-layout":"","theme-transparent-header-meta":"default","adv-header-id-meta":"","stick-header-meta":"","header-above-stick-meta":"","header-main-stick-meta":"","header-below-stick-meta":"","astra-migrate-meta-layouts":"set","footnotes":""},"class_list":["post-4465","page","type-page","status-publish","hentry"],"uagb_featured_image_src":{"full":false,"thumbnail":false,"medium":false,"medium_large":false,"large":false,"1536x1536":false,"2048x2048":false},"uagb_author_info":{"display_name":"admin@uepa.br","author_link":"https:\/\/propesp.uepa.br\/ppgesa\/author\/adminuepa-br\/"},"uagb_comment_info":0,"uagb_excerpt":"ESTRUTURA CURRICULAR DOUTORADO Os componentes curriculares do&nbsp;Curso de Doutorado Profissional do Programa de P\u00f3s-Gradua\u00e7\u00e3o Ensino em Sa\u00fade na Amaz\u00f4nia (PPG-ESA) contemplam um conjunto de disciplinas e atividades para a constru\u00e7\u00e3o de compet\u00eancias dos futuros doutores. Tal estrutura curricular compreende um per\u00edodo de at\u00e9 48 meses, distribu\u00eddos: Disciplinas obrigat\u00f3rias (270H\/18CR) SEMESTRE DISCIPLINAS OBRIGAT\u00d3RIAS CH \/ CR&hellip;","_links":{"self":[{"href":"https:\/\/propesp.uepa.br\/ppgesa\/wp-json\/wp\/v2\/pages\/4465","targetHints":{"allow":["GET"]}}],"collection":[{"href":"https:\/\/propesp.uepa.br\/ppgesa\/wp-json\/wp\/v2\/pages"}],"about":[{"href":"https:\/\/propesp.uepa.br\/ppgesa\/wp-json\/wp\/v2\/types\/page"}],"author":[{"embeddable":true,"href":"https:\/\/propesp.uepa.br\/ppgesa\/wp-json\/wp\/v2\/users\/2"}],"replies":[{"embeddable":true,"href":"https:\/\/propesp.uepa.br\/ppgesa\/wp-json\/wp\/v2\/comments?post=4465"}],"version-history":[{"count":28,"href":"https:\/\/propesp.uepa.br\/ppgesa\/wp-json\/wp\/v2\/pages\/4465\/revisions"}],"predecessor-version":[{"id":7469,"href":"https:\/\/propesp.uepa.br\/ppgesa\/wp-json\/wp\/v2\/pages\/4465\/revisions\/7469"}],"up":[{"embeddable":true,"href":"https:\/\/propesp.uepa.br\/ppgesa\/wp-json\/wp\/v2\/pages\/6571"}],"wp:attachment":[{"href":"https:\/\/propesp.uepa.br\/ppgesa\/wp-json\/wp\/v2\/media?parent=4465"}],"curies":[{"name":"wp","href":"https:\/\/api.w.org\/{rel}","templated":true}]}}