{"id":4516,"date":"2021-11-26T21:32:51","date_gmt":"2021-11-27T00:32:51","guid":{"rendered":"https:\/\/propesp.uepa.br\/ppgesa\/?page_id=4516"},"modified":"2025-07-31T14:31:41","modified_gmt":"2025-07-31T17:31:41","slug":"estrutura-curricular-mestrado","status":"publish","type":"page","link":"https:\/\/propesp.uepa.br\/ppgesa\/cursos\/mestrado-profissional\/estrutura-curricular-mestrado\/","title":{"rendered":"ESTRUTURA CURRICULAR MESTRADO"},"content":{"rendered":"\n<div class=\"wp-block-uagb-container uagb-block-cd6b4bae alignfull uagb-is-root-container\"><div class=\"uagb-container-inner-blocks-wrap\">\n<div class=\"wp-block-uagb-advanced-heading uagb-block-1750cda1\"><h2 class=\"uagb-heading-text\">ESTRUTURA CURRICULAR MESTRADO<\/h2><div class=\"uagb-separator\"><\/div><\/div>\n\n\n\n<div class=\"wp-block-uagb-advanced-heading uagb-block-56ad7d4f\"><p class=\"uagb-heading-text\">Os componentes curriculares do Curso de <strong>Mestrado<\/strong> Profissional do Programa de P\u00f3s-Gradua\u00e7\u00e3o Ensino em Sa\u00fade na Amaz\u00f4nia (PPG-ESA) contemplam um conjunto de disciplinas e atividades para a constru\u00e7\u00e3o de compet\u00eancias dos futuros mestres. Tal estrutura curricular compreende um per\u00edodo de at\u00e9 30 meses, distribu\u00eddos:<\/p><\/div>\n\n\n\n<ul class=\"wp-block-list\">\n<li>Em <a href=\"https:\/\/drive.google.com\/drive\/folders\/171KM4s_XI7CIhU1ZGdBUbncRUQPoxWhC?usp=sharing\">disciplinas obrigat\u00f3rias<\/a> = 13 cr\u00e9ditos = 195 horas;<\/li>\n\n\n\n<li>Em <a href=\"https:\/\/drive.google.com\/drive\/folders\/171KM4s_XI7CIhU1ZGdBUbncRUQPoxWhC?usp=sharing\">disciplinas optativas<\/a> = 7 cr\u00e9ditos&nbsp; = 105 horas;<\/li>\n\n\n\n<li><a href=\"https:\/\/drive.google.com\/drive\/folders\/1I9Ez2-GCUqhCj_Q8uWHqdz82r9q47NHm?usp=sharing\">Pr\u00e1tica Profissional Supervisionada<\/a> = 1 cr\u00e9ditos = 15 horas;<\/li>\n\n\n\n<li><a href=\"https:\/\/drive.google.com\/drive\/folders\/1QDoXz6VYIRtlZ5GZPCYRZvQWjOtLOlkj?usp=sharing\">Atividades Complementares<\/a> = 4 cr\u00e9ditos = 60 horas, distribu\u00eddos em publica\u00e7\u00f5es, participa\u00e7\u00e3o em eventos, est\u00e1gios, produ\u00e7\u00f5es t\u00e9cnicas;\n<ul class=\"wp-block-list\">\n<li><a rel=\"noreferrer noopener\" href=\"http:\/\/propesp.uepa.br\/ppgesa\/wp-content\/uploads\/2021\/01\/DOCUMENTO-CRITERIOS-PRODUCAO-TECNICA-EDUCACIONAL-ENSINO.pdf\" target=\"_blank\">Crit\u00e9rios para Classifica\u00e7\u00e3o de Produ\u00e7\u00e3o T\u00e9cnica-Educacional \u2013 \u00c1rea Ensino<\/a><\/li>\n\n\n\n<li><a rel=\"noreferrer noopener\" href=\"https:\/\/drive.google.com\/drive\/folders\/1kQRBpEzDYI3T49jJ0NHaXo90XuMQ7b00?usp=sharing\" target=\"_blank\">Classifica\u00e7\u00e3o CAPES Qualis-Peri\u00f3dicos (2017-2020) \u2013 \u00c1rea Ensino, Interdisciplinar, Educa\u00e7\u00e3o, Sa\u00fade Coletiva<\/a><\/li>\n<\/ul>\n<\/li>\n\n\n\n<li><a href=\"https:\/\/drive.google.com\/drive\/folders\/1puL-OUnzizUPm2PwvTs_-2vEaf5LMSSj?usp=sharing\">Elabora\u00e7\u00e3o e defesa do trabalho de conclus\u00e3o de curso<\/a> = 5 cr\u00e9ditos = 75 horas. O trabalho de conclus\u00e3o de curso ser\u00e1 a apresenta\u00e7\u00e3o de uma disserta\u00e7\u00e3o e o produto t\u00e9cnico ou tecnol\u00f3gico.<\/li>\n<\/ul>\n\n\n\n<div class=\"wp-block-uagb-advanced-heading uagb-block-1de16a4a\"><h4 class=\"uagb-heading-text\"><strong>Disciplinas obrigat\u00f3rias (195H\/13CR)<\/strong><\/h4><\/div>\n\n\n\n<figure class=\"wp-block-table is-style-stripes\"><table><thead><tr><th><strong>SEMESTRE<\/strong><\/th><th><strong>DISCIPLINAS OBRIGAT\u00d3RIAS<\/strong><\/th><th><strong>CH \/ CR<\/strong><\/th><th><strong>RESPONS\u00c1VEL<\/strong><\/th><\/tr><\/thead><tbody><tr><td>1\u00ba<\/td><td><a href=\"https:\/\/sucupira.capes.gov.br\/sucupira\/public\/consultas\/coleta\/disciplina\/viewDisciplina.jsf?popup=true&amp;id_disciplina=37085\" target=\"_blank\" rel=\"noreferrer noopener\">Educa\u00e7\u00e3o em Sa\u00fade na Amaz\u00f4nia (PPGS51)<\/a><\/td><td>30H\/2CR<\/td><td>Dr\u00b0 Higson Coelho, Dr\u00ba Renato Teixeira, Dr\u00aa Edna Galv\u00e3o<\/td><\/tr><tr><td>1\u00ba<\/td><td><a rel=\"noreferrer noopener\" href=\"https:\/\/sucupira.capes.gov.br\/sucupira\/public\/consultas\/coleta\/disciplina\/viewDisciplina.jsf?popup=true&amp;id_disciplina=37087\" target=\"_blank\">Metodologia da Pesquisa (PPGS52)<\/a><\/td><td>30H\/2CR<\/td><td>Dr\u00aa Katiane Cunha, Dr\u00ba Robson Domingues <\/td><\/tr><tr><td>1\u00ba<\/td><td><a rel=\"noreferrer noopener\" href=\"https:\/\/sucupira.capes.gov.br\/sucupira\/public\/consultas\/coleta\/disciplina\/viewDisciplina.jsf?popup=true&amp;id_disciplina=37089\" target=\"_blank\">Bio\u00e9tica e Direitos Humanos (PPGS53)<\/a><\/td><td>30H\/2CR<\/td><td>Dr\u00aa Ana Soeiro, Dr\u00aa Edilea Oliveira<\/td><\/tr><tr><td>1\u00ba<\/td><td><a rel=\"noreferrer noopener\" href=\"https:\/\/sucupira.capes.gov.br\/sucupira\/public\/consultas\/coleta\/disciplina\/viewDisciplina.jsf?popup=true&amp;id_disciplina=37088\" target=\"_blank\">Aprendizagem em Metodologias Ativas (PPGS54)<\/a><\/td><td>30H\/2CR<\/td><td>Dr\u00aa Nara Botelho, Dr\u00ba Caio Brito, Dr\u00aa M\u00e1rcia Bitar <\/td><\/tr><tr><td>1\u00ba<\/td><td><a rel=\"noreferrer noopener\" href=\"https:\/\/sucupira.capes.gov.br\/sucupira\/public\/consultas\/coleta\/disciplina\/viewDisciplina.jsf?popup=true&amp;id_disciplina=37090\" target=\"_blank\">O SUS como Escola (PPGS55)<\/a><\/td><td>15H\/1CR<\/td><td>Dr\u00aa Ivonete Peixoto, Dr\u00aa Lizomar Pereira, Dr\u00aa Ilma Ferreira<\/td><\/tr><tr><td>1\u00ba<\/td><td><a rel=\"noreferrer noopener\" href=\"https:\/\/sucupira.capes.gov.br\/sucupira\/public\/consultas\/coleta\/disciplina\/viewDisciplina.jsf?popup=true&amp;id_disciplina=37091\" target=\"_blank\">Semin\u00e1rio de Pesquisa I (PPGS083)<\/a><\/td><td>30H\/2CR<\/td><td>Dr\u00aa K\u00e1tia Kietzer, Dr\u00aa Val\u00e9ria Normando <\/td><\/tr><tr><td>1\u00ba &#8211; 4\u00ba<\/td><td><a rel=\"noreferrer noopener\" href=\"https:\/\/sucupira.capes.gov.br\/sucupira\/public\/consultas\/coleta\/disciplina\/viewDisciplina.jsf?popup=true&amp;id_disciplina=262552\" target=\"_blank\">Pr\u00e1tica Profissional Supervisionada (PPGS1726)<\/a><\/td><td>15H\/1CR<\/td><td>Orientadores<\/td><\/tr><tr><td>2\u00ba<\/td><td><a href=\"https:\/\/drive.google.com\/drive\/folders\/1gyWrx1tYOXW4IdLQy8ewMJ0Eix16aWpr?usp=sharing\">Prova de Profici\u00eancia na L\u00edngua Inglesa (PPGS81)<\/a><\/td><td>-\/-<\/td><td><\/td><\/tr><tr><td>3\u00ba<\/td><td><a href=\"https:\/\/drive.google.com\/drive\/folders\/1puL-OUnzizUPm2PwvTs_-2vEaf5LMSSj?usp=sharing\">Exame de Qualifica\u00e7\u00e3o<\/a><\/td><td>-\/-<\/td><td><\/td><\/tr><tr><td>2\u00ba<\/td><td><a rel=\"noreferrer noopener\" href=\"https:\/\/sucupira.capes.gov.br\/sucupira\/public\/consultas\/coleta\/disciplina\/viewDisciplina.jsf?popup=true&amp;id_disciplina=167369\" target=\"_blank\">Semin\u00e1rio de Pesquisa II (PPGS084)<\/a><\/td><td>30H\/2CR<\/td><td>Prof\u00aa Dr\u00aa K\u00e1tia Kietzer<\/td><\/tr><tr><td>1\u00ba &#8211; 4\u00ba<\/td><td><a href=\"https:\/\/drive.google.com\/drive\/folders\/1QDoXz6VYIRtlZ5GZPCYRZvQWjOtLOlkj?usp=sharing\">Atividade Complementar &#8211; Mestrado (PPGS80)<\/a><\/td><td>60H\/4CR<\/td><td><\/td><\/tr><tr><td>1\u00ba &#8211; 4\u00ba<\/td><td><a href=\"https:\/\/drive.google.com\/drive\/folders\/1puL-OUnzizUPm2PwvTs_-2vEaf5LMSSj?usp=sharing\">Elabora\u00e7\u00e3o de Disserta\u00e7\u00e3o (PPGS82)<\/a><\/td><td>75H\/5CR<\/td><td><\/td><\/tr><\/tbody><\/table><\/figure>\n\n\n\n<div class=\"wp-block-uagb-advanced-heading uagb-block-64eaa96c\"><h5 class=\"uagb-heading-text\"><strong>Disciplinas optativas (105H\/7CR)<\/strong><\/h5><\/div>\n\n\n\n<figure class=\"wp-block-table is-style-stripes\"><table><thead><tr><th><strong>SEMESTRE<\/strong><\/th><th><strong>DISCIPLINAS OPTATIVAS<\/strong><\/th><th><strong>CH \/ CR<\/strong><\/th><th><strong>RESPONS\u00c1VEL<\/strong><\/th><\/tr><\/thead><tbody><tr><td>2\u00ba<\/td><td><a rel=\"noreferrer noopener\" href=\"https:\/\/sucupira.capes.gov.br\/sucupira\/public\/consultas\/coleta\/disciplina\/viewDisciplina.jsf?popup=true&amp;id_disciplina=286494\" target=\"_blank\">An\u00e1lise e Desenvolvimento de Produtos e Tecnologias<br>Educacionais I (PPGS2066)<\/a><\/td><td>30H\/2CR<\/td><td>Dr\u00aa Edilea Oliveira, Dr Robson Domingues <\/td><\/tr><tr><td>2\u00ba<\/td><td><a href=\"https:\/\/sucupira-legado.capes.gov.br\/sucupira\/public\/consultas\/coleta\/disciplina\/viewDisciplina.jsf?popup=true&amp;id_disciplina=331256\" target=\"_blank\" rel=\"noreferrer noopener\">Aprendizagem em Metodologias Ativas II (PPGS2067)<\/a><\/td><td>30H\/2CR<\/td><td>Dr\u00ba Caio Brito, Dr\u00aa Nara Botelho<\/td><\/tr><tr><td>2\u00ba<\/td><td><a href=\"https:\/\/sucupira.capes.gov.br\/sucupira\/public\/consultas\/coleta\/disciplina\/viewDisciplina.jsf?popup=true&amp;id_disciplina=37096\" target=\"_blank\" rel=\"noreferrer noopener\">Educa\u00e7\u00e3o em Sa\u00fade na Amaz\u00f4nia II (PPGS57)<\/a><\/td><td>30H\/2CR<\/td><td>Dr\u00aa Edna Galv\u00e3o, Dr\u00b0 Higson Coelho,  Dr\u00ba Renato Teixeira<\/td><\/tr><tr><td>2\u00ba<\/td><td><a rel=\"noreferrer noopener\" href=\"https:\/\/sucupira.capes.gov.br\/sucupira\/public\/consultas\/coleta\/disciplina\/viewDisciplina.jsf?popup=true&amp;id_disciplina=165820\" target=\"_blank\">Sa\u00fade e Desenvolvimento de Compet\u00eancia Profissional (PPGS58)<\/a><\/td><td>30H\/2CR<\/td><td>Dr\u00aa Vera Pal\u00e1cios, Dr\u00ba Jofre Freitas<\/td><\/tr><tr><td>2\u00ba<\/td><td><a rel=\"noreferrer noopener\" href=\"https:\/\/sucupira.capes.gov.br\/sucupira\/public\/consultas\/coleta\/disciplina\/viewDisciplina.jsf?popup=true&amp;id_disciplina=37092\" target=\"_blank\">Politicas P\u00fablicas de Sa\u00fade e Humaniza\u00e7\u00e3o do Servi\u00e7o<br>P\u00fablico (PPGS59)<\/a><\/td><td>30H\/2CR<\/td><td>Dr\u00aa Cl\u00e9a Bichara, Dr\u00aa Ivonete Peixoto, Dr\u00aa Lizomar Pereira <\/td><\/tr><tr><td>3\u00ba<\/td><td><a rel=\"noreferrer noopener\" href=\"https:\/\/sucupira.capes.gov.br\/sucupira\/public\/consultas\/coleta\/disciplina\/viewDisciplina.jsf?popup=true&amp;id_disciplina=37086\" target=\"_blank\">Gest\u00e3o dos Servi\u00e7os de Sa\u00fade (PPGS60)<\/a><\/td><td>30H\/2CR<\/td><td>Dr\u00aa Lizomar Pereira, Dr\u00aa Ilma Ferreira <\/td><\/tr><tr><td>3\u00ba<\/td><td><a rel=\"noreferrer noopener\" href=\"https:\/\/sucupira.capes.gov.br\/sucupira\/public\/consultas\/coleta\/disciplina\/viewDisciplina.jsf?popup=true&amp;id_disciplina=37094\" target=\"_blank\">Planejamento e Avalia\u00e7\u00e3o de Curso (PPGS61)<\/a><\/td><td>30H\/2CR<\/td><td>Dr\u00aa Ilma Ferreira, Dr\u00aa Lizomar Pereira, Dr\u00aa Adriana Gorayebe <\/td><\/tr><tr><td>3\u00ba<\/td><td><a rel=\"noreferrer noopener\" href=\"https:\/\/sucupira.capes.gov.br\/sucupira\/public\/consultas\/coleta\/disciplina\/viewDisciplina.jsf?popup=true&amp;id_disciplina=37095\" target=\"_blank\">Tutorias e Estudo de Casos (PPGS62)<\/a><\/td><td>30H\/2CR<\/td><td>Dr\u00aa Milena Caldato<\/td><\/tr><tr><td>3\u00ba<\/td><td><a rel=\"noreferrer noopener\" href=\"https:\/\/sucupira.capes.gov.br\/sucupira\/public\/consultas\/coleta\/disciplina\/viewDisciplina.jsf?popup=true&amp;id_disciplina=37093\" target=\"_blank\">Informa\u00e7\u00e3o e Epidemiologia (PPGS63)<\/a><\/td><td>30H\/2CR<\/td><td>Dr\u00ba Regis Andriolo, Dr\u00aa Clea Bichara<\/td><\/tr><tr><td>3\u00ba<\/td><td><a href=\"https:\/\/sucupira-v2.capes.gov.br\/observatorio\/detalhamento\/programas\/204842\/disciplinas\/8465019?regiao=Norte&amp;search=ensino+em+sa%C3%BAde+&amp;size=20&amp;page=0\">Medicina Baseada em Evid\u00eancias no Ensino, Gest\u00e3o e Servi\u00e7os de Sa\u00fade <\/a><\/td><td>60H\/2CR<\/td><td>Prof\u00ba Dr\u00ba Regis Andriolo, Dr\u00aa Clea Bichara<\/td><\/tr><tr><td>3\u00ba<\/td><td><a rel=\"noreferrer noopener\" href=\"https:\/\/sucupira.capes.gov.br\/sucupira\/public\/consultas\/coleta\/disciplina\/viewDisciplina.jsf?popup=true&amp;id_disciplina=394254\" target=\"_blank\">Estrat\u00e9gias de Ensino em Sa\u00fade: Neuroci\u00eancias e Aprendizagem (PPGS70)<\/a><\/td><td>30H\/2CR<\/td><td>Dr\u00ba Jofre Freitas, Dr\u00aa Vanessa Novaes, Dr\u00aa Ivete Caldas <\/td><\/tr><\/tbody><\/table><\/figure>\n<\/div><\/div>\n\n\n\n<p><\/p>\n","protected":false},"excerpt":{"rendered":"<p>ESTRUTURA CURRICULAR MESTRADO Os componentes curriculares do Curso de Mestrado Profissional do Programa de P\u00f3s-Gradua\u00e7\u00e3o Ensino em Sa\u00fade na Amaz\u00f4nia (PPG-ESA) contemplam um conjunto de disciplinas e atividades para a constru\u00e7\u00e3o de compet\u00eancias dos futuros mestres. Tal estrutura curricular compreende um per\u00edodo de at\u00e9 30 meses, distribu\u00eddos: Disciplinas obrigat\u00f3rias (195H\/13CR) SEMESTRE DISCIPLINAS OBRIGAT\u00d3RIAS CH \/ &hellip;<\/p>\n<p class=\"read-more\"> <a class=\"\" href=\"https:\/\/propesp.uepa.br\/ppgesa\/cursos\/mestrado-profissional\/estrutura-curricular-mestrado\/\"> <span class=\"screen-reader-text\">ESTRUTURA CURRICULAR MESTRADO<\/span> Leia mais &raquo;<\/a><\/p>\n","protected":false},"author":2,"featured_media":0,"parent":6567,"menu_order":0,"comment_status":"closed","ping_status":"closed","template":"","meta":{"_uag_custom_page_level_css":"","site-sidebar-layout":"default","site-content-layout":"default","ast-site-content-layout":"default","site-content-style":"default","site-sidebar-style":"default","ast-global-header-display":"","ast-banner-title-visibility":"","ast-main-header-display":"","ast-hfb-above-header-display":"","ast-hfb-below-header-display":"","ast-hfb-mobile-header-display":"","site-post-title":"disabled","ast-breadcrumbs-content":"","ast-featured-img":"","footer-sml-layout":"","theme-transparent-header-meta":"default","adv-header-id-meta":"","stick-header-meta":"","header-above-stick-meta":"","header-main-stick-meta":"","header-below-stick-meta":"","astra-migrate-meta-layouts":"set","footnotes":""},"class_list":["post-4516","page","type-page","status-publish","hentry"],"uagb_featured_image_src":{"full":false,"thumbnail":false,"medium":false,"medium_large":false,"large":false,"1536x1536":false,"2048x2048":false},"uagb_author_info":{"display_name":"admin@uepa.br","author_link":"https:\/\/propesp.uepa.br\/ppgesa\/author\/adminuepa-br\/"},"uagb_comment_info":0,"uagb_excerpt":"ESTRUTURA CURRICULAR MESTRADO Os componentes curriculares do Curso de Mestrado Profissional do Programa de P\u00f3s-Gradua\u00e7\u00e3o Ensino em Sa\u00fade na Amaz\u00f4nia (PPG-ESA) contemplam um conjunto de disciplinas e atividades para a constru\u00e7\u00e3o de compet\u00eancias dos futuros mestres. Tal estrutura curricular compreende um per\u00edodo de at\u00e9 30 meses, distribu\u00eddos: Disciplinas obrigat\u00f3rias (195H\/13CR) SEMESTRE DISCIPLINAS OBRIGAT\u00d3RIAS CH \/&hellip;","_links":{"self":[{"href":"https:\/\/propesp.uepa.br\/ppgesa\/wp-json\/wp\/v2\/pages\/4516","targetHints":{"allow":["GET"]}}],"collection":[{"href":"https:\/\/propesp.uepa.br\/ppgesa\/wp-json\/wp\/v2\/pages"}],"about":[{"href":"https:\/\/propesp.uepa.br\/ppgesa\/wp-json\/wp\/v2\/types\/page"}],"author":[{"embeddable":true,"href":"https:\/\/propesp.uepa.br\/ppgesa\/wp-json\/wp\/v2\/users\/2"}],"replies":[{"embeddable":true,"href":"https:\/\/propesp.uepa.br\/ppgesa\/wp-json\/wp\/v2\/comments?post=4516"}],"version-history":[{"count":30,"href":"https:\/\/propesp.uepa.br\/ppgesa\/wp-json\/wp\/v2\/pages\/4516\/revisions"}],"predecessor-version":[{"id":7373,"href":"https:\/\/propesp.uepa.br\/ppgesa\/wp-json\/wp\/v2\/pages\/4516\/revisions\/7373"}],"up":[{"embeddable":true,"href":"https:\/\/propesp.uepa.br\/ppgesa\/wp-json\/wp\/v2\/pages\/6567"}],"wp:attachment":[{"href":"https:\/\/propesp.uepa.br\/ppgesa\/wp-json\/wp\/v2\/media?parent=4516"}],"curies":[{"name":"wp","href":"https:\/\/api.w.org\/{rel}","templated":true}]}}