{"id":4540,"date":"2021-11-26T22:20:35","date_gmt":"2021-11-27T01:20:35","guid":{"rendered":"https:\/\/propesp.uepa.br\/ppgesa\/?page_id=4540"},"modified":"2025-01-22T07:53:37","modified_gmt":"2025-01-22T10:53:37","slug":"regimento-mestrado","status":"publish","type":"page","link":"https:\/\/propesp.uepa.br\/ppgesa\/cursos\/mestrado-profissional\/regimento-mestrado\/","title":{"rendered":"REGIMENTO MESTRADO"},"content":{"rendered":"\n<div class=\"wp-block-uagb-container uagb-block-129d09bb alignfull uagb-is-root-container\"><div class=\"uagb-container-inner-blocks-wrap\">\n<div class=\"wp-block-uagb-advanced-heading uagb-block-f3a5e64e\"><h2 class=\"uagb-heading-text\">REGIMENTO MESTRADO<\/h2><div class=\"uagb-separator\"><\/div><\/div>\n\n\n\n<div class=\"wp-block-uagb-advanced-heading uagb-block-557fda80\"><p class=\"uagb-heading-text\">As informa\u00e7\u00f5es norteadoras relacionadas ao curso de Mestrado Profissional do Programa de P\u00f3s Gradua\u00e7\u00e3o em Ensino em Sa\u00fade na Amaz\u00f4nia (PPGESA) tais como: Organiza\u00e7\u00e3o e gest\u00e3o do curso, objetivos, perfil do egresso, disciplinas obrigat\u00f3rias e optativas, atividades complementares, carga hor\u00e1ria, qualifica\u00e7\u00e3o, profici\u00eancia em l\u00edngua estrangeira, defesa, credenciamento docente, titula\u00e7\u00e3o e grau de mestre; podem ser encontradas em:<\/p><\/div>\n\n\n\n<div data-wp-interactive=\"core\/file\" class=\"wp-block-file\"><object data-wp-bind--hidden=\"!state.hasPdfPreview\" hidden class=\"wp-block-file__embed\" data=\"https:\/\/propesp.uepa.br\/ppgesa\/wp-content\/uploads\/2025\/01\/Regimento-MESTRADO-ESA.pdf\" type=\"application\/pdf\" style=\"width:100%;height:600px\" aria-label=\"Incorporado de Regimento MESTRADO ESA.\"><\/object><a id=\"wp-block-file--media-168dc343-7563-469a-a1e3-54152906331a\" href=\"https:\/\/propesp.uepa.br\/ppgesa\/wp-content\/uploads\/2025\/01\/Regimento-MESTRADO-ESA.pdf\">Regimento MESTRADO ESA<\/a><a href=\"https:\/\/propesp.uepa.br\/ppgesa\/wp-content\/uploads\/2025\/01\/Regimento-MESTRADO-ESA.pdf\" class=\"wp-block-file__button wp-element-button\" download aria-describedby=\"wp-block-file--media-168dc343-7563-469a-a1e3-54152906331a\">Baixar<\/a><\/div>\n<\/div><\/div>\n","protected":false},"excerpt":{"rendered":"<p>REGIMENTO MESTRADO As informa\u00e7\u00f5es norteadoras relacionadas ao curso de Mestrado Profissional do Programa de P\u00f3s Gradua\u00e7\u00e3o em Ensino em Sa\u00fade na Amaz\u00f4nia (PPGESA) tais como: Organiza\u00e7\u00e3o e gest\u00e3o do curso, objetivos, perfil do egresso, disciplinas obrigat\u00f3rias e optativas, atividades complementares, carga hor\u00e1ria, qualifica\u00e7\u00e3o, profici\u00eancia em l\u00edngua estrangeira, defesa, credenciamento docente, titula\u00e7\u00e3o e grau de mestre; &hellip;<\/p>\n<p class=\"read-more\"> <a class=\"\" href=\"https:\/\/propesp.uepa.br\/ppgesa\/cursos\/mestrado-profissional\/regimento-mestrado\/\"> <span class=\"screen-reader-text\">REGIMENTO MESTRADO<\/span> Leia mais &raquo;<\/a><\/p>\n","protected":false},"author":2,"featured_media":0,"parent":6567,"menu_order":0,"comment_status":"closed","ping_status":"closed","template":"","meta":{"_uag_custom_page_level_css":"","site-sidebar-layout":"default","site-content-layout":"default","ast-site-content-layout":"default","site-content-style":"default","site-sidebar-style":"default","ast-global-header-display":"","ast-banner-title-visibility":"","ast-main-header-display":"","ast-hfb-above-header-display":"","ast-hfb-below-header-display":"","ast-hfb-mobile-header-display":"","site-post-title":"disabled","ast-breadcrumbs-content":"","ast-featured-img":"","footer-sml-layout":"","theme-transparent-header-meta":"default","adv-header-id-meta":"","stick-header-meta":"","header-above-stick-meta":"","header-main-stick-meta":"","header-below-stick-meta":"","astra-migrate-meta-layouts":"set","footnotes":""},"class_list":["post-4540","page","type-page","status-publish","hentry"],"uagb_featured_image_src":{"full":false,"thumbnail":false,"medium":false,"medium_large":false,"large":false,"1536x1536":false,"2048x2048":false},"uagb_author_info":{"display_name":"admin@uepa.br","author_link":"https:\/\/propesp.uepa.br\/ppgesa\/author\/adminuepa-br\/"},"uagb_comment_info":0,"uagb_excerpt":"REGIMENTO MESTRADO As informa\u00e7\u00f5es norteadoras relacionadas ao curso de Mestrado Profissional do Programa de P\u00f3s Gradua\u00e7\u00e3o em Ensino em Sa\u00fade na Amaz\u00f4nia (PPGESA) tais como: Organiza\u00e7\u00e3o e gest\u00e3o do curso, objetivos, perfil do egresso, disciplinas obrigat\u00f3rias e optativas, atividades complementares, carga hor\u00e1ria, qualifica\u00e7\u00e3o, profici\u00eancia em l\u00edngua estrangeira, defesa, credenciamento docente, titula\u00e7\u00e3o e grau de mestre;&hellip;","_links":{"self":[{"href":"https:\/\/propesp.uepa.br\/ppgesa\/wp-json\/wp\/v2\/pages\/4540","targetHints":{"allow":["GET"]}}],"collection":[{"href":"https:\/\/propesp.uepa.br\/ppgesa\/wp-json\/wp\/v2\/pages"}],"about":[{"href":"https:\/\/propesp.uepa.br\/ppgesa\/wp-json\/wp\/v2\/types\/page"}],"author":[{"embeddable":true,"href":"https:\/\/propesp.uepa.br\/ppgesa\/wp-json\/wp\/v2\/users\/2"}],"replies":[{"embeddable":true,"href":"https:\/\/propesp.uepa.br\/ppgesa\/wp-json\/wp\/v2\/comments?post=4540"}],"version-history":[{"count":8,"href":"https:\/\/propesp.uepa.br\/ppgesa\/wp-json\/wp\/v2\/pages\/4540\/revisions"}],"predecessor-version":[{"id":7271,"href":"https:\/\/propesp.uepa.br\/ppgesa\/wp-json\/wp\/v2\/pages\/4540\/revisions\/7271"}],"up":[{"embeddable":true,"href":"https:\/\/propesp.uepa.br\/ppgesa\/wp-json\/wp\/v2\/pages\/6567"}],"wp:attachment":[{"href":"https:\/\/propesp.uepa.br\/ppgesa\/wp-json\/wp\/v2\/media?parent=4540"}],"curies":[{"name":"wp","href":"https:\/\/api.w.org\/{rel}","templated":true}]}}