{"id":6567,"date":"2023-12-12T15:08:58","date_gmt":"2023-12-12T18:08:58","guid":{"rendered":"https:\/\/propesp.uepa.br\/ppgesa\/?page_id=6567"},"modified":"2025-01-09T15:11:10","modified_gmt":"2025-01-09T18:11:10","slug":"mestrado-profissional","status":"publish","type":"page","link":"https:\/\/propesp.uepa.br\/ppgesa\/cursos\/mestrado-profissional\/","title":{"rendered":"Mestrado Profissional"},"content":{"rendered":"\n<div class=\"wp-block-uagb-container uagb-block-5afbab7b alignfull uagb-is-root-container\"><div class=\"uagb-container-inner-blocks-wrap\">\n<div class=\"wp-block-uagb-advanced-heading uagb-block-3b94bc5f\"><h2 class=\"uagb-heading-text\">Mestrado Profissional<\/h2><div class=\"uagb-separator\"><\/div><\/div>\n<\/div><\/div>\n\n\n\n<div id=\"Mestrado\" class=\"wp-block-uagb-container uagb-block-4bebde9a alignfull uagb-is-root-container\"><div class=\"uagb-container-inner-blocks-wrap\">\n<div class=\"wp-block-uagb-advanced-heading uagb-block-f71e4695 justificar\"><p class=\"uagb-heading-text\">O presente Mestrado deve assim ser uma estrat\u00e9gia de produ\u00e7\u00e3o de conhecimento e inova\u00e7\u00e3o sobre o Ensino na Sa\u00fade a partir da problematiza\u00e7\u00e3o das pr\u00e1ticas hoje envolvidas na forma\u00e7\u00e3o de profissionais, especialmente no \u00e2mbito dos servi\u00e7os de sa\u00fade.<\/p><\/div>\n\n\n\n<div class=\"wp-block-uagb-container uagb-block-51557d14 alignfull uagb-is-root-container\"><div class=\"uagb-container-inner-blocks-wrap\">\n<div class=\"wp-block-uagb-container uagb-block-9ce98c85\">\n<div class=\"inherit-container-width wp-block-group is-layout-constrained wp-block-group-is-layout-constrained\"><div class=\"wp-block-group__inner-container\">\n<div class=\"wp-block-uagb-buttons uagb-buttons__outer-wrap uagb-btn__default-btn uagb-btn-tablet__default-btn uagb-btn-mobile__default-btn uagb-block-4a96c5d6\"><div class=\"uagb-buttons__wrap uagb-buttons-layout-wrap \">\n<div class=\"wp-block-uagb-buttons-child uagb-buttons__outer-wrap uagb-block-90cc6841 wp-block-button\"><div class=\"uagb-button__wrapper\"><a class=\"uagb-buttons-repeater wp-block-button__link\" aria-label=\"\" href=\"https:\/\/propesp.uepa.br\/ppgesa\/index.php\/estrutura-curricular-mestrado\/\" rel=\"follow noopener\" target=\"_blank\" role=\"button\"><span class=\"uagb-button__icon uagb-button__icon-position-after\"><svg xmlns=\"https:\/\/www.w3.org\/2000\/svg\" viewBox=\"0 0 576 512\" aria-hidden=\"true\" focussable=\"false\"><path d=\"M208 80C208 53.49 229.5 32 256 32H320C346.5 32 368 53.49 368 80V144C368 170.5 346.5 192 320 192H312V232H464C494.9 232 520 257.1 520 288V320H528C554.5 320 576 341.5 576 368V432C576 458.5 554.5 480 528 480H464C437.5 480 416 458.5 416 432V368C416 341.5 437.5 320 464 320H472V288C472 283.6 468.4 280 464 280H312V320H320C346.5 320 368 341.5 368 368V432C368 458.5 346.5 480 320 480H256C229.5 480 208 458.5 208 432V368C208 341.5 229.5 320 256 320H264V280H112C107.6 280 104 283.6 104 288V320H112C138.5 320 160 341.5 160 368V432C160 458.5 138.5 480 112 480H48C21.49 480 0 458.5 0 432V368C0 341.5 21.49 320 48 320H56V288C56 257.1 81.07 232 112 232H264V192H256C229.5 192 208 170.5 208 144V80z\"><\/path><\/svg><\/span><\/a><\/div><\/div>\n<\/div><\/div>\n\n\n\n<div class=\"wp-block-uagb-advanced-heading uagb-block-dba341b5\"><h4 class=\"uagb-heading-text\">Estrutura Curricular Mestrado<\/h4><\/div>\n<\/div><\/div>\n<\/div>\n\n\n\n<div class=\"wp-block-uagb-container uagb-block-c8809b3c\">\n<div class=\"inherit-container-width wp-block-group is-layout-constrained wp-block-group-is-layout-constrained\"><div class=\"wp-block-group__inner-container\">\n<div class=\"wp-block-uagb-buttons uagb-buttons__outer-wrap uagb-btn__default-btn uagb-btn-tablet__default-btn uagb-btn-mobile__default-btn uagb-block-74e9e8b8\"><div class=\"uagb-buttons__wrap uagb-buttons-layout-wrap \">\n<div class=\"wp-block-uagb-buttons-child uagb-buttons__outer-wrap uagb-block-e7a78636 wp-block-button\"><div class=\"uagb-button__wrapper\"><a class=\"uagb-buttons-repeater wp-block-button__link\" aria-label=\"\" href=\"https:\/\/propesp.uepa.br\/ppgesa\/index.php\/regimento-mestrado\/\" rel=\"follow noopener\" target=\"_blank\" role=\"button\"><span class=\"uagb-button__icon uagb-button__icon-position-after\"><svg xmlns=\"https:\/\/www.w3.org\/2000\/svg\" viewBox=\"0 0 512 512\" aria-hidden=\"true\" focussable=\"false\"><path d=\"M0 219.2v212.5c0 14.25 11.62 26.25 26.5 27C75.32 461.2 180.2 471.3 240 511.9V245.2C181.4 205.5 79.99 194.8 29.84 192C13.59 191.1 0 203.6 0 219.2zM482.2 192c-50.09 2.848-151.3 13.47-209.1 53.09C272.1 245.2 272 245.3 272 245.5v266.5c60.04-40.39 164.7-50.76 213.5-53.28C500.4 457.9 512 445.9 512 431.7V219.2C512 203.6 498.4 191.1 482.2 192zM352 96c0-53-43-96-96-96S160 43 160 96s43 96 96 96S352 149 352 96z\"><\/path><\/svg><\/span><\/a><\/div><\/div>\n<\/div><\/div>\n\n\n\n<div class=\"wp-block-uagb-advanced-heading uagb-block-7b542cd2\"><h4 class=\"uagb-heading-text\">Regimento<\/h4><\/div>\n<\/div><\/div>\n<\/div>\n\n\n\n<div class=\"wp-block-uagb-container uagb-block-d14bd8b6\">\n<div class=\"inherit-container-width wp-block-group is-layout-constrained wp-block-group-is-layout-constrained\"><div class=\"wp-block-group__inner-container\">\n<div class=\"wp-block-uagb-buttons uagb-buttons__outer-wrap uagb-btn__default-btn uagb-btn-tablet__default-btn uagb-btn-mobile__default-btn uagb-block-5ac95bb6\"><div class=\"uagb-buttons__wrap uagb-buttons-layout-wrap \">\n<div class=\"wp-block-uagb-buttons-child uagb-buttons__outer-wrap uagb-block-4f20bafd wp-block-button\"><div class=\"uagb-button__wrapper\"><a class=\"uagb-buttons-repeater wp-block-button__link\" aria-label=\"\" href=\"https:\/\/propesp.uepa.br\/ppgesa\/index.php\/formularios-e-orientacoes-aos-discentes-mestrado\/\" rel=\"follow noopener\" target=\"_blank\" role=\"button\"><span class=\"uagb-button__icon uagb-button__icon-position-after\"><svg xmlns=\"https:\/\/www.w3.org\/2000\/svg\" viewBox=\"0 0 384 512\" aria-hidden=\"true\" focussable=\"false\"><path d=\"M336 64h-53.88C268.9 26.8 233.7 0 192 0S115.1 26.8 101.9 64H48C21.5 64 0 85.48 0 112v352C0 490.5 21.5 512 48 512h288c26.5 0 48-21.48 48-48v-352C384 85.48 362.5 64 336 64zM96 392c-13.25 0-24-10.75-24-24S82.75 344 96 344s24 10.75 24 24S109.3 392 96 392zM96 296c-13.25 0-24-10.75-24-24S82.75 248 96 248S120 258.8 120 272S109.3 296 96 296zM192 64c17.67 0 32 14.33 32 32c0 17.67-14.33 32-32 32S160 113.7 160 96C160 78.33 174.3 64 192 64zM304 384h-128C167.2 384 160 376.8 160 368C160 359.2 167.2 352 176 352h128c8.801 0 16 7.199 16 16C320 376.8 312.8 384 304 384zM304 288h-128C167.2 288 160 280.8 160 272C160 263.2 167.2 256 176 256h128C312.8 256 320 263.2 320 272C320 280.8 312.8 288 304 288z\"><\/path><\/svg><\/span><\/a><\/div><\/div>\n<\/div><\/div>\n\n\n\n<div class=\"wp-block-uagb-advanced-heading uagb-block-f500397e\"><h4 class=\"uagb-heading-text\">Formul\u00e1rios e Orienta\u00e7\u00f5es aos Discentes<\/h4><\/div>\n<\/div><\/div>\n<\/div>\n<\/div><\/div>\n\n\n\n<div class=\"wp-block-uagb-container uagb-block-b3b160b9 alignfull uagb-is-root-container\"><div class=\"uagb-container-inner-blocks-wrap\">\n<div class=\"wp-block-uagb-container uagb-block-5ccab1ad\"><\/div>\n\n\n\n<div class=\"wp-block-uagb-container uagb-block-7b2b4b52\">\n<div class=\"inherit-container-width wp-block-group is-layout-constrained wp-block-group-is-layout-constrained\"><div class=\"wp-block-group__inner-container\">\n<div class=\"wp-block-uagb-buttons uagb-buttons__outer-wrap uagb-btn__default-btn uagb-btn-tablet__default-btn uagb-btn-mobile__default-btn uagb-block-530549c6\"><div class=\"uagb-buttons__wrap uagb-buttons-layout-wrap \">\n<div class=\"wp-block-uagb-buttons-child uagb-buttons__outer-wrap uagb-block-3b15e0a7 wp-block-button\"><div class=\"uagb-button__wrapper\"><a class=\"uagb-buttons-repeater wp-block-button__link\" aria-label=\"\" href=\"https:\/\/drive.google.com\/drive\/folders\/1YiOEk2Qb1Z6eRslYLr0_wb6bj4bKNdOm?usp=sharing\" rel=\"follow noopener\" target=\"_blank\" role=\"button\"><span class=\"uagb-button__icon uagb-button__icon-position-after\"><svg xmlns=\"https:\/\/www.w3.org\/2000\/svg\" viewBox=\"0 0 448 512\" aria-hidden=\"true\" focussable=\"false\"><path d=\"M160 32V64H288V32C288 14.33 302.3 0 320 0C337.7 0 352 14.33 352 32V64H400C426.5 64 448 85.49 448 112V160H0V112C0 85.49 21.49 64 48 64H96V32C96 14.33 110.3 0 128 0C145.7 0 160 14.33 160 32zM0 192H448V464C448 490.5 426.5 512 400 512H48C21.49 512 0 490.5 0 464V192zM64 304C64 312.8 71.16 320 80 320H112C120.8 320 128 312.8 128 304V272C128 263.2 120.8 256 112 256H80C71.16 256 64 263.2 64 272V304zM192 304C192 312.8 199.2 320 208 320H240C248.8 320 256 312.8 256 304V272C256 263.2 248.8 256 240 256H208C199.2 256 192 263.2 192 272V304zM336 256C327.2 256 320 263.2 320 272V304C320 312.8 327.2 320 336 320H368C376.8 320 384 312.8 384 304V272C384 263.2 376.8 256 368 256H336zM64 432C64 440.8 71.16 448 80 448H112C120.8 448 128 440.8 128 432V400C128 391.2 120.8 384 112 384H80C71.16 384 64 391.2 64 400V432zM208 384C199.2 384 192 391.2 192 400V432C192 440.8 199.2 448 208 448H240C248.8 448 256 440.8 256 432V400C256 391.2 248.8 384 240 384H208zM320 432C320 440.8 327.2 448 336 448H368C376.8 448 384 440.8 384 432V400C384 391.2 376.8 384 368 384H336C327.2 384 320 391.2 320 400V432z\"><\/path><\/svg><\/span><\/a><\/div><\/div>\n<\/div><\/div>\n\n\n\n<div class=\"wp-block-uagb-advanced-heading uagb-block-347d338d\"><h4 class=\"uagb-heading-text\">Cronograma de<br>Disciplinas<\/h4><\/div>\n<\/div><\/div>\n<\/div>\n\n\n\n<div class=\"wp-block-uagb-container uagb-block-927dcef4\">\n<div class=\"inherit-container-width wp-block-group is-layout-constrained wp-block-group-is-layout-constrained\"><div class=\"wp-block-group__inner-container\">\n<div class=\"wp-block-uagb-buttons uagb-buttons__outer-wrap uagb-btn__default-btn uagb-btn-tablet__default-btn uagb-btn-mobile__default-btn uagb-block-0203c2f1\"><div class=\"uagb-buttons__wrap uagb-buttons-layout-wrap \">\n<div class=\"wp-block-uagb-buttons-child uagb-buttons__outer-wrap uagb-block-cfff32ed wp-block-button\"><div class=\"uagb-button__wrapper\"><a class=\"uagb-buttons-repeater wp-block-button__link\" aria-label=\"\" href=\"https:\/\/drive.google.com\/drive\/folders\/183uNvuSFy9Whm_P8cj9lyaKWtB1gQUrC?usp=sharing\" rel=\"follow noopener\" target=\"_blank\" role=\"button\"><span class=\"uagb-button__icon uagb-button__icon-position-after\"><svg xmlns=\"https:\/\/www.w3.org\/2000\/svg\" viewBox=\"0 0 448 512\" aria-hidden=\"true\" focussable=\"false\"><path d=\"M160 32V64H288V32C288 14.33 302.3 0 320 0C337.7 0 352 14.33 352 32V64H400C426.5 64 448 85.49 448 112V160H0V112C0 85.49 21.49 64 48 64H96V32C96 14.33 110.3 0 128 0C145.7 0 160 14.33 160 32zM0 192H448V464C448 490.5 426.5 512 400 512H48C21.49 512 0 490.5 0 464V192zM80 256C71.16 256 64 263.2 64 272V368C64 376.8 71.16 384 80 384H176C184.8 384 192 376.8 192 368V272C192 263.2 184.8 256 176 256H80z\"><\/path><\/svg><\/span><\/a><\/div><\/div>\n<\/div><\/div>\n\n\n\n<div class=\"wp-block-uagb-advanced-heading uagb-block-b8a526b9\"><h4 class=\"uagb-heading-text\">Agenda Qualifica\u00e7\u00f5es &amp; Defesas<\/h4><\/div>\n<\/div><\/div>\n<\/div>\n\n\n\n<div class=\"wp-block-uagb-container uagb-block-8609a79d\"><\/div>\n<\/div><\/div>\n<\/div><\/div>\n\n\n\n<hr class=\"wp-block-separator has-alpha-channel-opacity is-style-dots\" style=\"margin-top:var(--wp--preset--spacing--30);margin-bottom:var(--wp--preset--spacing--30)\"\/>\n","protected":false},"excerpt":{"rendered":"<p>Mestrado Profissional O presente Mestrado deve assim ser uma estrat\u00e9gia de produ\u00e7\u00e3o de conhecimento e inova\u00e7\u00e3o sobre o Ensino na Sa\u00fade a partir da problematiza\u00e7\u00e3o das pr\u00e1ticas hoje envolvidas na forma\u00e7\u00e3o de profissionais, especialmente no \u00e2mbito dos servi\u00e7os de sa\u00fade. Estrutura Curricular Mestrado Regimento Formul\u00e1rios e Orienta\u00e7\u00f5es aos Discentes Cronograma deDisciplinas Agenda Qualifica\u00e7\u00f5es &amp; Defesas<\/p>\n","protected":false},"author":2,"featured_media":0,"parent":4425,"menu_order":0,"comment_status":"closed","ping_status":"closed","template":"","meta":{"_uag_custom_page_level_css":"","site-sidebar-layout":"default","site-content-layout":"","ast-site-content-layout":"default","site-content-style":"default","site-sidebar-style":"default","ast-global-header-display":"","ast-banner-title-visibility":"","ast-main-header-display":"","ast-hfb-above-header-display":"","ast-hfb-below-header-display":"","ast-hfb-mobile-header-display":"","site-post-title":"disabled","ast-breadcrumbs-content":"","ast-featured-img":"","footer-sml-layout":"","theme-transparent-header-meta":"","adv-header-id-meta":"","stick-header-meta":"","header-above-stick-meta":"","header-main-stick-meta":"","header-below-stick-meta":"","astra-migrate-meta-layouts":"set","footnotes":""},"class_list":["post-6567","page","type-page","status-publish","hentry"],"uagb_featured_image_src":{"full":false,"thumbnail":false,"medium":false,"medium_large":false,"large":false,"1536x1536":false,"2048x2048":false},"uagb_author_info":{"display_name":"admin@uepa.br","author_link":"https:\/\/propesp.uepa.br\/ppgesa\/author\/adminuepa-br\/"},"uagb_comment_info":0,"uagb_excerpt":"Mestrado Profissional O presente Mestrado deve assim ser uma estrat\u00e9gia de produ\u00e7\u00e3o de conhecimento e inova\u00e7\u00e3o sobre o Ensino na Sa\u00fade a partir da problematiza\u00e7\u00e3o das pr\u00e1ticas hoje envolvidas na forma\u00e7\u00e3o de profissionais, especialmente no \u00e2mbito dos servi\u00e7os de sa\u00fade. Estrutura Curricular Mestrado Regimento Formul\u00e1rios e Orienta\u00e7\u00f5es aos Discentes Cronograma deDisciplinas Agenda Qualifica\u00e7\u00f5es &amp; Defesas","_links":{"self":[{"href":"https:\/\/propesp.uepa.br\/ppgesa\/wp-json\/wp\/v2\/pages\/6567","targetHints":{"allow":["GET"]}}],"collection":[{"href":"https:\/\/propesp.uepa.br\/ppgesa\/wp-json\/wp\/v2\/pages"}],"about":[{"href":"https:\/\/propesp.uepa.br\/ppgesa\/wp-json\/wp\/v2\/types\/page"}],"author":[{"embeddable":true,"href":"https:\/\/propesp.uepa.br\/ppgesa\/wp-json\/wp\/v2\/users\/2"}],"replies":[{"embeddable":true,"href":"https:\/\/propesp.uepa.br\/ppgesa\/wp-json\/wp\/v2\/comments?post=6567"}],"version-history":[{"count":7,"href":"https:\/\/propesp.uepa.br\/ppgesa\/wp-json\/wp\/v2\/pages\/6567\/revisions"}],"predecessor-version":[{"id":7266,"href":"https:\/\/propesp.uepa.br\/ppgesa\/wp-json\/wp\/v2\/pages\/6567\/revisions\/7266"}],"up":[{"embeddable":true,"href":"https:\/\/propesp.uepa.br\/ppgesa\/wp-json\/wp\/v2\/pages\/4425"}],"wp:attachment":[{"href":"https:\/\/propesp.uepa.br\/ppgesa\/wp-json\/wp\/v2\/media?parent=6567"}],"curies":[{"name":"wp","href":"https:\/\/api.w.org\/{rel}","templated":true}]}}