{"id":29,"date":"2023-08-28T15:19:35","date_gmt":"2023-08-28T18:19:35","guid":{"rendered":"https:\/\/propesp.uepa.br\/ppgmusa\/?page_id=29"},"modified":"2024-02-27T17:39:09","modified_gmt":"2024-02-27T20:39:09","slug":"institucional","status":"publish","type":"page","link":"https:\/\/propesp.uepa.br\/ppgmusa\/index.php\/institucional\/","title":{"rendered":"INSTITUCIONAL"},"content":{"rendered":"\n<div class=\"wp-block-uagb-container uagb-block-1f19ef3e alignfull uagb-is-root-container\"><div class=\"uagb-container-inner-blocks-wrap\">\n<div class=\"wp-block-uagb-advanced-heading uagb-block-065ffe7a\"><h5 class=\"uagb-heading-text\">COORDENA\u00c7\u00c3O\/VICE-COORDENA\u00c7\u00c3O<\/h5><\/div>\n\n\n\n<ul class=\"wp-block-list\">\n<li>2023-2025 \u2013 Dr. Paulo Murilo Guerreiro do Amaral\/Dra. Ana Paula Cunha dos Santos Fernandes<\/li>\n<\/ul>\n\n\n\n<div class=\"wp-block-uagb-advanced-heading uagb-block-433d39f4\"><h5 class=\"uagb-heading-text\">SECRETARIA E APOIO T\u00c9CNICO<\/h5><\/div>\n\n\n\n<ul class=\"wp-block-list\">\n<li>Nathemias Moab Santos de Oliveira<\/li>\n<\/ul>\n<\/div><\/div>\n","protected":false},"excerpt":{"rendered":"<p>COORDENA\u00c7\u00c3O\/VICE-COORDENA\u00c7\u00c3O SECRETARIA E APOIO T\u00c9CNICO<\/p>\n","protected":false},"author":1,"featured_media":0,"parent":0,"menu_order":0,"comment_status":"closed","ping_status":"closed","template":"","meta":{"_uag_custom_page_level_css":"","site-sidebar-layout":"default","site-content-layout":"default","ast-global-header-display":"","ast-banner-title-visibility":"","ast-main-header-display":"","ast-hfb-above-header-display":"","ast-hfb-below-header-display":"","ast-hfb-mobile-header-display":"","site-post-title":"","ast-breadcrumbs-content":"","ast-featured-img":"","footer-sml-layout":"","theme-transparent-header-meta":"","adv-header-id-meta":"","stick-header-meta":"","header-above-stick-meta":"","header-main-stick-meta":"","header-below-stick-meta":"","footnotes":""},"class_list":["post-29","page","type-page","status-publish","hentry"],"uagb_featured_image_src":{"full":false,"thumbnail":false,"medium":false,"medium_large":false,"large":false,"1536x1536":false,"2048x2048":false},"uagb_author_info":{"display_name":"adminsites@uepa.br","author_link":"https:\/\/propesp.uepa.br\/ppgmusa\/index.php\/author\/adminsitesuepa-br\/"},"uagb_comment_info":0,"uagb_excerpt":"COORDENA\u00c7\u00c3O\/VICE-COORDENA\u00c7\u00c3O SECRETARIA E APOIO T\u00c9CNICO","_links":{"self":[{"href":"https:\/\/propesp.uepa.br\/ppgmusa\/index.php\/wp-json\/wp\/v2\/pages\/29","targetHints":{"allow":["GET"]}}],"collection":[{"href":"https:\/\/propesp.uepa.br\/ppgmusa\/index.php\/wp-json\/wp\/v2\/pages"}],"about":[{"href":"https:\/\/propesp.uepa.br\/ppgmusa\/index.php\/wp-json\/wp\/v2\/types\/page"}],"author":[{"embeddable":true,"href":"https:\/\/propesp.uepa.br\/ppgmusa\/index.php\/wp-json\/wp\/v2\/users\/1"}],"replies":[{"embeddable":true,"href":"https:\/\/propesp.uepa.br\/ppgmusa\/index.php\/wp-json\/wp\/v2\/comments?post=29"}],"version-history":[{"count":10,"href":"https:\/\/propesp.uepa.br\/ppgmusa\/index.php\/wp-json\/wp\/v2\/pages\/29\/revisions"}],"predecessor-version":[{"id":476,"href":"https:\/\/propesp.uepa.br\/ppgmusa\/index.php\/wp-json\/wp\/v2\/pages\/29\/revisions\/476"}],"wp:attachment":[{"href":"https:\/\/propesp.uepa.br\/ppgmusa\/index.php\/wp-json\/wp\/v2\/media?parent=29"}],"curies":[{"name":"wp","href":"https:\/\/api.w.org\/{rel}","templated":true}]}}