{"id":309,"date":"2023-09-06T17:28:50","date_gmt":"2023-09-06T20:28:50","guid":{"rendered":"https:\/\/propesp.uepa.br\/ppgmusa\/?page_id=309"},"modified":"2024-08-12T15:38:17","modified_gmt":"2024-08-12T18:38:17","slug":"noticias","status":"publish","type":"page","link":"https:\/\/propesp.uepa.br\/ppgmusa\/index.php\/noticias\/","title":{"rendered":"NOT\u00cdCIAS"},"content":{"rendered":"\n<div class=\"wp-block-uagb-container uagb-block-d2f8dded alignfull uagb-is-root-container\"><div class=\"uagb-container-inner-blocks-wrap\">\n\t\t\t<div class=\"wp-block-uagb-post-grid uagb-post-grid  uagb-post__image-position-top uagb-post__image-enabled uagb-block-42dd47c4     uagb-post__items uagb-post__columns-1 is-grid uagb-post__columns-tablet-2 uagb-post__columns-mobile-1 uagb-post__equal-height\" data-total=\"1\" style=\"\">\n\n\t\t\t\t\t\t\t\t\t\t\t\t<article class=\"uagb-post__inner-wrap\">\t\t\t\t\t\t\t\t<h4 class=\"uagb-post__title uagb-post__text\">\n\t\t\t\t<a href=\"https:\/\/propesp.uepa.br\/ppgmusa\/index.php\/2025\/05\/30\/chamada-para-selecao-de-docentes-permanentes-e-colaboradores-do-programa-ppgmusa\/\" target=\"_self\" rel=\"bookmark noopener noreferrer\">\u00a0CHAMADA PARA SELE\u00c7\u00c3O DE DOCENTES PERMANENTES E COLABORADORES DO PROGRAMA\u00a0PPGMUSA<\/a>\n\t\t\t<\/h4>\n\t\t\t\t\t\t<div class='uagb-post__text uagb-post-grid-byline'>\n\t\t\t\t\t\t\t\t<time datetime=\"2025-05-30T12:46:27-03:00\" class=\"uagb-post__date\">\n\t\t\t\t<span class=\"dashicons-calendar dashicons\"><\/span>\t\t\t\t\t30 de maio de 2025\t\t\t\t<\/time>\n\t\t\t\t\t\t\t<span class=\"uagb-post__comment\">\n\t\t\t\t<span class=\"dashicons-admin-comments dashicons\"><\/span>\t\t\t\t\tNenhum coment\u00e1rio\t\t\t\t<\/span>\n\t\t\t\t\t\t<\/div>\n\t\t\t\t\t\t\t<div class='uagb-post__text uagb-post__excerpt'>\n\t\t\t\t\t<p>Chamada_docentes_PPGMUSA_assinado_assinado FINALBaixar<\/p>\n\t\t\t\t<\/div>\n\t\t\t\t\t\t<div class=\"uagb-post__text uagb-post__cta wp-block-button\">\n\t\t\t\t<a class=\"wp-block-button__link uagb-text-link\" href=\"https:\/\/propesp.uepa.br\/ppgmusa\/index.php\/2025\/05\/30\/chamada-para-selecao-de-docentes-permanentes-e-colaboradores-do-programa-ppgmusa\/\" target=\"_self\" rel=\"bookmark noopener noreferrer\">Ler mais<\/a>\n\t\t\t<\/div>\n\t\t\t\t\t\t\t\t\t\t\t\t<\/article>\n\t\t\t\t\t\t\t\t\t\t\t\t\t\t\t\t<article class=\"uagb-post__inner-wrap\">\t\t\t\t\t\t\t\t<h4 class=\"uagb-post__title uagb-post__text\">\n\t\t\t\t<a href=\"https:\/\/propesp.uepa.br\/ppgmusa\/index.php\/2024\/07\/29\/cronograma-de-matriculas-de-candidatos-aprovados-ppgmusa\/\" target=\"_self\" rel=\"bookmark noopener noreferrer\">Cronograma de Matriculas de Candidatos Aprovados PPGMUSA<\/a>\n\t\t\t<\/h4>\n\t\t\t\t\t\t<div class='uagb-post__text uagb-post-grid-byline'>\n\t\t\t\t\t\t\t\t<time datetime=\"2024-07-29T15:03:59-03:00\" class=\"uagb-post__date\">\n\t\t\t\t<span class=\"dashicons-calendar dashicons\"><\/span>\t\t\t\t\t29 de julho de 2024\t\t\t\t<\/time>\n\t\t\t\t\t\t\t<span class=\"uagb-post__comment\">\n\t\t\t\t<span class=\"dashicons-admin-comments dashicons\"><\/span>\t\t\t\t\tNenhum coment\u00e1rio\t\t\t\t<\/span>\n\t\t\t\t\t\t<\/div>\n\t\t\t\t\t\t\t<div class='uagb-post__text uagb-post__excerpt'>\n\t\t\t\t\t<p>Os candidatos aprovados no processo seletivo do PPGMUSA devem efetuar a matricula nos dias 05&#8230;\t\t\t\t<\/div>\n\t\t\t\t\t\t<div class=\"uagb-post__text uagb-post__cta wp-block-button\">\n\t\t\t\t<a class=\"wp-block-button__link uagb-text-link\" href=\"https:\/\/propesp.uepa.br\/ppgmusa\/index.php\/2024\/07\/29\/cronograma-de-matriculas-de-candidatos-aprovados-ppgmusa\/\" target=\"_self\" rel=\"bookmark noopener noreferrer\">Ler mais<\/a>\n\t\t\t<\/div>\n\t\t\t\t\t\t\t\t\t\t\t\t<\/article>\n\t\t\t\t\t\t\t\t\t\t\t\t\t\t\t\t<article class=\"uagb-post__inner-wrap\">\t\t\t\t\t\t\t\t<h4 class=\"uagb-post__title uagb-post__text\">\n\t\t\t\t<a href=\"https:\/\/propesp.uepa.br\/ppgmusa\/index.php\/2024\/07\/29\/resultado-final-por-linha-de-pesquisa-com-notas-e-medias-finais-edital-no-20-2024-uepa\/\" target=\"_self\" rel=\"bookmark noopener noreferrer\">RESULTADO FINAL \u2013 POR LINHA DE PESQUISA, COM NOTAS E M\u00c9DIAS FINAIS \u2013 EDITAL N\u00ba 20-2024\/UEPA<\/a>\n\t\t\t<\/h4>\n\t\t\t\t\t\t<div class='uagb-post__text uagb-post-grid-byline'>\n\t\t\t\t\t\t\t\t<time datetime=\"2024-07-29T14:37:38-03:00\" class=\"uagb-post__date\">\n\t\t\t\t<span class=\"dashicons-calendar dashicons\"><\/span>\t\t\t\t\t29 de julho de 2024\t\t\t\t<\/time>\n\t\t\t\t\t\t\t<span class=\"uagb-post__comment\">\n\t\t\t\t<span class=\"dashicons-admin-comments dashicons\"><\/span>\t\t\t\t\tNenhum coment\u00e1rio\t\t\t\t<\/span>\n\t\t\t\t\t\t<\/div>\n\t\t\t\t\t\t\t<div class='uagb-post__text uagb-post__excerpt'>\n\t\t\t\t\t<p>RESULTADO_FINAL_Processo_Seletivo_PPGMUSA_20-2024 Por Linha 26.06.2024 (Assinado)Baixar<\/p>\n\t\t\t\t<\/div>\n\t\t\t\t\t\t<div class=\"uagb-post__text uagb-post__cta wp-block-button\">\n\t\t\t\t<a class=\"wp-block-button__link uagb-text-link\" href=\"https:\/\/propesp.uepa.br\/ppgmusa\/index.php\/2024\/07\/29\/resultado-final-por-linha-de-pesquisa-com-notas-e-medias-finais-edital-no-20-2024-uepa\/\" target=\"_self\" rel=\"bookmark noopener noreferrer\">Ler mais<\/a>\n\t\t\t<\/div>\n\t\t\t\t\t\t\t\t\t\t\t\t<\/article>\n\t\t\t\t\t\t\t\t\t\t\t\t\t\t\t\t<article class=\"uagb-post__inner-wrap\">\t\t\t\t\t\t\t\t<h4 class=\"uagb-post__title uagb-post__text\">\n\t\t\t\t<a href=\"https:\/\/propesp.uepa.br\/ppgmusa\/index.php\/2024\/04\/09\/resultado-preliminar-da-solicitacao-de-inscricao\/\" target=\"_self\" rel=\"bookmark noopener noreferrer\">RESULTADO PRELIMINAR DA SOLICITA\u00c7\u00c3O DE INSCRI\u00c7\u00c3O<\/a>\n\t\t\t<\/h4>\n\t\t\t\t\t\t<div class='uagb-post__text uagb-post-grid-byline'>\n\t\t\t\t\t\t\t\t<time datetime=\"2024-04-09T16:39:18-03:00\" class=\"uagb-post__date\">\n\t\t\t\t<span class=\"dashicons-calendar dashicons\"><\/span>\t\t\t\t\t9 de abril de 2024\t\t\t\t<\/time>\n\t\t\t\t\t\t\t<span class=\"uagb-post__comment\">\n\t\t\t\t<span class=\"dashicons-admin-comments dashicons\"><\/span>\t\t\t\t\tNenhum coment\u00e1rio\t\t\t\t<\/span>\n\t\t\t\t\t\t<\/div>\n\t\t\t\t\t\t\t<div class='uagb-post__text uagb-post__excerpt'>\n\t\t\t\t\t<p>Resultado_preliminar_da_Solicitacao_de_Inscricao_PPGMUSA_2024_-_Assinado_p_publicar_05.04.2024_assinadoBaixar<\/p>\n\t\t\t\t<\/div>\n\t\t\t\t\t\t<div class=\"uagb-post__text uagb-post__cta wp-block-button\">\n\t\t\t\t<a class=\"wp-block-button__link uagb-text-link\" href=\"https:\/\/propesp.uepa.br\/ppgmusa\/index.php\/2024\/04\/09\/resultado-preliminar-da-solicitacao-de-inscricao\/\" target=\"_self\" rel=\"bookmark noopener noreferrer\">Ler mais<\/a>\n\t\t\t<\/div>\n\t\t\t\t\t\t\t\t\t\t\t\t<\/article>\n\t\t\t\t\t\t\t\t\t\t\t\t\t\t\t\t<article class=\"uagb-post__inner-wrap\">\t\t\t\t\t\t\t\t<h4 class=\"uagb-post__title uagb-post__text\">\n\t\t\t\t<a href=\"https:\/\/propesp.uepa.br\/ppgmusa\/index.php\/2024\/03\/04\/uepa-abre-edital-de-selecao-do-programa-de-pos-graduacao-em-musica-na-amazonia-ppgmusauepa\/\" target=\"_self\" rel=\"bookmark noopener noreferrer\">UEPA abre Edital de Sele\u00e7\u00e3o do Programa de P\u00f3s-gradua\u00e7\u00e3o em M\u00fasica na Amaz\u00f4nia\/PPGMUSAUEPA<\/a>\n\t\t\t<\/h4>\n\t\t\t\t\t\t<div class='uagb-post__text uagb-post-grid-byline'>\n\t\t\t\t\t\t\t\t<time datetime=\"2024-03-04T16:24:04-03:00\" class=\"uagb-post__date\">\n\t\t\t\t<span class=\"dashicons-calendar dashicons\"><\/span>\t\t\t\t\t4 de mar\u00e7o de 2024\t\t\t\t<\/time>\n\t\t\t\t\t\t\t<span class=\"uagb-post__comment\">\n\t\t\t\t<span class=\"dashicons-admin-comments dashicons\"><\/span>\t\t\t\t\tNenhum coment\u00e1rio\t\t\t\t<\/span>\n\t\t\t\t\t\t<\/div>\n\t\t\t\t\t\t\t<div class='uagb-post__text uagb-post__excerpt'>\n\t\t\t\t\t<p>Programa de P\u00f3s-gradua\u00e7\u00e3o em M\u00fasica na Amaz\u00f4nia\/PPGMUSA.Seja aluno do primeiro Mestrado Acad\u00eamico em M\u00fasica de&#8230;\t\t\t\t<\/div>\n\t\t\t\t\t\t<div class=\"uagb-post__text uagb-post__cta wp-block-button\">\n\t\t\t\t<a class=\"wp-block-button__link uagb-text-link\" href=\"https:\/\/propesp.uepa.br\/ppgmusa\/index.php\/2024\/03\/04\/uepa-abre-edital-de-selecao-do-programa-de-pos-graduacao-em-musica-na-amazonia-ppgmusauepa\/\" target=\"_self\" rel=\"bookmark noopener noreferrer\">Ler mais<\/a>\n\t\t\t<\/div>\n\t\t\t\t\t\t\t\t\t\t\t\t<\/article>\n\t\t\t\t\t\t\t\t\t\t\t\t\t\t\t\t<article class=\"uagb-post__inner-wrap\">\t\t\t\t\t\t\t\t<h4 class=\"uagb-post__title uagb-post__text\">\n\t\t\t\t<a href=\"https:\/\/propesp.uepa.br\/ppgmusa\/index.php\/2023\/10\/05\/ppgmusa\/\" target=\"_self\" rel=\"bookmark noopener noreferrer\">PPGMUSA<\/a>\n\t\t\t<\/h4>\n\t\t\t\t\t\t<div class='uagb-post__text uagb-post-grid-byline'>\n\t\t\t\t\t\t\t\t<time datetime=\"2023-10-05T14:39:18-03:00\" class=\"uagb-post__date\">\n\t\t\t\t<span class=\"dashicons-calendar dashicons\"><\/span>\t\t\t\t\t5 de outubro de 2023\t\t\t\t<\/time>\n\t\t\t\t\t\t\t<span class=\"uagb-post__comment\">\n\t\t\t\t<span class=\"dashicons-admin-comments dashicons\"><\/span>\t\t\t\t\tNenhum coment\u00e1rio\t\t\t\t<\/span>\n\t\t\t\t\t\t<\/div>\n\t\t\t\t\t\t\t<div class='uagb-post__text uagb-post__excerpt'>\n\t\t\t\t\t<p>O&nbsp;Programa de P\u00f3s-gradua\u00e7\u00e3o em M\u00fasica da Amaz\u00f4nia&nbsp;(PPGMUSA) foi concebido em 2023 no contexto da Universidade&#8230;\t\t\t\t<\/div>\n\t\t\t\t\t\t<div class=\"uagb-post__text uagb-post__cta wp-block-button\">\n\t\t\t\t<a class=\"wp-block-button__link uagb-text-link\" href=\"https:\/\/propesp.uepa.br\/ppgmusa\/index.php\/2023\/10\/05\/ppgmusa\/\" target=\"_self\" rel=\"bookmark noopener noreferrer\">Ler mais<\/a>\n\t\t\t<\/div>\n\t\t\t\t\t\t\t\t\t\t\t\t<\/article>\n\t\t\t\t\t\t\t\t\t\t\t\t\t<div class=\"uagb-post-pagination-wrap\">\n\t\t\t\t\t\t\t\t\t\t\t<\/div>\n\t\t\t\t\t\t\t\t<\/div>\n\t\t\t<\/div><\/div>\n","protected":false},"excerpt":{"rendered":"","protected":false},"author":1,"featured_media":0,"parent":0,"menu_order":0,"comment_status":"closed","ping_status":"closed","template":"","meta":{"_uag_custom_page_level_css":"","site-sidebar-layout":"default","site-content-layout":"default","ast-global-header-display":"","ast-banner-title-visibility":"","ast-main-header-display":"","ast-hfb-above-header-display":"","ast-hfb-below-header-display":"","ast-hfb-mobile-header-display":"","site-post-title":"","ast-breadcrumbs-content":"","ast-featured-img":"","footer-sml-layout":"","theme-transparent-header-meta":"","adv-header-id-meta":"","stick-header-meta":"","header-above-stick-meta":"","header-main-stick-meta":"","header-below-stick-meta":"","footnotes":""},"class_list":["post-309","page","type-page","status-publish","hentry"],"uagb_featured_image_src":{"full":false,"thumbnail":false,"medium":false,"medium_large":false,"large":false,"1536x1536":false,"2048x2048":false},"uagb_author_info":{"display_name":"adminsites@uepa.br","author_link":"https:\/\/propesp.uepa.br\/ppgmusa\/index.php\/author\/adminsitesuepa-br\/"},"uagb_comment_info":0,"uagb_excerpt":null,"_links":{"self":[{"href":"https:\/\/propesp.uepa.br\/ppgmusa\/index.php\/wp-json\/wp\/v2\/pages\/309","targetHints":{"allow":["GET"]}}],"collection":[{"href":"https:\/\/propesp.uepa.br\/ppgmusa\/index.php\/wp-json\/wp\/v2\/pages"}],"about":[{"href":"https:\/\/propesp.uepa.br\/ppgmusa\/index.php\/wp-json\/wp\/v2\/types\/page"}],"author":[{"embeddable":true,"href":"https:\/\/propesp.uepa.br\/ppgmusa\/index.php\/wp-json\/wp\/v2\/users\/1"}],"replies":[{"embeddable":true,"href":"https:\/\/propesp.uepa.br\/ppgmusa\/index.php\/wp-json\/wp\/v2\/comments?post=309"}],"version-history":[{"count":7,"href":"https:\/\/propesp.uepa.br\/ppgmusa\/index.php\/wp-json\/wp\/v2\/pages\/309\/revisions"}],"predecessor-version":[{"id":556,"href":"https:\/\/propesp.uepa.br\/ppgmusa\/index.php\/wp-json\/wp\/v2\/pages\/309\/revisions\/556"}],"wp:attachment":[{"href":"https:\/\/propesp.uepa.br\/ppgmusa\/index.php\/wp-json\/wp\/v2\/media?parent=309"}],"curies":[{"name":"wp","href":"https:\/\/api.w.org\/{rel}","templated":true}]}}