{"id":39,"date":"2023-08-28T15:24:25","date_gmt":"2023-08-28T18:24:25","guid":{"rendered":"https:\/\/propesp.uepa.br\/ppgmusa\/?page_id=39"},"modified":"2025-08-05T10:52:07","modified_gmt":"2025-08-05T13:52:07","slug":"editais-2","status":"publish","type":"page","link":"https:\/\/propesp.uepa.br\/ppgmusa\/index.php\/editais-2\/","title":{"rendered":"EDITAIS E CHAMADAS"},"content":{"rendered":"\n<div class=\"wp-block-uagb-container uagb-block-32b3401c default uagb-is-root-container\">\n<div class=\"wp-block-uagb-container uagb-block-a154a4c3 alignfull uagb-is-root-container\"><div class=\"uagb-container-inner-blocks-wrap\">\n<div class=\"wp-block-uagb-advanced-heading uagb-block-0cde92a1\"><h2 class=\"uagb-heading-text\">&nbsp; Edital n\u00b0 91\/2025 &#8211; UEPA<\/h2><\/div>\n\n\n\n<div class=\"inherit-container-width wp-block-group is-layout-constrained wp-block-group-is-layout-constrained\">\n<div class=\"inherit-container-width wp-block-group is-layout-constrained wp-block-group-is-layout-constrained\">\n<div class=\"inherit-container-width wp-block-group is-layout-constrained wp-block-group-is-layout-constrained\">\n<div class=\"inherit-container-width wp-block-group is-layout-constrained wp-block-group-is-layout-constrained\">\n<div class=\"wp-block-uagb-call-to-action uagb-block-cf338917\"><div class=\"uagb-cta__wrap\"><h3 class=\"uagb-cta__title\">04\/08\/2025<\/h3><p class=\"uagb-cta__desc\">EDITAL DE SELE\u00c7\u00c3O DE MESTRADO PROGRAMA DE P\u00d3S-GRADUA\u00c7\u00c3O EM M\u00daSICA NA AMAZ\u00d4NIA(PPGMUSA) (ANO ACAD\u00caMICO &#8211;<br>2026).<\/p><\/div><div class=\"uagb-cta__buttons\"><a href=\"https:\/\/propesp.uepa.br\/ppgmusa\/wp-content\/uploads\/2025\/08\/edital912025.pdf\" class=\"uagb-cta__button-link-wrapper\" target=\"_blank\" rel=\"noopener noreferrer\">Clique aqui<svg xmlns=\"https:\/\/www.w3.org\/2000\/svg\" viewBox=\"0 0 512 512\"><path d=\"M504.3 273.6l-112.1 104c-6.992 6.484-17.18 8.218-25.94 4.406c-8.758-3.812-14.42-12.45-14.42-21.1L351.9 288H32C14.33 288 .0002 273.7 .0002 255.1S14.33 224 32 224h319.9l0-72c0-9.547 5.66-18.19 14.42-22c8.754-3.809 18.95-2.075 25.94 4.41l112.1 104C514.6 247.9 514.6 264.1 504.3 273.6z\"><\/path><\/svg><\/a><\/div><\/div>\n<\/div>\n<\/div>\n<\/div>\n<\/div>\n<\/div><\/div>\n\n\n\n<div class=\"wp-block-uagb-container uagb-block-253e93dd alignfull uagb-is-root-container\"><div class=\"uagb-container-inner-blocks-wrap\">\n<div class=\"wp-block-uagb-advanced-heading uagb-block-fd12a925\"><h2 class=\"uagb-heading-text\">&nbsp; Edital n\u00b0 20\/2024 &#8211; UEPA<\/h2><\/div>\n\n\n\n<div class=\"wp-block-uagb-call-to-action uagb-block-98ddf4da\"><div class=\"uagb-cta__wrap\"><h3 class=\"uagb-cta__title\">29\/07\/2024<\/h3><p class=\"uagb-cta__desc\">Requerimento Inicial de Matr\u00edcula<\/p><\/div><div class=\"uagb-cta__buttons\"><a href=\"https:\/\/propesp.uepa.br\/ppgmusa\/wp-content\/uploads\/2024\/07\/Requerimento-Inicial-de-Matricula-PPGMUSA-2024.2.pdf\" class=\"uagb-cta__button-link-wrapper\" target=\"_blank\" rel=\"noopener noreferrer\">Clique aqui<svg xmlns=\"https:\/\/www.w3.org\/2000\/svg\" viewBox=\"0 0 512 512\"><path d=\"M504.3 273.6l-112.1 104c-6.992 6.484-17.18 8.218-25.94 4.406c-8.758-3.812-14.42-12.45-14.42-21.1L351.9 288H32C14.33 288 .0002 273.7 .0002 255.1S14.33 224 32 224h319.9l0-72c0-9.547 5.66-18.19 14.42-22c8.754-3.809 18.95-2.075 25.94 4.41l112.1 104C514.6 247.9 514.6 264.1 504.3 273.6z\"><\/path><\/svg><\/a><\/div><\/div>\n\n\n\n<div class=\"wp-block-uagb-call-to-action uagb-block-bff45724\"><div class=\"uagb-cta__wrap\"><h3 class=\"uagb-cta__title\">15\/07\/2024<\/h3><p class=\"uagb-cta__desc\">Termo Aditivo<\/p><\/div><div class=\"uagb-cta__buttons\"><a href=\"https:\/\/propesp.uepa.br\/ppgmusa\/wp-content\/uploads\/2024\/07\/TERMO-ADITIVO-A-EDITAL-.pdf\" class=\"uagb-cta__button-link-wrapper\" target=\"_blank\" rel=\"noopener noreferrer\">Clique aqui<svg xmlns=\"https:\/\/www.w3.org\/2000\/svg\" viewBox=\"0 0 512 512\"><path d=\"M504.3 273.6l-112.1 104c-6.992 6.484-17.18 8.218-25.94 4.406c-8.758-3.812-14.42-12.45-14.42-21.1L351.9 288H32C14.33 288 .0002 273.7 .0002 255.1S14.33 224 32 224h319.9l0-72c0-9.547 5.66-18.19 14.42-22c8.754-3.809 18.95-2.075 25.94 4.41l112.1 104C514.6 247.9 514.6 264.1 504.3 273.6z\"><\/path><\/svg><\/a><\/div><\/div>\n\n\n\n<div class=\"wp-block-uagb-call-to-action uagb-block-5e0a2f6c\"><div class=\"uagb-cta__wrap\"><h3 class=\"uagb-cta__title\">26\/06\/2024<\/h3><p class=\"uagb-cta__desc\">Resultado Final<\/p><\/div><div class=\"uagb-cta__buttons\"><a href=\"https:\/\/www.uepa.br\/sites\/default\/files\/editais\/edital202024_resultadofinal_classificacaogeral.pdf\" class=\"uagb-cta__button-link-wrapper\" target=\"_blank\" rel=\"noopener noreferrer\">Clique aqui<svg xmlns=\"https:\/\/www.w3.org\/2000\/svg\" viewBox=\"0 0 512 512\"><path d=\"M504.3 273.6l-112.1 104c-6.992 6.484-17.18 8.218-25.94 4.406c-8.758-3.812-14.42-12.45-14.42-21.1L351.9 288H32C14.33 288 .0002 273.7 .0002 255.1S14.33 224 32 224h319.9l0-72c0-9.547 5.66-18.19 14.42-22c8.754-3.809 18.95-2.075 25.94 4.41l112.1 104C514.6 247.9 514.6 264.1 504.3 273.6z\"><\/path><\/svg><\/a><\/div><\/div>\n\n\n\n<div class=\"wp-block-uagb-call-to-action uagb-block-52cf2c43\"><div class=\"uagb-cta__wrap\"><h3 class=\"uagb-cta__title\">07 a 29\/03\/2024<\/h3><p class=\"uagb-cta__desc\">Per\u00edodo de Solicita\u00e7\u00e3o de Inscri\u00e7\u00e3o<\/p><\/div><div class=\"uagb-cta__buttons\"><a href=\"https:\/\/sistemas.uepa.br\/sgps\/selecao\/\" class=\"uagb-cta__button-link-wrapper\" target=\"_blank\" rel=\"noopener noreferrer\">Clique aqui<svg xmlns=\"https:\/\/www.w3.org\/2000\/svg\" viewBox=\"0 0 512 512\"><path d=\"M504.3 273.6l-112.1 104c-6.992 6.484-17.18 8.218-25.94 4.406c-8.758-3.812-14.42-12.45-14.42-21.1L351.9 288H32C14.33 288 .0002 273.7 .0002 255.1S14.33 224 32 224h319.9l0-72c0-9.547 5.66-18.19 14.42-22c8.754-3.809 18.95-2.075 25.94 4.41l112.1 104C514.6 247.9 514.6 264.1 504.3 273.6z\"><\/path><\/svg><\/a><\/div><\/div>\n\n\n\n<div class=\"wp-block-uagb-call-to-action uagb-block-a0914a2b\"><div class=\"uagb-cta__wrap\"><h3 class=\"uagb-cta__title\">04\/03\/2024<\/h3><p class=\"uagb-cta__desc\">Publica\u00e7\u00e3o do Edital<\/p><\/div><div class=\"uagb-cta__buttons\"><a href=\"https:\/\/propesp.uepa.br\/ppgmusa\/wp-content\/uploads\/2024\/03\/edital202024-6.pdf\" class=\"uagb-cta__button-link-wrapper\" target=\"_blank\" rel=\"noopener noreferrer\">Clique aqui<svg xmlns=\"https:\/\/www.w3.org\/2000\/svg\" viewBox=\"0 0 512 512\"><path d=\"M504.3 273.6l-112.1 104c-6.992 6.484-17.18 8.218-25.94 4.406c-8.758-3.812-14.42-12.45-14.42-21.1L351.9 288H32C14.33 288 .0002 273.7 .0002 255.1S14.33 224 32 224h319.9l0-72c0-9.547 5.66-18.19 14.42-22c8.754-3.809 18.95-2.075 25.94 4.41l112.1 104C514.6 247.9 514.6 264.1 504.3 273.6z\"><\/path><\/svg><\/a><\/div><\/div>\n<\/div><\/div>\n<\/div>\n\n\n\n<div class=\"wp-block-uagb-container uagb-block-9a9692b2 default uagb-is-root-container\">\n<div class=\"wp-block-uagb-container uagb-block-ff1aeadb alignfull uagb-is-root-container\"><div class=\"uagb-container-inner-blocks-wrap\">\n<div class=\"wp-block-uagb-advanced-heading uagb-block-298151ba\"><h2 class=\"uagb-heading-text\">CHAMADA  01\/2025<\/h2><\/div>\n\n\n\n<div class=\"wp-block-uagb-call-to-action uagb-block-a0839f1e\"><div class=\"uagb-cta__wrap\"><h3 class=\"uagb-cta__title\">30\/05\/2025<\/h3><p class=\"uagb-cta__desc\"><strong>CHAMADA 01 \/2025-PARA SELE\u00c7\u00c3O DE DOCENTES PERMANENTES E COLABORADORES DO PPGMUSA<\/strong><\/p><\/div><div class=\"uagb-cta__buttons\"><a href=\"https:\/\/propesp.uepa.br\/ppgmusa\/wp-content\/uploads\/2025\/07\/Chamada_docentes_PPGMUSA_assinado_assinado-FINAL.pdf\" class=\"uagb-cta__button-link-wrapper\" target=\"_blank\" rel=\"noopener noreferrer\">Clique aqui<svg xmlns=\"https:\/\/www.w3.org\/2000\/svg\" viewBox=\"0 0 512 512\"><path d=\"M504.3 273.6l-112.1 104c-6.992 6.484-17.18 8.218-25.94 4.406c-8.758-3.812-14.42-12.45-14.42-21.1L351.9 288H32C14.33 288 .0002 273.7 .0002 255.1S14.33 224 32 224h319.9l0-72c0-9.547 5.66-18.19 14.42-22c8.754-3.809 18.95-2.075 25.94 4.41l112.1 104C514.6 247.9 514.6 264.1 504.3 273.6z\"><\/path><\/svg><\/a><\/div><\/div>\n\n\n\n<div class=\"wp-block-uagb-advanced-heading uagb-block-9d291d7d\"><h2 class=\"uagb-heading-text\">CHAMADA  02\/2025<\/h2><\/div>\n\n\n\n<div class=\"wp-block-uagb-call-to-action uagb-block-adf3f283\"><div class=\"uagb-cta__wrap\"><h3 class=\"uagb-cta__title\">20\/06\/2025<\/h3><p class=\"uagb-cta__desc\"><strong>CHAMADA 02 \/2025-PARA ELEI\u00c7\u00c3O  DE COORDENADOR (A) E COORDENADOR (A) ADJUNTO (A) DO PROGRAMA DE P\u00d3S- GRADUA\u00c7\u00c3O EM M\u00daSICA NA AMAZ\u00d4NIA  \u2013  PPGMUSA \u2013 CCSE\/UEPA &#8211; BI\u00caNIO 2025-2027<\/strong><\/p><\/div><div class=\"uagb-cta__buttons\"><a href=\"https:\/\/propesp.uepa.br\/ppgmusa\/wp-content\/uploads\/2025\/06\/CHAMADA-PARA-ELEICAO-PPGMUSA-2025-Final-1.pdf\" class=\"uagb-cta__button-link-wrapper\" target=\"_blank\" rel=\"noopener noreferrer\">Clique aqui<svg xmlns=\"https:\/\/www.w3.org\/2000\/svg\" viewBox=\"0 0 512 512\"><path d=\"M504.3 273.6l-112.1 104c-6.992 6.484-17.18 8.218-25.94 4.406c-8.758-3.812-14.42-12.45-14.42-21.1L351.9 288H32C14.33 288 .0002 273.7 .0002 255.1S14.33 224 32 224h319.9l0-72c0-9.547 5.66-18.19 14.42-22c8.754-3.809 18.95-2.075 25.94 4.41l112.1 104C514.6 247.9 514.6 264.1 504.3 273.6z\"><\/path><\/svg><\/a><\/div><\/div>\n\n\n\n<div class=\"wp-block-uagb-call-to-action uagb-block-21002f3d\"><div class=\"uagb-cta__wrap\"><h3 class=\"uagb-cta__title\">20\/06\/2025<\/h3><p class=\"uagb-cta__desc\"><strong>LISTA DE ELEITORES DO PPGMUSA<\/strong><\/p><\/div><div class=\"uagb-cta__buttons\"><a href=\"https:\/\/propesp.uepa.br\/ppgmusa\/wp-content\/uploads\/2025\/06\/LISTA-DE-ELEITORES-DO-PPGMUSA.pdf\" class=\"uagb-cta__button-link-wrapper\" target=\"_blank\" rel=\"noopener noreferrer\">Clique aqui<svg xmlns=\"https:\/\/www.w3.org\/2000\/svg\" viewBox=\"0 0 512 512\"><path d=\"M504.3 273.6l-112.1 104c-6.992 6.484-17.18 8.218-25.94 4.406c-8.758-3.812-14.42-12.45-14.42-21.1L351.9 288H32C14.33 288 .0002 273.7 .0002 255.1S14.33 224 32 224h319.9l0-72c0-9.547 5.66-18.19 14.42-22c8.754-3.809 18.95-2.075 25.94 4.41l112.1 104C514.6 247.9 514.6 264.1 504.3 273.6z\"><\/path><\/svg><\/a><\/div><\/div>\n\n\n\n<div class=\"wp-block-uagb-call-to-action uagb-block-daf9e127\"><div class=\"uagb-cta__wrap\"><h3 class=\"uagb-cta__title\">26\/06\/2025<\/h3><p class=\"uagb-cta__desc\"><strong>&nbsp;HOMOLOGA\u00c7\u00c3O DE CHAPA UNICA<\/strong><\/p><\/div><div class=\"uagb-cta__buttons\"><a href=\"https:\/\/propesp.uepa.br\/ppgmusa\/wp-content\/uploads\/2025\/06\/HOMOLOGACAO_DE_CHAPA_UNICA_assinado_final.pdf\" class=\"uagb-cta__button-link-wrapper\" target=\"_blank\" rel=\"noopener noreferrer\">Clique aqui<svg xmlns=\"https:\/\/www.w3.org\/2000\/svg\" viewBox=\"0 0 512 512\"><path d=\"M504.3 273.6l-112.1 104c-6.992 6.484-17.18 8.218-25.94 4.406c-8.758-3.812-14.42-12.45-14.42-21.1L351.9 288H32C14.33 288 .0002 273.7 .0002 255.1S14.33 224 32 224h319.9l0-72c0-9.547 5.66-18.19 14.42-22c8.754-3.809 18.95-2.075 25.94 4.41l112.1 104C514.6 247.9 514.6 264.1 504.3 273.6z\"><\/path><\/svg><\/a><\/div><\/div>\n<\/div><\/div>\n\n\n\n<div class=\"wp-block-uagb-container uagb-block-c6851a8d alignfull uagb-is-root-container\"><div class=\"uagb-container-inner-blocks-wrap\">\n<div class=\"wp-block-uagb-advanced-heading uagb-block-39e474f0\"><h2 class=\"uagb-heading-text\">RESULTADO DA ELEI\u00c7\u00c3O CHAMADA 02\/2025<\/h2><\/div>\n\n\n\n<div class=\"wp-block-uagb-call-to-action uagb-block-1ccb11b1\"><div class=\"uagb-cta__wrap\"><h3 class=\"uagb-cta__title\">30\/06\/2025<\/h3><p class=\"uagb-cta__desc\"><strong><strong>RESULTADO DA ELEI\u00c7\u00c3O<\/strong><\/strong><\/p><\/div><div class=\"uagb-cta__buttons\"><a href=\"https:\/\/propesp.uepa.br\/ppgmusa\/wp-content\/uploads\/2025\/07\/RESULTADO-DA-ELEICAO-PARA-COORDENADOR-E-VICE-CORDENADOR-DO-PPEGMUSA-BIENIO-2025-2027.pdf\" class=\"uagb-cta__button-link-wrapper\" target=\"_blank\" rel=\"noopener noreferrer\">Clique aqui<svg xmlns=\"https:\/\/www.w3.org\/2000\/svg\" viewBox=\"0 0 512 512\"><path d=\"M504.3 273.6l-112.1 104c-6.992 6.484-17.18 8.218-25.94 4.406c-8.758-3.812-14.42-12.45-14.42-21.1L351.9 288H32C14.33 288 .0002 273.7 .0002 255.1S14.33 224 32 224h319.9l0-72c0-9.547 5.66-18.19 14.42-22c8.754-3.809 18.95-2.075 25.94 4.41l112.1 104C514.6 247.9 514.6 264.1 504.3 273.6z\"><\/path><\/svg><\/a><\/div><\/div>\n\n\n\n<div class=\"wp-block-uagb-call-to-action uagb-block-dfa4b1af\"><div class=\"uagb-cta__wrap\"><h3 class=\"uagb-cta__title\">30\/06\/2025<\/h3><p class=\"uagb-cta__desc\"><strong>&nbsp;RESULTADO DA VOTA\u00c7\u00c3O<\/strong><\/p><\/div><div class=\"uagb-cta__buttons\"><a href=\"https:\/\/propesp.uepa.br\/ppgmusa\/wp-content\/uploads\/2025\/07\/RESULTADO-DA-VOTACAO.pdf\" class=\"uagb-cta__button-link-wrapper\" target=\"_blank\" rel=\"noopener noreferrer\">Clique aqui<svg xmlns=\"https:\/\/www.w3.org\/2000\/svg\" viewBox=\"0 0 512 512\"><path d=\"M504.3 273.6l-112.1 104c-6.992 6.484-17.18 8.218-25.94 4.406c-8.758-3.812-14.42-12.45-14.42-21.1L351.9 288H32C14.33 288 .0002 273.7 .0002 255.1S14.33 224 32 224h319.9l0-72c0-9.547 5.66-18.19 14.42-22c8.754-3.809 18.95-2.075 25.94 4.41l112.1 104C514.6 247.9 514.6 264.1 504.3 273.6z\"><\/path><\/svg><\/a><\/div><\/div>\n\n\n\n<div class=\"wp-block-uagb-call-to-action uagb-block-5a5f3bcb\"><div class=\"uagb-cta__wrap\"><h3 class=\"uagb-cta__title\">30\/06\/2025<\/h3><p class=\"uagb-cta__desc\"><strong>&nbsp;ATA DA REUNI\u00c3O DA ELEI\u00c7\u00c3O<\/strong><\/p><\/div><div class=\"uagb-cta__buttons\"><a href=\"https:\/\/propesp.uepa.br\/ppgmusa\/wp-content\/uploads\/2025\/07\/ATA_DA_REUNIAO_COLEGIADO_27-06-2025-_Eleicao_assinado_29_assinado_assinado.pdf\" class=\"uagb-cta__button-link-wrapper\" target=\"_blank\" rel=\"noopener noreferrer\">Clique aqui<svg xmlns=\"https:\/\/www.w3.org\/2000\/svg\" viewBox=\"0 0 512 512\"><path d=\"M504.3 273.6l-112.1 104c-6.992 6.484-17.18 8.218-25.94 4.406c-8.758-3.812-14.42-12.45-14.42-21.1L351.9 288H32C14.33 288 .0002 273.7 .0002 255.1S14.33 224 32 224h319.9l0-72c0-9.547 5.66-18.19 14.42-22c8.754-3.809 18.95-2.075 25.94 4.41l112.1 104C514.6 247.9 514.6 264.1 504.3 273.6z\"><\/path><\/svg><\/a><\/div><\/div>\n<\/div><\/div>\n<\/div>\n\n\n\n<p><\/p>\n","protected":false},"excerpt":{"rendered":"<p>&nbsp; Edital n\u00b0 91\/2025 &#8211; UEPA &nbsp; Edital n\u00b0 20\/2024 &#8211; UEPA CHAMADA 01\/2025 CHAMADA 02\/2025 RESULTADO DA ELEI\u00c7\u00c3O CHAMADA 02\/2025<\/p>\n","protected":false},"author":1,"featured_media":0,"parent":0,"menu_order":0,"comment_status":"closed","ping_status":"closed","template":"","meta":{"_uag_custom_page_level_css":"","site-sidebar-layout":"default","site-content-layout":"default","ast-global-header-display":"","ast-banner-title-visibility":"","ast-main-header-display":"","ast-hfb-above-header-display":"","ast-hfb-below-header-display":"","ast-hfb-mobile-header-display":"","site-post-title":"","ast-breadcrumbs-content":"","ast-featured-img":"","footer-sml-layout":"","theme-transparent-header-meta":"","adv-header-id-meta":"","stick-header-meta":"","header-above-stick-meta":"","header-main-stick-meta":"","header-below-stick-meta":"","footnotes":""},"class_list":["post-39","page","type-page","status-publish","hentry"],"uagb_featured_image_src":{"full":false,"thumbnail":false,"medium":false,"medium_large":false,"large":false,"1536x1536":false,"2048x2048":false},"uagb_author_info":{"display_name":"adminsites@uepa.br","author_link":"https:\/\/propesp.uepa.br\/ppgmusa\/index.php\/author\/adminsitesuepa-br\/"},"uagb_comment_info":0,"uagb_excerpt":"&nbsp; Edital n\u00b0 91\/2025 &#8211; UEPA &nbsp; Edital n\u00b0 20\/2024 &#8211; UEPA CHAMADA 01\/2025 CHAMADA 02\/2025 RESULTADO DA ELEI\u00c7\u00c3O CHAMADA 02\/2025","_links":{"self":[{"href":"https:\/\/propesp.uepa.br\/ppgmusa\/index.php\/wp-json\/wp\/v2\/pages\/39","targetHints":{"allow":["GET"]}}],"collection":[{"href":"https:\/\/propesp.uepa.br\/ppgmusa\/index.php\/wp-json\/wp\/v2\/pages"}],"about":[{"href":"https:\/\/propesp.uepa.br\/ppgmusa\/index.php\/wp-json\/wp\/v2\/types\/page"}],"author":[{"embeddable":true,"href":"https:\/\/propesp.uepa.br\/ppgmusa\/index.php\/wp-json\/wp\/v2\/users\/1"}],"replies":[{"embeddable":true,"href":"https:\/\/propesp.uepa.br\/ppgmusa\/index.php\/wp-json\/wp\/v2\/comments?post=39"}],"version-history":[{"count":54,"href":"https:\/\/propesp.uepa.br\/ppgmusa\/index.php\/wp-json\/wp\/v2\/pages\/39\/revisions"}],"predecessor-version":[{"id":696,"href":"https:\/\/propesp.uepa.br\/ppgmusa\/index.php\/wp-json\/wp\/v2\/pages\/39\/revisions\/696"}],"wp:attachment":[{"href":"https:\/\/propesp.uepa.br\/ppgmusa\/index.php\/wp-json\/wp\/v2\/media?parent=39"}],"curies":[{"name":"wp","href":"https:\/\/api.w.org\/{rel}","templated":true}]}}