{"id":50,"date":"2023-08-28T15:36:51","date_gmt":"2023-08-28T18:36:51","guid":{"rendered":"https:\/\/propesp.uepa.br\/ppgmusa\/?page_id=50"},"modified":"2024-10-09T11:13:58","modified_gmt":"2024-10-09T14:13:58","slug":"grupos-de-pesquisa","status":"publish","type":"page","link":"https:\/\/propesp.uepa.br\/ppgmusa\/index.php\/grupos-de-pesquisa\/","title":{"rendered":"GRUPOS DE PESQUISA"},"content":{"rendered":"\n<div class=\"wp-block-uagb-container uagb-block-1f19ef3e alignfull uagb-is-root-container\"><div class=\"uagb-container-inner-blocks-wrap\">\n<div class=\"wp-block-media-text is-stacked-on-mobile\" style=\"grid-template-columns:28% auto\"><figure class=\"wp-block-media-text__media\"><img loading=\"lazy\" decoding=\"async\" width=\"1015\" height=\"627\" src=\"https:\/\/propesp.uepa.br\/ppgmusa\/wp-content\/uploads\/2023\/08\/Imagem-GEMMA.png\" alt=\"\" class=\"wp-image-138 size-full\" srcset=\"https:\/\/propesp.uepa.br\/ppgmusa\/wp-content\/uploads\/2023\/08\/Imagem-GEMMA.png 1015w, https:\/\/propesp.uepa.br\/ppgmusa\/wp-content\/uploads\/2023\/08\/Imagem-GEMMA-300x185.png 300w, https:\/\/propesp.uepa.br\/ppgmusa\/wp-content\/uploads\/2023\/08\/Imagem-GEMMA-768x474.png 768w\" sizes=\"auto, (max-width: 1015px) 100vw, 1015px\" \/><\/figure><div class=\"wp-block-media-text__content\">\n<p>O GEMMA surgiu da inquieta\u00e7\u00e3o de docentes que vivenciam a pr\u00e1tica educativo-musical tanto no Ensino Superior quanto em escolas de Ensino Regular e Especializado. O grupo foi certificado em 2023 no intuito de promover o debate acad\u00eamico, cient\u00edfico e cultural relacionado a pesquisas sobre Educa\u00e7\u00e3o Musical, Mem\u00f3ria e Arte na Amaz\u00f4nia, reunindo professores, alunos, egressos do curso de Licenciatura em M\u00fasica, pesquisadores e colaboradores de outras Institui\u00e7\u00f5es. O GEMMA contempla estudos voltados a processos de ensino-aprendizagem em diferentes contextos sociais, encampando reflex\u00f5es sobre metodologias, curr\u00edculos, inclus\u00e3o e abordagens te\u00f3ricas, e tendo em perspectiva ampliar a compreens\u00e3o e a an\u00e1lise sobre concep\u00e7\u00f5es e fazeres no \u00e2mbito da Educa\u00e7\u00e3o Musical, especialmente na regi\u00e3o amaz\u00f4nica. A abrang\u00eancia do grupo alcan\u00e7a diferentes \u00e1reas do conhecimento, al\u00e9m da Educa\u00e7\u00e3o Musical, por meio do fomento a pesquisas que dialoguem com estudos culturais, de g\u00eanero, e tamb\u00e9m outras \u00e1reas e tem\u00e1ticas com as quais a m\u00fasica, de modo geral, vem fomentando e estabelecendo interfaces. Ainda, prop\u00f5e a\u00e7\u00f5es articuladas de ensino, pesquisa e extens\u00e3o cujos resultados potencializem ampla difus\u00e3o do conhecimento cient\u00edfico em m\u00fasica, em particular \u2013 mas n\u00e3o exclusivamente \u2013 da Educa\u00e7\u00e3o Musical.&nbsp;&nbsp;&nbsp;<\/p>\n<\/div><\/div>\n\n\n\n<div class=\"wp-block-media-text has-media-on-the-right is-stacked-on-mobile\" style=\"grid-template-columns:auto 36%\"><div class=\"wp-block-media-text__content\">\n<p>O ponto de partida para a cria\u00e7\u00e3o do Grupo de Estudos Musicais da Amaz\u00f4nia (GEMAM), em 2010, foi a constata\u00e7\u00e3o de que muito pouco se conhece sobre a diversidade de universos da m\u00fasica e de outras artes na Amaz\u00f4nia. Pretende-se investigar, documentar e analisar tais universos em suas dimens\u00f5es hist\u00f3rica, social, educacional, lingu\u00edstica, identit\u00e1ria e\/ou est\u00e9tica. Neste sentido, lan\u00e7a-se m\u00e3o de levantamento de materiais sobre a forma\u00e7\u00e3o cultural da Amaz\u00f4nia (mas n\u00e3o apenas dela), tendo em perspectiva abordagens cr\u00edticas acerca da m\u00fasica e de outras artes (cinema, literatura e dan\u00e7a, em especial). Al\u00e9m de propor projetos de pesquisa, o GEMAM constitui um intenso f\u00f3rum de discuss\u00e3o em cima de bibliografia especializada e experi\u00eancias de campo, tornando-se importante refer\u00eancia para Etnomusicologia na regi\u00e3o. Integra o N\u00facleo de Pesquisa em M\u00fasica da Univ. do Estado do Par\u00e1 e \u00e9 parceiro dos Laborat\u00f3rios de Etnomusicologia das Univ. Federal do Par\u00e1 e do Rio de Janeiro. Possui a Linha de Pesquisa Saberes e Pr\u00e1ticas Musicais na Amaz\u00f4nia (\u00fanica Linha), abrangendo pesquisas (etno) musicol\u00f3gicas, hist\u00f3ricas e educacionais sobre culturas e artes expressivas na Amaz\u00f4nia (ou mesmo fora dela) &#8211; principalmente a m\u00fasica, mas tamb\u00e9m outras linguagens (cinema, literatura e dan\u00e7a, em especial) que, com a m\u00fasica, estabelecem di\u00e1logos e interfaces. Pretende-se investigar, documentar e analisar essas culturas e artes expressivas em suas dimens\u00f5es hist\u00f3rica, social, educacional, lingu\u00edstica, identit\u00e1ria e\/ou est\u00e9tica.<\/p>\n<\/div><figure class=\"wp-block-media-text__media\"><img loading=\"lazy\" decoding=\"async\" width=\"367\" height=\"171\" src=\"https:\/\/propesp.uepa.br\/ppgmusa\/wp-content\/uploads\/2023\/08\/Imagem-GEMAM.png\" alt=\"\" class=\"wp-image-139 size-full\" srcset=\"https:\/\/propesp.uepa.br\/ppgmusa\/wp-content\/uploads\/2023\/08\/Imagem-GEMAM.png 367w, https:\/\/propesp.uepa.br\/ppgmusa\/wp-content\/uploads\/2023\/08\/Imagem-GEMAM-300x140.png 300w\" sizes=\"auto, (max-width: 367px) 100vw, 367px\" \/><\/figure><\/div>\n\n\n\n<div class=\"wp-block-media-text is-stacked-on-mobile is-vertically-aligned-center\" style=\"grid-template-columns:24% auto\"><figure class=\"wp-block-media-text__media\"><img loading=\"lazy\" decoding=\"async\" width=\"311\" height=\"390\" src=\"https:\/\/propesp.uepa.br\/ppgmusa\/wp-content\/uploads\/2023\/08\/Imaem-Empodera.png\" alt=\"\" class=\"wp-image-140 size-full\" srcset=\"https:\/\/propesp.uepa.br\/ppgmusa\/wp-content\/uploads\/2023\/08\/Imaem-Empodera.png 311w, https:\/\/propesp.uepa.br\/ppgmusa\/wp-content\/uploads\/2023\/08\/Imaem-Empodera-239x300.png 239w\" sizes=\"auto, (max-width: 311px) 100vw, 311px\" \/><\/figure><div class=\"wp-block-media-text__content\">\n<p>O Grupo de Pesquisa Educa\u00e7\u00e3o Musical, Pol\u00edticas, Decolonialidades e Resist\u00eancia &#8211; EMPODERA iniciou suas atividades a partir de uma expressiva demanda de estudos realizados por alunas e alunos da Universidade do Estado do Par\u00e1 &#8211; UEPA &#8211; CAMPUS XVII na cidade de Vigia no Estado do Par\u00e1. A cidade fica localizada na Microrregi\u00e3o do Salgado Paraense que integra nove cidades que s\u00e3o distantes do Campus da capital. Assim, o grupo come\u00e7ou a desenvolver pesquisas sobre a cultura musical local e, a partir de reuni\u00f5es semanais, come\u00e7ou a discutir propostas de a\u00e7\u00f5es nas diversas comunidades que comp\u00f5em essa regi\u00e3o. O grupo tem desenvolvido pesquisa-a\u00e7\u00e3o com o objetivo de fortalecer o saber local, bem como articular a\u00e7\u00f5es de interc\u00e2mbio cultural por meio de parcerias nacionais e internacionais, tendo participado da organiza\u00e7\u00e3o de mesas redondas, semin\u00e1rios, rodas de conversa, encontros nacionais e internacionais de educa\u00e7\u00e3o musical, bem como institucionalizado Pesquisa \u201cguarda-chuva\u201d que trata sobre Pol\u00edticas P\u00fablicas em Educa\u00e7\u00e3o Musical no Par\u00e1 e projeto de extens\u00e3o \u201cPacto pela Educa\u00e7\u00e3o Musical no Par\u00e1\u201d \u2013 PEMPA, desenvolvido em escolas p\u00fablicas de educa\u00e7\u00e3o b\u00e1sica, nas periferias da capital paraense. As pesquisas desenvolvidas pelo grupo t\u00eam contribu\u00eddo com o fortalecimento da cultura local dando visibilidade \u00e0s diversas manifesta\u00e7\u00f5es musicais a partir de pesquisas engajadas socialmente, fortalecendo a identidade cultural regional, bem como ampliando o debate e as a\u00e7\u00f5es em torno da implementa\u00e7\u00e3o da educa\u00e7\u00e3o musical na educa\u00e7\u00e3o b\u00e1sica. O Grupo de Pesquisa possui, atualmente, duas linhas de pesquisa, a saber: Pol\u00edticas P\u00fablicas em Educa\u00e7\u00e3o Musical no Par\u00e1 coordenada pelo Prof. Dr. Carlos Augusto Pinheiro Souto e Hist\u00f3ria, Arte e M\u00fasica na Amaz\u00f4nia \u2013 HAMA, coordenada pelo Prof. Dr. Jonas Monteiro Arraes.<\/p>\n<\/div><\/div>\n\n\n\n<div class=\"wp-block-media-text has-media-on-the-right is-stacked-on-mobile\" style=\"grid-template-columns:auto 24%\"><div class=\"wp-block-media-text__content\">\n<p>O Grupo de Pesquisa Linguagem, Arte, Cultura e Educa\u00e7\u00e3o na regi\u00e3o do Caet\u00e9 (GP-LACE na regi\u00e3o do Caet\u00e9), foi criado em 02 de maio de 2022 por Docentes, discentes, t\u00e9cnicos da Universidade do Estado do Par\u00e1 (UEPA), Campus XXI, Liceu da M\u00fasica de Bragan\u00e7a-PA e pesquisadores da regi\u00e3o do Caet\u00e9 com o objetivo de investigar, discutir, criar e aprimorar recursos did\u00e1tico-art\u00edsticos-pedag\u00f3gicos-culturais aplicados a diversos contextos de atua\u00e7\u00e3o na regi\u00e3o do Caet\u00e9 pelo entrela\u00e7amento das \u00e1reas do conhecimento relacionadas \u00e0 Linguagem, Arte, Cultura e Educa\u00e7\u00e3o. O GP LACE foi registrado no diret\u00f3rio dos Grupos de Pesquisa na CAPES e certificado pela UEPA. Possui a Linha de Pesquisa Forma\u00e7\u00e3o do Artista-Professor-Pesquisador na Regi\u00e3o do Caet\u00e9, entendendo que Ensino, Pesquisa e Extens\u00e3o s\u00e3o processos distintos, por\u00e9m indissoci\u00e1veis, que se nutrem ciclicamente, provocando novas ideias, experi\u00eancias, sensa\u00e7\u00f5es, teorias e pr\u00e1ticas.<\/p>\n\n\n\n<p><\/p>\n<\/div><figure class=\"wp-block-media-text__media\"><img loading=\"lazy\" decoding=\"async\" width=\"405\" height=\"403\" src=\"https:\/\/propesp.uepa.br\/ppgmusa\/wp-content\/uploads\/2023\/08\/Imagem-LACE.png\" alt=\"\" class=\"wp-image-141 size-full\" srcset=\"https:\/\/propesp.uepa.br\/ppgmusa\/wp-content\/uploads\/2023\/08\/Imagem-LACE.png 405w, https:\/\/propesp.uepa.br\/ppgmusa\/wp-content\/uploads\/2023\/08\/Imagem-LACE-300x300.png 300w, https:\/\/propesp.uepa.br\/ppgmusa\/wp-content\/uploads\/2023\/08\/Imagem-LACE-150x150.png 150w\" sizes=\"auto, (max-width: 405px) 100vw, 405px\" \/><\/figure><\/div>\n\n\n\n<p><\/p>\n\n\n\n<div class=\"wp-block-media-text is-stacked-on-mobile\" style=\"grid-template-columns:30% auto\"><figure class=\"wp-block-media-text__media\"><img loading=\"lazy\" decoding=\"async\" width=\"368\" height=\"238\" src=\"https:\/\/propesp.uepa.br\/ppgmusa\/wp-content\/uploads\/2024\/10\/Gepem.jpg\" alt=\"\" class=\"wp-image-567 size-full\" srcset=\"https:\/\/propesp.uepa.br\/ppgmusa\/wp-content\/uploads\/2024\/10\/Gepem.jpg 368w, https:\/\/propesp.uepa.br\/ppgmusa\/wp-content\/uploads\/2024\/10\/Gepem-300x194.jpg 300w\" sizes=\"auto, (max-width: 368px) 100vw, 368px\" \/><\/figure><div class=\"wp-block-media-text__content\">\n<div class=\"wp-block-group is-layout-constrained wp-block-group-is-layout-constrained\">\n<p><strong>Grupo de Estudo e Pesquisa em M\u00fasica &#8211; GEPEM<\/strong><\/p>\n<\/div>\n\n\n\n<div class=\"wp-block-group is-layout-constrained wp-block-group-is-layout-constrained\">\n<p><a href=\"https:\/\/dgp.cnpq.br\/dgp\/espelhogrupo\/1078866524457083\">dgp.cnpq.br\/<\/a><a href=\"https:\/\/dgp.cnpq.br\/dgp\/espelhogrupo\/1078866524457083\">dgp<\/a><a href=\"https:\/\/dgp.cnpq.br\/dgp\/espelhogrupo\/1078866524457083\">\/<\/a><a href=\"https:\/\/dgp.cnpq.br\/dgp\/espelhogrupo\/1078866524457083\">espelhogrupo<\/a><a href=\"https:\/\/dgp.cnpq.br\/dgp\/espelhogrupo\/1078866524457083\">\/1078866524457083<\/a><\/p>\n<\/div>\n\n\n\n<p>&nbsp;L\u00edder: Jos\u00e9 Ruy Henderson Filho<\/p>\n\n\n\n<p>O GEPEM tem propiciado o desenvolvimento de estudos, discuss\u00f5es e investiga\u00e7\u00f5es, especialmente na \u00e1rea da educa\u00e7\u00e3o musical, embora pesquisas nas sub\u00e1reas da musicologia, da etnomusicologia e das pr\u00e1ticas interpretativas j\u00e1 tenham surgido em 2003. Vem realizando eventos, como palestras, semin\u00e1rios, encontros e tem publicado materiais na Revista da ABEM (2002), Revista Comunica\u00e7\u00e3o Universit\u00e1ria (CCSE\/UEPA, 2003), revista Pr\u00f3-Posi\u00e7\u00f5es (UNICAMP, SP, 2004), revista Arteriais (UFPA, PA, 2018), entre outras. Membros do GEPEM coordenaram os Cursos de P\u00f3s-gradua\u00e7\u00e3o Lato Sensu em Educa\u00e7\u00e3o Musical (2001-2005) e em Ensino das Artes na Educa\u00e7\u00e3o B\u00e1sica da UEPA. O GEPEM realizou o VII Encontro Regional Norte da ABEM, em 2012, em Bel\u00e9m P\u00c1 e desenvolveu de 2012 a 2015 projeto de pesquisa que teve como princ\u00edpio a preserva\u00e7\u00e3o de acervo de partituras para banda de m\u00fasica, contendo obras datadas do in\u00edcio do s\u00e9c. XX, com publica\u00e7\u00e3o em 2018 (Henderson Filho; Castro, 2018).<\/p>\n<\/div><\/div>\n\n\n\n<p><\/p>\n<\/div><\/div>\n\n\n\n<p><\/p>\n","protected":false},"excerpt":{"rendered":"<p>O GEMMA surgiu da inquieta\u00e7\u00e3o de docentes que vivenciam a pr\u00e1tica educativo-musical tanto no Ensino Superior quanto em escolas de Ensino Regular e Especializado. O grupo foi certificado em 2023 no intuito de promover o debate acad\u00eamico, cient\u00edfico e cultural relacionado a pesquisas sobre Educa\u00e7\u00e3o Musical, Mem\u00f3ria e Arte na Amaz\u00f4nia, reunindo professores, alunos, egressos &hellip;<\/p>\n<p class=\"read-more\"> <a class=\"\" href=\"https:\/\/propesp.uepa.br\/ppgmusa\/index.php\/grupos-de-pesquisa\/\"> <span class=\"screen-reader-text\">GRUPOS DE PESQUISA<\/span> Leia mais &raquo;<\/a><\/p>\n","protected":false},"author":1,"featured_media":0,"parent":0,"menu_order":0,"comment_status":"closed","ping_status":"closed","template":"","meta":{"_uag_custom_page_level_css":"","site-sidebar-layout":"default","site-content-layout":"default","ast-global-header-display":"","ast-banner-title-visibility":"","ast-main-header-display":"","ast-hfb-above-header-display":"","ast-hfb-below-header-display":"","ast-hfb-mobile-header-display":"","site-post-title":"","ast-breadcrumbs-content":"","ast-featured-img":"","footer-sml-layout":"","theme-transparent-header-meta":"","adv-header-id-meta":"","stick-header-meta":"","header-above-stick-meta":"","header-main-stick-meta":"","header-below-stick-meta":"","footnotes":""},"class_list":["post-50","page","type-page","status-publish","hentry"],"uagb_featured_image_src":{"full":false,"thumbnail":false,"medium":false,"medium_large":false,"large":false,"1536x1536":false,"2048x2048":false},"uagb_author_info":{"display_name":"adminsites@uepa.br","author_link":"https:\/\/propesp.uepa.br\/ppgmusa\/index.php\/author\/adminsitesuepa-br\/"},"uagb_comment_info":0,"uagb_excerpt":"O GEMMA surgiu da inquieta\u00e7\u00e3o de docentes que vivenciam a pr\u00e1tica educativo-musical tanto no Ensino Superior quanto em escolas de Ensino Regular e Especializado. O grupo foi certificado em 2023 no intuito de promover o debate acad\u00eamico, cient\u00edfico e cultural relacionado a pesquisas sobre Educa\u00e7\u00e3o Musical, Mem\u00f3ria e Arte na Amaz\u00f4nia, reunindo professores, alunos, egressos&hellip;","_links":{"self":[{"href":"https:\/\/propesp.uepa.br\/ppgmusa\/index.php\/wp-json\/wp\/v2\/pages\/50","targetHints":{"allow":["GET"]}}],"collection":[{"href":"https:\/\/propesp.uepa.br\/ppgmusa\/index.php\/wp-json\/wp\/v2\/pages"}],"about":[{"href":"https:\/\/propesp.uepa.br\/ppgmusa\/index.php\/wp-json\/wp\/v2\/types\/page"}],"author":[{"embeddable":true,"href":"https:\/\/propesp.uepa.br\/ppgmusa\/index.php\/wp-json\/wp\/v2\/users\/1"}],"replies":[{"embeddable":true,"href":"https:\/\/propesp.uepa.br\/ppgmusa\/index.php\/wp-json\/wp\/v2\/comments?post=50"}],"version-history":[{"count":23,"href":"https:\/\/propesp.uepa.br\/ppgmusa\/index.php\/wp-json\/wp\/v2\/pages\/50\/revisions"}],"predecessor-version":[{"id":571,"href":"https:\/\/propesp.uepa.br\/ppgmusa\/index.php\/wp-json\/wp\/v2\/pages\/50\/revisions\/571"}],"wp:attachment":[{"href":"https:\/\/propesp.uepa.br\/ppgmusa\/index.php\/wp-json\/wp\/v2\/media?parent=50"}],"curies":[{"name":"wp","href":"https:\/\/api.w.org\/{rel}","templated":true}]}}