{"id":8,"date":"2023-07-27T15:05:56","date_gmt":"2023-07-27T18:05:56","guid":{"rendered":"https:\/\/propesp.uepa.br\/ppgmusa\/?page_id=8"},"modified":"2025-05-30T12:19:01","modified_gmt":"2025-05-30T15:19:01","slug":"home","status":"publish","type":"page","link":"https:\/\/propesp.uepa.br\/ppgmusa\/","title":{"rendered":"Home"},"content":{"rendered":"\n<style>\n.ast-above-header-wrap  {\nbackground: none;\n}\n<\/style>\n\n\n\n<div class=\"wp-block-uagb-container uagb-block-ba6d9b4f alignfull uagb-is-root-container\"><div class=\"uagb-container__shape uagb-container__shape-bottom uagb-container__invert\" data-negative=\"false\"><svg xmlns=\"https:\/\/www.w3.org\/2000\/svg\" viewBox=\"0 0 1000 100\" preserveAspectRatio=\"none\"><path class=\"uagb-container__shape-fill\" d=\"M0,0c0,0,0,6,0,6.7c0,18,240.2,93.6,615.2,92.6C989.8,98.5,1000,25,1000,6.7c0-0.7,0-6.7,0-6.7H0z\"><\/path><\/svg><\/div><div class=\"uagb-container-inner-blocks-wrap\">\n<div class=\"wp-block-uagb-container uagb-block-f6347f2c\">\n<div class=\"wp-block-uagb-advanced-heading uagb-block-0d1bf05a\"><h2 class=\"uagb-heading-text\"><strong>PPGMUSA<\/strong><\/h2><p class=\"uagb-desc-text\">O <strong>Programa de P\u00f3s-gradua\u00e7\u00e3o em M\u00fasica da Amaz\u00f4nia<\/strong> (PPGMUSA) foi concebido em 2023<br> no contexto da Universidade do Estado do Par\u00e1 (UEPA). Consiste no primeiro Mestrado Acad\u00eamico em M\u00fasica de toda a Regi\u00e3o Norte do Brasil, atendendo a uma demanda reprimida de egressos em M\u00fasica que carecem de forma\u00e7\u00e3o continuada em n\u00edvel de p\u00f3s-gradua\u00e7\u00e3o stricto sensu na regi\u00e3o de origem.<\/p><\/div>\n\n\n\n<div class=\"inherit-container-width wp-block-group is-layout-constrained wp-block-group-is-layout-constrained\">\n<div class=\"wp-block-uagb-buttons uagb-buttons__outer-wrap uagb-btn__default-btn uagb-btn-tablet__default-btn uagb-btn-mobile__default-btn uagb-block-1304cf42\"><div class=\"uagb-buttons__wrap uagb-buttons-layout-wrap\">\n<div class=\"wp-block-uagb-buttons-child uagb-buttons__outer-wrap uagb-block-e8055800 wp-block-button\"><div class=\"uagb-button__wrapper\"><a class=\"uagb-buttons-repeater wp-block-button__link\" href=\"#verMais\" onclick=\"return true;\" rel=\"follow noopener\" target=\"_self\"><div class=\"uagb-button__link\">Veja mais<\/div><\/a><\/div><\/div>\n<\/div><\/div>\n<\/div>\n<\/div>\n\n\n\n<div class=\"wp-block-columns is-layout-flex wp-container-core-columns-is-layout-28f84493 wp-block-columns-is-layout-flex\">\n<div class=\"wp-block-column is-layout-flow wp-block-column-is-layout-flow\">\n<div class=\"wp-block-uagb-image alignleft uagb-block-157c451d wp-block-uagb-image--layout-default wp-block-uagb-image--effect-static wp-block-uagb-image--align-left\"><figure class=\"wp-block-uagb-image__figure\"><img decoding=\"async\" srcset=\"https:\/\/propesp.uepa.br\/wp-content\/uploads\/2022\/11\/logo-uepa-branca_Prancheta-1-1024x724.png \" sizes=\"auto, (max-width: 480px) 150px\" src=\"https:\/\/propesp.uepa.br\/wp-content\/uploads\/2022\/11\/logo-uepa-branca_Prancheta-1-1024x724.png\" alt=\"\" class=\"uag-image-4288\" width=\"243\" height=\"114\" title=\"\" loading=\"lazy\"\/><\/figure><\/div>\n<\/div>\n\n\n\n<div class=\"wp-block-column is-vertically-aligned-bottom uag-hide-tab uag-hide-mob is-layout-flow wp-block-column-is-layout-flow\"><\/div>\n<\/div>\n<\/div><\/div>\n\n\n\n<div id=\"verMais\" class=\"wp-block-uagb-container uagb-block-f2c2ea86 alignwide uagb-is-root-container\">\n<div class=\"wp-block-uagb-advanced-heading uagb-block-0384e10d\"><h1 class=\"uagb-heading-text\"><strong>Apresenta\u00e7\u00e3o<\/strong><\/h1><div class=\"uagb-separator\"><\/div><\/div>\n\n\n\n<p>O <strong>Programa de P\u00f3s-gradua\u00e7\u00e3o em M\u00fasica da Amaz\u00f4nia<\/strong> (PPGMUSA) foi concebido em 2023 no contexto da Universidade do Estado do Par\u00e1 (UEPA). Consiste no primeiro Mestrado Acad\u00eamico em M\u00fasica de toda a Regi\u00e3o Norte do Brasil, atendendo a uma demanda reprimida de egressos em M\u00fasica que carecem de forma\u00e7\u00e3o continuada em n\u00edvel de p\u00f3s-gradua\u00e7\u00e3o stricto sensu na regi\u00e3o de origem.<\/p>\n\n\n\n<p>A proposta do <strong>PPGMUSA<\/strong> tem como objetivo qualificar profissionais para a pesquisa e o ensino da m\u00fasica, bem como a extens\u00e3o que socialize o conhecimento produzido, de modo a impulsionar a produ\u00e7\u00e3o e a difus\u00e3o de conhecimento musical sobre a realidade sociocultural mais pr\u00f3xima e mais carente de a\u00e7\u00f5es que impactem a Amaz\u00f4nia, estendendo-se a outras realidades que tamb\u00e9m demandem responsabilidade social, quais sejam: as realidades de outras regi\u00f5es brasileiras ou estrangeiras.<\/p>\n\n\n\n<p>Nesse sentido, o egresso do Mestrado Acad\u00eamico em M\u00fasica na Amaz\u00f4nia ora proposto ser\u00e1 profissional qualificado para a pesquisa, ensino e extens\u00e3o em M\u00fasica. Um profissional cujas pesquisas impactem sobre sua doc\u00eancia (especialmente, mas n\u00e3o exclusivamente, a de ensino superior), tornando-a espa\u00e7o de reflex\u00e3o, interroga\u00e7\u00e3o e investiga\u00e7\u00e3o; de escrita e interlocu\u00e7\u00e3o, tendo em vista a socializa\u00e7\u00e3o de saberes. Desse modo, o egresso poder\u00e1 contribuir, por meio de suas a\u00e7\u00f5es na pesquisa, no ensino e na extens\u00e3o em M\u00fasica, para o desenvolvimento da ci\u00eancia e da educa\u00e7\u00e3o e para a dinamiza\u00e7\u00e3o do mercado de trabalho no Brasil, em particular na Regi\u00e3o Norte.<\/p>\n<\/div>\n\n\n\n<div class=\"wp-block-uagb-container uagb-block-903984f4 alignfull uagb-is-root-container\"><div class=\"uagb-container-inner-blocks-wrap\">\n<div class=\"wp-block-columns is-not-stacked-on-mobile is-layout-flex wp-container-core-columns-is-layout-28f84493 wp-block-columns-is-layout-flex\">\n<div class=\"wp-block-column is-layout-flow wp-block-column-is-layout-flow\" style=\"flex-basis:66.66%\">\n<div class=\"wp-block-uagb-advanced-heading uagb-block-3364c451\"><h3 class=\"uagb-heading-text\"><strong>Not\u00edcias<\/strong><\/h3><\/div>\n<\/div>\n\n\n\n<div class=\"wp-block-column is-layout-flow wp-block-column-is-layout-flow\" style=\"flex-basis:33.33%\">\n<div class=\"wp-block-uagb-buttons uagb-buttons__outer-wrap uagb-btn__default-btn uagb-btn-tablet__default-btn uagb-btn-mobile__default-btn uagb-block-551f88e5\"><div class=\"uagb-buttons__wrap uagb-buttons-layout-wrap\">\n<div class=\"wp-block-uagb-buttons-child uagb-buttons__outer-wrap uagb-block-2aa92508 wp-block-button\"><div class=\"uagb-button__wrapper\"><a class=\"uagb-buttons-repeater wp-block-button__link\" href=\"https:\/\/propesp.uepa.br\/ppgmusa\/index.php\/noticias\/\" onclick=\"return true;\" rel=\"follow noopener\" target=\"_self\"><div class=\"uagb-button__link\">Ver mais<\/div><\/a><\/div><\/div>\n<\/div><\/div>\n<\/div>\n<\/div>\n\n\n\n\t\t\t<div class=\"wp-block-uagb-post-carousel uagb-post-grid  uagb-post__image-position-top uagb-post__image-disabled uagb-block-57ac7756     uagb-post__arrow-outside uagb-slick-carousel uagb-post__items uagb-post__columns-1 is-carousel uagb-post__columns-tablet-1 uagb-post__columns-mobile-1\" data-total=\"1\" style=\"\">\n\n\t\t\t\t\t\t\t\t\t\t\t\t<article class=\"uagb-post__inner-wrap\">\t\t\t\t\t\t\t\t<h4 class=\"uagb-post__title uagb-post__text\">\n\t\t\t\t<a href=\"https:\/\/propesp.uepa.br\/ppgmusa\/index.php\/2025\/05\/30\/chamada-para-selecao-de-docentes-permanentes-e-colaboradores-do-programa-ppgmusa\/\" target=\"_self\" rel=\"bookmark noopener noreferrer\">\u00a0CHAMADA PARA SELE\u00c7\u00c3O DE DOCENTES PERMANENTES E COLABORADORES DO PROGRAMA\u00a0PPGMUSA<\/a>\n\t\t\t<\/h4>\n\t\t\t\t\t\t<div class='uagb-post__text uagb-post-grid-byline'>\n\t\t\t\t\t\t\t\t<time datetime=\"2025-05-30T12:46:27-03:00\" class=\"uagb-post__date\">\n\t\t\t\t<span class=\"dashicons-calendar dashicons\"><\/span>\t\t\t\t\t30 de maio de 2025\t\t\t\t<\/time>\n\t\t\t\t\t\t\t<span class=\"uagb-post__comment\">\n\t\t\t\t<span class=\"dashicons-admin-comments dashicons\"><\/span>\t\t\t\t\tNenhum coment\u00e1rio\t\t\t\t<\/span>\n\t\t\t\t\t\t<\/div>\n\t\t\t\t\t\t\t<div class='uagb-post__text uagb-post__excerpt'>\n\t\t\t\t\t<p>Chamada_docentes_PPGMUSA_assinado_assinado FINALBaixar<\/p>\n\t\t\t\t<\/div>\n\t\t\t\t\t\t<div class=\"uagb-post__text uagb-post__cta wp-block-button\">\n\t\t\t\t<a class=\"wp-block-button__link uagb-text-link\" href=\"https:\/\/propesp.uepa.br\/ppgmusa\/index.php\/2025\/05\/30\/chamada-para-selecao-de-docentes-permanentes-e-colaboradores-do-programa-ppgmusa\/\" target=\"_self\" rel=\"bookmark noopener noreferrer\">Ler mais<\/a>\n\t\t\t<\/div>\n\t\t\t\t\t\t\t\t\t\t\t\t<\/article>\n\t\t\t\t\t\t\t\t\t\t\t\t\t\t\t\t<article class=\"uagb-post__inner-wrap\">\t\t\t\t\t\t\t\t<h4 class=\"uagb-post__title uagb-post__text\">\n\t\t\t\t<a href=\"https:\/\/propesp.uepa.br\/ppgmusa\/index.php\/2024\/07\/29\/cronograma-de-matriculas-de-candidatos-aprovados-ppgmusa\/\" target=\"_self\" rel=\"bookmark noopener noreferrer\">Cronograma de Matriculas de Candidatos Aprovados PPGMUSA<\/a>\n\t\t\t<\/h4>\n\t\t\t\t\t\t<div class='uagb-post__text uagb-post-grid-byline'>\n\t\t\t\t\t\t\t\t<time datetime=\"2024-07-29T15:03:59-03:00\" class=\"uagb-post__date\">\n\t\t\t\t<span class=\"dashicons-calendar dashicons\"><\/span>\t\t\t\t\t29 de julho de 2024\t\t\t\t<\/time>\n\t\t\t\t\t\t\t<span class=\"uagb-post__comment\">\n\t\t\t\t<span class=\"dashicons-admin-comments dashicons\"><\/span>\t\t\t\t\tNenhum coment\u00e1rio\t\t\t\t<\/span>\n\t\t\t\t\t\t<\/div>\n\t\t\t\t\t\t\t<div class='uagb-post__text uagb-post__excerpt'>\n\t\t\t\t\t<p>Os candidatos aprovados no processo seletivo do PPGMUSA devem efetuar a matricula&#8230;\t\t\t\t<\/div>\n\t\t\t\t\t\t<div class=\"uagb-post__text uagb-post__cta wp-block-button\">\n\t\t\t\t<a class=\"wp-block-button__link uagb-text-link\" href=\"https:\/\/propesp.uepa.br\/ppgmusa\/index.php\/2024\/07\/29\/cronograma-de-matriculas-de-candidatos-aprovados-ppgmusa\/\" target=\"_self\" rel=\"bookmark noopener noreferrer\">Ler mais<\/a>\n\t\t\t<\/div>\n\t\t\t\t\t\t\t\t\t\t\t\t<\/article>\n\t\t\t\t\t\t\t\t\t\t\t\t\t\t\t\t<article class=\"uagb-post__inner-wrap\">\t\t\t\t\t\t\t\t<h4 class=\"uagb-post__title uagb-post__text\">\n\t\t\t\t<a href=\"https:\/\/propesp.uepa.br\/ppgmusa\/index.php\/2024\/07\/29\/resultado-final-por-linha-de-pesquisa-com-notas-e-medias-finais-edital-no-20-2024-uepa\/\" target=\"_self\" rel=\"bookmark noopener noreferrer\">RESULTADO FINAL \u2013 POR LINHA DE PESQUISA, COM NOTAS E M\u00c9DIAS FINAIS \u2013 EDITAL N\u00ba 20-2024\/UEPA<\/a>\n\t\t\t<\/h4>\n\t\t\t\t\t\t<div class='uagb-post__text uagb-post-grid-byline'>\n\t\t\t\t\t\t\t\t<time datetime=\"2024-07-29T14:37:38-03:00\" class=\"uagb-post__date\">\n\t\t\t\t<span class=\"dashicons-calendar dashicons\"><\/span>\t\t\t\t\t29 de julho de 2024\t\t\t\t<\/time>\n\t\t\t\t\t\t\t<span class=\"uagb-post__comment\">\n\t\t\t\t<span class=\"dashicons-admin-comments dashicons\"><\/span>\t\t\t\t\tNenhum coment\u00e1rio\t\t\t\t<\/span>\n\t\t\t\t\t\t<\/div>\n\t\t\t\t\t\t\t<div class='uagb-post__text uagb-post__excerpt'>\n\t\t\t\t\t<p>RESULTADO_FINAL_Processo_Seletivo_PPGMUSA_20-2024 Por Linha 26.06.2024 (Assinado)Baixar<\/p>\n\t\t\t\t<\/div>\n\t\t\t\t\t\t<div class=\"uagb-post__text uagb-post__cta wp-block-button\">\n\t\t\t\t<a class=\"wp-block-button__link uagb-text-link\" href=\"https:\/\/propesp.uepa.br\/ppgmusa\/index.php\/2024\/07\/29\/resultado-final-por-linha-de-pesquisa-com-notas-e-medias-finais-edital-no-20-2024-uepa\/\" target=\"_self\" rel=\"bookmark noopener noreferrer\">Ler mais<\/a>\n\t\t\t<\/div>\n\t\t\t\t\t\t\t\t\t\t\t\t<\/article>\n\t\t\t\t\t\t\t\t\t\t\t<\/div>\n\t\t\t<\/div><\/div>\n\n\n\n<div class=\"wp-block-uagb-container uagb-block-b61c3b29 alignfull uagb-is-root-container\"><div class=\"uagb-container__shape uagb-container__shape-bottom uagb-container__invert\" data-negative=\"false\"><svg xmlns=\"https:\/\/www.w3.org\/2000\/svg\" viewBox=\"0 0 1000 100\" preserveAspectRatio=\"none\"><path class=\"uagb-container__shape-fill\" d=\"M0,0c0,0,0,6,0,6.7c0,18,240.2,93.6,615.2,92.6C989.8,98.5,1000,25,1000,6.7c0-0.7,0-6.7,0-6.7H0z\"><\/path><\/svg><\/div><div class=\"uagb-container-inner-blocks-wrap\">\n<div class=\"wp-block-uagb-container uagb-block-623406b6\">\n<div class=\"wp-block-uagb-image aligncenter uagb-block-a6fd8289 wp-block-uagb-image--layout-overlay wp-block-uagb-image--effect-static wp-block-uagb-image--align-center\"><figure class=\"wp-block-uagb-image__figure\"><a class=\"\" href=\"https:\/\/propesp.uepa.br\/ppgmusa\/index.php\/editais-2\/\" target=\"\" rel=\"noopener\"><img decoding=\"async\" srcset=\"https:\/\/propesp.uepa.br\/ppgmusa\/wp-content\/uploads\/2023\/09\/homem-corrigindo-erros-gramaticais-vista-frontal-1024x682.jpg \" sizes=\"auto, (max-width: 480px) 150px\" src=\"https:\/\/propesp.uepa.br\/ppgmusa\/wp-content\/uploads\/2023\/09\/homem-corrigindo-erros-gramaticais-vista-frontal-1024x682.jpg\" alt=\"\" class=\"uag-image-297\" width=\"800\" height=\"400\" title=\"\" loading=\"lazy\"\/><\/a><div class=\"wp-block-uagb-image--layout-overlay__color-wrapper\"><\/div><div class=\"wp-block-uagb-image--layout-overlay__inner center-center\"><a class=\"wp-block-uagb-image--layout-overlay-link \" href=\"https:\/\/propesp.uepa.br\/ppgmusa\/index.php\/editais-2\/\" target=\"\" rel=\"noopener\"><\/a><h2 class=\"uagb-image-heading\"><a href=\"https:\/\/propesp.uepa.br\/ppgmusa\/index.php\/editais-2\/\" data-type=\"link\" data-id=\"https:\/\/propesp.uepa.br\/ppgmusa\/index.php\/editais-2\/\">Editais e Chamadas<\/a><\/h2><\/div><\/figure><\/div>\n<\/div>\n<\/div><\/div>\n","protected":false},"excerpt":{"rendered":"<p>PPGMUSA O Programa de P\u00f3s-gradua\u00e7\u00e3o em M\u00fasica da Amaz\u00f4nia (PPGMUSA) foi concebido em 2023 no contexto da Universidade do Estado do Par\u00e1 (UEPA). Consiste no primeiro Mestrado Acad\u00eamico em M\u00fasica de toda a Regi\u00e3o Norte do Brasil, atendendo a uma demanda reprimida de egressos em M\u00fasica que carecem de forma\u00e7\u00e3o continuada em n\u00edvel de p\u00f3s-gradua\u00e7\u00e3o &hellip;<\/p>\n<p class=\"read-more\"> <a class=\"\" href=\"https:\/\/propesp.uepa.br\/ppgmusa\/\"> <span class=\"screen-reader-text\">Home<\/span> Leia mais &raquo;<\/a><\/p>\n","protected":false},"author":1,"featured_media":0,"parent":0,"menu_order":0,"comment_status":"closed","ping_status":"closed","template":"","meta":{"_uag_custom_page_level_css":"","site-sidebar-layout":"no-sidebar","site-content-layout":"plain-container","ast-global-header-display":"","ast-banner-title-visibility":"","ast-main-header-display":"","ast-hfb-above-header-display":"","ast-hfb-below-header-display":"","ast-hfb-mobile-header-display":"","site-post-title":"disabled","ast-breadcrumbs-content":"","ast-featured-img":"","footer-sml-layout":"","theme-transparent-header-meta":"enabled","adv-header-id-meta":"","stick-header-meta":"","header-above-stick-meta":"","header-main-stick-meta":"","header-below-stick-meta":"","footnotes":""},"class_list":["post-8","page","type-page","status-publish","hentry"],"uagb_featured_image_src":{"full":false,"thumbnail":false,"medium":false,"medium_large":false,"large":false,"1536x1536":false,"2048x2048":false},"uagb_author_info":{"display_name":"adminsites@uepa.br","author_link":"https:\/\/propesp.uepa.br\/ppgmusa\/index.php\/author\/adminsitesuepa-br\/"},"uagb_comment_info":0,"uagb_excerpt":"PPGMUSA O Programa de P\u00f3s-gradua\u00e7\u00e3o em M\u00fasica da Amaz\u00f4nia (PPGMUSA) foi concebido em 2023 no contexto da Universidade do Estado do Par\u00e1 (UEPA). Consiste no primeiro Mestrado Acad\u00eamico em M\u00fasica de toda a Regi\u00e3o Norte do Brasil, atendendo a uma demanda reprimida de egressos em M\u00fasica que carecem de forma\u00e7\u00e3o continuada em n\u00edvel de p\u00f3s-gradua\u00e7\u00e3o&hellip;","_links":{"self":[{"href":"https:\/\/propesp.uepa.br\/ppgmusa\/index.php\/wp-json\/wp\/v2\/pages\/8","targetHints":{"allow":["GET"]}}],"collection":[{"href":"https:\/\/propesp.uepa.br\/ppgmusa\/index.php\/wp-json\/wp\/v2\/pages"}],"about":[{"href":"https:\/\/propesp.uepa.br\/ppgmusa\/index.php\/wp-json\/wp\/v2\/types\/page"}],"author":[{"embeddable":true,"href":"https:\/\/propesp.uepa.br\/ppgmusa\/index.php\/wp-json\/wp\/v2\/users\/1"}],"replies":[{"embeddable":true,"href":"https:\/\/propesp.uepa.br\/ppgmusa\/index.php\/wp-json\/wp\/v2\/comments?post=8"}],"version-history":[{"count":56,"href":"https:\/\/propesp.uepa.br\/ppgmusa\/index.php\/wp-json\/wp\/v2\/pages\/8\/revisions"}],"predecessor-version":[{"id":591,"href":"https:\/\/propesp.uepa.br\/ppgmusa\/index.php\/wp-json\/wp\/v2\/pages\/8\/revisions\/591"}],"wp:attachment":[{"href":"https:\/\/propesp.uepa.br\/ppgmusa\/index.php\/wp-json\/wp\/v2\/media?parent=8"}],"curies":[{"name":"wp","href":"https:\/\/api.w.org\/{rel}","templated":true}]}}