{"id":57,"date":"2023-09-08T11:35:01","date_gmt":"2023-09-08T14:35:01","guid":{"rendered":"https:\/\/propesp.uepa.br\/ppgreab\/?page_id=57"},"modified":"2026-01-26T10:06:42","modified_gmt":"2026-01-26T13:06:42","slug":"docentes-e-linhas-de-pesquisa","status":"publish","type":"page","link":"https:\/\/propesp.uepa.br\/ppgreab\/index.php\/docentes-e-linhas-de-pesquisa\/","title":{"rendered":"Docentes e Linhas de Pesquisa"},"content":{"rendered":"\n<div class=\"wp-block-uagb-container uagb-block-fa8ad576 alignfull uagb-is-root-container\"><div class=\"uagb-container-inner-blocks-wrap\">\n<div class=\"wp-block-uagb-advanced-heading uagb-block-f73822d8\"><h2 class=\"uagb-heading-text\"><strong>Docentes e Linhas de Pesquisa<\/strong><\/h2><div class=\"uagb-separator\"><\/div><\/div>\n\n\n\n<div class=\"wp-block-uagb-advanced-heading uagb-block-8cf6d699\"><h4 class=\"uagb-heading-text\"><strong>Linha de pesquisa 1: <\/strong><\/h4><\/div>\n\n\n\n<div class=\"wp-block-uagb-advanced-heading uagb-block-dd49f6f2\"><h4 class=\"uagb-heading-text\">Avalia\u00e7\u00e3o e interven\u00e7\u00e3o terap\u00eautica nos sistemas cardiorrespirat\u00f3rio e metab\u00f3lico<\/h4><p class=\"uagb-desc-text\">Investiga\u00e7\u00e3o de m\u00e9todos de avalia\u00e7\u00e3o, protocolos, t\u00e9cnicas e recursos f\u00edsicos utilizados na reabilita\u00e7\u00e3o e desempenho funcional aplicados aos sistemas cardiovascular, respirat\u00f3rio e metab\u00f3lico nos processos de sa\u00fade e doen\u00e7a.<\/p><\/div>\n\n\n\n<figure class=\"wp-block-table alignfull\"><table class=\"has-ast-global-color-8-color has-text-color\"><tbody><tr><td><strong>DOCENTE<\/strong><\/td><td class=\"has-text-align-left\" data-align=\"left\"><strong>PROJETO DE PESQUISA<\/strong><\/td><td><strong>E-MAIL<\/strong><\/td><td><strong>LATTES<\/strong><\/td><\/tr><tr><td>Prof. Dr. Apio Ricardo Nazareth Dias<\/td><td class=\"has-text-align-left\" data-align=\"left\">Avalia\u00e7\u00e3o e interven\u00e7\u00e3o nas sequelas dos componentes cardiovascular, respirat\u00f3rio e metab\u00f3lico causadas por agentes infecciosos em adultos<\/td><td><a href=\"mailto:apio.dias@uepa.br\">apio.dias@uepa.br<\/a> <\/td><td><a href=\"http:\/\/lattes.cnpq.br\/5653114954874400\">http:\/\/lattes.cnpq.br\/5653114954874400 <\/a><\/td><\/tr><tr><td>Prof. Dr. Erik Artur Cortinhas Alves &nbsp;<\/td><td class=\"has-text-align-left\" data-align=\"left\">Efeitos do exerc\u00edcio f\u00edsico em pacientes com doen\u00e7as metab\u00f3licas e neurodegenerativas &nbsp;<\/td><td><a href=\"mailto:erik.alves@uepa.br\">erik.alves@uepa.br<\/a>&nbsp;<\/td><td><a href=\"http:\/\/lattes.cnpq.br\/9125390243566397\">http:\/\/lattes.cnpq.br\/9125390243566397 <\/a><\/td><\/tr><tr><td>Prof. Dr. Jose Robertto Zaffalon Junior &nbsp;<\/td><td class=\"has-text-align-left\" data-align=\"left\">Efeitos do exerc\u00edcio f\u00edsico sobre vari\u00e1veis hemodin\u00e2micas de indiv\u00edduos com doen\u00e7a cr\u00f4nica n\u00e3o transmiss\u00edvel<\/td><td><a href=\"mailto:jrzaffalon@uepa.br\">jrzaffalon@uepa.br<\/a><\/td><td><a href=\"http:\/\/lattes.cnpq.br\/8638150719714736\">http:\/\/lattes.cnpq.br\/8638150719714736<\/a> &nbsp;<\/td><\/tr><tr><td>Profa. Dra.Katiane da Costa Cunha &nbsp;<\/td><td class=\"has-text-align-left\" data-align=\"left\">Interven\u00e7\u00e3o terap\u00eautica cardiorrespirat\u00f3ria em pacientes neonatos e pedi\u00e1tricos<\/td><td><a href=\"mailto:katiane.cunha@uepa.br\">katiane.cunha@uepa.br<\/a><\/td><td><a href=\"http:\/\/lattes.cnpq.br\/4868349926785832\">http:\/\/lattes.cnpq.br\/4868349926785832<\/a> &nbsp;<\/td><\/tr><tr><td>Prof. Dr. Luiz Fabio Magno Falc\u00e3o &nbsp;<\/td><td class=\"has-text-align-left\" data-align=\"left\">Avalia\u00e7\u00e3o e interven\u00e7\u00e3o fisioterap\u00eautica nas doen\u00e7as cardiovasculares<\/td><td><a href=\"mailto:fabiofalcao@uepa.br\">fabiofalcao@uepa.br<\/a><\/td><td><a href=\"http:\/\/lattes.cnpq.br\/9480045955522851\">http:\/\/lattes.cnpq.br\/9480045955522851<\/a> &nbsp; &nbsp;<\/td><\/tr><tr><td>Prof. Dr. Marcio Clementino de Souza Santos &nbsp;<\/td><td class=\"has-text-align-left\" data-align=\"left\">Avalia\u00e7\u00e3o e reabilita\u00e7\u00e3o do sistema cardiovascular, respirat\u00f3rio e metab\u00f3lico nas doen\u00e7as emergentes na Amaz\u00f4nia<\/td><td><a href=\"mailto:marcio.santos@uepa.br\">marcio.santos@uepa.br<\/a><\/td><td><a href=\"http:\/\/lattes.cnpq.br\/6205050223011395\">http:\/\/lattes.cnpq.br\/6205050223011395<\/a> &nbsp; &nbsp;<\/td><\/tr><tr><td>Prof. Dr. Odilom Salim Costa Abrahin<\/td><td class=\"has-text-align-left\" data-align=\"left\">Efeitos do treinamento resistido, endurance e combinado nos par\u00e2metros cl\u00ednicos e funcionais de pessoas idosas com s\u00edndrome metab\u00f3lica<\/td><td><a href=\"mailto:odilom.sc.abrahin@uepa.br\">odilom.sc.abrahin@uepa.br<\/a><\/td><td><a href=\"http:\/\/lattes.cnpq.br\/4789860584382316\">http:\/\/lattes.cnpq.br\/4789860584382316<\/a><\/td><\/tr><tr><td>Prof. Dr. Rodolfo Gomes Nascimento<\/td><td class=\"has-text-align-left\" data-align=\"left\">Estrat\u00e9gias&nbsp;emergentes de rastreio cl\u00ednico-funcional, gerenciamento e telerreabilita\u00e7\u00e3o cardiovascular em Comunidades Tradicionais da Amaz\u00f4nia<\/td><td><a href=\"mailto:rodolfo.gomes@uepa.br\">rodolfo.gomes@uepa.br<\/a><\/td><td><a href=\"http:\/\/lattes.cnpq.br\/5645426555194230\">http:\/\/lattes.cnpq.br\/5645426555194230<\/a><\/td><\/tr><tr><td>Prof. Dr. Rodrigo Santiago Barbosa Rocha &nbsp;<\/td><td class=\"has-text-align-left\" data-align=\"left\">Interven\u00e7\u00f5es terap\u00eauticas sobre vari\u00e1veis cardiorrespirat\u00f3rias e metab\u00f3licas em pacientes no ambiente hospitalar<\/td><td><a href=\"mailto:rodrigo.santiago.rocha@uepa.br\">rodrigo.santiago.rocha@uepa.br<\/a> &nbsp;<\/td><td><a href=\"http:\/\/lattes.cnpq.br\/4119162366965074\">http:\/\/lattes.cnpq.br\/4119162366965074<\/a> &nbsp; &nbsp; &nbsp;<\/td><\/tr><tr><td>Prof. Dr. Smayk Barbosa Sousa<\/td><td class=\"has-text-align-left\" data-align=\"left\">Avalia\u00e7\u00e3o e interven\u00e7\u00e3o muscular em esportes individuais, coletivos e no desempenho f\u00edsico<\/td><td><a href=\"https:\/\/propesp.uepa.br\/ppgreab\/wp-admin\/renee.caldas@uepa.br\">smayk@uepa.br<\/a><\/td><td><a href=\"http:\/\/lattes.cnpq.br\/4620354517103607\">http:\/\/lattes.cnpq.br\/4620354517103607<\/a><\/td><\/tr><tr><td>Profa. Dra. Valeria Marques Ferreira Normando<\/td><td class=\"has-text-align-left\" data-align=\"left\">Avalia\u00e7\u00e3o e interven\u00e7\u00e3o fisioterap\u00eautica nas doen\u00e7as do trato respirat\u00f3rio<\/td><td><a href=\"mailto:valerianormando@uepa.br\">valerianormando@uepa.br<\/a><\/td><td><a href=\"http:\/\/lattes.cnpq.br\/7098261432975265\">http:\/\/lattes.cnpq.br\/7098261432975265<\/a> &nbsp;<\/td><\/tr><\/tbody><\/table><\/figure>\n\n\n\n<div class=\"wp-block-uagb-advanced-heading uagb-block-984a11ed\"><h4 class=\"uagb-heading-text\"><strong>Linha de pesquisa 2: <\/strong><\/h4><\/div>\n\n\n\n<div class=\"wp-block-uagb-advanced-heading uagb-block-0f41d8ee\"><h4 class=\"uagb-heading-text\"><strong>Avalia\u00e7\u00e3o e interven\u00e7\u00e3o terap\u00eautica nos sistemas neuromuscular<\/strong><\/h4><p class=\"uagb-desc-text\">Investiga\u00e7\u00e3o de m\u00e9todos de avalia\u00e7\u00e3o, protocolos, t\u00e9cnicas e recursos f\u00edsicos utilizados na reabilita\u00e7\u00e3o e desempenho funcional aplicados ao sistema neuromuscular nos processos de sa\u00fade e doen\u00e7a.<\/p><\/div>\n\n\n\n<figure class=\"wp-block-table\"><table class=\"has-ast-global-color-8-color has-text-color\"><tbody><tr><td><strong>DOCENTE<\/strong><\/td><td><strong>PROJETO DE PESQUISA<\/strong><\/td><td><strong>E-MAIL<\/strong><\/td><td><strong>LATTES<\/strong><\/td><\/tr><tr><td>Prof. Dr. Andr\u00e9 dos Santos Cabral<\/td><td>Aplicabilidade de sensores inerciais de<br>tecnologias m\u00f3veis para avalia\u00e7\u00e3o, tratamento, e<br>treinamento do movimento humano<\/td><td><a href=\"mailto:andre.cabral@uepa.br\">andre.cabral@uepa.br<\/a><\/td><td><a href=\"https:\/\/lattes.cnpq.br\/2120093942326311\">https:\/\/lattes.cnpq.br\/2120093942326311<\/a><\/td><\/tr><tr><td>Profa. Dra. Biatriz Araujo Cardoso Dias &nbsp;<\/td><td>Avalia\u00e7\u00e3o e Interven\u00e7\u00e3o nas altera\u00e7\u00f5es ortop\u00e9dicas e suas repercuss\u00f5es no controle postural de crian\u00e7as e adolescentes<\/td><td><a href=\"mailto:biatriz.cardoso@uepa.br\">biatriz.cardoso@uepa.br<\/a> &nbsp; &nbsp; &nbsp;<\/td><td><a href=\"http:\/\/lattes.cnpq.br\/6691738832729865\">http:\/\/lattes.cnpq.br\/6691738832729865<\/a> &nbsp;<\/td><\/tr><tr><td>Prof. Dr. Claudio Joaquim Borba Pinheiro<\/td><td>Efeitos do exerc\u00edcio f\u00edsico sobre vari\u00e1veis de sa\u00fade f\u00edsica e mental &nbsp;<\/td><td><a href=\"mailto:claudio.pinheiro@uepa.br\">claudio.pinheiro@uepa.br<\/a> &nbsp;<\/td><td><a href=\"http:\/\/lattes.cnpq.br\/3169671245744894\">http:\/\/lattes.cnpq.br\/3169671245744894<\/a> &nbsp; &nbsp;<\/td><\/tr><tr><td>Prof. Dr. Elson Ferreira Costa<\/td><td>Avalia\u00e7\u00e3o e interven\u00e7\u00e3o terap\u00eautica no neurodesenvolvimento e no desempenho funcional de crian\u00e7as e adolescentes<\/td><td><a href=\"mailto:elson.fcosta@uepa.br\">elson.fcosta@uepa.br<\/a><\/td><td><a href=\"http:\/\/lattes.cnpq.br\/1942489785908185\">http:\/\/lattes.cnpq.br\/1942489785908185<\/a> &nbsp;<\/td><\/tr><tr><td>Profa. Dra. Erica Feio Carneiro&nbsp;<\/td><td>Avalia\u00e7\u00e3o e interven\u00e7\u00e3o terap\u00eautica no assoalho p\u00e9lvico<\/td><td><a href=\"mailto:ericacarneiro@uepa.br\">ericacarneiro@uepa.br<\/a><\/td><td><a href=\"http:\/\/lattes.cnpq.br\/7249345739207327\">http:\/\/lattes.cnpq.br\/7249345739207327<\/a> &nbsp; &nbsp;<\/td><\/tr><tr><td>Prof. Dr. Erik Artur Cortinhas Alves &nbsp;<\/td><td>Efeitos do exerc\u00edcio f\u00edsico em pacientes com doen\u00e7as metab\u00f3licas e neurodegenerativas &nbsp;<\/td><td><a href=\"mailto:erik.alves@uepa.br\">erik.alves@uepa.br<\/a><\/td><td><a href=\"http:\/\/lattes.cnpq.br\/9125390243566397\">http:\/\/lattes.cnpq.br\/9125390243566397<\/a> &nbsp;<\/td><\/tr><tr><td>Profa. Dra. Katiane da Costa Cunha<\/td><td>Estimula\u00e7\u00e3o sens\u00f3rio motora em prematuros na unidade neonatal<\/td><td><a href=\"mailto:katiane.cunha@uepa.br\">katiane.cunha@uepa.br<\/a><\/td><td><a href=\"http:\/\/lattes.cnpq.br\/4868349926785832\">http:\/\/lattes.cnpq.br\/4868349926785832<\/a><\/td><\/tr><tr><td>Profa. Dra. Larissa Salgado de Oliveira Rocha &nbsp;<\/td><td>An\u00e1lise do comportamento motor em indiv\u00edduos com disfun\u00e7\u00f5es neurol\u00f3gicas submetidos a interven\u00e7\u00e3o terap\u00eautica<\/td><td><a href=\"mailto:larissa.salgado@uepa.br\">larissa.salgado@uepa.br<\/a><\/td><td><a href=\"http:\/\/lattes.cnpq.br\/5845875136160009\">http:\/\/lattes.cnpq.br\/5845875136160009<\/a> &nbsp;<\/td><\/tr><tr><td>Profa. Dra. Luciane Lobato Sobral &nbsp;<\/td><td>An\u00e1lise da plasticidade neuromuscular frente ao exerc\u00edcio f\u00edsico<\/td><td><a href=\"mailto:luciane.sobral@uepa.br\">luciane.sobral@uepa.br<\/a><\/td><td><a href=\"http:\/\/lattes.cnpq.br\/4916750587369204\">http:\/\/lattes.cnpq.br\/4916750587369204<\/a> &nbsp; &nbsp;<\/td><\/tr><tr><td>Profa. Dra. Lucieny da Silva Pontes &nbsp;<\/td><td>An\u00e1lise global do movimento de crian\u00e7as e adolescentes<\/td><td><a href=\"mailto:lucieny.pontes@uepa.br\">lucieny.pontes@uepa.br<\/a><\/td><td><a href=\"http:\/\/lattes.cnpq.br\/6941268755764527\">http:\/\/lattes.cnpq.br\/6941268755764527<\/a> &nbsp;<\/td><\/tr><tr><td>Prof. Dr. Smayk Barbosa Sousa<\/td><td>Avalia\u00e7\u00e3o e interven\u00e7\u00e3o muscular em esportes individuais, coletivos e no desempenho f\u00edsico<\/td><td><a href=\"renee.caldas@uepa.br\" data-type=\"link\" data-id=\"renee.caldas@uepa.br\">smayk@uepa.br<\/a><\/td><td><a href=\"http:\/\/lattes.cnpq.br\/4620354517103607\">http:\/\/lattes.cnpq.br\/4620354517103607<\/a><\/td><\/tr><\/tbody><\/table><\/figure>\n\n\n\n<hr class=\"wp-block-separator has-alpha-channel-opacity is-style-dots\" style=\"margin-top:var(--wp--preset--spacing--80);margin-bottom:var(--wp--preset--spacing--80)\"\/>\n<\/div><\/div>\n","protected":false},"excerpt":{"rendered":"<p>Docentes e Linhas de Pesquisa Linha de pesquisa 1: Avalia\u00e7\u00e3o e interven\u00e7\u00e3o terap\u00eautica nos sistemas cardiorrespirat\u00f3rio e metab\u00f3lico Investiga\u00e7\u00e3o de m\u00e9todos de avalia\u00e7\u00e3o, protocolos, t\u00e9cnicas e recursos f\u00edsicos utilizados na reabilita\u00e7\u00e3o e desempenho funcional aplicados aos sistemas cardiovascular, respirat\u00f3rio e metab\u00f3lico nos processos de sa\u00fade e doen\u00e7a. DOCENTE PROJETO DE PESQUISA E-MAIL LATTES Prof. Dr. &hellip;<\/p>\n<p class=\"read-more\"> <a class=\"\" href=\"https:\/\/propesp.uepa.br\/ppgreab\/index.php\/docentes-e-linhas-de-pesquisa\/\"> <span class=\"screen-reader-text\">Docentes e Linhas de Pesquisa<\/span> Leia mais &raquo;<\/a><\/p>\n","protected":false},"author":1,"featured_media":0,"parent":0,"menu_order":0,"comment_status":"closed","ping_status":"closed","template":"","meta":{"_uag_custom_page_level_css":"","site-sidebar-layout":"default","site-content-layout":"","ast-site-content-layout":"","site-content-style":"default","site-sidebar-style":"default","ast-global-header-display":"","ast-banner-title-visibility":"","ast-main-header-display":"","ast-hfb-above-header-display":"","ast-hfb-below-header-display":"","ast-hfb-mobile-header-display":"","site-post-title":"disabled","ast-breadcrumbs-content":"","ast-featured-img":"","footer-sml-layout":"","theme-transparent-header-meta":"","adv-header-id-meta":"","stick-header-meta":"","header-above-stick-meta":"","header-main-stick-meta":"","header-below-stick-meta":"","astra-migrate-meta-layouts":"","ast-page-background-enabled":"default","ast-page-background-meta":{"desktop":{"background-color":"var(--ast-global-color-4)","background-image":"","background-repeat":"repeat","background-position":"center center","background-size":"auto","background-attachment":"scroll","background-type":"","background-media":"","overlay-type":"","overlay-color":"","overlay-gradient":""},"tablet":{"background-color":"","background-image":"","background-repeat":"repeat","background-position":"center center","background-size":"auto","background-attachment":"scroll","background-type":"","background-media":"","overlay-type":"","overlay-color":"","overlay-gradient":""},"mobile":{"background-color":"","background-image":"","background-repeat":"repeat","background-position":"center center","background-size":"auto","background-attachment":"scroll","background-type":"","background-media":"","overlay-type":"","overlay-color":"","overlay-gradient":""}},"ast-content-background-meta":{"desktop":{"background-color":"var(--ast-global-color-5)","background-image":"","background-repeat":"repeat","background-position":"center center","background-size":"auto","background-attachment":"scroll","background-type":"","background-media":"","overlay-type":"","overlay-color":"","overlay-gradient":""},"tablet":{"background-color":"var(--ast-global-color-5)","background-image":"","background-repeat":"repeat","background-position":"center center","background-size":"auto","background-attachment":"scroll","background-type":"","background-media":"","overlay-type":"","overlay-color":"","overlay-gradient":""},"mobile":{"background-color":"var(--ast-global-color-5)","background-image":"","background-repeat":"repeat","background-position":"center center","background-size":"auto","background-attachment":"scroll","background-type":"","background-media":"","overlay-type":"","overlay-color":"","overlay-gradient":""}},"footnotes":""},"class_list":["post-57","page","type-page","status-publish","hentry"],"uagb_featured_image_src":{"full":false,"thumbnail":false,"medium":false,"medium_large":false,"large":false,"1536x1536":false,"2048x2048":false},"uagb_author_info":{"display_name":"adminsites@uepa.br","author_link":"https:\/\/propesp.uepa.br\/ppgreab\/index.php\/author\/adminsitesuepa-br\/"},"uagb_comment_info":0,"uagb_excerpt":"Docentes e Linhas de Pesquisa Linha de pesquisa 1: Avalia\u00e7\u00e3o e interven\u00e7\u00e3o terap\u00eautica nos sistemas cardiorrespirat\u00f3rio e metab\u00f3lico Investiga\u00e7\u00e3o de m\u00e9todos de avalia\u00e7\u00e3o, protocolos, t\u00e9cnicas e recursos f\u00edsicos utilizados na reabilita\u00e7\u00e3o e desempenho funcional aplicados aos sistemas cardiovascular, respirat\u00f3rio e metab\u00f3lico nos processos de sa\u00fade e doen\u00e7a. DOCENTE PROJETO DE PESQUISA E-MAIL LATTES Prof. Dr.&hellip;","_links":{"self":[{"href":"https:\/\/propesp.uepa.br\/ppgreab\/index.php\/wp-json\/wp\/v2\/pages\/57","targetHints":{"allow":["GET"]}}],"collection":[{"href":"https:\/\/propesp.uepa.br\/ppgreab\/index.php\/wp-json\/wp\/v2\/pages"}],"about":[{"href":"https:\/\/propesp.uepa.br\/ppgreab\/index.php\/wp-json\/wp\/v2\/types\/page"}],"author":[{"embeddable":true,"href":"https:\/\/propesp.uepa.br\/ppgreab\/index.php\/wp-json\/wp\/v2\/users\/1"}],"replies":[{"embeddable":true,"href":"https:\/\/propesp.uepa.br\/ppgreab\/index.php\/wp-json\/wp\/v2\/comments?post=57"}],"version-history":[{"count":12,"href":"https:\/\/propesp.uepa.br\/ppgreab\/index.php\/wp-json\/wp\/v2\/pages\/57\/revisions"}],"predecessor-version":[{"id":362,"href":"https:\/\/propesp.uepa.br\/ppgreab\/index.php\/wp-json\/wp\/v2\/pages\/57\/revisions\/362"}],"wp:attachment":[{"href":"https:\/\/propesp.uepa.br\/ppgreab\/index.php\/wp-json\/wp\/v2\/media?parent=57"}],"curies":[{"name":"wp","href":"https:\/\/api.w.org\/{rel}","templated":true}]}}