{"id":94,"date":"2023-09-12T20:19:04","date_gmt":"2023-09-12T23:19:04","guid":{"rendered":"https:\/\/propesp.uepa.br\/ppgreab\/?page_id=94"},"modified":"2026-03-09T11:21:05","modified_gmt":"2026-03-09T14:21:05","slug":"regimentos-e-normas","status":"publish","type":"page","link":"https:\/\/propesp.uepa.br\/ppgreab\/index.php\/regimentos-e-normas\/","title":{"rendered":"Regimentos e Normas"},"content":{"rendered":"\n<div class=\"wp-block-uagb-container uagb-block-c8f4c26c alignfull uagb-is-root-container\"><div class=\"uagb-container-inner-blocks-wrap\">\n<div class=\"wp-block-uagb-advanced-heading uagb-block-339ba161\"><h2 class=\"uagb-heading-text\">Regimentos e Normas<\/h2><div class=\"uagb-separator\"><\/div><\/div>\n\n\n\n<p class=\"has-text-align-center\">Regimento interno do PPG<\/p>\n\n\n\n<div data-wp-interactive=\"core\/file\" class=\"wp-block-file\"><object data-wp-bind--hidden=\"!state.hasPdfPreview\" hidden class=\"wp-block-file__embed\" data=\"https:\/\/propesp.uepa.br\/ppgreab\/wp-content\/uploads\/2025\/10\/RegimentoMestradoPPG-REABFinal.pdf\" type=\"application\/pdf\" style=\"width:100%;height:600px\" aria-label=\"Incorporado de RegimentoMestradoPPG-REABFinal.\"><\/object><a id=\"wp-block-file--media-bc8b124f-1074-478e-b9fc-0c60d36d8766\" href=\"https:\/\/propesp.uepa.br\/ppgreab\/wp-content\/uploads\/2025\/10\/RegimentoMestradoPPG-REABFinal.pdf\">RegimentoMestradoPPG-REABFinal<\/a><a href=\"https:\/\/propesp.uepa.br\/ppgreab\/wp-content\/uploads\/2025\/10\/RegimentoMestradoPPG-REABFinal.pdf\" class=\"wp-block-file__button wp-element-button\" download aria-describedby=\"wp-block-file--media-bc8b124f-1074-478e-b9fc-0c60d36d8766\">Baixar<\/a><\/div>\n\n\n\n<p class=\"has-text-align-center\">Declara\u00e7\u00e3o de Est\u00e1gio Docente<\/p>\n\n\n\n<div class=\"wp-block-file\"><a id=\"wp-block-file--media-10e2d900-9f51-4ce7-90b2-86334c974cbf\" href=\"https:\/\/propesp.uepa.br\/ppgreab\/wp-content\/uploads\/2026\/03\/DECLARACAOESTAGIODOCENTE.docx\">DECLARACAOESTAGIODOCENTE<\/a><a href=\"https:\/\/propesp.uepa.br\/ppgreab\/wp-content\/uploads\/2026\/03\/DECLARACAOESTAGIODOCENTE.docx\" class=\"wp-block-file__button wp-element-button\" download aria-describedby=\"wp-block-file--media-10e2d900-9f51-4ce7-90b2-86334c974cbf\">Baixar<\/a><\/div>\n\n\n\n<p class=\"has-text-align-center\">Regimento geral da PROPESP \u2013 Resolu\u00e7\u00e3o 3934\/22<\/p>\n\n\n\n<div data-wp-interactive=\"core\/file\" class=\"wp-block-file\"><object data-wp-bind--hidden=\"!state.hasPdfPreview\" hidden class=\"wp-block-file__embed\" data=\"https:\/\/propesp.uepa.br\/ppgreab\/wp-content\/uploads\/2024\/06\/RESOLUCAO-No-3934.22-CONSUN-Regimento-Geral-Stricto-Sensu-UEPA.pdf\" type=\"application\/pdf\" style=\"width:100%;height:600px\" aria-label=\"Incorporado de RESOLUCAO-No-3934.22-CONSUN-Regimento-Geral-Stricto-Sensu-UEPA.\"><\/object><a id=\"wp-block-file--media-c66a1ba3-d481-48b4-9e00-e4b6a1df525b\" href=\"https:\/\/propesp.uepa.br\/ppgreab\/wp-content\/uploads\/2024\/06\/RESOLUCAO-No-3934.22-CONSUN-Regimento-Geral-Stricto-Sensu-UEPA.pdf\">RESOLUCAO-No-3934.22-CONSUN-Regimento-Geral-Stricto-Sensu-UEPA<\/a><a href=\"https:\/\/propesp.uepa.br\/ppgreab\/wp-content\/uploads\/2024\/06\/RESOLUCAO-No-3934.22-CONSUN-Regimento-Geral-Stricto-Sensu-UEPA.pdf\" class=\"wp-block-file__button wp-element-button\" download aria-describedby=\"wp-block-file--media-c66a1ba3-d481-48b4-9e00-e4b6a1df525b\">Baixar<\/a><\/div>\n\n\n\n<p class=\"has-text-align-center\"><\/p>\n\n\n\n<p class=\"has-text-align-center\">Regimento de Distribui\u00e7\u00e3o de Bolsas<\/p>\n\n\n\n<div data-wp-interactive=\"core\/file\" class=\"wp-block-file\"><object data-wp-bind--hidden=\"!state.hasPdfPreview\" hidden class=\"wp-block-file__embed\" data=\"https:\/\/propesp.uepa.br\/ppgreab\/wp-content\/uploads\/2024\/06\/Instrucao-Nomativa-No-01-2024-Bolsas-de-estudo-stricto-sensu-UEPA.pdf\" type=\"application\/pdf\" style=\"width:100%;height:600px\" aria-label=\"Incorporado de Instrucao-Nomativa-No-01-2024-Bolsas-de-estudo-stricto-sensu-UEPA.\"><\/object><a id=\"wp-block-file--media-41a826cf-c15e-47ca-ae40-c8be2406713d\" href=\"https:\/\/propesp.uepa.br\/ppgreab\/wp-content\/uploads\/2024\/06\/Instrucao-Nomativa-No-01-2024-Bolsas-de-estudo-stricto-sensu-UEPA.pdf\">Instrucao-Nomativa-No-01-2024-Bolsas-de-estudo-stricto-sensu-UEPA<\/a><a href=\"https:\/\/propesp.uepa.br\/ppgreab\/wp-content\/uploads\/2024\/06\/Instrucao-Nomativa-No-01-2024-Bolsas-de-estudo-stricto-sensu-UEPA.pdf\" class=\"wp-block-file__button wp-element-button\" download aria-describedby=\"wp-block-file--media-41a826cf-c15e-47ca-ae40-c8be2406713d\">Baixar<\/a><\/div>\n\n\n\n<p class=\"has-text-align-center\">Regimento para concess\u00e3o de aux\u00edlio para participa\u00e7\u00e3o em eventos<\/p>\n\n\n\n<div data-wp-interactive=\"core\/file\" class=\"wp-block-file\"><object data-wp-bind--hidden=\"!state.hasPdfPreview\" hidden class=\"wp-block-file__embed\" data=\"https:\/\/propesp.uepa.br\/ppgreab\/wp-content\/uploads\/2025\/05\/Instrucao-Normativa-No-03-2024-AJUDA-DE-CUSTO-A-ALUNOS-DE-POS-GRADUACAO.pdf\" type=\"application\/pdf\" style=\"width:100%;height:600px\" aria-label=\"Incorporado de Instrucao-Normativa-No-03-2024-AJUDA-DE-CUSTO-A-ALUNOS-DE-POS-GRADUACAO.\"><\/object><a id=\"wp-block-file--media-9a4b6406-e7f2-4e20-babe-80b8bd297cfe\" href=\"https:\/\/propesp.uepa.br\/ppgreab\/wp-content\/uploads\/2025\/05\/Instrucao-Normativa-No-03-2024-AJUDA-DE-CUSTO-A-ALUNOS-DE-POS-GRADUACAO.pdf\">Instrucao-Normativa-No-03-2024-AJUDA-DE-CUSTO-A-ALUNOS-DE-POS-GRADUACAO<\/a><a href=\"https:\/\/propesp.uepa.br\/ppgreab\/wp-content\/uploads\/2025\/05\/Instrucao-Normativa-No-03-2024-AJUDA-DE-CUSTO-A-ALUNOS-DE-POS-GRADUACAO.pdf\" class=\"wp-block-file__button wp-element-button\" download aria-describedby=\"wp-block-file--media-9a4b6406-e7f2-4e20-babe-80b8bd297cfe\">Baixar<\/a><\/div>\n<\/div><\/div>\n\n\n\n<p><\/p>\n","protected":false},"excerpt":{"rendered":"<p>Regimentos e Normas Regimento interno do PPG Declara\u00e7\u00e3o de Est\u00e1gio Docente Regimento geral da PROPESP \u2013 Resolu\u00e7\u00e3o 3934\/22 Regimento de Distribui\u00e7\u00e3o de Bolsas Regimento para concess\u00e3o de aux\u00edlio para participa\u00e7\u00e3o em eventos<\/p>\n","protected":false},"author":1,"featured_media":0,"parent":0,"menu_order":0,"comment_status":"closed","ping_status":"closed","template":"","meta":{"_uag_custom_page_level_css":"","site-sidebar-layout":"default","site-content-layout":"","ast-site-content-layout":"","site-content-style":"default","site-sidebar-style":"default","ast-global-header-display":"","ast-banner-title-visibility":"","ast-main-header-display":"","ast-hfb-above-header-display":"","ast-hfb-below-header-display":"","ast-hfb-mobile-header-display":"","site-post-title":"disabled","ast-breadcrumbs-content":"","ast-featured-img":"","footer-sml-layout":"","theme-transparent-header-meta":"","adv-header-id-meta":"","stick-header-meta":"","header-above-stick-meta":"","header-main-stick-meta":"","header-below-stick-meta":"","astra-migrate-meta-layouts":"","ast-page-background-enabled":"default","ast-page-background-meta":{"desktop":{"background-color":"var(--ast-global-color-4)","background-image":"","background-repeat":"repeat","background-position":"center center","background-size":"auto","background-attachment":"scroll","background-type":"","background-media":"","overlay-type":"","overlay-color":"","overlay-gradient":""},"tablet":{"background-color":"","background-image":"","background-repeat":"repeat","background-position":"center center","background-size":"auto","background-attachment":"scroll","background-type":"","background-media":"","overlay-type":"","overlay-color":"","overlay-gradient":""},"mobile":{"background-color":"","background-image":"","background-repeat":"repeat","background-position":"center center","background-size":"auto","background-attachment":"scroll","background-type":"","background-media":"","overlay-type":"","overlay-color":"","overlay-gradient":""}},"ast-content-background-meta":{"desktop":{"background-color":"var(--ast-global-color-5)","background-image":"","background-repeat":"repeat","background-position":"center center","background-size":"auto","background-attachment":"scroll","background-type":"","background-media":"","overlay-type":"","overlay-color":"","overlay-gradient":""},"tablet":{"background-color":"var(--ast-global-color-5)","background-image":"","background-repeat":"repeat","background-position":"center center","background-size":"auto","background-attachment":"scroll","background-type":"","background-media":"","overlay-type":"","overlay-color":"","overlay-gradient":""},"mobile":{"background-color":"var(--ast-global-color-5)","background-image":"","background-repeat":"repeat","background-position":"center center","background-size":"auto","background-attachment":"scroll","background-type":"","background-media":"","overlay-type":"","overlay-color":"","overlay-gradient":""}},"footnotes":""},"class_list":["post-94","page","type-page","status-publish","hentry"],"uagb_featured_image_src":{"full":false,"thumbnail":false,"medium":false,"medium_large":false,"large":false,"1536x1536":false,"2048x2048":false},"uagb_author_info":{"display_name":"adminsites@uepa.br","author_link":"https:\/\/propesp.uepa.br\/ppgreab\/index.php\/author\/adminsitesuepa-br\/"},"uagb_comment_info":0,"uagb_excerpt":"Regimentos e Normas Regimento interno do PPG Declara\u00e7\u00e3o de Est\u00e1gio Docente Regimento geral da PROPESP \u2013 Resolu\u00e7\u00e3o 3934\/22 Regimento de Distribui\u00e7\u00e3o de Bolsas Regimento para concess\u00e3o de aux\u00edlio para participa\u00e7\u00e3o em eventos","_links":{"self":[{"href":"https:\/\/propesp.uepa.br\/ppgreab\/index.php\/wp-json\/wp\/v2\/pages\/94","targetHints":{"allow":["GET"]}}],"collection":[{"href":"https:\/\/propesp.uepa.br\/ppgreab\/index.php\/wp-json\/wp\/v2\/pages"}],"about":[{"href":"https:\/\/propesp.uepa.br\/ppgreab\/index.php\/wp-json\/wp\/v2\/types\/page"}],"author":[{"embeddable":true,"href":"https:\/\/propesp.uepa.br\/ppgreab\/index.php\/wp-json\/wp\/v2\/users\/1"}],"replies":[{"embeddable":true,"href":"https:\/\/propesp.uepa.br\/ppgreab\/index.php\/wp-json\/wp\/v2\/comments?post=94"}],"version-history":[{"count":10,"href":"https:\/\/propesp.uepa.br\/ppgreab\/index.php\/wp-json\/wp\/v2\/pages\/94\/revisions"}],"predecessor-version":[{"id":403,"href":"https:\/\/propesp.uepa.br\/ppgreab\/index.php\/wp-json\/wp\/v2\/pages\/94\/revisions\/403"}],"wp:attachment":[{"href":"https:\/\/propesp.uepa.br\/ppgreab\/index.php\/wp-json\/wp\/v2\/media?parent=94"}],"curies":[{"name":"wp","href":"https:\/\/api.w.org\/{rel}","templated":true}]}}