{"id":96,"date":"2023-09-12T20:20:41","date_gmt":"2023-09-12T23:20:41","guid":{"rendered":"https:\/\/propesp.uepa.br\/ppgreab\/?page_id=96"},"modified":"2026-01-30T09:45:25","modified_gmt":"2026-01-30T12:45:25","slug":"producoes-academicas","status":"publish","type":"page","link":"https:\/\/propesp.uepa.br\/ppgreab\/index.php\/producoes-academicas\/","title":{"rendered":"Programa"},"content":{"rendered":"\n<div class=\"wp-block-uagb-container uagb-block-bcf64c60 alignfull uagb-is-root-container\"><div class=\"uagb-container-inner-blocks-wrap\">\n<div class=\"wp-block-uagb-advanced-heading uagb-block-ed9a9757\"><h2 class=\"uagb-heading-text\">Apresenta\u00e7\u00e3o<\/h2><div class=\"uagb-separator\"><\/div><\/div>\n\n\n\n<p><\/p>\n\n\n\n<p class=\"has-text-align-left\">O Programa de P\u00f3s-gradua\u00e7\u00e3o em Reabilita\u00e7\u00e3o e Desempenho Funcional da Universidade do Estado do Par\u00e1 (PPGREAB-UEPA) tem como \u00e1rea de concentra\u00e7\u00e3o&nbsp;<strong>\u201cInterven\u00e7\u00e3o e Funcionalidade\u201d<\/strong>&nbsp;distribu\u00edda em duas linhas de pesquisa, \u201c<strong>Avalia\u00e7\u00e3o e interven\u00e7\u00e3o terap\u00eautica nos sistemas neuromuscular\u201d&nbsp;<\/strong>e<strong>&nbsp;\u201cAvalia\u00e7\u00e3o e interven\u00e7\u00e3o terap\u00eautica nos sistemas cardiorrespirat\u00f3rio e metab\u00f3lico\u201d<\/strong>, formado por um corpo docente altamente qualificado e com experi\u00eancia na orienta\u00e7\u00e3o de pesquisas cient\u00edficas na \u00e1rea 21 da CAPES.<br><br>O Programa \u00e9 o terceiro da Regi\u00e3o Norte na \u00e1rea de concentra\u00e7\u00e3o de Educa\u00e7\u00e3o F\u00edsica e o primeiro em Reabilita\u00e7\u00e3o aprovado pela CAPES em 07\/06\/2023 para in\u00edcio das atividades com o mestrado acad\u00eamico.&nbsp;<\/p>\n\n\n\n<p class=\"has-text-align-left\">Portaria de reconhecimento do curso de P\u00f3s-gradua\u00e7\u00e3o Stricto Sensu pela CAPES PORTARIA 2.149, DI\u00c1RIO OFICIAL DA UNI\u00c3O DE 26 de dezembro de 2023.<\/p>\n\n\n\n<p class=\"has-text-align-left\">Portaria de cria\u00e7\u00e3o do curso de mestrado n\u00edvel acad\u00eamico na Universidade do Estado do Par\u00e1 RESOLU\u00c7\u00c3O N\u00ba 4077\/24-CONSUN, 21 de fevereiro de 2024.<\/p>\n<\/div><\/div>\n\n\n\n<div class=\"wp-block-columns is-layout-flex wp-container-core-columns-is-layout-28f84493 wp-block-columns-is-layout-flex\">\n<div class=\"wp-block-column is-layout-flow wp-block-column-is-layout-flow\">\n<div class=\"wp-block-uagb-advanced-heading uagb-block-f614a338\"><h4 class=\"uagb-heading-text\"><strong>Objetivo<\/strong><\/h4><div class=\"uagb-separator\"><\/div><\/div>\n\n\n\n<p class=\"has-text-align-center justify has-ast-global-color-8-color has-text-color\">O PPGREAB-UEPA tem como objetivo geral promover a forma\u00e7\u00e3o de recursos humanos com capacita\u00e7\u00e3o cient\u00edfica e docente na \u00e1rea de Reabilita\u00e7\u00e3o e Desempenho Funcional, al\u00e9m de produzir conhecimento cient\u00edfico s\u00f3lido e sustentado para o desenvolvimento cient\u00edfico da regi\u00e3o amaz\u00f4nica e do Pa\u00eds.<\/p>\n<\/div>\n\n\n\n<div class=\"wp-block-column is-layout-flow wp-block-column-is-layout-flow\">\n<div class=\"wp-block-uagb-advanced-heading uagb-block-f33d61c1\"><h4 class=\"uagb-heading-text\"><strong>Miss\u00e3o<\/strong><\/h4><div class=\"uagb-separator\"><\/div><\/div>\n\n\n\n<p class=\"has-text-align-center justify has-ast-global-color-8-color has-text-color\">Desenvolver-se como refer\u00eancia em programa de p\u00f3s-gradua\u00e7\u00e3o na \u00e1rea 21 na regi\u00e3o norte, especificamente na \u00e1rea de reabilita\u00e7\u00e3o e desempenho funcional, contribuindo para a forma\u00e7\u00e3o de docentes e pesquisadores em Reabilita\u00e7\u00e3o e Desempenho Funcional na regi\u00e3o, bem como de outras regi\u00f5es brasileiras e de fora do pa\u00eds, contribuindo para a forma\u00e7\u00e3o de recursos humanos qualificados, fomentando a colabora\u00e7\u00e3o e desenvolvimento cient\u00edfico.<\/p>\n<\/div>\n<\/div>\n\n\n\n<div class=\"wp-block-columns is-layout-flex wp-container-core-columns-is-layout-28f84493 wp-block-columns-is-layout-flex\">\n<div class=\"wp-block-column is-layout-flow wp-block-column-is-layout-flow\">\n<div class=\"wp-block-uagb-advanced-heading uagb-block-404c5e65\"><h4 class=\"uagb-heading-text\"><strong><strong>Valores<\/strong><\/strong><\/h4><div class=\"uagb-separator\"><\/div><\/div>\n\n\n\n<p class=\"has-text-align-center justify has-ast-global-color-8-color has-text-color\">O Programa de P\u00f3s-gradua\u00e7\u00e3o em Reabilita\u00e7\u00e3o e Desempenho Funcional trar\u00e1 relev\u00e2ncia na forma\u00e7\u00e3o de recursos humanos e do conhecimento produzido para a sociedade, considerando a \u00e9tica, a sustentabilidade e a inova\u00e7\u00e3o. Valoriza\u00e7\u00e3o e respeito a diversidade, combate a desigualdade na ci\u00eancia, com transpar\u00eancia e di\u00e1logo multidisciplinar de conhecimentos produzidos na \u00e1rea de reabilita\u00e7\u00e3o e desempenho funcional, respaldado no rigor te\u00f3rico e metodol\u00f3gico da ci\u00eancia.<\/p>\n<\/div>\n\n\n\n<div class=\"wp-block-column is-layout-flow wp-block-column-is-layout-flow\">\n<div class=\"wp-block-uagb-advanced-heading uagb-block-43258b67\"><h4 class=\"uagb-heading-text\"><strong><strong>Perfil do egresso<\/strong><\/strong><\/h4><div class=\"uagb-separator\"><\/div><\/div>\n\n\n\n<p class=\"has-text-align-center justify has-ast-global-color-8-color has-text-color\">O egresso do Programa de P\u00f3s-Gradua\u00e7\u00e3o em Reabilita\u00e7\u00e3o e Desempenho Funcional dever\u00e1 desenvolver habilidades e compet\u00eancias que permitam estabelecer correla\u00e7\u00e3o entre teoria e pr\u00e1tica, seguindo o perfil generalista, humanista, critico e reflexivo, buscando a resolu\u00e7\u00e3o de problem\u00e1ticas relacionadas a pr\u00e1tica profissional em reabilita\u00e7\u00e3o que visem contribuir a produ\u00e7\u00e3o cientifica com relev\u00e2ncia internacional e fortalecendo a forma\u00e7\u00e3o de profissionais na regi\u00e3o amaz\u00f4nica dentro do rigor cient\u00edfico e intelectual.<\/p>\n<\/div>\n<\/div>\n\n\n\n<div class=\"wp-block-columns is-layout-flex wp-container-core-columns-is-layout-28f84493 wp-block-columns-is-layout-flex\">\n<div class=\"wp-block-column is-vertically-aligned-center is-layout-flow wp-block-column-is-layout-flow\">\n<div class=\"wp-block-uagb-advanced-heading uagb-block-2d92884a\"><h4 class=\"uagb-heading-text\"><strong><strong><strong>\u00c1rea de concentra\u00e7\u00e3o: <\/strong>Interven\u00e7\u00e3o e Funcionalidade<\/strong><\/strong><\/h4><div class=\"uagb-separator\"><\/div><\/div>\n\n\n\n<p class=\"has-text-align-center justify has-ast-global-color-8-color has-text-color\" style=\"margin-top:0;margin-right:var(--wp--preset--spacing--40);margin-bottom:0;margin-left:var(--wp--preset--spacing--40);padding-top:0;padding-right:0;padding-bottom:0;padding-left:0\">Envolve promo\u00e7\u00e3o, preven\u00e7\u00e3o e reabilita\u00e7\u00e3o de processos de sa\u00fade e doen\u00e7a nos ciclos de vida, com a finalidade de produzir conhecimento cient\u00edfico relacionado a reabilita\u00e7\u00e3o e desempenho funcional, estabelecendo estrat\u00e9gias e processos que visem a vigil\u00e2ncia e a recupera\u00e7\u00e3o funcional de diversas condi\u00e7\u00f5es fisiol\u00f3gicas e patol\u00f3gicas.<\/p>\n<\/div>\n<\/div>\n\n\n\n<p><\/p>\n","protected":false},"excerpt":{"rendered":"<p>Apresenta\u00e7\u00e3o O Programa de P\u00f3s-gradua\u00e7\u00e3o em Reabilita\u00e7\u00e3o e Desempenho Funcional da Universidade do Estado do Par\u00e1 (PPGREAB-UEPA) tem como \u00e1rea de concentra\u00e7\u00e3o&nbsp;\u201cInterven\u00e7\u00e3o e Funcionalidade\u201d&nbsp;distribu\u00edda em duas linhas de pesquisa, \u201cAvalia\u00e7\u00e3o e interven\u00e7\u00e3o terap\u00eautica nos sistemas neuromuscular\u201d&nbsp;e&nbsp;\u201cAvalia\u00e7\u00e3o e interven\u00e7\u00e3o terap\u00eautica nos sistemas cardiorrespirat\u00f3rio e metab\u00f3lico\u201d, formado por um corpo docente altamente qualificado e com experi\u00eancia na &hellip;<\/p>\n<p class=\"read-more\"> <a class=\"\" href=\"https:\/\/propesp.uepa.br\/ppgreab\/index.php\/producoes-academicas\/\"> <span class=\"screen-reader-text\">Programa<\/span> Leia mais &raquo;<\/a><\/p>\n","protected":false},"author":1,"featured_media":0,"parent":0,"menu_order":0,"comment_status":"closed","ping_status":"closed","template":"","meta":{"_uag_custom_page_level_css":"","site-sidebar-layout":"default","site-content-layout":"","ast-site-content-layout":"","site-content-style":"boxed","site-sidebar-style":"boxed","ast-global-header-display":"","ast-banner-title-visibility":"","ast-main-header-display":"","ast-hfb-above-header-display":"","ast-hfb-below-header-display":"","ast-hfb-mobile-header-display":"","site-post-title":"disabled","ast-breadcrumbs-content":"","ast-featured-img":"","footer-sml-layout":"","theme-transparent-header-meta":"","adv-header-id-meta":"","stick-header-meta":"","header-above-stick-meta":"","header-main-stick-meta":"","header-below-stick-meta":"","astra-migrate-meta-layouts":"","ast-page-background-enabled":"default","ast-page-background-meta":{"desktop":{"background-color":"var(--ast-global-color-4)","background-image":"","background-repeat":"repeat","background-position":"center center","background-size":"auto","background-attachment":"scroll","background-type":"","background-media":"","overlay-type":"","overlay-color":"","overlay-gradient":""},"tablet":{"background-color":"","background-image":"","background-repeat":"repeat","background-position":"center center","background-size":"auto","background-attachment":"scroll","background-type":"","background-media":"","overlay-type":"","overlay-color":"","overlay-gradient":""},"mobile":{"background-color":"","background-image":"","background-repeat":"repeat","background-position":"center center","background-size":"auto","background-attachment":"scroll","background-type":"","background-media":"","overlay-type":"","overlay-color":"","overlay-gradient":""}},"ast-content-background-meta":{"desktop":{"background-color":"var(--ast-global-color-5)","background-image":"","background-repeat":"repeat","background-position":"center center","background-size":"auto","background-attachment":"scroll","background-type":"","background-media":"","overlay-type":"","overlay-color":"","overlay-gradient":""},"tablet":{"background-color":"var(--ast-global-color-5)","background-image":"","background-repeat":"repeat","background-position":"center center","background-size":"auto","background-attachment":"scroll","background-type":"","background-media":"","overlay-type":"","overlay-color":"","overlay-gradient":""},"mobile":{"background-color":"var(--ast-global-color-5)","background-image":"","background-repeat":"repeat","background-position":"center center","background-size":"auto","background-attachment":"scroll","background-type":"","background-media":"","overlay-type":"","overlay-color":"","overlay-gradient":""}},"footnotes":""},"class_list":["post-96","page","type-page","status-publish","hentry"],"uagb_featured_image_src":{"full":false,"thumbnail":false,"medium":false,"medium_large":false,"large":false,"1536x1536":false,"2048x2048":false},"uagb_author_info":{"display_name":"adminsites@uepa.br","author_link":"https:\/\/propesp.uepa.br\/ppgreab\/index.php\/author\/adminsitesuepa-br\/"},"uagb_comment_info":0,"uagb_excerpt":"Apresenta\u00e7\u00e3o O Programa de P\u00f3s-gradua\u00e7\u00e3o em Reabilita\u00e7\u00e3o e Desempenho Funcional da Universidade do Estado do Par\u00e1 (PPGREAB-UEPA) tem como \u00e1rea de concentra\u00e7\u00e3o&nbsp;\u201cInterven\u00e7\u00e3o e Funcionalidade\u201d&nbsp;distribu\u00edda em duas linhas de pesquisa, \u201cAvalia\u00e7\u00e3o e interven\u00e7\u00e3o terap\u00eautica nos sistemas neuromuscular\u201d&nbsp;e&nbsp;\u201cAvalia\u00e7\u00e3o e interven\u00e7\u00e3o terap\u00eautica nos sistemas cardiorrespirat\u00f3rio e metab\u00f3lico\u201d, formado por um corpo docente altamente qualificado e com experi\u00eancia na&hellip;","_links":{"self":[{"href":"https:\/\/propesp.uepa.br\/ppgreab\/index.php\/wp-json\/wp\/v2\/pages\/96","targetHints":{"allow":["GET"]}}],"collection":[{"href":"https:\/\/propesp.uepa.br\/ppgreab\/index.php\/wp-json\/wp\/v2\/pages"}],"about":[{"href":"https:\/\/propesp.uepa.br\/ppgreab\/index.php\/wp-json\/wp\/v2\/types\/page"}],"author":[{"embeddable":true,"href":"https:\/\/propesp.uepa.br\/ppgreab\/index.php\/wp-json\/wp\/v2\/users\/1"}],"replies":[{"embeddable":true,"href":"https:\/\/propesp.uepa.br\/ppgreab\/index.php\/wp-json\/wp\/v2\/comments?post=96"}],"version-history":[{"count":16,"href":"https:\/\/propesp.uepa.br\/ppgreab\/index.php\/wp-json\/wp\/v2\/pages\/96\/revisions"}],"predecessor-version":[{"id":394,"href":"https:\/\/propesp.uepa.br\/ppgreab\/index.php\/wp-json\/wp\/v2\/pages\/96\/revisions\/394"}],"wp:attachment":[{"href":"https:\/\/propesp.uepa.br\/ppgreab\/index.php\/wp-json\/wp\/v2\/media?parent=96"}],"curies":[{"name":"wp","href":"https:\/\/api.w.org\/{rel}","templated":true}]}}