{"id":2,"date":"2024-12-03T17:24:37","date_gmt":"2024-12-03T20:24:37","guid":{"rendered":"https:\/\/propesp.uepa.br\/ppgtec\/?page_id=2"},"modified":"2026-02-12T09:24:02","modified_gmt":"2026-02-12T12:24:02","slug":"pagina-exemplo","status":"publish","type":"page","link":"https:\/\/propesp.uepa.br\/ppgtec\/","title":{"rendered":"Home"},"content":{"rendered":"\n<div class=\"wp-block-uagb-container uagb-block-48b5beed alignfull uagb-is-root-container\"><div class=\"uagb-container__shape uagb-container__shape-bottom uagb-container__invert\" data-negative=\"false\"><svg xmlns=\"https:\/\/www.w3.org\/2000\/svg\" viewBox=\"0 0 1000 100\" preserveAspectRatio=\"none\"><path class=\"uagb-container__shape-fill\" d=\"M0,0c0,0,0,6,0,6.7c0,18,240.2,93.6,615.2,92.6C989.8,98.5,1000,25,1000,6.7c0-0.7,0-6.7,0-6.7H0z\"><\/path><\/svg><\/div><div class=\"uagb-container-inner-blocks-wrap\">\n<div class=\"wp-block-uagb-container uagb-block-7d873da0\">\n<div class=\"inherit-container-width wp-block-group is-layout-constrained wp-block-group-is-layout-constrained\">\n<div class=\"wp-block-uagb-advanced-heading uagb-block-e41d20aa\"><h2 class=\"uagb-heading-text\">Programa de P\u00f3s-Gradua\u00e7\u00e3o em Tecnologia, Recusos Naturais e Sustentabilidade na Amaz\u00f4nia<\/h2><\/div>\n\n\n\n<div class=\"wp-block-uagb-advanced-heading uagb-block-bd6bf1bd justify\"><p class=\"uagb-heading-text\">P\u00f3s-Gradua\u00e7\u00e3o em Tecnologia e Sustentabilidade na Amaz\u00f4nia &#8211; UEPA. Transforme a Amaz\u00f4nia com inova\u00e7\u00e3o e responsabilidade ambiental.<\/p><\/div>\n\n\n\n<div class=\"wp-block-uagb-buttons uagb-buttons__outer-wrap uagb-btn__default-btn uagb-btn-tablet__default-btn uagb-btn-mobile__default-btn uagb-block-e458a6c3\"><div class=\"uagb-buttons__wrap uagb-buttons-layout-wrap \">\n<div class=\"wp-block-uagb-buttons-child uagb-buttons__outer-wrap uagb-block-93034a8e wp-block-button\"><div class=\"uagb-button__wrapper\"><a class=\"uagb-buttons-repeater wp-block-button__link\" aria-label=\"\" href=\"#itens\" rel=\"follow noopener\" target=\"_self\" role=\"button\"><div class=\"uagb-button__link\">Saiba mais<\/div><\/a><\/div><\/div>\n<\/div><\/div>\n<\/div>\n\n\n\n<div class=\"inherit-container-width wp-block-group is-content-justification-left is-layout-constrained wp-container-core-group-is-layout-cc739763 wp-block-group-is-layout-constrained\">\n<div class=\"wp-block-uagb-image alignleft uagb-block-c9bde2ca wp-block-uagb-image--layout-default wp-block-uagb-image--effect-static wp-block-uagb-image--align-left\"><figure class=\"wp-block-uagb-image__figure\"><a class=\"\" href=\"https:\/\/dspd.uepa.br\/wp-content\/uploads\/2022\/12\/logo-uepa-branca_Prancheta-1-1024x724.png\" target=\"\" rel=\"noopener\"><img decoding=\"async\"  sizes=\"auto, (max-width: 480px) 150px\" src=\"https:\/\/dspd.uepa.br\/wp-content\/uploads\/2022\/12\/logo-uepa-branca_Prancheta-1-1024x724.png\" alt=\"\" width=\"196\" height=\"119\" title=\"\" loading=\"lazy\" role=\"img\"\/><\/a><\/figure><\/div>\n<\/div>\n<\/div>\n\n\n\n<div class=\"wp-block-uagb-container uagb-block-f68d267d\"><\/div>\n<\/div><\/div>\n\n\n\n<div data-aos= \"fade-up\" data-aos-duration=\"400\" data-aos-delay=\"0\" data-aos-easing=\"ease\" data-aos-once=\"true\" id=\"itens\" class=\"wp-block-uagb-container uagb-block-0a32bc3c alignfull uagb-is-root-container\"><div class=\"uagb-container-inner-blocks-wrap\">\n<div class=\"wp-block-uagb-container uagb-block-b74c4653 alignfull uagb-is-root-container\"><div class=\"uagb-container-inner-blocks-wrap\">\n<div class=\"wp-block-uagb-container uagb-block-a3ea76d5\">\n<div class=\"wp-block-uagb-advanced-heading uagb-block-6523be41\"><h1 class=\"uagb-heading-text\">Not\u00edcias<\/h1><\/div>\n<\/div>\n\n\n\n<div class=\"wp-block-uagb-container uagb-block-6c4fd68a\">\n<div class=\"wp-block-uagb-buttons uagb-buttons__outer-wrap uagb-btn__default-btn uagb-btn-tablet__default-btn uagb-btn-mobile__default-btn uagb-block-6433844f\"><div class=\"uagb-buttons__wrap uagb-buttons-layout-wrap \">\n<div class=\"wp-block-uagb-buttons-child uagb-buttons__outer-wrap uagb-block-9e02f749 wp-block-button\"><div class=\"uagb-button__wrapper\"><a class=\"uagb-buttons-repeater wp-block-button__link\" aria-label=\"\" href=\"https:\/\/propesp.uepa.br\/ppgtec\/category\/noticias\/\" rel=\"follow noopener\" target=\"_self\" role=\"button\"><div class=\"uagb-button__link\">Ver mais<\/div><\/a><\/div><\/div>\n<\/div><\/div>\n<\/div>\n<\/div><\/div>\n\n\n\n\t\t\t<div class=\"wp-block-uagb-post-carousel uagb-post-grid  uagb-post__image-position-top uagb-post__image-enabled uagb-block-e0b83d19     uagb-post__arrow-outside uagb-slick-carousel uagb-post__items uagb-post__columns-1 is-carousel uagb-post__columns-tablet-2 uagb-post__columns-mobile-1\" data-total=\"2\" style=\"\">\n\n\t\t\t\t\t\t\t\t\t\t\t\t<article class=\"uagb-post__inner-wrap\">\t\t\t\t\t\t\t\t<h4 class=\"uagb-post__title uagb-post__text\">\n\t\t\t\t<a href=\"https:\/\/propesp.uepa.br\/ppgtec\/2026\/02\/09\/gabrito-da-prova-escrita-realizada-em-05-de-fevereiro-de-2026\/\" target=\"_self\" rel=\"bookmark noopener noreferrer\">Gabrito da prova escrita realizada em 05 de fevereiro de 2026<\/a>\n\t\t\t<\/h4>\n\t\t\t\t\t\t<div class='uagb-post__text uagb-post-grid-byline'>\n\t\t\t\t\t\t\t\t<time datetime=\"2026-02-09T17:52:15-03:00\" class=\"uagb-post__date\">\n\t\t\t\t<span class=\"dashicons-calendar dashicons\"><\/span>\t\t\t\t\t9 de fevereiro de 2026\t\t\t\t<\/time>\n\t\t\t\t\t\t<\/div>\n\t\t\t\t\t\t\t<div class='uagb-post__text uagb-post__excerpt'>\n\t\t\t\t\t<p>Gabrito da prova escrita realizada em 05 de fevereiro de 2026.1) C2) B3) C4) B5)&#8230;\t\t\t\t<\/div>\n\t\t\t\t\t\t<div class=\"uagb-post__text uagb-post__cta wp-block-button\">\n\t\t\t\t<a class=\"wp-block-button__link uagb-text-link\" style=\"\" href=\"https:\/\/propesp.uepa.br\/ppgtec\/2026\/02\/09\/gabrito-da-prova-escrita-realizada-em-05-de-fevereiro-de-2026\/\" target=\"_self\" rel=\"bookmark noopener noreferrer\">Ler mais<\/a>\n\t\t\t<\/div>\n\t\t\t\n\t\t\t\t\t\t\t\t\t<\/article>\n\t\t\t\t\t\t\t\t\t\t\t\t\t\t\t\t<article class=\"uagb-post__inner-wrap\">\t\t\t\t\t\t\t\t<h4 class=\"uagb-post__title uagb-post__text\">\n\t\t\t\t<a href=\"https:\/\/propesp.uepa.br\/ppgtec\/2026\/02\/04\/locais-das-provas-do-ppgtec-edital-140-2025\/\" target=\"_self\" rel=\"bookmark noopener noreferrer\">Locais das Provas do PPGTEC edital 140\/2025.<\/a>\n\t\t\t<\/h4>\n\t\t\t\t\t\t<div class='uagb-post__text uagb-post-grid-byline'>\n\t\t\t\t\t\t\t\t<time datetime=\"2026-02-04T17:40:31-03:00\" class=\"uagb-post__date\">\n\t\t\t\t<span class=\"dashicons-calendar dashicons\"><\/span>\t\t\t\t\t4 de fevereiro de 2026\t\t\t\t<\/time>\n\t\t\t\t\t\t<\/div>\n\t\t\t\t\t\t\t<div class='uagb-post__text uagb-post__excerpt'>\n\t\t\t\t\t<p>Bel\u00e9m \u2013 Audit\u00f3rio do Centro de Ci\u00eancias Naturais e Tecnologia (CCNT), Tv. Dr. En\u00e9as Pinheiro,&#8230;\t\t\t\t<\/div>\n\t\t\t\t\t\t<div class=\"uagb-post__text uagb-post__cta wp-block-button\">\n\t\t\t\t<a class=\"wp-block-button__link uagb-text-link\" style=\"\" href=\"https:\/\/propesp.uepa.br\/ppgtec\/2026\/02\/04\/locais-das-provas-do-ppgtec-edital-140-2025\/\" target=\"_self\" rel=\"bookmark noopener noreferrer\">Ler mais<\/a>\n\t\t\t<\/div>\n\t\t\t\n\t\t\t\t\t\t\t\t\t<\/article>\n\t\t\t\t\t\t\t\t\t\t\t\t\t\t\t\t<article class=\"uagb-post__inner-wrap\">\t\t\t\t\t\t\t\t<h4 class=\"uagb-post__title uagb-post__text\">\n\t\t\t\t<a href=\"https:\/\/propesp.uepa.br\/ppgtec\/2024\/12\/19\/edital-127-2024-processo-seletivo-2025-para-o-programa-de-pos-graduacao-em-tecnologia-recursos-naturais-e-sustentabilidade-na-amazonia-mestrado-academico\/\" target=\"_self\" rel=\"bookmark noopener noreferrer\">Edital 127-2024 &#8211; Processo seletivo 2025 para o Programa de P\u00f3s-gradua\u00e7\u00e3o em Tecnologia, Recursos Naturais e Sustentabilidade na Amaz\u00f4nia &#8211; Mestrado Acad\u00eamico<\/a>\n\t\t\t<\/h4>\n\t\t\t\t\t\t<div class='uagb-post__text uagb-post-grid-byline'>\n\t\t\t\t\t\t\t\t<time datetime=\"2024-12-19T14:32:41-03:00\" class=\"uagb-post__date\">\n\t\t\t\t<span class=\"dashicons-calendar dashicons\"><\/span>\t\t\t\t\t19 de dezembro de 2024\t\t\t\t<\/time>\n\t\t\t\t\t\t<\/div>\n\t\t\t\t\t\t\t<div class='uagb-post__text uagb-post__excerpt'>\n\t\t\t\t\t<p>A Coordena\u00e7\u00e3o do Programa de P\u00f3s-Gradua\u00e7\u00e3o em Tecnologia, Recursos Naturais e Sustentabilidade na Amaz\u00f4nia (PPGTEC),&#8230;\t\t\t\t<\/div>\n\t\t\t\t\t\t<div class=\"uagb-post__text uagb-post__cta wp-block-button\">\n\t\t\t\t<a class=\"wp-block-button__link uagb-text-link\" style=\"\" href=\"https:\/\/propesp.uepa.br\/ppgtec\/2024\/12\/19\/edital-127-2024-processo-seletivo-2025-para-o-programa-de-pos-graduacao-em-tecnologia-recursos-naturais-e-sustentabilidade-na-amazonia-mestrado-academico\/\" target=\"_self\" rel=\"bookmark noopener noreferrer\">Ler mais<\/a>\n\t\t\t<\/div>\n\t\t\t\n\t\t\t\t\t\t\t\t\t<\/article>\n\t\t\t\t\t\t\t\t\t\t\t\t\t\t\t\t<article class=\"uagb-post__inner-wrap\">\t\t\t\t\t\t\t\t<h4 class=\"uagb-post__title uagb-post__text\">\n\t\t\t\t<a href=\"https:\/\/propesp.uepa.br\/ppgtec\/2024\/12\/13\/edital-prosel-ppgtec-2025\/\" target=\"_self\" rel=\"bookmark noopener noreferrer\">EDITAL PROSEL PPGTEC 2025<\/a>\n\t\t\t<\/h4>\n\t\t\t\t\t\t<div class='uagb-post__text uagb-post-grid-byline'>\n\t\t\t\t\t\t\t\t<time datetime=\"2024-12-13T09:00:07-03:00\" class=\"uagb-post__date\">\n\t\t\t\t<span class=\"dashicons-calendar dashicons\"><\/span>\t\t\t\t\t13 de dezembro de 2024\t\t\t\t<\/time>\n\t\t\t\t\t\t<\/div>\n\t\t\t\t\t\t\t<div class='uagb-post__text uagb-post__excerpt'>\n\t\t\t\t\tO Programa de P\u00f3s-gradua\u00e7\u00e3o em tecnologia, Recursos Naturais e Sustentabilidade na Amaz\u00f4nia (PPGTEC) do Centro&#8230;\t\t\t\t<\/div>\n\t\t\t\t\t\t<div class=\"uagb-post__text uagb-post__cta wp-block-button\">\n\t\t\t\t<a class=\"wp-block-button__link uagb-text-link\" style=\"\" href=\"https:\/\/propesp.uepa.br\/ppgtec\/2024\/12\/13\/edital-prosel-ppgtec-2025\/\" target=\"_self\" rel=\"bookmark noopener noreferrer\">Ler mais<\/a>\n\t\t\t<\/div>\n\t\t\t\n\t\t\t\t\t\t\t\t\t<\/article>\n\t\t\t\t\t\t\t\t\t\t\t\t\t\t\t\t<article class=\"uagb-post__inner-wrap\">\t\t\t\t\t\t\t\t<h4 class=\"uagb-post__title uagb-post__text\">\n\t\t\t\t<a href=\"https:\/\/propesp.uepa.br\/ppgtec\/2024\/12\/06\/defesa-alana-assuncao-da-costa\/\" target=\"_self\" rel=\"bookmark noopener noreferrer\">Defesa: Alana Assun\u00e7\u00e3o da Costa<\/a>\n\t\t\t<\/h4>\n\t\t\t\t\t\t<div class='uagb-post__text uagb-post-grid-byline'>\n\t\t\t\t\t\t\t\t<time datetime=\"2024-12-06T14:52:11-03:00\" class=\"uagb-post__date\">\n\t\t\t\t<span class=\"dashicons-calendar dashicons\"><\/span>\t\t\t\t\t6 de dezembro de 2024\t\t\t\t<\/time>\n\t\t\t\t\t\t<\/div>\n\t\t\t\t\t\t\t<div class='uagb-post__text uagb-post__excerpt'>\n\t\t\t\t\t<p>\u201cAnatomia da madeira e do carv\u00e3o vegetal de esp\u00e9cies comerciais da Amaz\u00f4nia Brasileira como subs\u00eddio&#8230;\t\t\t\t<\/div>\n\t\t\t\t\t\t<div class=\"uagb-post__text uagb-post__cta wp-block-button\">\n\t\t\t\t<a class=\"wp-block-button__link uagb-text-link\" style=\"\" href=\"https:\/\/propesp.uepa.br\/ppgtec\/2024\/12\/06\/defesa-alana-assuncao-da-costa\/\" target=\"_self\" rel=\"bookmark noopener noreferrer\">Ler mais<\/a>\n\t\t\t<\/div>\n\t\t\t\n\t\t\t\t\t\t\t\t\t<\/article>\n\t\t\t\t\t\t\t\t\t\t\t\t\t\t\t\t<article class=\"uagb-post__inner-wrap\">\t\t\t\t\t\t\t\t<h4 class=\"uagb-post__title uagb-post__text\">\n\t\t\t\t<a href=\"https:\/\/propesp.uepa.br\/ppgtec\/2024\/12\/06\/resultado-da-prova-de-proficiencia-ingles-ppgtec-ccnt-uepa-2024-2\/\" target=\"_self\" rel=\"bookmark noopener noreferrer\">Resultado da prova de profici\u00eancia INGL\u00caS \u2013 PPGTEC CCNT UEPA 2024.2<\/a>\n\t\t\t<\/h4>\n\t\t\t\t\t\t<div class='uagb-post__text uagb-post-grid-byline'>\n\t\t\t\t\t\t\t\t<time datetime=\"2024-12-06T14:47:49-03:00\" class=\"uagb-post__date\">\n\t\t\t\t<span class=\"dashicons-calendar dashicons\"><\/span>\t\t\t\t\t6 de dezembro de 2024\t\t\t\t<\/time>\n\t\t\t\t\t\t<\/div>\n\t\t\t\t\t\t\t<div class='uagb-post__text uagb-post__excerpt'>\n\t\t\t\t\t<p>Data de realiza\u00e7\u00e3o da prova: 30 de agosto de 2024.Hor\u00e1rio: 9h00.Local: Sala 26. Observa\u00e7\u00e3o aos&#8230;\t\t\t\t<\/div>\n\t\t\t\t\t\t<div class=\"uagb-post__text uagb-post__cta wp-block-button\">\n\t\t\t\t<a class=\"wp-block-button__link uagb-text-link\" style=\"\" href=\"https:\/\/propesp.uepa.br\/ppgtec\/2024\/12\/06\/resultado-da-prova-de-proficiencia-ingles-ppgtec-ccnt-uepa-2024-2\/\" target=\"_self\" rel=\"bookmark noopener noreferrer\">Ler mais<\/a>\n\t\t\t<\/div>\n\t\t\t\n\t\t\t\t\t\t\t\t\t<\/article>\n\t\t\t\t\t\t\t\t\t\t\t<\/div>\n\t\t\t<\/div><\/div>\n\n\n\n<div data-aos= \"fade-up\" data-aos-duration=\"400\" data-aos-delay=\"0\" data-aos-easing=\"ease\" data-aos-once=\"true\" class=\"wp-block-uagb-container uagb-block-4e5b41fa alignfull uagb-is-root-container\"><div class=\"uagb-container__shape uagb-container__shape-bottom uagb-container__invert\" data-negative=\"false\"><svg xmlns=\"https:\/\/www.w3.org\/2000\/svg\" viewBox=\"0 0 1000 100\" preserveAspectRatio=\"none\"><path class=\"uagb-container__shape-fill\" d=\"M0,0c0,0,0,6,0,6.7c0,18,240.2,93.6,615.2,92.6C989.8,98.5,1000,25,1000,6.7c0-0.7,0-6.7,0-6.7H0z\"><\/path><\/svg><\/div><div class=\"uagb-container-inner-blocks-wrap\">\n<div class=\"wp-block-uagb-advanced-heading uagb-block-134303ef\"><h2 class=\"uagb-heading-text\">Acesso R\u00e1pido<\/h2><div class=\"uagb-separator\"><\/div><\/div>\n\n\n\n<div class=\"wp-block-uagb-container uagb-block-2fa68a8f alignfull uagb-is-root-container\"><div class=\"uagb-container-inner-blocks-wrap\">\n<div class=\"wp-block-uagb-container uagb-block-87ab06f8 alignfull uagb-is-root-container\"><div class=\"uagb-container-inner-blocks-wrap\">\n<div class=\"wp-block-uagb-container uagb-block-aa682e2f\">\n<div class=\"wp-block-uagb-image aligncenter uagb-block-65e1b1c1 wp-block-uagb-image--layout-overlay wp-block-uagb-image--effect-static wp-block-uagb-image--align-center\"><figure class=\"wp-block-uagb-image__figure\"><a class=\"\" href=\"https:\/\/propesp.uepa.br\/ppgtec\/pagina-editais\/\" target=\"\" rel=\"noopener\"><img decoding=\"async\" srcset=\"https:\/\/propesp.uepa.br\/ppgtec\/wp-content\/uploads\/2024\/12\/pexels-pixabay-414837-1024x682.jpg ,https:\/\/propesp.uepa.br\/ppgtec\/wp-content\/uploads\/2024\/12\/pexels-pixabay-414837.jpg 780w, https:\/\/propesp.uepa.br\/ppgtec\/wp-content\/uploads\/2024\/12\/pexels-pixabay-414837.jpg 360w\" sizes=\"auto, (max-width: 480px) 150px\" src=\"https:\/\/propesp.uepa.br\/ppgtec\/wp-content\/uploads\/2024\/12\/pexels-pixabay-414837-1024x682.jpg\" alt=\"\" class=\"uag-image-346\" width=\"600\" height=\"400\" title=\"pexels-pixabay-414837\" loading=\"lazy\" role=\"img\"\/><\/a><div class=\"wp-block-uagb-image--layout-overlay__color-wrapper\"><\/div><div class=\"wp-block-uagb-image--layout-overlay__inner center-center\"><a class=\"wp-block-uagb-image--layout-overlay-link \" href=\"https:\/\/propesp.uepa.br\/ppgtec\/pagina-editais\/\" target=\"\" rel=\"noopener\"><\/a><h1 class=\"uagb-image-heading\"><a href=\"https:\/\/propesp.uepa.br\/ppgtec\/pagina-editais\/\">Editais<\/a><\/h1><\/div><\/figure><\/div>\n<\/div>\n\n\n\n<div class=\"wp-block-uagb-container uagb-block-08e7f0ac\">\n<div class=\"wp-block-uagb-image aligncenter uagb-block-5490852c wp-block-uagb-image--layout-overlay wp-block-uagb-image--effect-static wp-block-uagb-image--align-center\"><figure class=\"wp-block-uagb-image__figure\"><a class=\"\" href=\"https:\/\/propesp.uepa.br\/ppgtec\/noticias\/\" target=\"\" rel=\"noopener\"><img decoding=\"async\" srcset=\"https:\/\/propesp.uepa.br\/ppgtec\/wp-content\/uploads\/2024\/12\/pexels-lucasallmann-612892-1024x683.jpg ,https:\/\/propesp.uepa.br\/ppgtec\/wp-content\/uploads\/2024\/12\/pexels-lucasallmann-612892.jpg 780w, https:\/\/propesp.uepa.br\/ppgtec\/wp-content\/uploads\/2024\/12\/pexels-lucasallmann-612892.jpg 360w\" sizes=\"auto, (max-width: 480px) 150px\" src=\"https:\/\/propesp.uepa.br\/ppgtec\/wp-content\/uploads\/2024\/12\/pexels-lucasallmann-612892-1024x683.jpg\" alt=\"\" class=\"uag-image-348\" width=\"600\" height=\"400\" title=\"pexels-lucasallmann-612892\" loading=\"lazy\" role=\"img\"\/><\/a><div class=\"wp-block-uagb-image--layout-overlay__color-wrapper\"><\/div><div class=\"wp-block-uagb-image--layout-overlay__inner center-center\"><a class=\"wp-block-uagb-image--layout-overlay-link \" href=\"https:\/\/propesp.uepa.br\/ppgtec\/noticias\/\" target=\"\" rel=\"noopener\"><\/a><h1 class=\"uagb-image-heading\"><a href=\"https:\/\/propesp.uepa.br\/ppgtec\/noticias\/\">Not\u00edcias<\/a><\/h1><\/div><\/figure><\/div>\n<\/div>\n<\/div><\/div>\n\n\n\n<div class=\"wp-block-uagb-container uagb-block-b9f0a987 alignfull uagb-is-root-container\"><div class=\"uagb-container-inner-blocks-wrap\">\n<div class=\"wp-block-uagb-container uagb-block-9f089312\">\n<div class=\"wp-block-uagb-image aligncenter uagb-block-c9fe0357 wp-block-uagb-image--layout-overlay wp-block-uagb-image--effect-static wp-block-uagb-image--align-center\"><figure class=\"wp-block-uagb-image__figure\"><a class=\"\" href=\"https:\/\/propesp.uepa.br\/ppgtec\/fotos\/\" target=\"\" rel=\"noopener\"><img decoding=\"async\" srcset=\"https:\/\/propesp.uepa.br\/ppgtec\/wp-content\/uploads\/2024\/12\/pexels-mahima-518693-1250260.jpg ,https:\/\/propesp.uepa.br\/ppgtec\/wp-content\/uploads\/2024\/12\/pexels-mahima-518693-1250260.jpg 780w, https:\/\/propesp.uepa.br\/ppgtec\/wp-content\/uploads\/2024\/12\/pexels-mahima-518693-1250260.jpg 360w\" sizes=\"auto, (max-width: 480px) 150px\" src=\"https:\/\/propesp.uepa.br\/ppgtec\/wp-content\/uploads\/2024\/12\/pexels-mahima-518693-1250260.jpg\" alt=\"\" class=\"uag-image-349\" width=\"600\" height=\"400\" title=\"pexels-mahima-518693-1250260\" loading=\"lazy\" role=\"img\"\/><\/a><div class=\"wp-block-uagb-image--layout-overlay__color-wrapper\"><\/div><div class=\"wp-block-uagb-image--layout-overlay__inner center-center\"><a class=\"wp-block-uagb-image--layout-overlay-link \" href=\"https:\/\/propesp.uepa.br\/ppgtec\/fotos\/\" target=\"\" rel=\"noopener\"><\/a><h1 class=\"uagb-image-heading\"><a href=\"https:\/\/propesp.uepa.br\/ppgtec\/fotos\/\">Fotos<\/a><\/h1><\/div><\/figure><\/div>\n<\/div>\n\n\n\n<div class=\"wp-block-uagb-container uagb-block-18798765\">\n<div class=\"wp-block-uagb-image aligncenter uagb-block-b9cde902 wp-block-uagb-image--layout-overlay wp-block-uagb-image--effect-static wp-block-uagb-image--align-center\"><figure class=\"wp-block-uagb-image__figure\"><a class=\"\" href=\"https:\/\/propesp.uepa.br\/ppgtec\/pagina-eventos\/\" target=\"\" rel=\"noopener\"><img decoding=\"async\" srcset=\"https:\/\/propesp.uepa.br\/ppgtec\/wp-content\/uploads\/2024\/12\/pexels-minan1398-1230157.jpg ,https:\/\/propesp.uepa.br\/ppgtec\/wp-content\/uploads\/2024\/12\/pexels-minan1398-1230157.jpg 780w, https:\/\/propesp.uepa.br\/ppgtec\/wp-content\/uploads\/2024\/12\/pexels-minan1398-1230157.jpg 360w\" sizes=\"auto, (max-width: 480px) 150px\" src=\"https:\/\/propesp.uepa.br\/ppgtec\/wp-content\/uploads\/2024\/12\/pexels-minan1398-1230157.jpg\" alt=\"\" class=\"uag-image-350\" width=\"600\" height=\"400\" title=\"pexels-minan1398-1230157\" loading=\"lazy\" role=\"img\"\/><\/a><div class=\"wp-block-uagb-image--layout-overlay__color-wrapper\"><\/div><div class=\"wp-block-uagb-image--layout-overlay__inner center-center\"><a class=\"wp-block-uagb-image--layout-overlay-link \" href=\"https:\/\/propesp.uepa.br\/ppgtec\/pagina-eventos\/\" target=\"\" rel=\"noopener\"><\/a><h1 class=\"uagb-image-heading\"><a href=\"https:\/\/propesp.uepa.br\/ppgtec\/pagina-eventos\/\">Eventos<\/a><\/h1><\/div><\/figure><\/div>\n<\/div>\n<\/div><\/div>\n<\/div><\/div>\n<\/div><\/div>\n","protected":false},"excerpt":{"rendered":"<p>Programa de P\u00f3s-Gradua\u00e7\u00e3o em Tecnologia, Recusos Naturais e Sustentabilidade na Amaz\u00f4nia P\u00f3s-Gradua\u00e7\u00e3o em Tecnologia e Sustentabilidade na Amaz\u00f4nia &#8211; UEPA. Transforme a Amaz\u00f4nia com inova\u00e7\u00e3o e responsabilidade ambiental. Not\u00edcias Acesso R\u00e1pido<\/p>\n","protected":false},"author":1,"featured_media":0,"parent":0,"menu_order":0,"comment_status":"closed","ping_status":"open","template":"","meta":{"_uag_custom_page_level_css":"","site-sidebar-layout":"default","site-content-layout":"","ast-site-content-layout":"","site-content-style":"default","site-sidebar-style":"default","ast-global-header-display":"","ast-banner-title-visibility":"","ast-main-header-display":"","ast-hfb-above-header-display":"","ast-hfb-below-header-display":"","ast-hfb-mobile-header-display":"","site-post-title":"disabled","ast-breadcrumbs-content":"","ast-featured-img":"","footer-sml-layout":"","theme-transparent-header-meta":"enabled","adv-header-id-meta":"","stick-header-meta":"","header-above-stick-meta":"","header-main-stick-meta":"","header-below-stick-meta":"","astra-migrate-meta-layouts":"","ast-page-background-enabled":"default","ast-page-background-meta":{"desktop":{"background-color":"var(--ast-global-color-4)","background-image":"","background-repeat":"repeat","background-position":"center center","background-size":"auto","background-attachment":"scroll","background-type":"","background-media":"","overlay-type":"","overlay-color":"","overlay-gradient":""},"tablet":{"background-color":"","background-image":"","background-repeat":"repeat","background-position":"center center","background-size":"auto","background-attachment":"scroll","background-type":"","background-media":"","overlay-type":"","overlay-color":"","overlay-gradient":""},"mobile":{"background-color":"","background-image":"","background-repeat":"repeat","background-position":"center center","background-size":"auto","background-attachment":"scroll","background-type":"","background-media":"","overlay-type":"","overlay-color":"","overlay-gradient":""}},"ast-content-background-meta":{"desktop":{"background-color":"var(--ast-global-color-5)","background-image":"","background-repeat":"repeat","background-position":"center center","background-size":"auto","background-attachment":"scroll","background-type":"","background-media":"","overlay-type":"","overlay-color":"","overlay-gradient":""},"tablet":{"background-color":"var(--ast-global-color-5)","background-image":"","background-repeat":"repeat","background-position":"center center","background-size":"auto","background-attachment":"scroll","background-type":"","background-media":"","overlay-type":"","overlay-color":"","overlay-gradient":""},"mobile":{"background-color":"var(--ast-global-color-5)","background-image":"","background-repeat":"repeat","background-position":"center center","background-size":"auto","background-attachment":"scroll","background-type":"","background-media":"","overlay-type":"","overlay-color":"","overlay-gradient":""}},"footnotes":""},"class_list":["post-2","page","type-page","status-publish","hentry"],"uagb_featured_image_src":{"full":false,"thumbnail":false,"medium":false,"medium_large":false,"large":false,"1536x1536":false,"2048x2048":false},"uagb_author_info":{"display_name":"adminsites@uepa.br","author_link":"https:\/\/propesp.uepa.br\/ppgtec\/author\/adminsitesuepa-br\/"},"uagb_comment_info":0,"uagb_excerpt":"Programa de P\u00f3s-Gradua\u00e7\u00e3o em Tecnologia, Recusos Naturais e Sustentabilidade na Amaz\u00f4nia P\u00f3s-Gradua\u00e7\u00e3o em Tecnologia e Sustentabilidade na Amaz\u00f4nia &#8211; UEPA. Transforme a Amaz\u00f4nia com inova\u00e7\u00e3o e responsabilidade ambiental. Not\u00edcias Acesso R\u00e1pido","_links":{"self":[{"href":"https:\/\/propesp.uepa.br\/ppgtec\/wp-json\/wp\/v2\/pages\/2","targetHints":{"allow":["GET"]}}],"collection":[{"href":"https:\/\/propesp.uepa.br\/ppgtec\/wp-json\/wp\/v2\/pages"}],"about":[{"href":"https:\/\/propesp.uepa.br\/ppgtec\/wp-json\/wp\/v2\/types\/page"}],"author":[{"embeddable":true,"href":"https:\/\/propesp.uepa.br\/ppgtec\/wp-json\/wp\/v2\/users\/1"}],"replies":[{"embeddable":true,"href":"https:\/\/propesp.uepa.br\/ppgtec\/wp-json\/wp\/v2\/comments?post=2"}],"version-history":[{"count":46,"href":"https:\/\/propesp.uepa.br\/ppgtec\/wp-json\/wp\/v2\/pages\/2\/revisions"}],"predecessor-version":[{"id":534,"href":"https:\/\/propesp.uepa.br\/ppgtec\/wp-json\/wp\/v2\/pages\/2\/revisions\/534"}],"wp:attachment":[{"href":"https:\/\/propesp.uepa.br\/ppgtec\/wp-json\/wp\/v2\/media?parent=2"}],"curies":[{"name":"wp","href":"https:\/\/api.w.org\/{rel}","templated":true}]}}