{"id":435,"date":"2024-12-18T11:12:50","date_gmt":"2024-12-18T14:12:50","guid":{"rendered":"https:\/\/propesp.uepa.br\/ppgtec\/?page_id=435"},"modified":"2024-12-18T11:26:02","modified_gmt":"2024-12-18T14:26:02","slug":"pagina-editais","status":"publish","type":"page","link":"https:\/\/propesp.uepa.br\/ppgtec\/pagina-editais\/","title":{"rendered":"Editais"},"content":{"rendered":"\n<div class=\"wp-block-uagb-container uagb-block-af01661c alignfull uagb-is-root-container\"><div class=\"uagb-container-inner-blocks-wrap\">\n\t\t\t<div class=\"wp-block-uagb-post-grid uagb-post-grid  uagb-post__image-position-top uagb-post__image-enabled uagb-block-ec9316b2     uagb-post__items uagb-post__columns-3 is-grid uagb-post__columns-tablet-2 uagb-post__columns-mobile-1 uagb-post__equal-height\" data-total=\"1\" style=\"\">\n\n\t\t\t\t\t\t\t\t\t\t\t\t<article class=\"uagb-post__inner-wrap\">\t\t\t\t\t\t\t\t<h4 class=\"uagb-post__title uagb-post__text\">\n\t\t\t\t<a href=\"https:\/\/propesp.uepa.br\/ppgtec\/2026\/02\/04\/locais-das-provas-do-ppgtec-edital-140-2025\/\" target=\"_self\" rel=\"bookmark noopener noreferrer\">Locais das Provas do PPGTEC edital 140\/2025.<\/a>\n\t\t\t<\/h4>\n\t\t\t\t\t\t<div class='uagb-post__text uagb-post-grid-byline'>\n\t\t\t\t\t\t\t<\/div>\n\t\t\t\t\t\t\t<div class='uagb-post__text uagb-post__excerpt'>\n\t\t\t\t\t<p>Bel\u00e9m \u2013 Audit\u00f3rio do Centro de Ci\u00eancias Naturais e Tecnologia (CCNT), Tv. Dr. En\u00e9as Pinheiro,&#8230;\t\t\t\t<\/div>\n\t\t\t\t\t\t<div class=\"uagb-post__text uagb-post__cta wp-block-button\">\n\t\t\t\t<a class=\"wp-block-button__link uagb-text-link\" style=\"\" href=\"https:\/\/propesp.uepa.br\/ppgtec\/2026\/02\/04\/locais-das-provas-do-ppgtec-edital-140-2025\/\" target=\"_self\" rel=\"bookmark noopener noreferrer\">Ler mais<\/a>\n\t\t\t<\/div>\n\t\t\t\n\t\t\t\t\t\t\t\t\t<\/article>\n\t\t\t\t\t\t\t\t\t\t\t\t\t\t\t\t<article class=\"uagb-post__inner-wrap\">\t\t\t\t\t\t\t\t<h4 class=\"uagb-post__title uagb-post__text\">\n\t\t\t\t<a href=\"https:\/\/propesp.uepa.br\/ppgtec\/2024\/12\/19\/edital-127-2024-processo-seletivo-2025-para-o-programa-de-pos-graduacao-em-tecnologia-recursos-naturais-e-sustentabilidade-na-amazonia-mestrado-academico\/\" target=\"_self\" rel=\"bookmark noopener noreferrer\">Edital 127-2024 &#8211; Processo seletivo 2025 para o Programa de P\u00f3s-gradua\u00e7\u00e3o em Tecnologia, Recursos Naturais e Sustentabilidade na Amaz\u00f4nia &#8211; Mestrado Acad\u00eamico<\/a>\n\t\t\t<\/h4>\n\t\t\t\t\t\t<div class='uagb-post__text uagb-post-grid-byline'>\n\t\t\t\t\t\t\t<\/div>\n\t\t\t\t\t\t\t<div class='uagb-post__text uagb-post__excerpt'>\n\t\t\t\t\t<p>A Coordena\u00e7\u00e3o do Programa de P\u00f3s-Gradua\u00e7\u00e3o em Tecnologia, Recursos Naturais e Sustentabilidade na Amaz\u00f4nia (PPGTEC),&#8230;\t\t\t\t<\/div>\n\t\t\t\t\t\t<div class=\"uagb-post__text uagb-post__cta wp-block-button\">\n\t\t\t\t<a class=\"wp-block-button__link uagb-text-link\" style=\"\" href=\"https:\/\/propesp.uepa.br\/ppgtec\/2024\/12\/19\/edital-127-2024-processo-seletivo-2025-para-o-programa-de-pos-graduacao-em-tecnologia-recursos-naturais-e-sustentabilidade-na-amazonia-mestrado-academico\/\" target=\"_self\" rel=\"bookmark noopener noreferrer\">Ler mais<\/a>\n\t\t\t<\/div>\n\t\t\t\n\t\t\t\t\t\t\t\t\t<\/article>\n\t\t\t\t\t\t\t\t\t\t\t\t\t\t\t\t<article class=\"uagb-post__inner-wrap\">\t\t\t\t\t\t\t\t<h4 class=\"uagb-post__title uagb-post__text\">\n\t\t\t\t<a href=\"https:\/\/propesp.uepa.br\/ppgtec\/2024\/12\/13\/edital-prosel-ppgtec-2025\/\" target=\"_self\" rel=\"bookmark noopener noreferrer\">EDITAL PROSEL PPGTEC 2025<\/a>\n\t\t\t<\/h4>\n\t\t\t\t\t\t<div class='uagb-post__text uagb-post-grid-byline'>\n\t\t\t\t\t\t\t<\/div>\n\t\t\t\t\t\t\t<div class='uagb-post__text uagb-post__excerpt'>\n\t\t\t\t\tO Programa de P\u00f3s-gradua\u00e7\u00e3o em tecnologia, Recursos Naturais e Sustentabilidade na Amaz\u00f4nia (PPGTEC) do Centro&#8230;\t\t\t\t<\/div>\n\t\t\t\t\t\t<div class=\"uagb-post__text uagb-post__cta wp-block-button\">\n\t\t\t\t<a class=\"wp-block-button__link uagb-text-link\" style=\"\" href=\"https:\/\/propesp.uepa.br\/ppgtec\/2024\/12\/13\/edital-prosel-ppgtec-2025\/\" target=\"_self\" rel=\"bookmark noopener noreferrer\">Ler mais<\/a>\n\t\t\t<\/div>\n\t\t\t\n\t\t\t\t\t\t\t\t\t<\/article>\n\t\t\t\t\t\t\t\t\t\t\t\t\t\t\t\t<article class=\"uagb-post__inner-wrap\">\t\t\t\t\t\t\t\t<h4 class=\"uagb-post__title uagb-post__text\">\n\t\t\t\t<a href=\"https:\/\/propesp.uepa.br\/ppgtec\/2024\/12\/06\/resultado-da-prova-de-proficiencia-ingles-ppgtec-ccnt-uepa-2024-2\/\" target=\"_self\" rel=\"bookmark noopener noreferrer\">Resultado da prova de profici\u00eancia INGL\u00caS \u2013 PPGTEC CCNT UEPA 2024.2<\/a>\n\t\t\t<\/h4>\n\t\t\t\t\t\t<div class='uagb-post__text uagb-post-grid-byline'>\n\t\t\t\t\t\t\t<\/div>\n\t\t\t\t\t\t\t<div class='uagb-post__text uagb-post__excerpt'>\n\t\t\t\t\t<p>Data de realiza\u00e7\u00e3o da prova: 30 de agosto de 2024.Hor\u00e1rio: 9h00.Local: Sala 26. Observa\u00e7\u00e3o aos&#8230;\t\t\t\t<\/div>\n\t\t\t\t\t\t<div class=\"uagb-post__text uagb-post__cta wp-block-button\">\n\t\t\t\t<a class=\"wp-block-button__link uagb-text-link\" style=\"\" href=\"https:\/\/propesp.uepa.br\/ppgtec\/2024\/12\/06\/resultado-da-prova-de-proficiencia-ingles-ppgtec-ccnt-uepa-2024-2\/\" target=\"_self\" rel=\"bookmark noopener noreferrer\">Ler mais<\/a>\n\t\t\t<\/div>\n\t\t\t\n\t\t\t\t\t\t\t\t\t<\/article>\n\t\t\t\t\t\t\t\t\t\t\t\t\t\t\t\t<article class=\"uagb-post__inner-wrap\">\t\t\t\t\t\t\t\t<h4 class=\"uagb-post__title uagb-post__text\">\n\t\t\t\t<a href=\"https:\/\/propesp.uepa.br\/ppgtec\/2024\/12\/06\/lista-de-inscritos-e-homologados-para-a-prova-de-proficiencia-ingles-ppgtec-ccnt-uepa-2024-2\/\" target=\"_self\" rel=\"bookmark noopener noreferrer\">Lista de inscritos e homologados para a prova de profici\u00eancia (INGL\u00caS) PPGTEC CCNT UEPA 2024.2<\/a>\n\t\t\t<\/h4>\n\t\t\t\t\t\t<div class='uagb-post__text uagb-post-grid-byline'>\n\t\t\t\t\t\t\t<\/div>\n\t\t\t\t\t\t\t<div class='uagb-post__text uagb-post__excerpt'>\n\t\t\t\t\t<p>Data de realiza\u00e7\u00e3o da prova: 30 de agosto de 2024.Hor\u00e1rio: 9h00.Local: Sala 22 CCNT UEPA&#8230;.\t\t\t\t<\/div>\n\t\t\t\t\t\t<div class=\"uagb-post__text uagb-post__cta wp-block-button\">\n\t\t\t\t<a class=\"wp-block-button__link uagb-text-link\" style=\"\" href=\"https:\/\/propesp.uepa.br\/ppgtec\/2024\/12\/06\/lista-de-inscritos-e-homologados-para-a-prova-de-proficiencia-ingles-ppgtec-ccnt-uepa-2024-2\/\" target=\"_self\" rel=\"bookmark noopener noreferrer\">Ler mais<\/a>\n\t\t\t<\/div>\n\t\t\t\n\t\t\t\t\t\t\t\t\t<\/article>\n\t\t\t\t\t\t\t\t\t\t\t\t\t\t\t\t<article class=\"uagb-post__inner-wrap\">\t\t\t\t\t\t\t\t<h4 class=\"uagb-post__title uagb-post__text\">\n\t\t\t\t<a href=\"https:\/\/propesp.uepa.br\/ppgtec\/2024\/12\/06\/inscricoes-para-a-segunda-prova-de-proficiencia-em-lingua-estrangeira-ingles-ano-de-2024-do-ppgtec-ccnt-uepa\/\" target=\"_self\" rel=\"bookmark noopener noreferrer\">Inscri\u00e7\u00f5es para a segunda prova de profici\u00eancia em l\u00edngua estrangeira (INGL\u00caS) ano de 2024 do PPGTEC CCNT UEPA<\/a>\n\t\t\t<\/h4>\n\t\t\t\t\t\t<div class='uagb-post__text uagb-post-grid-byline'>\n\t\t\t\t\t\t\t<\/div>\n\t\t\t\t\t\t\t<div class='uagb-post__text uagb-post__excerpt'>\n\t\t\t\t\t<p>Per\u00edodo de inscri\u00e7\u00e3o:\u00a030\/07\/2024 \u00e0 23\/08\/2024.Divulga\u00e7\u00e3o da lista de inscritos:\u00a026\/07\/2024.Data e hor\u00e1rio da prova:\u00a030 de agosto&#8230;\t\t\t\t<\/div>\n\t\t\t\t\t\t<div class=\"uagb-post__text uagb-post__cta wp-block-button\">\n\t\t\t\t<a class=\"wp-block-button__link uagb-text-link\" style=\"\" href=\"https:\/\/propesp.uepa.br\/ppgtec\/2024\/12\/06\/inscricoes-para-a-segunda-prova-de-proficiencia-em-lingua-estrangeira-ingles-ano-de-2024-do-ppgtec-ccnt-uepa\/\" target=\"_self\" rel=\"bookmark noopener noreferrer\">Ler mais<\/a>\n\t\t\t<\/div>\n\t\t\t\n\t\t\t\t\t\t\t\t\t<\/article>\n\t\t\t\t\t\t\t\t\t\t\t<\/div>\n\t\t\t<\/div><\/div>\n","protected":false},"excerpt":{"rendered":"","protected":false},"author":1,"featured_media":0,"parent":0,"menu_order":0,"comment_status":"closed","ping_status":"closed","template":"","meta":{"_uag_custom_page_level_css":"","site-sidebar-layout":"default","site-content-layout":"","ast-site-content-layout":"","site-content-style":"default","site-sidebar-style":"default","ast-global-header-display":"","ast-banner-title-visibility":"","ast-main-header-display":"","ast-hfb-above-header-display":"","ast-hfb-below-header-display":"","ast-hfb-mobile-header-display":"","site-post-title":"","ast-breadcrumbs-content":"","ast-featured-img":"","footer-sml-layout":"","theme-transparent-header-meta":"","adv-header-id-meta":"","stick-header-meta":"","header-above-stick-meta":"","header-main-stick-meta":"","header-below-stick-meta":"","astra-migrate-meta-layouts":"","ast-page-background-enabled":"default","ast-page-background-meta":{"desktop":{"background-color":"var(--ast-global-color-4)","background-image":"","background-repeat":"repeat","background-position":"center center","background-size":"auto","background-attachment":"scroll","background-type":"","background-media":"","overlay-type":"","overlay-color":"","overlay-gradient":""},"tablet":{"background-color":"","background-image":"","background-repeat":"repeat","background-position":"center center","background-size":"auto","background-attachment":"scroll","background-type":"","background-media":"","overlay-type":"","overlay-color":"","overlay-gradient":""},"mobile":{"background-color":"","background-image":"","background-repeat":"repeat","background-position":"center center","background-size":"auto","background-attachment":"scroll","background-type":"","background-media":"","overlay-type":"","overlay-color":"","overlay-gradient":""}},"ast-content-background-meta":{"desktop":{"background-color":"var(--ast-global-color-5)","background-image":"","background-repeat":"repeat","background-position":"center center","background-size":"auto","background-attachment":"scroll","background-type":"","background-media":"","overlay-type":"","overlay-color":"","overlay-gradient":""},"tablet":{"background-color":"var(--ast-global-color-5)","background-image":"","background-repeat":"repeat","background-position":"center center","background-size":"auto","background-attachment":"scroll","background-type":"","background-media":"","overlay-type":"","overlay-color":"","overlay-gradient":""},"mobile":{"background-color":"var(--ast-global-color-5)","background-image":"","background-repeat":"repeat","background-position":"center center","background-size":"auto","background-attachment":"scroll","background-type":"","background-media":"","overlay-type":"","overlay-color":"","overlay-gradient":""}},"footnotes":""},"class_list":["post-435","page","type-page","status-publish","hentry"],"uagb_featured_image_src":{"full":false,"thumbnail":false,"medium":false,"medium_large":false,"large":false,"1536x1536":false,"2048x2048":false},"uagb_author_info":{"display_name":"adminsites@uepa.br","author_link":"https:\/\/propesp.uepa.br\/ppgtec\/author\/adminsitesuepa-br\/"},"uagb_comment_info":0,"uagb_excerpt":null,"_links":{"self":[{"href":"https:\/\/propesp.uepa.br\/ppgtec\/wp-json\/wp\/v2\/pages\/435","targetHints":{"allow":["GET"]}}],"collection":[{"href":"https:\/\/propesp.uepa.br\/ppgtec\/wp-json\/wp\/v2\/pages"}],"about":[{"href":"https:\/\/propesp.uepa.br\/ppgtec\/wp-json\/wp\/v2\/types\/page"}],"author":[{"embeddable":true,"href":"https:\/\/propesp.uepa.br\/ppgtec\/wp-json\/wp\/v2\/users\/1"}],"replies":[{"embeddable":true,"href":"https:\/\/propesp.uepa.br\/ppgtec\/wp-json\/wp\/v2\/comments?post=435"}],"version-history":[{"count":7,"href":"https:\/\/propesp.uepa.br\/ppgtec\/wp-json\/wp\/v2\/pages\/435\/revisions"}],"predecessor-version":[{"id":456,"href":"https:\/\/propesp.uepa.br\/ppgtec\/wp-json\/wp\/v2\/pages\/435\/revisions\/456"}],"wp:attachment":[{"href":"https:\/\/propesp.uepa.br\/ppgtec\/wp-json\/wp\/v2\/media?parent=435"}],"curies":[{"name":"wp","href":"https:\/\/api.w.org\/{rel}","templated":true}]}}