{"id":66,"date":"2024-12-04T14:23:59","date_gmt":"2024-12-04T17:23:59","guid":{"rendered":"https:\/\/propesp.uepa.br\/ppgtec\/?page_id=66"},"modified":"2024-12-18T10:25:18","modified_gmt":"2024-12-18T13:25:18","slug":"laboratorios-projetos","status":"publish","type":"page","link":"https:\/\/propesp.uepa.br\/ppgtec\/laboratorios-projetos\/","title":{"rendered":"Laborat\u00f3rios-Projetos"},"content":{"rendered":"\n<div class=\"wp-block-uagb-container uagb-block-f86c3a02 alignfull uagb-is-root-container\"><div class=\"uagb-container-inner-blocks-wrap\">\n<p>O programa de Mestrado poder\u00e1 dispor dos laborat\u00f3rios de F\u00edsica, Qu\u00edmica, Biologia, Engenharia de Produ\u00e7\u00e3o (LEP), Log\u00edstica e Geoprocessamento (NILO), Hidrocarbonetos (LABOHI), Qualidade Ambiental, Inform\u00e1tica (LABINF), Madeira, Propriedade dos Materiais, Laborat\u00f3rio Multiusu\u00e1rio de Engenharia Florestal, Herb\u00e1rio Prof.\u00aa Dra. Marlene Freitas da Silva (MFS) e da Cole\u00e7\u00e3o Zool\u00f3gica Did\u00e1tico-Cient\u00edfica da UEPA.<\/p>\n\n\n\n<ul class=\"wp-block-list\">\n<li style=\"margin-right:0px;margin-bottom:20px\">Laborat\u00f3rio de F\u00edsica: \u00e9 climatizado em 20 m\u00b2, com materiais e equipamentos adequados para a realiza\u00e7\u00e3o de experimentos em F\u00edsica nas \u00e1reas de mec\u00e2nica, mec\u00e2nica dos fluidos, eletromagnetismo, termodin\u00e2mica e \u00f3tica geom\u00e9trica.<br><\/li>\n\n\n\n<li style=\"margin-right:0px;margin-bottom:20px\">Laborat\u00f3rio de Qu\u00edmica: \u00e9 climatizado em 30 m\u00b2, com equipamentos, mobili\u00e1rio e vidrarias espec\u00edficas, al\u00e9m de um estoque de reagentes e demais materiais utilizados nas atividades deste ambiente.<br><\/li>\n\n\n\n<li style=\"margin-right:0px;margin-bottom:20px\">Laborat\u00f3rio de Engenharia de Produ\u00e7\u00e3o (LEP): \u00e9 climatizado em 60 m\u00b2, desenvolvendo atividades nas \u00e1reas de gest\u00e3o da qualidade, gest\u00e3o econ\u00f4mica e gest\u00e3o do conhecimento. \u00c9 equipado com 15 computadores, al\u00e9m de um conjunto de software.<br><\/li>\n\n\n\n<li style=\"margin-right:0px;margin-bottom:20px\">Laborat\u00f3rio de Log\u00edstica e Geoprocessamento: \u00e9 climatizado em 60 m\u00b2, desenvolvendo pesquisas na tomada de decis\u00f5es estrat\u00e9gicas e gest\u00e3o da sustentabilidade ambiental. \u00c9 equipado com 12 computadores e softwares apropriados para o geoprocessamento aliado ao Sistema de Informa\u00e7\u00f5es Geogr\u00e1ficas (SIG).<br><\/li>\n\n\n\n<li style=\"margin-right:0px;margin-bottom:20px\">Laborat\u00f3rio de Hidrocarbonetos (LABOHI): \u00e9 climatizado em 1230 m\u00b2, desenvolvendo pesquisas de monitoramento de impactos ambientais, causados por diferentes contaminantes, como an\u00e1lises qu\u00edmicas de hidrocarbonetos e metais pesados. O laborat\u00f3rio conta com equipamentos de \u00faltima gera\u00e7\u00e3o como: Espectrofot\u00f4metro UV-VIS; Espectrofot\u00f4metro de Emiss\u00e3o At\u00f4mica.<br><\/li>\n\n\n\n<li style=\"margin-right:0px;margin-bottom:20px\">&nbsp;Laborat\u00f3rio de Inform\u00e1tica (LABINF): funciona com esta\u00e7\u00f5es de trabalho para processamento digital de imagens de sat\u00e9lites, mapas digitais, modelos digitais de terreno, sistema de informa\u00e7\u00e3o geogr\u00e1fica e para a utiliza\u00e7\u00e3o de programas gr\u00e1ficos. Para isso, disp\u00f5e de 15 computadores de \u00faltima gera\u00e7\u00e3o dotados de monitores de alta resolu\u00e7\u00e3o e conjunto de softwares.<br><\/li>\n\n\n\n<li style=\"margin-right:0px;margin-bottom:20px\">Herb\u00e1rio Prof.\u00aa Dra. Marlene Freitas da Silva (MFS): \u00e9 climatizado em 50m\u00b2, com um acervo de 5.500 amostras de plantas que est\u00e3o registradas em um banco de dados (software BRAHMS) e est\u00e1 indexado no Index Herbariorum (IH). O MFS conta com o apoio do Museu Paraense Em\u00edlio Goeldi (MPEG) e da Empresa Brasileira de Pesquisa Agropecu\u00e1ria (EMBRAPA \u2013 Amaz\u00f4nia Oriental).<br><\/li>\n\n\n\n<li style=\"margin-right:0px;margin-bottom:20px\">Cole\u00e7\u00e3o Zool\u00f3gica Did\u00e1tico-Cient\u00edfica da Universidade do Estado do Par\u00e1 (CZDC-UEPA): conta com um acervo de cerca de 1000 esp\u00e9cimes de animais invertebrados e de vertebrados que est\u00e3o informatizados em banco de dados. A CZDC se encontra em uma sala de 30m\u00b2 contendo equipamentos e mobili\u00e1rio compat\u00edvel com sua fun\u00e7\u00e3o curatorial.<br><\/li>\n\n\n\n<li style=\"margin-right:0px;margin-bottom:20px\">&nbsp;Laborat\u00f3rio Multiusu\u00e1rio de Engenharia Florestal (LAMEF):&nbsp; possui 40 m\u00b2 com capacidade para receber turmas com at\u00e9 15 alunos\/aula. O LAMEF desenvolve pesquisas em ci\u00eancia e tecnologia de recursos naturais com \u00eanfase em anatomia e identifica\u00e7\u00e3o de madeiras, propriedades f\u00edsicas, mec\u00e2nicas e secagem da madeira, avalia\u00e7\u00e3o energ\u00e9tica de mat\u00e9ria-prima, res\u00edduos, avalia\u00e7\u00e3o da qualidade de produtos madeireiros e n\u00e3o madeireiros, morfologia e anatomia vegetal, bot\u00e2nica e sistem\u00e1tica vegetal e entomologia florestal.<br><\/li>\n<\/ul>\n\n\n\n<h2 class=\"wp-block-heading has-text-align-center has-text-color has-link-color wp-elements-58396a9092564d382c9f204e0e73d205\" style=\"color:#004010\">XILOTECA<\/h2>\n\n\n\n<p>O Laborat\u00f3rio de Ci\u00eancia e Tecnologia da Madeira (LCTM) esta sediada no Campus VIII da Universidade do Estado do Par\u00e1 (UEPA), na Cidade de Marab\u00e1-PA,\u00e9 climatizado em 60 m\u00b2, desenvolvendo pesquisas na \u00e1rea de Tecnologia e Utiliza\u00e7\u00e3o de Produtos Florestais. \u00c9 equipado com 4 Microsc\u00f3pio com c\u00e2mera para captura de imagens, al\u00e9m de computadores e softwares apropriados para an\u00e1lise de imagens de madeira e carv\u00e3o vegetal. O Laborat\u00f3rio conta tamb\u00e9m com estufas de circula\u00e7\u00e3o, balan\u00e7as anal\u00edticas, micr\u00f3tomos de deslize e rotativo, outros equipamentos necess\u00e1rios para a caracteriza\u00e7\u00e3o das propriedades da madeira. Comit\u00ea Gestor do Laborat\u00f3rio.<\/p>\n\n\n\n<p>I. Comit\u00ea Gestor do Laborat\u00f3rio:<br>Luiz Eduardo de Lima Melo \u2013 Coordenador <\/p>\n\n\n\n<div class=\"wp-block-uagb-buttons uagb-buttons__outer-wrap uagb-btn__default-btn uagb-btn-tablet__default-btn uagb-btn-mobile__default-btn uagb-block-6433844f\"><div class=\"uagb-buttons__wrap uagb-buttons-layout-wrap \">\n<div class=\"wp-block-uagb-buttons-child uagb-buttons__outer-wrap uagb-block-9e02f749 wp-block-button\"><div class=\"uagb-button__wrapper\"><a class=\"uagb-buttons-repeater wp-block-button__link\" aria-label=\"\" href=\"http:\/\/lattes.cnpq.br\/1294533439804467\" rel=\"follow noopener\" target=\"_self\" role=\"button\"><div class=\"uagb-button__link\">Curr\u00edculo Lattes<\/div><\/a><\/div><\/div>\n<\/div><\/div>\n\n\n\n<p>Javan Pereira Motta \u2013 Coordenador adjunto <\/p>\n\n\n\n<div class=\"wp-block-uagb-buttons uagb-buttons__outer-wrap uagb-btn__default-btn uagb-btn-tablet__default-btn uagb-btn-mobile__default-btn uagb-block-87abe187\"><div class=\"uagb-buttons__wrap uagb-buttons-layout-wrap \">\n<div class=\"wp-block-uagb-buttons-child uagb-buttons__outer-wrap uagb-block-2e678d47 wp-block-button\"><div class=\"uagb-button__wrapper\"><a class=\"uagb-buttons-repeater wp-block-button__link\" aria-label=\"\" href=\"http:\/\/lattes.cnpq.br\/6657886136597829\" rel=\"follow noopener\" target=\"_self\" role=\"button\"><div class=\"uagb-button__link\">Curr\u00edculo Lattes<\/div><\/a><\/div><\/div>\n<\/div><\/div>\n\n\n\n<p>Equipe T\u00e9cnica de apoio P\u00f3s-Gradua\u00e7\u00e3o PPGTEC-UEPA: 1 discente<br>Equipe T\u00e9cnica de apoio Gradua\u00e7\u00e3o Engenharia Florestal CAMPUS VIII-UEPA: 3 discentes<br>Formul\u00e1rio de agendamento e as regras de uso do Laborat\u00f3rio:<\/p>\n\n\n\n<div class=\"wp-block-uagb-buttons uagb-buttons__outer-wrap uagb-btn__default-btn uagb-btn-tablet__default-btn uagb-btn-mobile__default-btn uagb-block-0a736d87\"><div class=\"uagb-buttons__wrap uagb-buttons-layout-wrap \">\n<div class=\"wp-block-uagb-buttons-child uagb-buttons__outer-wrap uagb-block-e4b425c3 wp-block-button\"><div class=\"uagb-button__wrapper\"><a class=\"uagb-buttons-repeater wp-block-button__link\" aria-label=\"\" href=\"https:\/\/docs.google.com\/forms\/d\/e\/1FAIpQLSfOCv3jlU9bZy-JqvBdIFwPLgiRiy7sh0mFMHef91BgijGaYw\/viewform\" rel=\"follow noopener\" target=\"_self\" role=\"button\"><div class=\"uagb-button__link\">Acesse o Formul\u00e1rio<\/div><\/a><\/div><\/div>\n<\/div><\/div>\n\n\n\n<p>A Xiloteca Joaquim Ivanir Gomes (JIGw) esta sediada no Campus VIII da Universidade do Estado do Par\u00e1 (UEPA), na Cidade de Marab\u00e1-PA. A cole\u00e7\u00e3o conta atualmente com estrutura pr\u00f3pria, em modulo cont\u00eainer de 4000 mm (comprimento), 2300 mm (largura) e 2770 mm (altura), sendo 2500 mm de p\u00e9 direito interno. Esta estrutura \u00e9 m\u00f3vel, o que permite, se necess\u00e1rio a mobilidade de toda cole\u00e7\u00e3o. O acervo apresenta total de 1411 amostras de madeira (incluindo repeti\u00e7\u00f5es), as quais encontram-se distribu\u00eddas em 34 fam\u00edlias, 84 g\u00eaneros e 118 esp\u00e9cies bot\u00e2nicas. O acervo de madeira inclui tanto amostras com correspondente bot\u00e2nico (exsicatas) nos herb\u00e1rios parceiros: Herb\u00e1rio Prof.\u00aa Dra. Marlene Freitas da Silva (MFS) e Herb\u00e1rio IAN da Embrapa Amaz\u00f4nia Oriental. A Xiloteca JIGw da UEPA, apresenta como cole\u00e7\u00f5es associadas, um acervo de carv\u00e3o vegetal (antracoteca) e amostras de casca de esp\u00e9cies florestais da Amaz\u00f4nia Brasileira. Dados sobre as esp\u00e9cies depositadas, como caracteriza\u00e7\u00e3o anat\u00f4micas das madeiras podem ser encontradas no banco de dados do \u201cInside Wood\u201d (<a href=\"https:\/\/insidewood.lib.ncsu.edu\/\">https:\/\/insidewood.lib.ncsu.edu<\/a>).<\/p>\n\n\n\n<p>I. Comit\u00ea Gestor da Xiloteca:<br>Luiz Eduardo de Lima Melo \u2013 Curador  &#8211; Docente<br>Javan Pereira Motta \u2013 Curador adjunto &#8211; Docente<\/p>\n\n\n\n<p>Equipe T\u00e9cnica de apoio P\u00f3s-Gradua\u00e7\u00e3o PPGTEC-UEPA: 2 discente<br>Equipe T\u00e9cnica de apoio Gradua\u00e7\u00e3o Engenharia Florestal CAMPUS VIII-UEPA: 5 discentes<br>Formul\u00e1rio de agendamento e as regras de uso da Xiloteca:<\/p>\n\n\n\n<div class=\"wp-block-uagb-buttons uagb-buttons__outer-wrap uagb-btn__default-btn uagb-btn-tablet__default-btn uagb-btn-mobile__default-btn uagb-block-ab416b70\"><div class=\"uagb-buttons__wrap uagb-buttons-layout-wrap \">\n<div class=\"wp-block-uagb-buttons-child uagb-buttons__outer-wrap uagb-block-b11ad957 wp-block-button\"><div class=\"uagb-button__wrapper\"><a class=\"uagb-buttons-repeater wp-block-button__link\" aria-label=\"\" href=\"https:\/\/docs.google.com\/forms\/d\/e\/1FAIpQLSfD5-80h6GBlRfZJOJ_Nt0bEBF-e-nOuxsWsHhgyr5t1B4z-w\/viewform\" rel=\"follow noopener\" target=\"_self\" role=\"button\"><div class=\"uagb-button__link\">Acesse o Formul\u00e1rio<\/div><\/a><\/div><\/div>\n<\/div><\/div>\n\n\n\n<p><a href=\"http:\/\/lattes.cnpq.br\/6657886136597829\" target=\"_blank\" rel=\"noreferrer noopener\"><\/a><\/p>\n<\/div><\/div>\n\n\n\n<p><\/p>\n","protected":false},"excerpt":{"rendered":"<p>O programa de Mestrado poder\u00e1 dispor dos laborat\u00f3rios de F\u00edsica, Qu\u00edmica, Biologia, Engenharia de Produ\u00e7\u00e3o (LEP), Log\u00edstica e Geoprocessamento (NILO), Hidrocarbonetos (LABOHI), Qualidade Ambiental, Inform\u00e1tica (LABINF), Madeira, Propriedade dos Materiais, Laborat\u00f3rio Multiusu\u00e1rio de Engenharia Florestal, Herb\u00e1rio Prof.\u00aa Dra. Marlene Freitas da Silva (MFS) e da Cole\u00e7\u00e3o Zool\u00f3gica Did\u00e1tico-Cient\u00edfica da UEPA. XILOTECA O Laborat\u00f3rio de Ci\u00eancia &hellip;<\/p>\n<p class=\"read-more\"> <a class=\"\" href=\"https:\/\/propesp.uepa.br\/ppgtec\/laboratorios-projetos\/\"> <span class=\"screen-reader-text\">Laborat\u00f3rios-Projetos<\/span> Leia mais &raquo;<\/a><\/p>\n","protected":false},"author":1,"featured_media":0,"parent":0,"menu_order":0,"comment_status":"closed","ping_status":"closed","template":"","meta":{"_uag_custom_page_level_css":"","site-sidebar-layout":"default","site-content-layout":"","ast-site-content-layout":"","site-content-style":"default","site-sidebar-style":"default","ast-global-header-display":"","ast-banner-title-visibility":"","ast-main-header-display":"","ast-hfb-above-header-display":"","ast-hfb-below-header-display":"","ast-hfb-mobile-header-display":"","site-post-title":"","ast-breadcrumbs-content":"","ast-featured-img":"","footer-sml-layout":"","theme-transparent-header-meta":"","adv-header-id-meta":"","stick-header-meta":"","header-above-stick-meta":"","header-main-stick-meta":"","header-below-stick-meta":"","astra-migrate-meta-layouts":"","ast-page-background-enabled":"default","ast-page-background-meta":{"desktop":{"background-color":"var(--ast-global-color-4)","background-image":"","background-repeat":"repeat","background-position":"center center","background-size":"auto","background-attachment":"scroll","background-type":"","background-media":"","overlay-type":"","overlay-color":"","overlay-gradient":""},"tablet":{"background-color":"","background-image":"","background-repeat":"repeat","background-position":"center center","background-size":"auto","background-attachment":"scroll","background-type":"","background-media":"","overlay-type":"","overlay-color":"","overlay-gradient":""},"mobile":{"background-color":"","background-image":"","background-repeat":"repeat","background-position":"center center","background-size":"auto","background-attachment":"scroll","background-type":"","background-media":"","overlay-type":"","overlay-color":"","overlay-gradient":""}},"ast-content-background-meta":{"desktop":{"background-color":"var(--ast-global-color-5)","background-image":"","background-repeat":"repeat","background-position":"center center","background-size":"auto","background-attachment":"scroll","background-type":"","background-media":"","overlay-type":"","overlay-color":"","overlay-gradient":""},"tablet":{"background-color":"var(--ast-global-color-5)","background-image":"","background-repeat":"repeat","background-position":"center center","background-size":"auto","background-attachment":"scroll","background-type":"","background-media":"","overlay-type":"","overlay-color":"","overlay-gradient":""},"mobile":{"background-color":"var(--ast-global-color-5)","background-image":"","background-repeat":"repeat","background-position":"center center","background-size":"auto","background-attachment":"scroll","background-type":"","background-media":"","overlay-type":"","overlay-color":"","overlay-gradient":""}},"footnotes":""},"class_list":["post-66","page","type-page","status-publish","hentry"],"uagb_featured_image_src":{"full":false,"thumbnail":false,"medium":false,"medium_large":false,"large":false,"1536x1536":false,"2048x2048":false},"uagb_author_info":{"display_name":"adminsites@uepa.br","author_link":"https:\/\/propesp.uepa.br\/ppgtec\/author\/adminsitesuepa-br\/"},"uagb_comment_info":0,"uagb_excerpt":"O programa de Mestrado poder\u00e1 dispor dos laborat\u00f3rios de F\u00edsica, Qu\u00edmica, Biologia, Engenharia de Produ\u00e7\u00e3o (LEP), Log\u00edstica e Geoprocessamento (NILO), Hidrocarbonetos (LABOHI), Qualidade Ambiental, Inform\u00e1tica (LABINF), Madeira, Propriedade dos Materiais, Laborat\u00f3rio Multiusu\u00e1rio de Engenharia Florestal, Herb\u00e1rio Prof.\u00aa Dra. Marlene Freitas da Silva (MFS) e da Cole\u00e7\u00e3o Zool\u00f3gica Did\u00e1tico-Cient\u00edfica da UEPA. XILOTECA O Laborat\u00f3rio de Ci\u00eancia&hellip;","_links":{"self":[{"href":"https:\/\/propesp.uepa.br\/ppgtec\/wp-json\/wp\/v2\/pages\/66","targetHints":{"allow":["GET"]}}],"collection":[{"href":"https:\/\/propesp.uepa.br\/ppgtec\/wp-json\/wp\/v2\/pages"}],"about":[{"href":"https:\/\/propesp.uepa.br\/ppgtec\/wp-json\/wp\/v2\/types\/page"}],"author":[{"embeddable":true,"href":"https:\/\/propesp.uepa.br\/ppgtec\/wp-json\/wp\/v2\/users\/1"}],"replies":[{"embeddable":true,"href":"https:\/\/propesp.uepa.br\/ppgtec\/wp-json\/wp\/v2\/comments?post=66"}],"version-history":[{"count":20,"href":"https:\/\/propesp.uepa.br\/ppgtec\/wp-json\/wp\/v2\/pages\/66\/revisions"}],"predecessor-version":[{"id":412,"href":"https:\/\/propesp.uepa.br\/ppgtec\/wp-json\/wp\/v2\/pages\/66\/revisions\/412"}],"wp:attachment":[{"href":"https:\/\/propesp.uepa.br\/ppgtec\/wp-json\/wp\/v2\/media?parent=66"}],"curies":[{"name":"wp","href":"https:\/\/api.w.org\/{rel}","templated":true}]}}